{"id":2612,"date":"2021-06-18T12:31:26","date_gmt":"2021-06-18T10:31:26","guid":{"rendered":"https:\/\/villasicula-capo.com\/?page_id=2612"},"modified":"2021-06-18T12:31:27","modified_gmt":"2021-06-18T10:31:27","slug":"vincenzo-bellini","status":"publish","type":"page","link":"https:\/\/villasicula-capo.com\/it\/vincenzo-bellini\/","title":{"rendered":"Vincenzo Bellini"},"content":{"rendered":"<div class=\"block core-paragraph \">\n<p><em>Vincenzo Bellini<\/em>, compositore d&#8217;opera italiano, \u00e8 nato a Catania, Sicilia, nel 1801. Dopo aver studiato al conservatorio di Napoli e aver lavorato al Teatro San Carlo (Napoli) e alla Scala di Milano, and\u00f2 a Parigi nel 1833, dove mor\u00ec nel 1835. Bellini \u00e8 considerato il fondatore del &#8220;melodramma tragico&#8221;, l&#8217;opera romantica italiana. Il suo stile lirico-drammatico influenz\u00f2 altri compositori d&#8217;opera come Gaetano Donizetti, Giuseppe Verdi e Richard Wagner. Il teatro dell&#8217;opera di Catania \u00e8 stato intitolato a lui e pu\u00f2 essere visitato, cos\u00ec come la sua casa natale.<\/p>\n<\/div><div class=\"block core-paragraph \">\n<p>Un piatto tipico siciliano &#8220;Pasta alla Norma&#8221;, pasta con salsa di pomodoro, melanzane e ricotta al forno, si riferisce all&#8217;opera pi\u00f9 famosa di Bellini <em>Norma<\/em> ed \u00e8 per questo che la cucina dell&#8217;appartamento &#8220;La Cultura Siciliana&#8221; porta il nome del musicista.<\/p>\n<\/div><div class=\"block core-image \">\n<div class=\"wp-block-image\"><figure class=\"aligncenter size-large\"><img fetchpriority=\"high\" decoding=\"async\" width=\"366\" height=\"245\" src=\"https:\/\/villasicula-capo.com\/wp-content\/uploads\/2021\/01\/Vincenzo_bellini-1.jpg\" alt=\"\" class=\"wp-image-622\"\/><\/figure><\/div>\n<\/div>","protected":false},"excerpt":{"rendered":"<p>Vincenzo Bellini, compositore d&#8217;opera italiano, \u00e8 nato a Catania, Sicilia, nel 1801. Dopo aver studiato al conservatorio di Napoli e aver lavorato al Teatro San Carlo (Napoli) e alla Scala di Milano, and\u00f2 a Parigi nel 1833, dove mor\u00ec nel 1835. Bellini \u00e8 considerato il fondatore del &#8220;melodramma tragico&#8221;, l&#8217;opera romantica italiana. Il suo stile [&hellip;]<\/p>\n","protected":false},"author":4,"featured_media":2336,"parent":0,"menu_order":0,"comment_status":"closed","ping_status":"closed","template":"","meta":{"_acf_changed":false,"footnotes":""},"class_list":["post-2612","page","type-page","status-publish","has-post-thumbnail","hentry"],"acf":[],"yoast_head":"<!-- This site is optimized with the Yoast SEO plugin v24.0 - https:\/\/yoast.com\/wordpress\/plugins\/seo\/ -->\n<title>Vincenzo Bellini | Villa Sicula<\/title>\n<meta name=\"description\" content=\"Scoprite la cultura della Sicilia: l&#039;appartamento &quot;La Cultura Sicliana&quot; di Villa Sicula vi offre una vacanza eccezionale.\" \/>\n<meta name=\"robots\" content=\"index, follow, max-snippet:-1, max-image-preview:large, max-video-preview:-1\" \/>\n<link rel=\"canonical\" href=\"https:\/\/villasicula-capo.com\/it\/vincenzo-bellini\/\" \/>\n<meta property=\"og:locale\" content=\"it_IT\" \/>\n<meta property=\"og:type\" content=\"article\" \/>\n<meta property=\"og:title\" content=\"Vincenzo Bellini | Villa Sicula\" \/>\n<meta property=\"og:description\" content=\"Scoprite la cultura della Sicilia: l&#039;appartamento &quot;La Cultura Sicliana&quot; di Villa Sicula vi offre una vacanza eccezionale.\" \/>\n<meta property=\"og:url\" content=\"https:\/\/villasicula-capo.com\/it\/vincenzo-bellini\/\" \/>\n<meta property=\"og:site_name\" content=\"Villa Sicula\" \/>\n<meta property=\"article:modified_time\" content=\"2021-06-18T10:31:27+00:00\" \/>\n<meta property=\"og:image\" content=\"https:\/\/villasicula-capo.com\/wp-content\/uploads\/2021\/02\/Bilder-Sizilien-26.jpg\" \/>\n\t<meta property=\"og:image:width\" content=\"3000\" \/>\n\t<meta property=\"og:image:height\" content=\"2000\" \/>\n\t<meta property=\"og:image:type\" content=\"image\/jpeg\" \/>\n<meta name=\"twitter:card\" content=\"summary_large_image\" \/>\n<meta name=\"twitter:label1\" content=\"Tempo di lettura stimato\" \/>\n\t<meta name=\"twitter:data1\" content=\"1 minuto\" \/>\n<script type=\"application\/ld+json\" class=\"yoast-schema-graph\">{\"@context\":\"https:\/\/schema.org\",\"@graph\":[{\"@type\":\"WebPage\",\"@id\":\"https:\/\/villasicula-capo.com\/it\/vincenzo-bellini\/\",\"url\":\"https:\/\/villasicula-capo.com\/it\/vincenzo-bellini\/\",\"name\":\"Vincenzo Bellini | Villa Sicula\",\"isPartOf\":{\"@id\":\"https:\/\/villasicula-capo.com\/it\/#website\"},\"primaryImageOfPage\":{\"@id\":\"https:\/\/villasicula-capo.com\/it\/vincenzo-bellini\/#primaryimage\"},\"image\":{\"@id\":\"https:\/\/villasicula-capo.com\/it\/vincenzo-bellini\/#primaryimage\"},\"thumbnailUrl\":\"https:\/\/villasicula-capo.com\/wp-content\/uploads\/2021\/02\/Bilder-Sizilien-26.jpg\",\"datePublished\":\"2021-06-18T10:31:26+00:00\",\"dateModified\":\"2021-06-18T10:31:27+00:00\",\"description\":\"Scoprite la cultura della Sicilia: l'appartamento \\\"La Cultura Sicliana\\\" di Villa Sicula vi offre una vacanza eccezionale.\",\"inLanguage\":\"it-IT\",\"potentialAction\":[{\"@type\":\"ReadAction\",\"target\":[\"https:\/\/villasicula-capo.com\/it\/vincenzo-bellini\/\"]}]},{\"@type\":\"ImageObject\",\"inLanguage\":\"it-IT\",\"@id\":\"https:\/\/villasicula-capo.com\/it\/vincenzo-bellini\/#primaryimage\",\"url\":\"https:\/\/villasicula-capo.com\/wp-content\/uploads\/2021\/02\/Bilder-Sizilien-26.jpg\",\"contentUrl\":\"https:\/\/villasicula-capo.com\/wp-content\/uploads\/2021\/02\/Bilder-Sizilien-26.jpg\",\"width\":3000,\"height\":2000},{\"@type\":\"WebSite\",\"@id\":\"https:\/\/villasicula-capo.com\/it\/#website\",\"url\":\"https:\/\/villasicula-capo.com\/it\/\",\"name\":\"Villa Sicula\",\"description\":\"\",\"publisher\":{\"@id\":\"https:\/\/villasicula-capo.com\/it\/#organization\"},\"potentialAction\":[{\"@type\":\"SearchAction\",\"target\":{\"@type\":\"EntryPoint\",\"urlTemplate\":\"https:\/\/villasicula-capo.com\/it\/?s={search_term_string}\"},\"query-input\":{\"@type\":\"PropertyValueSpecification\",\"valueRequired\":true,\"valueName\":\"search_term_string\"}}],\"inLanguage\":\"it-IT\"},{\"@type\":\"Organization\",\"@id\":\"https:\/\/villasicula-capo.com\/it\/#organization\",\"name\":\"Villa Sicula\",\"url\":\"https:\/\/villasicula-capo.com\/it\/\",\"logo\":{\"@type\":\"ImageObject\",\"inLanguage\":\"it-IT\",\"@id\":\"https:\/\/villasicula-capo.com\/it\/#\/schema\/logo\/image\/\",\"url\":\"https:\/\/villasicula-capo.com\/wp-content\/uploads\/2023\/02\/cropped-Villa-Sicula-del-Capo_klein.png\",\"contentUrl\":\"https:\/\/villasicula-capo.com\/wp-content\/uploads\/2023\/02\/cropped-Villa-Sicula-del-Capo_klein.png\",\"width\":360,\"height\":225,\"caption\":\"Villa Sicula\"},\"image\":{\"@id\":\"https:\/\/villasicula-capo.com\/it\/#\/schema\/logo\/image\/\"}}]}<\/script>\n<!-- \/ Yoast SEO plugin. -->","yoast_head_json":{"title":"Vincenzo Bellini | Villa Sicula","description":"Scoprite la cultura della Sicilia: l'appartamento \"La Cultura Sicliana\" di Villa Sicula vi offre una vacanza eccezionale.","robots":{"index":"index","follow":"follow","max-snippet":"max-snippet:-1","max-image-preview":"max-image-preview:large","max-video-preview":"max-video-preview:-1"},"canonical":"https:\/\/villasicula-capo.com\/it\/vincenzo-bellini\/","og_locale":"it_IT","og_type":"article","og_title":"Vincenzo Bellini | Villa Sicula","og_description":"Scoprite la cultura della Sicilia: l'appartamento \"La Cultura Sicliana\" di Villa Sicula vi offre una vacanza eccezionale.","og_url":"https:\/\/villasicula-capo.com\/it\/vincenzo-bellini\/","og_site_name":"Villa Sicula","article_modified_time":"2021-06-18T10:31:27+00:00","og_image":[{"width":3000,"height":2000,"url":"https:\/\/villasicula-capo.com\/wp-content\/uploads\/2021\/02\/Bilder-Sizilien-26.jpg","type":"image\/jpeg"}],"twitter_card":"summary_large_image","twitter_misc":{"Tempo di lettura stimato":"1 minuto"},"schema":{"@context":"https:\/\/schema.org","@graph":[{"@type":"WebPage","@id":"https:\/\/villasicula-capo.com\/it\/vincenzo-bellini\/","url":"https:\/\/villasicula-capo.com\/it\/vincenzo-bellini\/","name":"Vincenzo Bellini | Villa Sicula","isPartOf":{"@id":"https:\/\/villasicula-capo.com\/it\/#website"},"primaryImageOfPage":{"@id":"https:\/\/villasicula-capo.com\/it\/vincenzo-bellini\/#primaryimage"},"image":{"@id":"https:\/\/villasicula-capo.com\/it\/vincenzo-bellini\/#primaryimage"},"thumbnailUrl":"https:\/\/villasicula-capo.com\/wp-content\/uploads\/2021\/02\/Bilder-Sizilien-26.jpg","datePublished":"2021-06-18T10:31:26+00:00","dateModified":"2021-06-18T10:31:27+00:00","description":"Scoprite la cultura della Sicilia: l'appartamento \"La Cultura Sicliana\" di Villa Sicula vi offre una vacanza eccezionale.","inLanguage":"it-IT","potentialAction":[{"@type":"ReadAction","target":["https:\/\/villasicula-capo.com\/it\/vincenzo-bellini\/"]}]},{"@type":"ImageObject","inLanguage":"it-IT","@id":"https:\/\/villasicula-capo.com\/it\/vincenzo-bellini\/#primaryimage","url":"https:\/\/villasicula-capo.com\/wp-content\/uploads\/2021\/02\/Bilder-Sizilien-26.jpg","contentUrl":"https:\/\/villasicula-capo.com\/wp-content\/uploads\/2021\/02\/Bilder-Sizilien-26.jpg","width":3000,"height":2000},{"@type":"WebSite","@id":"https:\/\/villasicula-capo.com\/it\/#website","url":"https:\/\/villasicula-capo.com\/it\/","name":"Villa Sicula","description":"","publisher":{"@id":"https:\/\/villasicula-capo.com\/it\/#organization"},"potentialAction":[{"@type":"SearchAction","target":{"@type":"EntryPoint","urlTemplate":"https:\/\/villasicula-capo.com\/it\/?s={search_term_string}"},"query-input":{"@type":"PropertyValueSpecification","valueRequired":true,"valueName":"search_term_string"}}],"inLanguage":"it-IT"},{"@type":"Organization","@id":"https:\/\/villasicula-capo.com\/it\/#organization","name":"Villa Sicula","url":"https:\/\/villasicula-capo.com\/it\/","logo":{"@type":"ImageObject","inLanguage":"it-IT","@id":"https:\/\/villasicula-capo.com\/it\/#\/schema\/logo\/image\/","url":"https:\/\/villasicula-capo.com\/wp-content\/uploads\/2023\/02\/cropped-Villa-Sicula-del-Capo_klein.png","contentUrl":"https:\/\/villasicula-capo.com\/wp-content\/uploads\/2023\/02\/cropped-Villa-Sicula-del-Capo_klein.png","width":360,"height":225,"caption":"Villa Sicula"},"image":{"@id":"https:\/\/villasicula-capo.com\/it\/#\/schema\/logo\/image\/"}}]}},"_links":{"self":[{"href":"https:\/\/villasicula-capo.com\/it\/wp-json\/wp\/v2\/pages\/2612","targetHints":{"allow":["GET"]}}],"collection":[{"href":"https:\/\/villasicula-capo.com\/it\/wp-json\/wp\/v2\/pages"}],"about":[{"href":"https:\/\/villasicula-capo.com\/it\/wp-json\/wp\/v2\/types\/page"}],"author":[{"embeddable":true,"href":"https:\/\/villasicula-capo.com\/it\/wp-json\/wp\/v2\/users\/4"}],"replies":[{"embeddable":true,"href":"https:\/\/villasicula-capo.com\/it\/wp-json\/wp\/v2\/comments?post=2612"}],"version-history":[{"count":0,"href":"https:\/\/villasicula-capo.com\/it\/wp-json\/wp\/v2\/pages\/2612\/revisions"}],"wp:featuredmedia":[{"embeddable":true,"href":"https:\/\/villasicula-capo.com\/it\/wp-json\/wp\/v2\/media\/2336"}],"wp:attachment":[{"href":"https:\/\/villasicula-capo.com\/it\/wp-json\/wp\/v2\/media?parent=2612"}],"curies":[{"name":"wp","href":"https:\/\/api.w.org\/{rel}","templated":true}]}}