{"id":2603,"date":"2021-06-18T12:17:51","date_gmt":"2021-06-18T10:17:51","guid":{"rendered":"https:\/\/villasicula-capo.com\/?page_id=2603"},"modified":"2021-06-18T12:17:51","modified_gmt":"2021-06-18T10:17:51","slug":"trinacria","status":"publish","type":"page","link":"https:\/\/villasicula-capo.com\/it\/trinacria\/","title":{"rendered":"Trinacria"},"content":{"rendered":"<div class=\"block core-paragraph \">\n<p>La trinacria (&#8220;tre gambe&#8221;) \u00e8 l&#8217;immagine di un triscele con una testa al centro. Il triscele forma un triangolo equilatero di tre gambe, come mostrato qui. I trisceli affondano le loro radici in molte culture del mondo e sono considerati un simbolo del sole o del cammino della vita. <em>Trinacria<\/em> \u00e8 il pi\u00f9 antico nome dell&#8217;isola &#8220;triangolare&#8221;, la Sicilia, ed \u00e8 ora il simbolo della bandiera siciliana. La ceramica qui raffigurata rappresenta una prima versione di questo simbolo. Qui potete vedere una testa di Medusa con capelli di serpente, propria della mitologia greca. Versioni successive mostrano la testa di Cerere, la dea romana dell&#8217;agricoltura, circondata da spighe di grano, che simboleggiano ricchezza e fertilit\u00e0, mentre le ali ricordano Hermes, il messaggero degli dei. Ancora oggi, il suo simbolo tipico si trova in tutta l&#8217;isola &#8220;triangolare&#8221;: la trinacria.<\/p>\n<\/div>","protected":false},"excerpt":{"rendered":"<p>La trinacria (&#8220;tre gambe&#8221;) \u00e8 l&#8217;immagine di un triscele con una testa al centro. Il triscele forma un triangolo equilatero di tre gambe, come mostrato qui. I trisceli affondano le loro radici in molte culture del mondo e sono considerati un simbolo del sole o del cammino della vita. Trinacria \u00e8 il pi\u00f9 antico nome [&hellip;]<\/p>\n","protected":false},"author":4,"featured_media":2416,"parent":0,"menu_order":0,"comment_status":"closed","ping_status":"closed","template":"","meta":{"_acf_changed":false,"footnotes":""},"class_list":["post-2603","page","type-page","status-publish","has-post-thumbnail","hentry"],"acf":[],"yoast_head":"<!-- This site is optimized with the Yoast SEO plugin v24.0 - https:\/\/yoast.com\/wordpress\/plugins\/seo\/ -->\n<title>Trinacria | Villa Sicula<\/title>\n<meta name=\"description\" content=\"La Trinacria, simbolo della Sicilia: scopri la Sicilia e la Villa Sicula mozzafiato con piscina privata e vista mare. QUI!\" \/>\n<meta name=\"robots\" content=\"index, follow, max-snippet:-1, max-image-preview:large, max-video-preview:-1\" \/>\n<link rel=\"canonical\" href=\"https:\/\/villasicula-capo.com\/it\/trinacria\/\" \/>\n<meta property=\"og:locale\" content=\"it_IT\" \/>\n<meta property=\"og:type\" content=\"article\" \/>\n<meta property=\"og:title\" content=\"Trinacria | Villa Sicula\" \/>\n<meta property=\"og:description\" content=\"La Trinacria, simbolo della Sicilia: scopri la Sicilia e la Villa Sicula mozzafiato con piscina privata e vista mare. QUI!\" \/>\n<meta property=\"og:url\" content=\"https:\/\/villasicula-capo.com\/it\/trinacria\/\" \/>\n<meta property=\"og:site_name\" content=\"Villa Sicula\" \/>\n<meta property=\"og:image\" content=\"https:\/\/villasicula-capo.com\/wp-content\/uploads\/2021\/02\/Bild-Triskele.jpg\" \/>\n\t<meta property=\"og:image:width\" content=\"1018\" \/>\n\t<meta property=\"og:image:height\" content=\"678\" \/>\n\t<meta property=\"og:image:type\" content=\"image\/jpeg\" \/>\n<meta name=\"twitter:card\" content=\"summary_large_image\" \/>\n<meta name=\"twitter:label1\" content=\"Tempo di lettura stimato\" \/>\n\t<meta name=\"twitter:data1\" content=\"1 minuto\" \/>\n<script type=\"application\/ld+json\" class=\"yoast-schema-graph\">{\"@context\":\"https:\/\/schema.org\",\"@graph\":[{\"@type\":\"WebPage\",\"@id\":\"https:\/\/villasicula-capo.com\/it\/trinacria\/\",\"url\":\"https:\/\/villasicula-capo.com\/it\/trinacria\/\",\"name\":\"Trinacria | Villa Sicula\",\"isPartOf\":{\"@id\":\"https:\/\/villasicula-capo.com\/it\/#website\"},\"primaryImageOfPage\":{\"@id\":\"https:\/\/villasicula-capo.com\/it\/trinacria\/#primaryimage\"},\"image\":{\"@id\":\"https:\/\/villasicula-capo.com\/it\/trinacria\/#primaryimage\"},\"thumbnailUrl\":\"https:\/\/villasicula-capo.com\/wp-content\/uploads\/2021\/02\/Bild-Triskele.jpg\",\"datePublished\":\"2021-06-18T10:17:51+00:00\",\"dateModified\":\"2021-06-18T10:17:51+00:00\",\"description\":\"La Trinacria, simbolo della Sicilia: scopri la Sicilia e la Villa Sicula mozzafiato con piscina privata e vista mare. QUI!\",\"inLanguage\":\"it-IT\",\"potentialAction\":[{\"@type\":\"ReadAction\",\"target\":[\"https:\/\/villasicula-capo.com\/it\/trinacria\/\"]}]},{\"@type\":\"ImageObject\",\"inLanguage\":\"it-IT\",\"@id\":\"https:\/\/villasicula-capo.com\/it\/trinacria\/#primaryimage\",\"url\":\"https:\/\/villasicula-capo.com\/wp-content\/uploads\/2021\/02\/Bild-Triskele.jpg\",\"contentUrl\":\"https:\/\/villasicula-capo.com\/wp-content\/uploads\/2021\/02\/Bild-Triskele.jpg\",\"width\":1018,\"height\":678},{\"@type\":\"WebSite\",\"@id\":\"https:\/\/villasicula-capo.com\/it\/#website\",\"url\":\"https:\/\/villasicula-capo.com\/it\/\",\"name\":\"Villa Sicula\",\"description\":\"\",\"publisher\":{\"@id\":\"https:\/\/villasicula-capo.com\/it\/#organization\"},\"potentialAction\":[{\"@type\":\"SearchAction\",\"target\":{\"@type\":\"EntryPoint\",\"urlTemplate\":\"https:\/\/villasicula-capo.com\/it\/?s={search_term_string}\"},\"query-input\":{\"@type\":\"PropertyValueSpecification\",\"valueRequired\":true,\"valueName\":\"search_term_string\"}}],\"inLanguage\":\"it-IT\"},{\"@type\":\"Organization\",\"@id\":\"https:\/\/villasicula-capo.com\/it\/#organization\",\"name\":\"Villa Sicula\",\"url\":\"https:\/\/villasicula-capo.com\/it\/\",\"logo\":{\"@type\":\"ImageObject\",\"inLanguage\":\"it-IT\",\"@id\":\"https:\/\/villasicula-capo.com\/it\/#\/schema\/logo\/image\/\",\"url\":\"https:\/\/villasicula-capo.com\/wp-content\/uploads\/2023\/02\/cropped-Villa-Sicula-del-Capo_klein.png\",\"contentUrl\":\"https:\/\/villasicula-capo.com\/wp-content\/uploads\/2023\/02\/cropped-Villa-Sicula-del-Capo_klein.png\",\"width\":360,\"height\":225,\"caption\":\"Villa Sicula\"},\"image\":{\"@id\":\"https:\/\/villasicula-capo.com\/it\/#\/schema\/logo\/image\/\"}}]}<\/script>\n<!-- \/ Yoast SEO plugin. -->","yoast_head_json":{"title":"Trinacria | Villa Sicula","description":"La Trinacria, simbolo della Sicilia: scopri la Sicilia e la Villa Sicula mozzafiato con piscina privata e vista mare. QUI!","robots":{"index":"index","follow":"follow","max-snippet":"max-snippet:-1","max-image-preview":"max-image-preview:large","max-video-preview":"max-video-preview:-1"},"canonical":"https:\/\/villasicula-capo.com\/it\/trinacria\/","og_locale":"it_IT","og_type":"article","og_title":"Trinacria | Villa Sicula","og_description":"La Trinacria, simbolo della Sicilia: scopri la Sicilia e la Villa Sicula mozzafiato con piscina privata e vista mare. QUI!","og_url":"https:\/\/villasicula-capo.com\/it\/trinacria\/","og_site_name":"Villa Sicula","og_image":[{"width":1018,"height":678,"url":"https:\/\/villasicula-capo.com\/wp-content\/uploads\/2021\/02\/Bild-Triskele.jpg","type":"image\/jpeg"}],"twitter_card":"summary_large_image","twitter_misc":{"Tempo di lettura stimato":"1 minuto"},"schema":{"@context":"https:\/\/schema.org","@graph":[{"@type":"WebPage","@id":"https:\/\/villasicula-capo.com\/it\/trinacria\/","url":"https:\/\/villasicula-capo.com\/it\/trinacria\/","name":"Trinacria | Villa Sicula","isPartOf":{"@id":"https:\/\/villasicula-capo.com\/it\/#website"},"primaryImageOfPage":{"@id":"https:\/\/villasicula-capo.com\/it\/trinacria\/#primaryimage"},"image":{"@id":"https:\/\/villasicula-capo.com\/it\/trinacria\/#primaryimage"},"thumbnailUrl":"https:\/\/villasicula-capo.com\/wp-content\/uploads\/2021\/02\/Bild-Triskele.jpg","datePublished":"2021-06-18T10:17:51+00:00","dateModified":"2021-06-18T10:17:51+00:00","description":"La Trinacria, simbolo della Sicilia: scopri la Sicilia e la Villa Sicula mozzafiato con piscina privata e vista mare. QUI!","inLanguage":"it-IT","potentialAction":[{"@type":"ReadAction","target":["https:\/\/villasicula-capo.com\/it\/trinacria\/"]}]},{"@type":"ImageObject","inLanguage":"it-IT","@id":"https:\/\/villasicula-capo.com\/it\/trinacria\/#primaryimage","url":"https:\/\/villasicula-capo.com\/wp-content\/uploads\/2021\/02\/Bild-Triskele.jpg","contentUrl":"https:\/\/villasicula-capo.com\/wp-content\/uploads\/2021\/02\/Bild-Triskele.jpg","width":1018,"height":678},{"@type":"WebSite","@id":"https:\/\/villasicula-capo.com\/it\/#website","url":"https:\/\/villasicula-capo.com\/it\/","name":"Villa Sicula","description":"","publisher":{"@id":"https:\/\/villasicula-capo.com\/it\/#organization"},"potentialAction":[{"@type":"SearchAction","target":{"@type":"EntryPoint","urlTemplate":"https:\/\/villasicula-capo.com\/it\/?s={search_term_string}"},"query-input":{"@type":"PropertyValueSpecification","valueRequired":true,"valueName":"search_term_string"}}],"inLanguage":"it-IT"},{"@type":"Organization","@id":"https:\/\/villasicula-capo.com\/it\/#organization","name":"Villa Sicula","url":"https:\/\/villasicula-capo.com\/it\/","logo":{"@type":"ImageObject","inLanguage":"it-IT","@id":"https:\/\/villasicula-capo.com\/it\/#\/schema\/logo\/image\/","url":"https:\/\/villasicula-capo.com\/wp-content\/uploads\/2023\/02\/cropped-Villa-Sicula-del-Capo_klein.png","contentUrl":"https:\/\/villasicula-capo.com\/wp-content\/uploads\/2023\/02\/cropped-Villa-Sicula-del-Capo_klein.png","width":360,"height":225,"caption":"Villa Sicula"},"image":{"@id":"https:\/\/villasicula-capo.com\/it\/#\/schema\/logo\/image\/"}}]}},"_links":{"self":[{"href":"https:\/\/villasicula-capo.com\/it\/wp-json\/wp\/v2\/pages\/2603","targetHints":{"allow":["GET"]}}],"collection":[{"href":"https:\/\/villasicula-capo.com\/it\/wp-json\/wp\/v2\/pages"}],"about":[{"href":"https:\/\/villasicula-capo.com\/it\/wp-json\/wp\/v2\/types\/page"}],"author":[{"embeddable":true,"href":"https:\/\/villasicula-capo.com\/it\/wp-json\/wp\/v2\/users\/4"}],"replies":[{"embeddable":true,"href":"https:\/\/villasicula-capo.com\/it\/wp-json\/wp\/v2\/comments?post=2603"}],"version-history":[{"count":0,"href":"https:\/\/villasicula-capo.com\/it\/wp-json\/wp\/v2\/pages\/2603\/revisions"}],"wp:featuredmedia":[{"embeddable":true,"href":"https:\/\/villasicula-capo.com\/it\/wp-json\/wp\/v2\/media\/2416"}],"wp:attachment":[{"href":"https:\/\/villasicula-capo.com\/it\/wp-json\/wp\/v2\/media?parent=2603"}],"curies":[{"name":"wp","href":"https:\/\/api.w.org\/{rel}","templated":true}]}}