{"id":2589,"date":"2021-06-18T11:51:48","date_gmt":"2021-06-18T09:51:48","guid":{"rendered":"https:\/\/villasicula-capo.com\/?page_id=2589"},"modified":"2021-06-18T11:51:49","modified_gmt":"2021-06-18T09:51:49","slug":"luigi-pirandello","status":"publish","type":"page","link":"https:\/\/villasicula-capo.com\/it\/luigi-pirandello\/","title":{"rendered":"Luigi Pirandello"},"content":{"rendered":"<div class=\"block core-paragraph \">\n<p><em>Luigi Pirandello<\/em>, scrittore e vincitore del premio Nobel per la letteratura (1934), nacque il 28 giugno 1867 a Girgenti, oggi Agrigento, sulla costa meridionale della Sicilia, e mor\u00ec a Roma nel 1936. Si colloca tra i pi\u00f9 importanti drammaturghi e narratori del XX. secolo. Nei suoi primi anni scrisse soprattutto poesie, pi\u00f9 tardi drammi e prosa narrativa. Oltre a molte opere teatrali ben note come <em>Sei personaggi in cerca d&#8217;autore<\/em>, Pirandello scrisse la raccolta <em>Novelle per un anno<\/em> tra il 1922 e il 1937, in cui storie individuali e autoconclusive trattano della vita per lo pi\u00f9 piena di stenti in Sicilia e in Italia. Alcune delle sue opere sono state trasformate in film. Ad Agrigento si pu\u00f2 visitare la sua casa natale e la sua tomba.<\/p>\n<\/div><div class=\"block core-image \">\n<div class=\"wp-block-image\"><figure class=\"aligncenter size-thumbnail\"><img fetchpriority=\"high\" decoding=\"async\" width=\"282\" height=\"400\" src=\"https:\/\/villasicula-capo.com\/wp-content\/uploads\/2021\/02\/Luigi_Pirandello-282x400.jpg\" alt=\"\" class=\"wp-image-754\" srcset=\"https:\/\/villasicula-capo.com\/wp-content\/uploads\/2021\/02\/Luigi_Pirandello-282x400.jpg 282w, https:\/\/villasicula-capo.com\/wp-content\/uploads\/2021\/02\/Luigi_Pirandello-564x800.jpg 564w, https:\/\/villasicula-capo.com\/wp-content\/uploads\/2021\/02\/Luigi_Pirandello-846x1200.jpg 846w\" sizes=\"(max-width: 282px) 100vw, 282px\" \/><\/figure><\/div>\n<\/div>","protected":false},"excerpt":{"rendered":"<p>Luigi Pirandello, scrittore e vincitore del premio Nobel per la letteratura (1934), nacque il 28 giugno 1867 a Girgenti, oggi Agrigento, sulla costa meridionale della Sicilia, e mor\u00ec a Roma nel 1936. Si colloca tra i pi\u00f9 importanti drammaturghi e narratori del XX. secolo. Nei suoi primi anni scrisse soprattutto poesie, pi\u00f9 tardi drammi e [&hellip;]<\/p>\n","protected":false},"author":4,"featured_media":2106,"parent":0,"menu_order":0,"comment_status":"closed","ping_status":"closed","template":"","meta":{"_acf_changed":false,"footnotes":""},"class_list":["post-2589","page","type-page","status-publish","has-post-thumbnail","hentry"],"acf":[],"yoast_head":"<!-- This site is optimized with the Yoast SEO plugin v24.0 - https:\/\/yoast.com\/wordpress\/plugins\/seo\/ -->\n<title>Luigi Pirandello | Villa Sicula<\/title>\n<meta name=\"description\" content=\"Scoprite la cultura della Sicilia: l&#039;appartamento &quot;La Cultura Sicliana&quot; a Villa Sicula vi offre molto spazio e privacy.\" \/>\n<meta name=\"robots\" content=\"index, follow, max-snippet:-1, max-image-preview:large, max-video-preview:-1\" \/>\n<link rel=\"canonical\" href=\"https:\/\/villasicula-capo.com\/it\/luigi-pirandello\/\" \/>\n<meta property=\"og:locale\" content=\"it_IT\" \/>\n<meta property=\"og:type\" content=\"article\" \/>\n<meta property=\"og:title\" content=\"Luigi Pirandello | Villa Sicula\" \/>\n<meta property=\"og:description\" content=\"Scoprite la cultura della Sicilia: l&#039;appartamento &quot;La Cultura Sicliana&quot; a Villa Sicula vi offre molto spazio e privacy.\" \/>\n<meta property=\"og:url\" content=\"https:\/\/villasicula-capo.com\/it\/luigi-pirandello\/\" \/>\n<meta property=\"og:site_name\" content=\"Villa Sicula\" \/>\n<meta property=\"article:modified_time\" content=\"2021-06-18T09:51:49+00:00\" \/>\n<meta property=\"og:image\" content=\"https:\/\/villasicula-capo.com\/wp-content\/uploads\/2021\/01\/Apartment-La-Cultura-Italiana-16.jpg\" \/>\n\t<meta property=\"og:image:width\" content=\"2048\" \/>\n\t<meta property=\"og:image:height\" content=\"1365\" \/>\n\t<meta property=\"og:image:type\" content=\"image\/jpeg\" \/>\n<meta name=\"twitter:card\" content=\"summary_large_image\" \/>\n<meta name=\"twitter:label1\" content=\"Tempo di lettura stimato\" \/>\n\t<meta name=\"twitter:data1\" content=\"1 minuto\" \/>\n<script type=\"application\/ld+json\" class=\"yoast-schema-graph\">{\"@context\":\"https:\/\/schema.org\",\"@graph\":[{\"@type\":\"WebPage\",\"@id\":\"https:\/\/villasicula-capo.com\/it\/luigi-pirandello\/\",\"url\":\"https:\/\/villasicula-capo.com\/it\/luigi-pirandello\/\",\"name\":\"Luigi Pirandello | Villa Sicula\",\"isPartOf\":{\"@id\":\"https:\/\/villasicula-capo.com\/it\/#website\"},\"primaryImageOfPage\":{\"@id\":\"https:\/\/villasicula-capo.com\/it\/luigi-pirandello\/#primaryimage\"},\"image\":{\"@id\":\"https:\/\/villasicula-capo.com\/it\/luigi-pirandello\/#primaryimage\"},\"thumbnailUrl\":\"https:\/\/villasicula-capo.com\/wp-content\/uploads\/2021\/01\/Apartment-La-Cultura-Italiana-16.jpg\",\"datePublished\":\"2021-06-18T09:51:48+00:00\",\"dateModified\":\"2021-06-18T09:51:49+00:00\",\"description\":\"Scoprite la cultura della Sicilia: l'appartamento \\\"La Cultura Sicliana\\\" a Villa Sicula vi offre molto spazio e privacy.\",\"inLanguage\":\"it-IT\",\"potentialAction\":[{\"@type\":\"ReadAction\",\"target\":[\"https:\/\/villasicula-capo.com\/it\/luigi-pirandello\/\"]}]},{\"@type\":\"ImageObject\",\"inLanguage\":\"it-IT\",\"@id\":\"https:\/\/villasicula-capo.com\/it\/luigi-pirandello\/#primaryimage\",\"url\":\"https:\/\/villasicula-capo.com\/wp-content\/uploads\/2021\/01\/Apartment-La-Cultura-Italiana-16.jpg\",\"contentUrl\":\"https:\/\/villasicula-capo.com\/wp-content\/uploads\/2021\/01\/Apartment-La-Cultura-Italiana-16.jpg\",\"width\":2048,\"height\":1365},{\"@type\":\"WebSite\",\"@id\":\"https:\/\/villasicula-capo.com\/it\/#website\",\"url\":\"https:\/\/villasicula-capo.com\/it\/\",\"name\":\"Villa Sicula\",\"description\":\"\",\"publisher\":{\"@id\":\"https:\/\/villasicula-capo.com\/it\/#organization\"},\"potentialAction\":[{\"@type\":\"SearchAction\",\"target\":{\"@type\":\"EntryPoint\",\"urlTemplate\":\"https:\/\/villasicula-capo.com\/it\/?s={search_term_string}\"},\"query-input\":{\"@type\":\"PropertyValueSpecification\",\"valueRequired\":true,\"valueName\":\"search_term_string\"}}],\"inLanguage\":\"it-IT\"},{\"@type\":\"Organization\",\"@id\":\"https:\/\/villasicula-capo.com\/it\/#organization\",\"name\":\"Villa Sicula\",\"url\":\"https:\/\/villasicula-capo.com\/it\/\",\"logo\":{\"@type\":\"ImageObject\",\"inLanguage\":\"it-IT\",\"@id\":\"https:\/\/villasicula-capo.com\/it\/#\/schema\/logo\/image\/\",\"url\":\"https:\/\/villasicula-capo.com\/wp-content\/uploads\/2023\/02\/cropped-Villa-Sicula-del-Capo_klein.png\",\"contentUrl\":\"https:\/\/villasicula-capo.com\/wp-content\/uploads\/2023\/02\/cropped-Villa-Sicula-del-Capo_klein.png\",\"width\":360,\"height\":225,\"caption\":\"Villa Sicula\"},\"image\":{\"@id\":\"https:\/\/villasicula-capo.com\/it\/#\/schema\/logo\/image\/\"}}]}<\/script>\n<!-- \/ Yoast SEO plugin. -->","yoast_head_json":{"title":"Luigi Pirandello | Villa Sicula","description":"Scoprite la cultura della Sicilia: l'appartamento \"La Cultura Sicliana\" a Villa Sicula vi offre molto spazio e privacy.","robots":{"index":"index","follow":"follow","max-snippet":"max-snippet:-1","max-image-preview":"max-image-preview:large","max-video-preview":"max-video-preview:-1"},"canonical":"https:\/\/villasicula-capo.com\/it\/luigi-pirandello\/","og_locale":"it_IT","og_type":"article","og_title":"Luigi Pirandello | Villa Sicula","og_description":"Scoprite la cultura della Sicilia: l'appartamento \"La Cultura Sicliana\" a Villa Sicula vi offre molto spazio e privacy.","og_url":"https:\/\/villasicula-capo.com\/it\/luigi-pirandello\/","og_site_name":"Villa Sicula","article_modified_time":"2021-06-18T09:51:49+00:00","og_image":[{"width":2048,"height":1365,"url":"https:\/\/villasicula-capo.com\/wp-content\/uploads\/2021\/01\/Apartment-La-Cultura-Italiana-16.jpg","type":"image\/jpeg"}],"twitter_card":"summary_large_image","twitter_misc":{"Tempo di lettura stimato":"1 minuto"},"schema":{"@context":"https:\/\/schema.org","@graph":[{"@type":"WebPage","@id":"https:\/\/villasicula-capo.com\/it\/luigi-pirandello\/","url":"https:\/\/villasicula-capo.com\/it\/luigi-pirandello\/","name":"Luigi Pirandello | Villa Sicula","isPartOf":{"@id":"https:\/\/villasicula-capo.com\/it\/#website"},"primaryImageOfPage":{"@id":"https:\/\/villasicula-capo.com\/it\/luigi-pirandello\/#primaryimage"},"image":{"@id":"https:\/\/villasicula-capo.com\/it\/luigi-pirandello\/#primaryimage"},"thumbnailUrl":"https:\/\/villasicula-capo.com\/wp-content\/uploads\/2021\/01\/Apartment-La-Cultura-Italiana-16.jpg","datePublished":"2021-06-18T09:51:48+00:00","dateModified":"2021-06-18T09:51:49+00:00","description":"Scoprite la cultura della Sicilia: l'appartamento \"La Cultura Sicliana\" a Villa Sicula vi offre molto spazio e privacy.","inLanguage":"it-IT","potentialAction":[{"@type":"ReadAction","target":["https:\/\/villasicula-capo.com\/it\/luigi-pirandello\/"]}]},{"@type":"ImageObject","inLanguage":"it-IT","@id":"https:\/\/villasicula-capo.com\/it\/luigi-pirandello\/#primaryimage","url":"https:\/\/villasicula-capo.com\/wp-content\/uploads\/2021\/01\/Apartment-La-Cultura-Italiana-16.jpg","contentUrl":"https:\/\/villasicula-capo.com\/wp-content\/uploads\/2021\/01\/Apartment-La-Cultura-Italiana-16.jpg","width":2048,"height":1365},{"@type":"WebSite","@id":"https:\/\/villasicula-capo.com\/it\/#website","url":"https:\/\/villasicula-capo.com\/it\/","name":"Villa Sicula","description":"","publisher":{"@id":"https:\/\/villasicula-capo.com\/it\/#organization"},"potentialAction":[{"@type":"SearchAction","target":{"@type":"EntryPoint","urlTemplate":"https:\/\/villasicula-capo.com\/it\/?s={search_term_string}"},"query-input":{"@type":"PropertyValueSpecification","valueRequired":true,"valueName":"search_term_string"}}],"inLanguage":"it-IT"},{"@type":"Organization","@id":"https:\/\/villasicula-capo.com\/it\/#organization","name":"Villa Sicula","url":"https:\/\/villasicula-capo.com\/it\/","logo":{"@type":"ImageObject","inLanguage":"it-IT","@id":"https:\/\/villasicula-capo.com\/it\/#\/schema\/logo\/image\/","url":"https:\/\/villasicula-capo.com\/wp-content\/uploads\/2023\/02\/cropped-Villa-Sicula-del-Capo_klein.png","contentUrl":"https:\/\/villasicula-capo.com\/wp-content\/uploads\/2023\/02\/cropped-Villa-Sicula-del-Capo_klein.png","width":360,"height":225,"caption":"Villa Sicula"},"image":{"@id":"https:\/\/villasicula-capo.com\/it\/#\/schema\/logo\/image\/"}}]}},"_links":{"self":[{"href":"https:\/\/villasicula-capo.com\/it\/wp-json\/wp\/v2\/pages\/2589","targetHints":{"allow":["GET"]}}],"collection":[{"href":"https:\/\/villasicula-capo.com\/it\/wp-json\/wp\/v2\/pages"}],"about":[{"href":"https:\/\/villasicula-capo.com\/it\/wp-json\/wp\/v2\/types\/page"}],"author":[{"embeddable":true,"href":"https:\/\/villasicula-capo.com\/it\/wp-json\/wp\/v2\/users\/4"}],"replies":[{"embeddable":true,"href":"https:\/\/villasicula-capo.com\/it\/wp-json\/wp\/v2\/comments?post=2589"}],"version-history":[{"count":0,"href":"https:\/\/villasicula-capo.com\/it\/wp-json\/wp\/v2\/pages\/2589\/revisions"}],"wp:featuredmedia":[{"embeddable":true,"href":"https:\/\/villasicula-capo.com\/it\/wp-json\/wp\/v2\/media\/2106"}],"wp:attachment":[{"href":"https:\/\/villasicula-capo.com\/it\/wp-json\/wp\/v2\/media?parent=2589"}],"curies":[{"name":"wp","href":"https:\/\/api.w.org\/{rel}","templated":true}]}}