{"id":2522,"date":"2021-06-17T11:29:54","date_gmt":"2021-06-17T09:29:54","guid":{"rendered":"https:\/\/villasicula-capo.com\/?page_id=2522"},"modified":"2021-06-17T11:31:19","modified_gmt":"2021-06-17T09:31:19","slug":"elio-vittorini","status":"publish","type":"page","link":"https:\/\/villasicula-capo.com\/it\/elio-vittorini\/","title":{"rendered":"Elio Vittorini"},"content":{"rendered":"<div class=\"block core-paragraph \">\n<p><em>Elio Vittorini<\/em> \u00e8 stato uno scrittore, pubblicista e traduttore italiano. Venne al mondo nel 1908 a Siracusa, nella Sicilia sud-orientale. Nel 1924, all&#8217;et\u00e0 di 16 anni, lasci\u00f2 la sua terra e nel 1927 spos\u00f2 la sorella del poeta e premio Nobel per la letteratura Salvatore Quasimodo, anche lui siciliano. Nel 1941 il suo romanzo <em>Conversazione in Sicilia<\/em> fu pubblicato due volte e stabil\u00ec la sua fama mondiale. Il poeta \u00e8 considerato un autorevole rappresentante del neorealismo letterario. Mentre lavorava per la casa editrice Einaudi (dal 1951), Vittorini rifiut\u00f2 il romanzo di Giuseppe Tomasi di Lampedusa <em>Il Gattopardo<\/em> &#8220;come un&#8217;opera storica superata e senza rilevanza socio-critica&#8221;. Vittorini mor\u00ec a Milano il 12.2.1966 a soli 57 anni.<\/p>\n<\/div><div class=\"block core-image \">\n<div class=\"wp-block-image\"><figure class=\"aligncenter size-large is-resized\"><img fetchpriority=\"high\" decoding=\"async\" src=\"https:\/\/villasicula-capo.com\/wp-content\/uploads\/2021\/01\/Elio_Vittorini-1.jpg\" alt=\"\" class=\"wp-image-611\" width=\"362\" height=\"240\" srcset=\"https:\/\/villasicula-capo.com\/wp-content\/uploads\/2021\/01\/Elio_Vittorini-1.jpg 723w, https:\/\/villasicula-capo.com\/wp-content\/uploads\/2021\/01\/Elio_Vittorini-1-600x398.jpg 600w\" sizes=\"(max-width: 362px) 100vw, 362px\" \/><\/figure><\/div>\n<\/div>","protected":false},"excerpt":{"rendered":"<p>Elio Vittorini \u00e8 stato uno scrittore, pubblicista e traduttore italiano. Venne al mondo nel 1908 a Siracusa, nella Sicilia sud-orientale. Nel 1924, all&#8217;et\u00e0 di 16 anni, lasci\u00f2 la sua terra e nel 1927 spos\u00f2 la sorella del poeta e premio Nobel per la letteratura Salvatore Quasimodo, anche lui siciliano. Nel 1941 il suo romanzo Conversazione [&hellip;]<\/p>\n","protected":false},"author":4,"featured_media":2304,"parent":0,"menu_order":0,"comment_status":"closed","ping_status":"closed","template":"","meta":{"_acf_changed":false,"footnotes":""},"class_list":["post-2522","page","type-page","status-publish","has-post-thumbnail","hentry"],"acf":[],"yoast_head":"<!-- This site is optimized with the Yoast SEO plugin v24.0 - https:\/\/yoast.com\/wordpress\/plugins\/seo\/ -->\n<title>Elio Vittorini | Villa Sicula<\/title>\n<meta name=\"description\" content=\"Scoprire la Sicilia: L&#039;appartamento &quot;La Cultura Sicliana&quot; a Villa Sicula offre a voi e alla vostra famiglia molto spazio e privacy.\" \/>\n<meta name=\"robots\" content=\"index, follow, max-snippet:-1, max-image-preview:large, max-video-preview:-1\" \/>\n<link rel=\"canonical\" href=\"https:\/\/villasicula-capo.com\/it\/elio-vittorini\/\" \/>\n<meta property=\"og:locale\" content=\"it_IT\" \/>\n<meta property=\"og:type\" content=\"article\" \/>\n<meta property=\"og:title\" content=\"Elio Vittorini | Villa Sicula\" \/>\n<meta property=\"og:description\" content=\"Scoprire la Sicilia: L&#039;appartamento &quot;La Cultura Sicliana&quot; a Villa Sicula offre a voi e alla vostra famiglia molto spazio e privacy.\" \/>\n<meta property=\"og:url\" content=\"https:\/\/villasicula-capo.com\/it\/elio-vittorini\/\" \/>\n<meta property=\"og:site_name\" content=\"Villa Sicula\" \/>\n<meta property=\"article:modified_time\" content=\"2021-06-17T09:31:19+00:00\" \/>\n<meta property=\"og:image\" content=\"https:\/\/villasicula-capo.com\/wp-content\/uploads\/2021\/02\/Bilder-Sizilien-60.jpg\" \/>\n\t<meta property=\"og:image:width\" content=\"3000\" \/>\n\t<meta property=\"og:image:height\" content=\"2000\" \/>\n\t<meta property=\"og:image:type\" content=\"image\/jpeg\" \/>\n<meta name=\"twitter:card\" content=\"summary_large_image\" \/>\n<meta name=\"twitter:label1\" content=\"Tempo di lettura stimato\" \/>\n\t<meta name=\"twitter:data1\" content=\"1 minuto\" \/>\n<script type=\"application\/ld+json\" class=\"yoast-schema-graph\">{\"@context\":\"https:\/\/schema.org\",\"@graph\":[{\"@type\":\"WebPage\",\"@id\":\"https:\/\/villasicula-capo.com\/it\/elio-vittorini\/\",\"url\":\"https:\/\/villasicula-capo.com\/it\/elio-vittorini\/\",\"name\":\"Elio Vittorini | Villa Sicula\",\"isPartOf\":{\"@id\":\"https:\/\/villasicula-capo.com\/it\/#website\"},\"primaryImageOfPage\":{\"@id\":\"https:\/\/villasicula-capo.com\/it\/elio-vittorini\/#primaryimage\"},\"image\":{\"@id\":\"https:\/\/villasicula-capo.com\/it\/elio-vittorini\/#primaryimage\"},\"thumbnailUrl\":\"https:\/\/villasicula-capo.com\/wp-content\/uploads\/2021\/02\/Bilder-Sizilien-60.jpg\",\"datePublished\":\"2021-06-17T09:29:54+00:00\",\"dateModified\":\"2021-06-17T09:31:19+00:00\",\"description\":\"Scoprire la Sicilia: L'appartamento \\\"La Cultura Sicliana\\\" a Villa Sicula offre a voi e alla vostra famiglia molto spazio e privacy.\",\"inLanguage\":\"it-IT\",\"potentialAction\":[{\"@type\":\"ReadAction\",\"target\":[\"https:\/\/villasicula-capo.com\/it\/elio-vittorini\/\"]}]},{\"@type\":\"ImageObject\",\"inLanguage\":\"it-IT\",\"@id\":\"https:\/\/villasicula-capo.com\/it\/elio-vittorini\/#primaryimage\",\"url\":\"https:\/\/villasicula-capo.com\/wp-content\/uploads\/2021\/02\/Bilder-Sizilien-60.jpg\",\"contentUrl\":\"https:\/\/villasicula-capo.com\/wp-content\/uploads\/2021\/02\/Bilder-Sizilien-60.jpg\",\"width\":3000,\"height\":2000},{\"@type\":\"WebSite\",\"@id\":\"https:\/\/villasicula-capo.com\/it\/#website\",\"url\":\"https:\/\/villasicula-capo.com\/it\/\",\"name\":\"Villa Sicula\",\"description\":\"\",\"publisher\":{\"@id\":\"https:\/\/villasicula-capo.com\/it\/#organization\"},\"potentialAction\":[{\"@type\":\"SearchAction\",\"target\":{\"@type\":\"EntryPoint\",\"urlTemplate\":\"https:\/\/villasicula-capo.com\/it\/?s={search_term_string}\"},\"query-input\":{\"@type\":\"PropertyValueSpecification\",\"valueRequired\":true,\"valueName\":\"search_term_string\"}}],\"inLanguage\":\"it-IT\"},{\"@type\":\"Organization\",\"@id\":\"https:\/\/villasicula-capo.com\/it\/#organization\",\"name\":\"Villa Sicula\",\"url\":\"https:\/\/villasicula-capo.com\/it\/\",\"logo\":{\"@type\":\"ImageObject\",\"inLanguage\":\"it-IT\",\"@id\":\"https:\/\/villasicula-capo.com\/it\/#\/schema\/logo\/image\/\",\"url\":\"https:\/\/villasicula-capo.com\/wp-content\/uploads\/2023\/02\/cropped-Villa-Sicula-del-Capo_klein.png\",\"contentUrl\":\"https:\/\/villasicula-capo.com\/wp-content\/uploads\/2023\/02\/cropped-Villa-Sicula-del-Capo_klein.png\",\"width\":360,\"height\":225,\"caption\":\"Villa Sicula\"},\"image\":{\"@id\":\"https:\/\/villasicula-capo.com\/it\/#\/schema\/logo\/image\/\"}}]}<\/script>\n<!-- \/ Yoast SEO plugin. -->","yoast_head_json":{"title":"Elio Vittorini | Villa Sicula","description":"Scoprire la Sicilia: L'appartamento \"La Cultura Sicliana\" a Villa Sicula offre a voi e alla vostra famiglia molto spazio e privacy.","robots":{"index":"index","follow":"follow","max-snippet":"max-snippet:-1","max-image-preview":"max-image-preview:large","max-video-preview":"max-video-preview:-1"},"canonical":"https:\/\/villasicula-capo.com\/it\/elio-vittorini\/","og_locale":"it_IT","og_type":"article","og_title":"Elio Vittorini | Villa Sicula","og_description":"Scoprire la Sicilia: L'appartamento \"La Cultura Sicliana\" a Villa Sicula offre a voi e alla vostra famiglia molto spazio e privacy.","og_url":"https:\/\/villasicula-capo.com\/it\/elio-vittorini\/","og_site_name":"Villa Sicula","article_modified_time":"2021-06-17T09:31:19+00:00","og_image":[{"width":3000,"height":2000,"url":"https:\/\/villasicula-capo.com\/wp-content\/uploads\/2021\/02\/Bilder-Sizilien-60.jpg","type":"image\/jpeg"}],"twitter_card":"summary_large_image","twitter_misc":{"Tempo di lettura stimato":"1 minuto"},"schema":{"@context":"https:\/\/schema.org","@graph":[{"@type":"WebPage","@id":"https:\/\/villasicula-capo.com\/it\/elio-vittorini\/","url":"https:\/\/villasicula-capo.com\/it\/elio-vittorini\/","name":"Elio Vittorini | Villa Sicula","isPartOf":{"@id":"https:\/\/villasicula-capo.com\/it\/#website"},"primaryImageOfPage":{"@id":"https:\/\/villasicula-capo.com\/it\/elio-vittorini\/#primaryimage"},"image":{"@id":"https:\/\/villasicula-capo.com\/it\/elio-vittorini\/#primaryimage"},"thumbnailUrl":"https:\/\/villasicula-capo.com\/wp-content\/uploads\/2021\/02\/Bilder-Sizilien-60.jpg","datePublished":"2021-06-17T09:29:54+00:00","dateModified":"2021-06-17T09:31:19+00:00","description":"Scoprire la Sicilia: L'appartamento \"La Cultura Sicliana\" a Villa Sicula offre a voi e alla vostra famiglia molto spazio e privacy.","inLanguage":"it-IT","potentialAction":[{"@type":"ReadAction","target":["https:\/\/villasicula-capo.com\/it\/elio-vittorini\/"]}]},{"@type":"ImageObject","inLanguage":"it-IT","@id":"https:\/\/villasicula-capo.com\/it\/elio-vittorini\/#primaryimage","url":"https:\/\/villasicula-capo.com\/wp-content\/uploads\/2021\/02\/Bilder-Sizilien-60.jpg","contentUrl":"https:\/\/villasicula-capo.com\/wp-content\/uploads\/2021\/02\/Bilder-Sizilien-60.jpg","width":3000,"height":2000},{"@type":"WebSite","@id":"https:\/\/villasicula-capo.com\/it\/#website","url":"https:\/\/villasicula-capo.com\/it\/","name":"Villa Sicula","description":"","publisher":{"@id":"https:\/\/villasicula-capo.com\/it\/#organization"},"potentialAction":[{"@type":"SearchAction","target":{"@type":"EntryPoint","urlTemplate":"https:\/\/villasicula-capo.com\/it\/?s={search_term_string}"},"query-input":{"@type":"PropertyValueSpecification","valueRequired":true,"valueName":"search_term_string"}}],"inLanguage":"it-IT"},{"@type":"Organization","@id":"https:\/\/villasicula-capo.com\/it\/#organization","name":"Villa Sicula","url":"https:\/\/villasicula-capo.com\/it\/","logo":{"@type":"ImageObject","inLanguage":"it-IT","@id":"https:\/\/villasicula-capo.com\/it\/#\/schema\/logo\/image\/","url":"https:\/\/villasicula-capo.com\/wp-content\/uploads\/2023\/02\/cropped-Villa-Sicula-del-Capo_klein.png","contentUrl":"https:\/\/villasicula-capo.com\/wp-content\/uploads\/2023\/02\/cropped-Villa-Sicula-del-Capo_klein.png","width":360,"height":225,"caption":"Villa Sicula"},"image":{"@id":"https:\/\/villasicula-capo.com\/it\/#\/schema\/logo\/image\/"}}]}},"_links":{"self":[{"href":"https:\/\/villasicula-capo.com\/it\/wp-json\/wp\/v2\/pages\/2522","targetHints":{"allow":["GET"]}}],"collection":[{"href":"https:\/\/villasicula-capo.com\/it\/wp-json\/wp\/v2\/pages"}],"about":[{"href":"https:\/\/villasicula-capo.com\/it\/wp-json\/wp\/v2\/types\/page"}],"author":[{"embeddable":true,"href":"https:\/\/villasicula-capo.com\/it\/wp-json\/wp\/v2\/users\/4"}],"replies":[{"embeddable":true,"href":"https:\/\/villasicula-capo.com\/it\/wp-json\/wp\/v2\/comments?post=2522"}],"version-history":[{"count":0,"href":"https:\/\/villasicula-capo.com\/it\/wp-json\/wp\/v2\/pages\/2522\/revisions"}],"wp:featuredmedia":[{"embeddable":true,"href":"https:\/\/villasicula-capo.com\/it\/wp-json\/wp\/v2\/media\/2304"}],"wp:attachment":[{"href":"https:\/\/villasicula-capo.com\/it\/wp-json\/wp\/v2\/media?parent=2522"}],"curies":[{"name":"wp","href":"https:\/\/api.w.org\/{rel}","templated":true}]}}