{"id":2509,"date":"2021-06-17T11:14:02","date_gmt":"2021-06-17T09:14:02","guid":{"rendered":"https:\/\/villasicula-capo.com\/?page_id=2509"},"modified":"2024-12-15T09:49:06","modified_gmt":"2024-12-15T08:49:06","slug":"appartamento-le-isole-eolie","status":"publish","type":"page","link":"https:\/\/villasicula-capo.com\/it\/appartamento-le-isole-eolie\/","title":{"rendered":"Appartamento &#8220;Le Isole Eolie&#8221;"},"content":{"rendered":"\t\t<div data-elementor-type=\"wp-page\" data-elementor-id=\"2509\" class=\"elementor elementor-2509 elementor-28\" data-elementor-post-type=\"page\">\n\t\t\t\t<div class=\"elementor-element elementor-element-e8a380d e-flex e-con-boxed e-con e-parent\" data-id=\"e8a380d\" data-element_type=\"container\">\n\t\t\t\t\t<div class=\"e-con-inner\">\n\t\t\t\t<div class=\"elementor-element elementor-element-82d35dd elementor-widget elementor-widget-heading\" data-id=\"82d35dd\" data-element_type=\"widget\" data-widget_type=\"heading.default\">\n\t\t\t\t<div class=\"elementor-widget-container\">\n\t\t\t<h4 class=\"elementor-heading-title elementor-size-default\">In mezzo alle Isole Eolie<\/h4>\t\t<\/div>\n\t\t\t\t<\/div>\n\t\t\t\t\t<\/div>\n\t\t\t\t<\/div>\n\t\t<div class=\"elementor-element elementor-element-2961b7d4 e-flex e-con-boxed e-con e-parent\" data-id=\"2961b7d4\" data-element_type=\"container\">\n\t\t\t\t\t<div class=\"e-con-inner\">\n\t\t\t\t<div class=\"elementor-element elementor-element-1a44d0a7 elementor-widget elementor-widget-text-editor\" data-id=\"1a44d0a7\" data-element_type=\"widget\" data-widget_type=\"text-editor.default\">\n\t\t\t\t<div class=\"elementor-widget-container\">\n\t\t\t\t\t\t\t\n<p>Il luminosissimo appartamento &#8220;<a href=\"https:\/\/villasicula-capo.com\/it\/le-isole-eolie\/\">Le Isole Eolie<\/a>&#8221; vi offre una superficie abitabile di 82 mq e un balcone di 64 mq, che scorre a forma di U intorno all&#8217;appartamento (lungo 30 m), e che \u00e8 direttamente accessibile da ogni stanza. L&#8217;appartamento si trova al piano superiore e pu\u00f2 essere prenotato separatamente o insieme all&#8217; appartamento &#8220;La Cultura Siciliana&#8221;. Poich\u00e9 la villa \u00e8 costruita su un pendio, l&#8217;entrata principale si trova in cima alla casa, nella piazza &#8220;Benvenuti&#8221;. Da l\u00ec si pu\u00f2 entrare direttamente nell&#8217;appartamento. Dal balcone &#8220;Eolo&#8221; si pu\u00f2 godere di una vista mozzafiato sul vasto giardino e sul Mar Tirreno fino alle Isole Eolie. Queste danno il nome all&#8217;appartamento: tutte le sette stanze portano il nome di una di loro.<\/p>\n\n<p>L&#8217;appartamento ha tre camere da letto e due bagni, accogliendovi in un ampio e confortevole spazio, in assoluta privacy. Nella zona pranzo e soggiorno c&#8217;\u00e8 una cucina aperta dove troverete tutto il necessario per preparare un pasto delizioso e sano. Trascorrete momenti rilassanti sull\u2019ampio balcone, potendo godere di una magnifica vista. L&#8217;aria condizionata assicura temperature piacevoli in estate. In primavera e in autunno un camino a gas diffonder\u00e0 un&#8217;atmosfera accogliente.<\/p>\n\n<figure class=\"wp-block-gallery columns-3 is-cropped\"><\/figure>\n\t\t\t\t\t\t<\/div>\n\t\t\t\t<\/div>\n\t\t\t\t\t<\/div>\n\t\t\t\t<\/div>\n\t\t<div class=\"elementor-element elementor-element-33c9d5e e-flex e-con-boxed e-con e-parent\" data-id=\"33c9d5e\" data-element_type=\"container\">\n\t\t\t\t\t<div class=\"e-con-inner\">\n\t\t\t\t<div class=\"elementor-element elementor-element-562778a elementor-widget elementor-widget-heading\" data-id=\"562778a\" data-element_type=\"widget\" data-widget_type=\"heading.default\">\n\t\t\t\t<div class=\"elementor-widget-container\">\n\t\t\t<h4 class=\"elementor-heading-title elementor-size-default\">Impressioni Appartamento \u201cLe Isole Eolie\u201d<\/h4>\t\t<\/div>\n\t\t\t\t<\/div>\n\t\t\t\t\t<\/div>\n\t\t\t\t<\/div>\n\t\t<div class=\"elementor-element elementor-element-31eab93c e-flex e-con-boxed e-con e-parent\" data-id=\"31eab93c\" data-element_type=\"container\">\n\t\t\t\t\t<div class=\"e-con-inner\">\n\t\t<div class=\"elementor-element elementor-element-6120a4e3 e-con-full e-flex e-con e-child\" data-id=\"6120a4e3\" data-element_type=\"container\">\n\t\t\t\t<div class=\"elementor-element elementor-element-48b86278 elementor-widget elementor-widget-gallery\" data-id=\"48b86278\" data-element_type=\"widget\" data-settings=\"{&quot;gallery_layout&quot;:&quot;masonry&quot;,&quot;columns&quot;:1,&quot;gap&quot;:{&quot;unit&quot;:&quot;px&quot;,&quot;size&quot;:19,&quot;sizes&quot;:[]},&quot;background_overlay_hover_animation&quot;:&quot;fade-out&quot;,&quot;columns_tablet&quot;:2,&quot;columns_mobile&quot;:1,&quot;gap_tablet&quot;:{&quot;unit&quot;:&quot;px&quot;,&quot;size&quot;:10,&quot;sizes&quot;:[]},&quot;gap_mobile&quot;:{&quot;unit&quot;:&quot;px&quot;,&quot;size&quot;:10,&quot;sizes&quot;:[]},&quot;link_to&quot;:&quot;file&quot;,&quot;overlay_background&quot;:&quot;yes&quot;,&quot;content_hover_animation&quot;:&quot;fade-in&quot;}\" data-widget_type=\"gallery.default\">\n\t\t\t\t<div class=\"elementor-widget-container\">\n\t\t\t\t\t<div class=\"elementor-gallery__container\">\n\t\t\t\t\t\t\t<a class=\"e-gallery-item elementor-gallery-item elementor-animated-content\" href=\"https:\/\/villasicula-capo.com\/wp-content\/uploads\/2024\/11\/02600__Z6S2276-HDR.jpg\" data-elementor-open-lightbox=\"yes\" data-elementor-lightbox-slideshow=\"48b86278\" data-elementor-lightbox-title=\"02600__Z6S2276-HDR\" data-e-action-hash=\"#elementor-action%3Aaction%3Dlightbox%26settings%3DeyJpZCI6ODc1OSwidXJsIjoiaHR0cHM6XC9cL3ZpbGxhc2ljdWxhLWNhcG8uY29tXC93cC1jb250ZW50XC91cGxvYWRzXC8yMDI0XC8xMVwvMDI2MDBfX1o2UzIyNzYtSERSLmpwZyIsInNsaWRlc2hvdyI6IjQ4Yjg2Mjc4In0%3D\">\n\t\t\t\t\t<div class=\"e-gallery-image elementor-gallery-item__image\" data-thumbnail=\"https:\/\/villasicula-capo.com\/wp-content\/uploads\/2024\/11\/02600__Z6S2276-HDR-1200x800.jpg\" data-width=\"1200\" data-height=\"800\" aria-label=\"\" role=\"img\" ><\/div>\n\t\t\t\t\t\t\t\t\t\t\t<div class=\"elementor-gallery-item__overlay\"><\/div>\n\t\t\t\t\t\t\t\t\t\t\t\t\t\t<\/a>\n\t\t\t\t\t\t\t<a class=\"e-gallery-item elementor-gallery-item elementor-animated-content\" href=\"https:\/\/villasicula-capo.com\/wp-content\/uploads\/2024\/11\/02700__Z6S2288-HDR.jpg\" data-elementor-open-lightbox=\"yes\" data-elementor-lightbox-slideshow=\"48b86278\" data-elementor-lightbox-title=\"02700__Z6S2288-HDR\" data-e-action-hash=\"#elementor-action%3Aaction%3Dlightbox%26settings%3DeyJpZCI6ODc2MywidXJsIjoiaHR0cHM6XC9cL3ZpbGxhc2ljdWxhLWNhcG8uY29tXC93cC1jb250ZW50XC91cGxvYWRzXC8yMDI0XC8xMVwvMDI3MDBfX1o2UzIyODgtSERSLmpwZyIsInNsaWRlc2hvdyI6IjQ4Yjg2Mjc4In0%3D\">\n\t\t\t\t\t<div class=\"e-gallery-image elementor-gallery-item__image\" data-thumbnail=\"https:\/\/villasicula-capo.com\/wp-content\/uploads\/2024\/11\/02700__Z6S2288-HDR-1200x800.jpg\" data-width=\"1200\" data-height=\"800\" aria-label=\"\" role=\"img\" ><\/div>\n\t\t\t\t\t\t\t\t\t\t\t<div class=\"elementor-gallery-item__overlay\"><\/div>\n\t\t\t\t\t\t\t\t\t\t\t\t\t\t<\/a>\n\t\t\t\t\t<\/div>\n\t\t\t<\/div>\n\t\t\t\t<\/div>\n\t\t\t\t<\/div>\n\t\t<div class=\"elementor-element elementor-element-22df367c e-con-full e-flex e-con e-child\" data-id=\"22df367c\" data-element_type=\"container\">\n\t\t<div class=\"elementor-element elementor-element-dce7b08 e-con-full e-flex e-con e-child\" data-id=\"dce7b08\" data-element_type=\"container\">\n\t\t\t\t<div class=\"elementor-element elementor-element-65de8965 gallery-spacing-custom elementor-widget elementor-widget-image-gallery\" data-id=\"65de8965\" data-element_type=\"widget\" data-widget_type=\"image-gallery.default\">\n\t\t\t\t<div class=\"elementor-widget-container\">\n\t\t\t\t\t<div class=\"elementor-image-gallery\">\n\t\t\t<div id='gallery-1' class='gallery galleryid-2509 gallery-columns-2 gallery-size-thumbnail'><dl class='gallery-item'>\n\t\t\t<dt class='gallery-icon landscape'>\n\t\t\t\t<a data-elementor-open-lightbox=\"yes\" data-elementor-lightbox-slideshow=\"65de8965\" data-elementor-lightbox-title=\"01100__Z6S2345-HDR\" data-e-action-hash=\"#elementor-action%3Aaction%3Dlightbox%26settings%3DeyJpZCI6ODcwMiwidXJsIjoiaHR0cHM6XC9cL3ZpbGxhc2ljdWxhLWNhcG8uY29tXC93cC1jb250ZW50XC91cGxvYWRzXC8yMDI0XC8xMVwvMDExMDBfX1o2UzIzNDUtSERSLmpwZyIsInNsaWRlc2hvdyI6IjY1ZGU4OTY1In0%3D\" href='https:\/\/villasicula-capo.com\/wp-content\/uploads\/2024\/11\/01100__Z6S2345-HDR.jpg'><img fetchpriority=\"high\" decoding=\"async\" width=\"600\" height=\"400\" src=\"https:\/\/villasicula-capo.com\/wp-content\/uploads\/2024\/11\/01100__Z6S2345-HDR-600x400.jpg\" class=\"attachment-thumbnail size-thumbnail\" alt=\"\" srcset=\"https:\/\/villasicula-capo.com\/wp-content\/uploads\/2024\/11\/01100__Z6S2345-HDR-600x400.jpg 600w, https:\/\/villasicula-capo.com\/wp-content\/uploads\/2024\/11\/01100__Z6S2345-HDR-1200x800.jpg 1200w, https:\/\/villasicula-capo.com\/wp-content\/uploads\/2024\/11\/01100__Z6S2345-HDR-1800x1198.jpg 1800w\" sizes=\"(max-width: 600px) 100vw, 600px\" \/><\/a>\n\t\t\t<\/dt><\/dl><dl class='gallery-item'>\n\t\t\t<dt class='gallery-icon landscape'>\n\t\t\t\t<a data-elementor-open-lightbox=\"yes\" data-elementor-lightbox-slideshow=\"65de8965\" data-elementor-lightbox-title=\"01000__Z6S2342-HDR\" data-e-action-hash=\"#elementor-action%3Aaction%3Dlightbox%26settings%3DeyJpZCI6ODY5OCwidXJsIjoiaHR0cHM6XC9cL3ZpbGxhc2ljdWxhLWNhcG8uY29tXC93cC1jb250ZW50XC91cGxvYWRzXC8yMDI0XC8xMVwvMDEwMDBfX1o2UzIzNDItSERSLmpwZyIsInNsaWRlc2hvdyI6IjY1ZGU4OTY1In0%3D\" href='https:\/\/villasicula-capo.com\/wp-content\/uploads\/2024\/11\/01000__Z6S2342-HDR.jpg'><img decoding=\"async\" width=\"600\" height=\"400\" src=\"https:\/\/villasicula-capo.com\/wp-content\/uploads\/2024\/11\/01000__Z6S2342-HDR-600x400.jpg\" class=\"attachment-thumbnail size-thumbnail\" alt=\"\" srcset=\"https:\/\/villasicula-capo.com\/wp-content\/uploads\/2024\/11\/01000__Z6S2342-HDR-600x400.jpg 600w, https:\/\/villasicula-capo.com\/wp-content\/uploads\/2024\/11\/01000__Z6S2342-HDR-1200x800.jpg 1200w, https:\/\/villasicula-capo.com\/wp-content\/uploads\/2024\/11\/01000__Z6S2342-HDR-1800x1198.jpg 1800w\" sizes=\"(max-width: 600px) 100vw, 600px\" \/><\/a>\n\t\t\t<\/dt><\/dl><br style=\"clear: both\" \/><dl class='gallery-item'>\n\t\t\t<dt class='gallery-icon landscape'>\n\t\t\t\t<a data-elementor-open-lightbox=\"yes\" data-elementor-lightbox-slideshow=\"65de8965\" data-elementor-lightbox-title=\"00800__Z6S2399-HDR\" data-e-action-hash=\"#elementor-action%3Aaction%3Dlightbox%26settings%3DeyJpZCI6ODY5MCwidXJsIjoiaHR0cHM6XC9cL3ZpbGxhc2ljdWxhLWNhcG8uY29tXC93cC1jb250ZW50XC91cGxvYWRzXC8yMDI0XC8xMVwvMDA4MDBfX1o2UzIzOTktSERSLmpwZyIsInNsaWRlc2hvdyI6IjY1ZGU4OTY1In0%3D\" href='https:\/\/villasicula-capo.com\/wp-content\/uploads\/2024\/11\/00800__Z6S2399-HDR.jpg'><img decoding=\"async\" width=\"600\" height=\"400\" src=\"https:\/\/villasicula-capo.com\/wp-content\/uploads\/2024\/11\/00800__Z6S2399-HDR-600x400.jpg\" class=\"attachment-thumbnail size-thumbnail\" alt=\"\" srcset=\"https:\/\/villasicula-capo.com\/wp-content\/uploads\/2024\/11\/00800__Z6S2399-HDR-600x400.jpg 600w, https:\/\/villasicula-capo.com\/wp-content\/uploads\/2024\/11\/00800__Z6S2399-HDR-1200x800.jpg 1200w, https:\/\/villasicula-capo.com\/wp-content\/uploads\/2024\/11\/00800__Z6S2399-HDR-1800x1198.jpg 1800w\" sizes=\"(max-width: 600px) 100vw, 600px\" \/><\/a>\n\t\t\t<\/dt><\/dl><dl class='gallery-item'>\n\t\t\t<dt class='gallery-icon landscape'>\n\t\t\t\t<a data-elementor-open-lightbox=\"yes\" data-elementor-lightbox-slideshow=\"65de8965\" data-elementor-lightbox-title=\"00900__Z6S2381-HDR\" data-e-action-hash=\"#elementor-action%3Aaction%3Dlightbox%26settings%3DeyJpZCI6ODY5NCwidXJsIjoiaHR0cHM6XC9cL3ZpbGxhc2ljdWxhLWNhcG8uY29tXC93cC1jb250ZW50XC91cGxvYWRzXC8yMDI0XC8xMVwvMDA5MDBfX1o2UzIzODEtSERSLmpwZyIsInNsaWRlc2hvdyI6IjY1ZGU4OTY1In0%3D\" href='https:\/\/villasicula-capo.com\/wp-content\/uploads\/2024\/11\/00900__Z6S2381-HDR.jpg'><img loading=\"lazy\" decoding=\"async\" width=\"600\" height=\"400\" src=\"https:\/\/villasicula-capo.com\/wp-content\/uploads\/2024\/11\/00900__Z6S2381-HDR-600x400.jpg\" class=\"attachment-thumbnail size-thumbnail\" alt=\"\" srcset=\"https:\/\/villasicula-capo.com\/wp-content\/uploads\/2024\/11\/00900__Z6S2381-HDR-600x400.jpg 600w, https:\/\/villasicula-capo.com\/wp-content\/uploads\/2024\/11\/00900__Z6S2381-HDR-1200x800.jpg 1200w, https:\/\/villasicula-capo.com\/wp-content\/uploads\/2024\/11\/00900__Z6S2381-HDR-1800x1198.jpg 1800w\" sizes=\"(max-width: 600px) 100vw, 600px\" \/><\/a>\n\t\t\t<\/dt><\/dl><br style=\"clear: both\" \/><dl class='gallery-item'>\n\t\t\t<dt class='gallery-icon landscape'>\n\t\t\t\t<a data-elementor-open-lightbox=\"yes\" data-elementor-lightbox-slideshow=\"65de8965\" data-elementor-lightbox-title=\"01300__Z6S2363-HDR\" data-e-action-hash=\"#elementor-action%3Aaction%3Dlightbox%26settings%3DeyJpZCI6ODcxMCwidXJsIjoiaHR0cHM6XC9cL3ZpbGxhc2ljdWxhLWNhcG8uY29tXC93cC1jb250ZW50XC91cGxvYWRzXC8yMDI0XC8xMVwvMDEzMDBfX1o2UzIzNjMtSERSLmpwZyIsInNsaWRlc2hvdyI6IjY1ZGU4OTY1In0%3D\" href='https:\/\/villasicula-capo.com\/wp-content\/uploads\/2024\/11\/01300__Z6S2363-HDR.jpg'><img loading=\"lazy\" decoding=\"async\" width=\"600\" height=\"400\" src=\"https:\/\/villasicula-capo.com\/wp-content\/uploads\/2024\/11\/01300__Z6S2363-HDR-600x400.jpg\" class=\"attachment-thumbnail size-thumbnail\" alt=\"\" srcset=\"https:\/\/villasicula-capo.com\/wp-content\/uploads\/2024\/11\/01300__Z6S2363-HDR-600x400.jpg 600w, https:\/\/villasicula-capo.com\/wp-content\/uploads\/2024\/11\/01300__Z6S2363-HDR-1200x800.jpg 1200w, https:\/\/villasicula-capo.com\/wp-content\/uploads\/2024\/11\/01300__Z6S2363-HDR-1800x1198.jpg 1800w\" sizes=\"(max-width: 600px) 100vw, 600px\" \/><\/a>\n\t\t\t<\/dt><\/dl><dl class='gallery-item'>\n\t\t\t<dt class='gallery-icon landscape'>\n\t\t\t\t<a data-elementor-open-lightbox=\"yes\" data-elementor-lightbox-slideshow=\"65de8965\" data-elementor-lightbox-title=\"01200__Z6S2333-HDR\" data-e-action-hash=\"#elementor-action%3Aaction%3Dlightbox%26settings%3DeyJpZCI6ODcwNiwidXJsIjoiaHR0cHM6XC9cL3ZpbGxhc2ljdWxhLWNhcG8uY29tXC93cC1jb250ZW50XC91cGxvYWRzXC8yMDI0XC8xMVwvMDEyMDBfX1o2UzIzMzMtSERSLmpwZyIsInNsaWRlc2hvdyI6IjY1ZGU4OTY1In0%3D\" href='https:\/\/villasicula-capo.com\/wp-content\/uploads\/2024\/11\/01200__Z6S2333-HDR.jpg'><img loading=\"lazy\" decoding=\"async\" width=\"600\" height=\"400\" src=\"https:\/\/villasicula-capo.com\/wp-content\/uploads\/2024\/11\/01200__Z6S2333-HDR-600x400.jpg\" class=\"attachment-thumbnail size-thumbnail\" alt=\"\" srcset=\"https:\/\/villasicula-capo.com\/wp-content\/uploads\/2024\/11\/01200__Z6S2333-HDR-600x400.jpg 600w, https:\/\/villasicula-capo.com\/wp-content\/uploads\/2024\/11\/01200__Z6S2333-HDR-1200x800.jpg 1200w, https:\/\/villasicula-capo.com\/wp-content\/uploads\/2024\/11\/01200__Z6S2333-HDR-1800x1198.jpg 1800w\" sizes=\"(max-width: 600px) 100vw, 600px\" \/><\/a>\n\t\t\t<\/dt><\/dl><br style=\"clear: both\" \/><dl class='gallery-item'>\n\t\t\t<dt class='gallery-icon landscape'>\n\t\t\t\t<a data-elementor-open-lightbox=\"yes\" data-elementor-lightbox-slideshow=\"65de8965\" data-elementor-lightbox-title=\"02800__Z6S2306-HDR\" data-e-action-hash=\"#elementor-action%3Aaction%3Dlightbox%26settings%3DeyJpZCI6ODc3MCwidXJsIjoiaHR0cHM6XC9cL3ZpbGxhc2ljdWxhLWNhcG8uY29tXC93cC1jb250ZW50XC91cGxvYWRzXC8yMDI0XC8xMVwvMDI4MDBfX1o2UzIzMDYtSERSLmpwZyIsInNsaWRlc2hvdyI6IjY1ZGU4OTY1In0%3D\" href='https:\/\/villasicula-capo.com\/wp-content\/uploads\/2024\/11\/02800__Z6S2306-HDR.jpg'><img loading=\"lazy\" decoding=\"async\" width=\"600\" height=\"400\" src=\"https:\/\/villasicula-capo.com\/wp-content\/uploads\/2024\/11\/02800__Z6S2306-HDR-600x400.jpg\" class=\"attachment-thumbnail size-thumbnail\" alt=\"\" srcset=\"https:\/\/villasicula-capo.com\/wp-content\/uploads\/2024\/11\/02800__Z6S2306-HDR-600x400.jpg 600w, https:\/\/villasicula-capo.com\/wp-content\/uploads\/2024\/11\/02800__Z6S2306-HDR-1200x800.jpg 1200w, https:\/\/villasicula-capo.com\/wp-content\/uploads\/2024\/11\/02800__Z6S2306-HDR-1800x1198.jpg 1800w\" sizes=\"(max-width: 600px) 100vw, 600px\" \/><\/a>\n\t\t\t<\/dt><\/dl>\n\t\t\t<br style='clear: both' \/>\n\t\t<\/div>\n\t\t<\/div>\n\t\t\t\t<\/div>\n\t\t\t\t<\/div>\n\t\t\t\t<\/div>\n\t\t\t\t<\/div>\n\t\t\t\t\t<\/div>\n\t\t\t\t<\/div>\n\t\t<div class=\"elementor-element elementor-element-9ac978b e-flex e-con-boxed e-con e-parent\" data-id=\"9ac978b\" data-element_type=\"container\">\n\t\t\t\t\t<div class=\"e-con-inner\">\n\t\t\t\t<div class=\"elementor-element elementor-element-e202b86 elementor-widget elementor-widget-text-editor\" data-id=\"e202b86\" data-element_type=\"widget\" data-widget_type=\"text-editor.default\">\n\t\t\t\t<div class=\"elementor-widget-container\">\n\t\t\t\t\t\t\t<p>Le camere portano i nomi delle sette Isole Eolie, che si possono ammirare nitidamente dal balcone &#8220;Eolo&#8221;. Eolo, il dio greco del vento, ha dato il nome a queste isole molto ventose. Da ovest a est (da sinistra a destra) si vedono all&#8217;orizzonte Alicudi (bagno 2), Filicudi (bagno 1), Salina (camera 1), Lipari (zona giorno) e Vulcano (cucina e zona pranzo). Dietro, tra queste due, vi \u00e8 Stromboli (camera 3). Panarea (camera 2) \u00e8 la pi\u00f9 lontana, e non pu\u00f2 essere vista dalla villa. Il corridoio &#8220;Stretto di Messina&#8221; prende appunto il nome dallo stretto di Messina, la striscia di mare che unisce la regione Calabria (Italia continentale) con la Sicilia.<\/p>\n<p><\/p>\n<p>Godetevi le varie <a href=\"https:\/\/villasicula-capo.com\/it\/dotazioni\/\">strutture<\/a> di VILLA SICULA e le innumerevoli <a href=\"https:\/\/villasicula-capo.com\/it\/attivita\/\">attivit\u00e0<\/a> di questa isola variopinta. In pochi minuti d&#8217;auto si possono raggiungere le spiagge pi\u00f9 belle dalle famose acque cristalline, i paesi circostanti e il centro di Capo d&#8217;Orlando. Le strutture per lo shopping, cos\u00ec come i ristoranti e i negozi di specialit\u00e0 tipiche possono essere raggiunti facilmente dalla vostra casa vacanze.<\/p>\t\t\t\t\t\t<\/div>\n\t\t\t\t<\/div>\n\t\t\t\t\t<\/div>\n\t\t\t\t<\/div>\n\t\t\t\t<\/div>\n\t\t","protected":false},"excerpt":{"rendered":"<p>Composto da tre camere da letto e un ampio balcone, l&#8217;appartamento &#8220;Le Isole Eolie&#8221; \u00e8 la scelta ideale per la vostra vacanza con la famiglia o amici.<\/p>\n","protected":false},"author":4,"featured_media":1803,"parent":0,"menu_order":0,"comment_status":"closed","ping_status":"closed","template":"","meta":{"_acf_changed":false,"footnotes":""},"class_list":["post-2509","page","type-page","status-publish","has-post-thumbnail","hentry"],"acf":[],"yoast_head":"<!-- This site is optimized with the Yoast SEO plugin v24.0 - https:\/\/yoast.com\/wordpress\/plugins\/seo\/ -->\n<title>Appartamento &quot;Le Isole Eolie&quot; | Villa Sicula<\/title>\n<meta name=\"description\" content=\"Scoprite Villa Sicula in Sicilia: l&#039;appartamento &quot;Le Isole Eolie&quot; offre a voi e alla vostra famiglia molto spazio e privacy.\" \/>\n<meta name=\"robots\" content=\"index, follow, max-snippet:-1, max-image-preview:large, max-video-preview:-1\" \/>\n<link rel=\"canonical\" href=\"https:\/\/villasicula-capo.com\/it\/appartamento-le-isole-eolie\/\" \/>\n<meta property=\"og:locale\" content=\"it_IT\" \/>\n<meta property=\"og:type\" content=\"article\" \/>\n<meta property=\"og:title\" content=\"Appartamento &quot;Le Isole Eolie&quot; | Villa Sicula\" \/>\n<meta property=\"og:description\" content=\"Scoprite Villa Sicula in Sicilia: l&#039;appartamento &quot;Le Isole Eolie&quot; offre a voi e alla vostra famiglia molto spazio e privacy.\" \/>\n<meta property=\"og:url\" content=\"https:\/\/villasicula-capo.com\/it\/appartamento-le-isole-eolie\/\" \/>\n<meta property=\"og:site_name\" content=\"Villa Sicula\" \/>\n<meta property=\"article:modified_time\" content=\"2024-12-15T08:49:06+00:00\" \/>\n<meta property=\"og:image\" content=\"https:\/\/villasicula-capo.com\/wp-content\/uploads\/2021\/02\/Bilder-Sizilien-1.jpg\" \/>\n\t<meta property=\"og:image:width\" content=\"3000\" \/>\n\t<meta property=\"og:image:height\" content=\"2000\" \/>\n\t<meta property=\"og:image:type\" content=\"image\/jpeg\" \/>\n<meta name=\"twitter:card\" content=\"summary_large_image\" \/>\n<meta name=\"twitter:label1\" content=\"Tempo di lettura stimato\" \/>\n\t<meta name=\"twitter:data1\" content=\"4 minuti\" \/>\n<script type=\"application\/ld+json\" class=\"yoast-schema-graph\">{\"@context\":\"https:\/\/schema.org\",\"@graph\":[{\"@type\":\"WebPage\",\"@id\":\"https:\/\/villasicula-capo.com\/it\/appartamento-le-isole-eolie\/\",\"url\":\"https:\/\/villasicula-capo.com\/it\/appartamento-le-isole-eolie\/\",\"name\":\"Appartamento \\\"Le Isole Eolie\\\" | Villa Sicula\",\"isPartOf\":{\"@id\":\"https:\/\/villasicula-capo.com\/it\/#website\"},\"primaryImageOfPage\":{\"@id\":\"https:\/\/villasicula-capo.com\/it\/appartamento-le-isole-eolie\/#primaryimage\"},\"image\":{\"@id\":\"https:\/\/villasicula-capo.com\/it\/appartamento-le-isole-eolie\/#primaryimage\"},\"thumbnailUrl\":\"https:\/\/villasicula-capo.com\/wp-content\/uploads\/2021\/02\/Bilder-Sizilien-1.jpg\",\"datePublished\":\"2021-06-17T09:14:02+00:00\",\"dateModified\":\"2024-12-15T08:49:06+00:00\",\"description\":\"Scoprite Villa Sicula in Sicilia: l'appartamento \\\"Le Isole Eolie\\\" offre a voi e alla vostra famiglia molto spazio e privacy.\",\"inLanguage\":\"it-IT\",\"potentialAction\":[{\"@type\":\"ReadAction\",\"target\":[\"https:\/\/villasicula-capo.com\/it\/appartamento-le-isole-eolie\/\"]}]},{\"@type\":\"ImageObject\",\"inLanguage\":\"it-IT\",\"@id\":\"https:\/\/villasicula-capo.com\/it\/appartamento-le-isole-eolie\/#primaryimage\",\"url\":\"https:\/\/villasicula-capo.com\/wp-content\/uploads\/2021\/02\/Bilder-Sizilien-1.jpg\",\"contentUrl\":\"https:\/\/villasicula-capo.com\/wp-content\/uploads\/2021\/02\/Bilder-Sizilien-1.jpg\",\"width\":3000,\"height\":2000},{\"@type\":\"WebSite\",\"@id\":\"https:\/\/villasicula-capo.com\/it\/#website\",\"url\":\"https:\/\/villasicula-capo.com\/it\/\",\"name\":\"Villa Sicula\",\"description\":\"\",\"publisher\":{\"@id\":\"https:\/\/villasicula-capo.com\/it\/#organization\"},\"potentialAction\":[{\"@type\":\"SearchAction\",\"target\":{\"@type\":\"EntryPoint\",\"urlTemplate\":\"https:\/\/villasicula-capo.com\/it\/?s={search_term_string}\"},\"query-input\":{\"@type\":\"PropertyValueSpecification\",\"valueRequired\":true,\"valueName\":\"search_term_string\"}}],\"inLanguage\":\"it-IT\"},{\"@type\":\"Organization\",\"@id\":\"https:\/\/villasicula-capo.com\/it\/#organization\",\"name\":\"Villa Sicula\",\"url\":\"https:\/\/villasicula-capo.com\/it\/\",\"logo\":{\"@type\":\"ImageObject\",\"inLanguage\":\"it-IT\",\"@id\":\"https:\/\/villasicula-capo.com\/it\/#\/schema\/logo\/image\/\",\"url\":\"https:\/\/villasicula-capo.com\/wp-content\/uploads\/2023\/02\/cropped-Villa-Sicula-del-Capo_klein.png\",\"contentUrl\":\"https:\/\/villasicula-capo.com\/wp-content\/uploads\/2023\/02\/cropped-Villa-Sicula-del-Capo_klein.png\",\"width\":360,\"height\":225,\"caption\":\"Villa Sicula\"},\"image\":{\"@id\":\"https:\/\/villasicula-capo.com\/it\/#\/schema\/logo\/image\/\"}}]}<\/script>\n<!-- \/ Yoast SEO plugin. -->","yoast_head_json":{"title":"Appartamento \"Le Isole Eolie\" | Villa Sicula","description":"Scoprite Villa Sicula in Sicilia: l'appartamento \"Le Isole Eolie\" offre a voi e alla vostra famiglia molto spazio e privacy.","robots":{"index":"index","follow":"follow","max-snippet":"max-snippet:-1","max-image-preview":"max-image-preview:large","max-video-preview":"max-video-preview:-1"},"canonical":"https:\/\/villasicula-capo.com\/it\/appartamento-le-isole-eolie\/","og_locale":"it_IT","og_type":"article","og_title":"Appartamento \"Le Isole Eolie\" | Villa Sicula","og_description":"Scoprite Villa Sicula in Sicilia: l'appartamento \"Le Isole Eolie\" offre a voi e alla vostra famiglia molto spazio e privacy.","og_url":"https:\/\/villasicula-capo.com\/it\/appartamento-le-isole-eolie\/","og_site_name":"Villa Sicula","article_modified_time":"2024-12-15T08:49:06+00:00","og_image":[{"width":3000,"height":2000,"url":"https:\/\/villasicula-capo.com\/wp-content\/uploads\/2021\/02\/Bilder-Sizilien-1.jpg","type":"image\/jpeg"}],"twitter_card":"summary_large_image","twitter_misc":{"Tempo di lettura stimato":"4 minuti"},"schema":{"@context":"https:\/\/schema.org","@graph":[{"@type":"WebPage","@id":"https:\/\/villasicula-capo.com\/it\/appartamento-le-isole-eolie\/","url":"https:\/\/villasicula-capo.com\/it\/appartamento-le-isole-eolie\/","name":"Appartamento \"Le Isole Eolie\" | Villa Sicula","isPartOf":{"@id":"https:\/\/villasicula-capo.com\/it\/#website"},"primaryImageOfPage":{"@id":"https:\/\/villasicula-capo.com\/it\/appartamento-le-isole-eolie\/#primaryimage"},"image":{"@id":"https:\/\/villasicula-capo.com\/it\/appartamento-le-isole-eolie\/#primaryimage"},"thumbnailUrl":"https:\/\/villasicula-capo.com\/wp-content\/uploads\/2021\/02\/Bilder-Sizilien-1.jpg","datePublished":"2021-06-17T09:14:02+00:00","dateModified":"2024-12-15T08:49:06+00:00","description":"Scoprite Villa Sicula in Sicilia: l'appartamento \"Le Isole Eolie\" offre a voi e alla vostra famiglia molto spazio e privacy.","inLanguage":"it-IT","potentialAction":[{"@type":"ReadAction","target":["https:\/\/villasicula-capo.com\/it\/appartamento-le-isole-eolie\/"]}]},{"@type":"ImageObject","inLanguage":"it-IT","@id":"https:\/\/villasicula-capo.com\/it\/appartamento-le-isole-eolie\/#primaryimage","url":"https:\/\/villasicula-capo.com\/wp-content\/uploads\/2021\/02\/Bilder-Sizilien-1.jpg","contentUrl":"https:\/\/villasicula-capo.com\/wp-content\/uploads\/2021\/02\/Bilder-Sizilien-1.jpg","width":3000,"height":2000},{"@type":"WebSite","@id":"https:\/\/villasicula-capo.com\/it\/#website","url":"https:\/\/villasicula-capo.com\/it\/","name":"Villa Sicula","description":"","publisher":{"@id":"https:\/\/villasicula-capo.com\/it\/#organization"},"potentialAction":[{"@type":"SearchAction","target":{"@type":"EntryPoint","urlTemplate":"https:\/\/villasicula-capo.com\/it\/?s={search_term_string}"},"query-input":{"@type":"PropertyValueSpecification","valueRequired":true,"valueName":"search_term_string"}}],"inLanguage":"it-IT"},{"@type":"Organization","@id":"https:\/\/villasicula-capo.com\/it\/#organization","name":"Villa Sicula","url":"https:\/\/villasicula-capo.com\/it\/","logo":{"@type":"ImageObject","inLanguage":"it-IT","@id":"https:\/\/villasicula-capo.com\/it\/#\/schema\/logo\/image\/","url":"https:\/\/villasicula-capo.com\/wp-content\/uploads\/2023\/02\/cropped-Villa-Sicula-del-Capo_klein.png","contentUrl":"https:\/\/villasicula-capo.com\/wp-content\/uploads\/2023\/02\/cropped-Villa-Sicula-del-Capo_klein.png","width":360,"height":225,"caption":"Villa Sicula"},"image":{"@id":"https:\/\/villasicula-capo.com\/it\/#\/schema\/logo\/image\/"}}]}},"_links":{"self":[{"href":"https:\/\/villasicula-capo.com\/it\/wp-json\/wp\/v2\/pages\/2509","targetHints":{"allow":["GET"]}}],"collection":[{"href":"https:\/\/villasicula-capo.com\/it\/wp-json\/wp\/v2\/pages"}],"about":[{"href":"https:\/\/villasicula-capo.com\/it\/wp-json\/wp\/v2\/types\/page"}],"author":[{"embeddable":true,"href":"https:\/\/villasicula-capo.com\/it\/wp-json\/wp\/v2\/users\/4"}],"replies":[{"embeddable":true,"href":"https:\/\/villasicula-capo.com\/it\/wp-json\/wp\/v2\/comments?post=2509"}],"version-history":[{"count":0,"href":"https:\/\/villasicula-capo.com\/it\/wp-json\/wp\/v2\/pages\/2509\/revisions"}],"wp:featuredmedia":[{"embeddable":true,"href":"https:\/\/villasicula-capo.com\/it\/wp-json\/wp\/v2\/media\/1803"}],"wp:attachment":[{"href":"https:\/\/villasicula-capo.com\/it\/wp-json\/wp\/v2\/media?parent=2509"}],"curies":[{"name":"wp","href":"https:\/\/api.w.org\/{rel}","templated":true}]}}