{"id":2492,"date":"2021-06-17T10:14:47","date_gmt":"2021-06-17T08:14:47","guid":{"rendered":"https:\/\/villasicula-capo.com\/?page_id=2492"},"modified":"2021-06-17T10:14:47","modified_gmt":"2021-06-17T08:14:47","slug":"antonello-da-messina","status":"publish","type":"page","link":"https:\/\/villasicula-capo.com\/it\/antonello-da-messina\/","title":{"rendered":"Antonello da Messina"},"content":{"rendered":"<div class=\"block core-paragraph \">\n<p><em>Antonello da Messina<\/em> \u00e8 un noto pittore rinascimentale. Nato intorno al 1429\/1430 a Messina, dove mor\u00ec nel 1479. A Napoli conobbe la vecchia tecnica olandese della pittura a olio su resina e contribu\u00ec alla sua diffusione in Italia. Le opere di Antonello sono particolarmente apprezzate per la capacit\u00e0 dell&#8217;artista di esprimere vivacit\u00e0 ed emozione. Ha capito come combinare l&#8217;attenzione al dettaglio e gli effetti di luce della vecchia pittura olandese con la pi\u00f9 razionale scuola italiana. Una delle poche opere sopravvissute pu\u00f2 essere ammirata nel <em><u><em><em><a href=\"http:\/\/www.fondazionemandralisca.it\/\"><strong>Museo Comunale Mandralisca<\/strong><\/a><\/em><\/em><\/u><\/em> di Cefal\u00f9: <em>Ritratto di uno sconosciuto<\/em> (1465-1470). Al Museo Regionale di Messina, \u00e8 esposto il polittico di San Gregorio (1473), composto da cinque dipinti. Il suo dipinto pi\u00f9 famoso, <em>L&#8217;Annunciazione<\/em> (1473), cos\u00ec come tre pannelli di legno su fondo oro, possono essere visti presso la Galleria Regionale Siciliana di Palermo. <\/p>\n<\/div><div class=\"block core-image \">\n<div class=\"wp-block-image\"><figure class=\"aligncenter size-large is-resized\"><img fetchpriority=\"high\" decoding=\"async\" src=\"https:\/\/villasicula-capo.com\/wp-content\/uploads\/2021\/03\/ritratto-d-uomo-antonello-da-messina-ritratto-d-ignoto-marinaio-1.jpg\" alt=\"\" class=\"wp-image-1492\" width=\"400\" height=\"518\" srcset=\"https:\/\/villasicula-capo.com\/wp-content\/uploads\/2021\/03\/ritratto-d-uomo-antonello-da-messina-ritratto-d-ignoto-marinaio-1.jpg 800w, https:\/\/villasicula-capo.com\/wp-content\/uploads\/2021\/03\/ritratto-d-uomo-antonello-da-messina-ritratto-d-ignoto-marinaio-1-618x800.jpg 618w, https:\/\/villasicula-capo.com\/wp-content\/uploads\/2021\/03\/ritratto-d-uomo-antonello-da-messina-ritratto-d-ignoto-marinaio-1-309x400.jpg 309w\" sizes=\"(max-width: 400px) 100vw, 400px\" \/><\/figure><\/div>\n<\/div>","protected":false},"excerpt":{"rendered":"<p>Antonello da Messina \u00e8 un noto pittore rinascimentale. Nato intorno al 1429\/1430 a Messina, dove mor\u00ec nel 1479. A Napoli conobbe la vecchia tecnica olandese della pittura a olio su resina e contribu\u00ec alla sua diffusione in Italia. Le opere di Antonello sono particolarmente apprezzate per la capacit\u00e0 dell&#8217;artista di esprimere vivacit\u00e0 ed emozione. Ha [&hellip;]<\/p>\n","protected":false},"author":4,"featured_media":2429,"parent":0,"menu_order":0,"comment_status":"closed","ping_status":"closed","template":"","meta":{"_acf_changed":false,"footnotes":""},"class_list":["post-2492","page","type-page","status-publish","has-post-thumbnail","hentry"],"acf":[],"yoast_head":"<!-- This site is optimized with the Yoast SEO plugin v24.0 - https:\/\/yoast.com\/wordpress\/plugins\/seo\/ -->\n<title>Antonello da Messina | Villa Sicula<\/title>\n<meta name=\"description\" content=\"Scoprite la cultura della Sicilia: l&#039;appartamento &quot;La Cultura Sicliana&quot; a Villa Sicula vi offre molto spazio e privacy.\" \/>\n<meta name=\"robots\" content=\"index, follow, max-snippet:-1, max-image-preview:large, max-video-preview:-1\" \/>\n<link rel=\"canonical\" href=\"https:\/\/villasicula-capo.com\/it\/antonello-da-messina\/\" \/>\n<meta property=\"og:locale\" content=\"it_IT\" \/>\n<meta property=\"og:type\" content=\"article\" \/>\n<meta property=\"og:title\" content=\"Antonello da Messina | Villa Sicula\" \/>\n<meta property=\"og:description\" content=\"Scoprite la cultura della Sicilia: l&#039;appartamento &quot;La Cultura Sicliana&quot; a Villa Sicula vi offre molto spazio e privacy.\" \/>\n<meta property=\"og:url\" content=\"https:\/\/villasicula-capo.com\/it\/antonello-da-messina\/\" \/>\n<meta property=\"og:site_name\" content=\"Villa Sicula\" \/>\n<meta property=\"og:image\" content=\"https:\/\/villasicula-capo.com\/wp-content\/uploads\/2021\/03\/Villa-Sicula-Bild-Antonello-da-messina.jpg\" \/>\n\t<meta property=\"og:image:width\" content=\"800\" \/>\n\t<meta property=\"og:image:height\" content=\"534\" \/>\n\t<meta property=\"og:image:type\" content=\"image\/jpeg\" \/>\n<meta name=\"twitter:card\" content=\"summary_large_image\" \/>\n<meta name=\"twitter:label1\" content=\"Tempo di lettura stimato\" \/>\n\t<meta name=\"twitter:data1\" content=\"1 minuto\" \/>\n<script type=\"application\/ld+json\" class=\"yoast-schema-graph\">{\"@context\":\"https:\/\/schema.org\",\"@graph\":[{\"@type\":\"WebPage\",\"@id\":\"https:\/\/villasicula-capo.com\/it\/antonello-da-messina\/\",\"url\":\"https:\/\/villasicula-capo.com\/it\/antonello-da-messina\/\",\"name\":\"Antonello da Messina | Villa Sicula\",\"isPartOf\":{\"@id\":\"https:\/\/villasicula-capo.com\/it\/#website\"},\"primaryImageOfPage\":{\"@id\":\"https:\/\/villasicula-capo.com\/it\/antonello-da-messina\/#primaryimage\"},\"image\":{\"@id\":\"https:\/\/villasicula-capo.com\/it\/antonello-da-messina\/#primaryimage\"},\"thumbnailUrl\":\"https:\/\/villasicula-capo.com\/wp-content\/uploads\/2021\/03\/Villa-Sicula-Bild-Antonello-da-messina.jpg\",\"datePublished\":\"2021-06-17T08:14:47+00:00\",\"dateModified\":\"2021-06-17T08:14:47+00:00\",\"description\":\"Scoprite la cultura della Sicilia: l'appartamento \\\"La Cultura Sicliana\\\" a Villa Sicula vi offre molto spazio e privacy.\",\"inLanguage\":\"it-IT\",\"potentialAction\":[{\"@type\":\"ReadAction\",\"target\":[\"https:\/\/villasicula-capo.com\/it\/antonello-da-messina\/\"]}]},{\"@type\":\"ImageObject\",\"inLanguage\":\"it-IT\",\"@id\":\"https:\/\/villasicula-capo.com\/it\/antonello-da-messina\/#primaryimage\",\"url\":\"https:\/\/villasicula-capo.com\/wp-content\/uploads\/2021\/03\/Villa-Sicula-Bild-Antonello-da-messina.jpg\",\"contentUrl\":\"https:\/\/villasicula-capo.com\/wp-content\/uploads\/2021\/03\/Villa-Sicula-Bild-Antonello-da-messina.jpg\",\"width\":800,\"height\":534},{\"@type\":\"WebSite\",\"@id\":\"https:\/\/villasicula-capo.com\/it\/#website\",\"url\":\"https:\/\/villasicula-capo.com\/it\/\",\"name\":\"Villa Sicula\",\"description\":\"\",\"publisher\":{\"@id\":\"https:\/\/villasicula-capo.com\/it\/#organization\"},\"potentialAction\":[{\"@type\":\"SearchAction\",\"target\":{\"@type\":\"EntryPoint\",\"urlTemplate\":\"https:\/\/villasicula-capo.com\/it\/?s={search_term_string}\"},\"query-input\":{\"@type\":\"PropertyValueSpecification\",\"valueRequired\":true,\"valueName\":\"search_term_string\"}}],\"inLanguage\":\"it-IT\"},{\"@type\":\"Organization\",\"@id\":\"https:\/\/villasicula-capo.com\/it\/#organization\",\"name\":\"Villa Sicula\",\"url\":\"https:\/\/villasicula-capo.com\/it\/\",\"logo\":{\"@type\":\"ImageObject\",\"inLanguage\":\"it-IT\",\"@id\":\"https:\/\/villasicula-capo.com\/it\/#\/schema\/logo\/image\/\",\"url\":\"https:\/\/villasicula-capo.com\/wp-content\/uploads\/2023\/02\/cropped-Villa-Sicula-del-Capo_klein.png\",\"contentUrl\":\"https:\/\/villasicula-capo.com\/wp-content\/uploads\/2023\/02\/cropped-Villa-Sicula-del-Capo_klein.png\",\"width\":360,\"height\":225,\"caption\":\"Villa Sicula\"},\"image\":{\"@id\":\"https:\/\/villasicula-capo.com\/it\/#\/schema\/logo\/image\/\"}}]}<\/script>\n<!-- \/ Yoast SEO plugin. -->","yoast_head_json":{"title":"Antonello da Messina | Villa Sicula","description":"Scoprite la cultura della Sicilia: l'appartamento \"La Cultura Sicliana\" a Villa Sicula vi offre molto spazio e privacy.","robots":{"index":"index","follow":"follow","max-snippet":"max-snippet:-1","max-image-preview":"max-image-preview:large","max-video-preview":"max-video-preview:-1"},"canonical":"https:\/\/villasicula-capo.com\/it\/antonello-da-messina\/","og_locale":"it_IT","og_type":"article","og_title":"Antonello da Messina | Villa Sicula","og_description":"Scoprite la cultura della Sicilia: l'appartamento \"La Cultura Sicliana\" a Villa Sicula vi offre molto spazio e privacy.","og_url":"https:\/\/villasicula-capo.com\/it\/antonello-da-messina\/","og_site_name":"Villa Sicula","og_image":[{"width":800,"height":534,"url":"https:\/\/villasicula-capo.com\/wp-content\/uploads\/2021\/03\/Villa-Sicula-Bild-Antonello-da-messina.jpg","type":"image\/jpeg"}],"twitter_card":"summary_large_image","twitter_misc":{"Tempo di lettura stimato":"1 minuto"},"schema":{"@context":"https:\/\/schema.org","@graph":[{"@type":"WebPage","@id":"https:\/\/villasicula-capo.com\/it\/antonello-da-messina\/","url":"https:\/\/villasicula-capo.com\/it\/antonello-da-messina\/","name":"Antonello da Messina | Villa Sicula","isPartOf":{"@id":"https:\/\/villasicula-capo.com\/it\/#website"},"primaryImageOfPage":{"@id":"https:\/\/villasicula-capo.com\/it\/antonello-da-messina\/#primaryimage"},"image":{"@id":"https:\/\/villasicula-capo.com\/it\/antonello-da-messina\/#primaryimage"},"thumbnailUrl":"https:\/\/villasicula-capo.com\/wp-content\/uploads\/2021\/03\/Villa-Sicula-Bild-Antonello-da-messina.jpg","datePublished":"2021-06-17T08:14:47+00:00","dateModified":"2021-06-17T08:14:47+00:00","description":"Scoprite la cultura della Sicilia: l'appartamento \"La Cultura Sicliana\" a Villa Sicula vi offre molto spazio e privacy.","inLanguage":"it-IT","potentialAction":[{"@type":"ReadAction","target":["https:\/\/villasicula-capo.com\/it\/antonello-da-messina\/"]}]},{"@type":"ImageObject","inLanguage":"it-IT","@id":"https:\/\/villasicula-capo.com\/it\/antonello-da-messina\/#primaryimage","url":"https:\/\/villasicula-capo.com\/wp-content\/uploads\/2021\/03\/Villa-Sicula-Bild-Antonello-da-messina.jpg","contentUrl":"https:\/\/villasicula-capo.com\/wp-content\/uploads\/2021\/03\/Villa-Sicula-Bild-Antonello-da-messina.jpg","width":800,"height":534},{"@type":"WebSite","@id":"https:\/\/villasicula-capo.com\/it\/#website","url":"https:\/\/villasicula-capo.com\/it\/","name":"Villa Sicula","description":"","publisher":{"@id":"https:\/\/villasicula-capo.com\/it\/#organization"},"potentialAction":[{"@type":"SearchAction","target":{"@type":"EntryPoint","urlTemplate":"https:\/\/villasicula-capo.com\/it\/?s={search_term_string}"},"query-input":{"@type":"PropertyValueSpecification","valueRequired":true,"valueName":"search_term_string"}}],"inLanguage":"it-IT"},{"@type":"Organization","@id":"https:\/\/villasicula-capo.com\/it\/#organization","name":"Villa Sicula","url":"https:\/\/villasicula-capo.com\/it\/","logo":{"@type":"ImageObject","inLanguage":"it-IT","@id":"https:\/\/villasicula-capo.com\/it\/#\/schema\/logo\/image\/","url":"https:\/\/villasicula-capo.com\/wp-content\/uploads\/2023\/02\/cropped-Villa-Sicula-del-Capo_klein.png","contentUrl":"https:\/\/villasicula-capo.com\/wp-content\/uploads\/2023\/02\/cropped-Villa-Sicula-del-Capo_klein.png","width":360,"height":225,"caption":"Villa Sicula"},"image":{"@id":"https:\/\/villasicula-capo.com\/it\/#\/schema\/logo\/image\/"}}]}},"_links":{"self":[{"href":"https:\/\/villasicula-capo.com\/it\/wp-json\/wp\/v2\/pages\/2492","targetHints":{"allow":["GET"]}}],"collection":[{"href":"https:\/\/villasicula-capo.com\/it\/wp-json\/wp\/v2\/pages"}],"about":[{"href":"https:\/\/villasicula-capo.com\/it\/wp-json\/wp\/v2\/types\/page"}],"author":[{"embeddable":true,"href":"https:\/\/villasicula-capo.com\/it\/wp-json\/wp\/v2\/users\/4"}],"replies":[{"embeddable":true,"href":"https:\/\/villasicula-capo.com\/it\/wp-json\/wp\/v2\/comments?post=2492"}],"version-history":[{"count":0,"href":"https:\/\/villasicula-capo.com\/it\/wp-json\/wp\/v2\/pages\/2492\/revisions"}],"wp:featuredmedia":[{"embeddable":true,"href":"https:\/\/villasicula-capo.com\/it\/wp-json\/wp\/v2\/media\/2429"}],"wp:attachment":[{"href":"https:\/\/villasicula-capo.com\/it\/wp-json\/wp\/v2\/media?parent=2492"}],"curies":[{"name":"wp","href":"https:\/\/api.w.org\/{rel}","templated":true}]}}