{"id":2469,"date":"2021-06-16T10:19:06","date_gmt":"2021-06-16T08:19:06","guid":{"rendered":"https:\/\/villasicula-capo.com\/?page_id=2469"},"modified":"2021-06-18T11:42:13","modified_gmt":"2021-06-18T09:42:13","slug":"dotazioni","status":"publish","type":"page","link":"https:\/\/villasicula-capo.com\/it\/dotazioni\/","title":{"rendered":"Dotazioni"},"content":{"rendered":"<div class=\"block core-heading \">\n<h2 class=\"wp-block-heading\">Le vostre possibilit\u00e0 di svago a VILLA SICULA<\/h2>\n<\/div><div class=\"block core-paragraph \">\n<p><\/p>\n<\/div><div class=\"block core-paragraph \">\n<p>A VILLA SICULA troverete pace e relax, ma avrete anche la possibilit\u00e0 di svolgere diverse attivit\u00e0 e di organizzare la vostra vacanza da sogno secondo i vostri desideri. L&#8217;ampia zona giardino offre numerose zone relax al riparo dal sole, specialmente nel &#8220;Parco Pitr\u00e8&#8221;, che prende il nome appunto da Giuseppe Pitr\u00e8. Godetevi momenti di spensieratezza in piscina, il vostro yoga mattutino nel tempio o allenatevi nella sala fitness. Che ne dite di una partita a bocce o a scacchi? Alcuni extra, come una sauna e una cucina all&#8217;aperto, renderanno il vostro soggiorno un&#8217;esperienza indimenticabile. Scoprite i dettagli amorevolmente progettati con riferimenti storici e letterari, come un mosaico di <a href=\"https:\/\/villasicula-capo.com\/it\/federico-ii\/\">Federico II<\/a> o i busti di <a href=\"https:\/\/villasicula-capo.com\/it\/johann-wolfgang-von-goethe\/\">Johann Wolfgang von Goethe<\/a> e <a href=\"https:\/\/villasicula-capo.com\/it\/karl-marx\/\">Karl Marx<\/a>.<\/p>\n<\/div><div class=\"block core-paragraph \">\n<p>Per tutte le attivit\u00e0 vi forniremo biancheria bagno di diversi colori: per la piscina, il fitness, cos\u00ec come per la sauna e anche per la spiaggia.<\/p>\n<\/div><div class=\"block acf-sicula-teaser \"><div class=\"left\"><img fetchpriority=\"high\" decoding=\"async\" width=\"1200\" height=\"800\" src=\"https:\/\/villasicula-capo.com\/wp-content\/uploads\/2021\/01\/Villa-Sicula-41-1200x800.jpg\" class=\"attachment-medium size-medium\" alt=\"\" srcset=\"https:\/\/villasicula-capo.com\/wp-content\/uploads\/2021\/01\/Villa-Sicula-41-1200x800.jpg 1200w, https:\/\/villasicula-capo.com\/wp-content\/uploads\/2021\/01\/Villa-Sicula-41-1800x1200.jpg 1800w, https:\/\/villasicula-capo.com\/wp-content\/uploads\/2021\/01\/Villa-Sicula-41-600x400.jpg 600w, https:\/\/villasicula-capo.com\/wp-content\/uploads\/2021\/01\/Villa-Sicula-41.jpg 2048w\" sizes=\"(max-width: 1200px) 100vw, 1200px\" \/><\/div><div class=\"right\"><strong>Piscina<\/strong><span class=\"text\">Sia che vogliate nuotare le vostre vasche quotidiane o semplicemente rilassarvi, la piscina a sfioro, con una dimensione di 5 m x 12 m, concede un piacevole bagno godendo di una vista fantastica sul Mar Tirreno, come se foste sospesi tra cielo e mare. Godetevi un idromassaggio o il vostro allenamento con il sistema controcorrente. Grazie a uno speciale processo l&#8217;acqua \u00e8 solo leggermente clorata e quindi particolarmente delicata sulla pelle. In primavera e in autunno la piscina pu\u00f2 essere riscaldata. I servizi igienici e la doccia esterna, cos\u00ec come una cucina per rinfrescarsi nella cosiddetta &#8220;cappella&#8221;, sono a vostra disposizione.<\/span><\/div><\/div><div class=\"block acf-sicula-teaser \"><div class=\"left\"><img decoding=\"async\" width=\"1200\" height=\"800\" src=\"https:\/\/villasicula-capo.com\/wp-content\/uploads\/2021\/03\/Villa-Sicula-Bild-Fitnessraum-1200x800.jpg\" class=\"attachment-medium size-medium\" alt=\"\" srcset=\"https:\/\/villasicula-capo.com\/wp-content\/uploads\/2021\/03\/Villa-Sicula-Bild-Fitnessraum-1200x800.jpg 1200w, https:\/\/villasicula-capo.com\/wp-content\/uploads\/2021\/03\/Villa-Sicula-Bild-Fitnessraum-1800x1200.jpg 1800w, https:\/\/villasicula-capo.com\/wp-content\/uploads\/2021\/03\/Villa-Sicula-Bild-Fitnessraum-600x400.jpg 600w\" sizes=\"(max-width: 1200px) 100vw, 1200px\" \/><\/div><div class=\"right\"><strong>Sala fitness<\/strong><span class=\"text\">Se non volete fare a meno del vostro allenamento nemmeno in vacanza, a VILLA SICULA troverete tutto il necessario per la vostra forma fisica nella nostra palestra ben attrezzata. Vi allenerete in un ambiente ispirato al \u2018gymnasium\u2019 dell&#8217;antica Grecia, motivato dagli eroi e dagli atleti raffigurati sulle pareti. Accanto alla sala con le attrezzature per l&#8217;allenamento si trova un bagno con una grande doccia, WC e lavandino.<\/span><\/div><\/div><div class=\"block acf-sicula-teaser \"><div class=\"left\"><img decoding=\"async\" width=\"1200\" height=\"800\" src=\"https:\/\/villasicula-capo.com\/wp-content\/uploads\/2021\/01\/Ausstattung-3-1200x800.jpg\" class=\"attachment-medium size-medium\" alt=\"\" srcset=\"https:\/\/villasicula-capo.com\/wp-content\/uploads\/2021\/01\/Ausstattung-3-1200x800.jpg 1200w, https:\/\/villasicula-capo.com\/wp-content\/uploads\/2021\/01\/Ausstattung-3-1800x1200.jpg 1800w, https:\/\/villasicula-capo.com\/wp-content\/uploads\/2021\/01\/Ausstattung-3-600x400.jpg 600w, https:\/\/villasicula-capo.com\/wp-content\/uploads\/2021\/01\/Ausstattung-3.jpg 2048w\" sizes=\"(max-width: 1200px) 100vw, 1200px\" \/><\/div><div class=\"right\"><strong>Sauna<\/strong><span class=\"text\">Al piano terra della cosiddetta &#8220;cappella&#8221; vicino alla piscina, un edificio la cui facciata \u00e8 stata costruita nello stile tipico di una piccola chiesa siciliana, c&#8217;\u00e8 una sauna per 4 persone, una doccia e un bagno adatto ai disabili. Sia in inverno che in estate la sauna favorisce il rafforzamento del sistema cardiovascolare e il vostro benessere olistico.<\/span><\/div><\/div><div class=\"block acf-sicula-teaser \"><div class=\"left\"><img loading=\"lazy\" decoding=\"async\" width=\"1200\" height=\"800\" src=\"https:\/\/villasicula-capo.com\/wp-content\/uploads\/2021\/01\/Villa-Sicula-47-1200x800.jpg\" class=\"attachment-medium size-medium\" alt=\"\" srcset=\"https:\/\/villasicula-capo.com\/wp-content\/uploads\/2021\/01\/Villa-Sicula-47-1200x800.jpg 1200w, https:\/\/villasicula-capo.com\/wp-content\/uploads\/2021\/01\/Villa-Sicula-47-1800x1200.jpg 1800w, https:\/\/villasicula-capo.com\/wp-content\/uploads\/2021\/01\/Villa-Sicula-47-600x400.jpg 600w, https:\/\/villasicula-capo.com\/wp-content\/uploads\/2021\/01\/Villa-Sicula-47.jpg 2048w\" sizes=\"(max-width: 1200px) 100vw, 1200px\" \/><\/div><div class=\"right\"><strong>Tempio<\/strong><span class=\"text\">Il tempio con colonne di marmo e cupola di rame \u00e8 il luogo ideale per la musica (pianoforte elettrico, batteria e chitarra sono disponibili), la danza e il teatro cos\u00ec come lo yoga o la meditazione. Questo tempio romantico \u00e8 anche lo scenario perfetto per celebrazioni e matrimoni. L&#8217;arena \r\nPrese elettriche, Wi-Fi e illuminazione sono disponibili.\r\n<\/span><\/div><\/div><div class=\"block acf-sicula-teaser \"><div class=\"left\"><img loading=\"lazy\" decoding=\"async\" width=\"1200\" height=\"800\" src=\"https:\/\/villasicula-capo.com\/wp-content\/uploads\/2021\/01\/Hochzeit-Villa-Sicula-20-1-1200x800.jpg\" class=\"attachment-medium size-medium\" alt=\"\" srcset=\"https:\/\/villasicula-capo.com\/wp-content\/uploads\/2021\/01\/Hochzeit-Villa-Sicula-20-1-1200x800.jpg 1200w, https:\/\/villasicula-capo.com\/wp-content\/uploads\/2021\/01\/Hochzeit-Villa-Sicula-20-1-1800x1200.jpg 1800w, https:\/\/villasicula-capo.com\/wp-content\/uploads\/2021\/01\/Hochzeit-Villa-Sicula-20-1-600x400.jpg 600w, https:\/\/villasicula-capo.com\/wp-content\/uploads\/2021\/01\/Hochzeit-Villa-Sicula-20-1.jpg 2048w\" sizes=\"(max-width: 1200px) 100vw, 1200px\" \/><\/div><div class=\"right\"><strong>Parco Pitr\u00e8<\/strong><span class=\"text\">Il giardino &#8220;Parco Pitr\u00e8&#8221; prende il nome dal medico siciliano, folclorista e collezionista di fiabe Giuseppe Pitr\u00e8. Qui si pu\u00f2 passeggiare sul morbido prato verde o sedersi all&#8217;ombra di un ulivo, sulla panchina dell\u2019aiuola a forma di mezzaluna, con vista sul promontorio, il porto e le isole all&#8217;orizzonte. Prese elettriche e Wi-Fi sono disponibili.<\/span><\/div><\/div><div class=\"block acf-sicula-teaser \"><div class=\"left\"><img loading=\"lazy\" decoding=\"async\" width=\"1200\" height=\"800\" src=\"https:\/\/villasicula-capo.com\/wp-content\/uploads\/2020\/12\/dummy-gallery-3-1200x800.jpg\" class=\"attachment-medium size-medium\" alt=\"\" srcset=\"https:\/\/villasicula-capo.com\/wp-content\/uploads\/2020\/12\/dummy-gallery-3-1200x800.jpg 1200w, https:\/\/villasicula-capo.com\/wp-content\/uploads\/2020\/12\/dummy-gallery-3-1800x1200.jpg 1800w, https:\/\/villasicula-capo.com\/wp-content\/uploads\/2020\/12\/dummy-gallery-3-600x400.jpg 600w, https:\/\/villasicula-capo.com\/wp-content\/uploads\/2020\/12\/dummy-gallery-3.jpg 2048w\" sizes=\"(max-width: 1200px) 100vw, 1200px\" \/><\/div><div class=\"right\"><strong>Scacchi<\/strong><span class=\"text\">Con una vista cos\u00ec mozzafiato, il gioco degli scacchi \u00e8 ancora pi\u00f9 divertente, a patto di non farsi distrarre dalla vista. Avete gi\u00e0 imparato la &#8220;Difesa Siciliana&#8221;? In ogni caso qui avrete l&#8217;opportunit\u00e0 di provare questo metodo di gioco nel luogo in cui \u00e8 stato creato.<\/span><\/div><\/div><div class=\"block acf-sicula-teaser \"><div class=\"left\"><img loading=\"lazy\" decoding=\"async\" width=\"1197\" height=\"800\" src=\"https:\/\/villasicula-capo.com\/wp-content\/uploads\/2021\/01\/Titel-Ausstattung-1197x800.jpg\" class=\"attachment-medium size-medium\" alt=\"\" srcset=\"https:\/\/villasicula-capo.com\/wp-content\/uploads\/2021\/01\/Titel-Ausstattung-1197x800.jpg 1197w, https:\/\/villasicula-capo.com\/wp-content\/uploads\/2021\/01\/Titel-Ausstattung-598x400.jpg 598w, https:\/\/villasicula-capo.com\/wp-content\/uploads\/2021\/01\/Titel-Ausstattung.jpg 1460w\" sizes=\"(max-width: 1197px) 100vw, 1197px\" \/><\/div><div class=\"right\"><strong>Bocce<\/strong><span class=\"text\">Il \u201cgioco delle Bocce\u201d \u00e8 un gioco popolare in Italia, nonch\u00e8 la variante italiana alla Boule francese. Al mattino presto o nel tardo pomeriggio, quando il sole non \u00e8 cos\u00ec caldo, alcuni ospiti amano riunirsi per una partita, cercando di avvicinarsi il pi\u00f9 possibile al \u2018pallino\u2019 con precisione e buttando fuori pista l&#8217;avversario. In alternativa, questo campo \u00e8 anche ideale per una partita di badminton. L&#8217;attrezzatura \u00e8 disponibile.<\/span><\/div><\/div><div class=\"block acf-sicula-teaser \"><div class=\"left\"><img loading=\"lazy\" decoding=\"async\" width=\"1200\" height=\"800\" src=\"https:\/\/villasicula-capo.com\/wp-content\/uploads\/2021\/01\/Hochzeit-Villa-Sicula-2-2-1200x800.jpg\" class=\"attachment-medium size-medium\" alt=\"\" srcset=\"https:\/\/villasicula-capo.com\/wp-content\/uploads\/2021\/01\/Hochzeit-Villa-Sicula-2-2-1200x800.jpg 1200w, https:\/\/villasicula-capo.com\/wp-content\/uploads\/2021\/01\/Hochzeit-Villa-Sicula-2-2-1800x1198.jpg 1800w, https:\/\/villasicula-capo.com\/wp-content\/uploads\/2021\/01\/Hochzeit-Villa-Sicula-2-2-600x400.jpg 600w\" sizes=\"(max-width: 1200px) 100vw, 1200px\" \/><\/div><div class=\"right\"><strong>Grotta<\/strong><span class=\"text\">La grotta si trova sotto la grande terrazza al piano terra ed \u00e8 perfetta per le celebrazioni, ma anche come riparo dal sole e dalla pioggia. Nelle tre nicchie ci sono riferimenti alla storia e alla cultura della Sicilia: in quella centrale c&#8217;\u00e8 un mosaico che rappresenta Federico II, l&#8217;imperatore tedesco Staufer cresciuto alla corte di Palermo. Nelle altre due nicchie ci sono busti di Johann Wolfgang von Goethe e Karl Marx, ognuno con una citazione di questi due giganti intellettuali. Al centro della grotta si trova una fontana di marmo fatta a mano raffigurante la testa di Dioniso, il dio greco del vino. <\/span><\/div><\/div><div class=\"block acf-sicula-teaser \"><div class=\"left\"><img loading=\"lazy\" decoding=\"async\" width=\"1200\" height=\"800\" src=\"https:\/\/villasicula-capo.com\/wp-content\/uploads\/2021\/01\/Photovoltaik-1200x800.jpg\" class=\"attachment-medium size-medium\" alt=\"\" srcset=\"https:\/\/villasicula-capo.com\/wp-content\/uploads\/2021\/01\/Photovoltaik-1200x800.jpg 1200w, https:\/\/villasicula-capo.com\/wp-content\/uploads\/2021\/01\/Photovoltaik-1800x1200.jpg 1800w, https:\/\/villasicula-capo.com\/wp-content\/uploads\/2021\/01\/Photovoltaik-600x400.jpg 600w, https:\/\/villasicula-capo.com\/wp-content\/uploads\/2021\/01\/Photovoltaik.jpg 2048w\" sizes=\"(max-width: 1200px) 100vw, 1200px\" \/><\/div><div class=\"right\"><strong>Impianto fotovoltaico<\/strong><span class=\"text\">Nella parte inferiore della propriet\u00e0 abbiamo voluto installare un impianto fotovoltaico che alimentasse l\u2019aria condizionata degli edifici in estate e riscaldasse la piscina nei mesi pi\u00f9 freddi. L\u2019eco-sostenibilit\u00e0 ci sta molto a cuore. Per questo vogliamo anche noi contribuire alla preservazione della nostra pianeta in modo concreto.<\/span><\/div><\/div><div class=\"block core-paragraph \">\n<p><\/p>\n<\/div>","protected":false},"excerpt":{"rendered":"<p>Le vostre possibilit\u00e0 di svago a VILLA SICULA A VILLA SICULA troverete pace e relax, ma avrete anche la possibilit\u00e0 di svolgere diverse attivit\u00e0 e di organizzare la vostra vacanza da sogno secondo i vostri desideri. L&#8217;ampia zona giardino offre numerose zone relax al riparo dal sole, specialmente nel &#8220;Parco Pitr\u00e8&#8221;, che prende il nome [&hellip;]<\/p>\n","protected":false},"author":4,"featured_media":6534,"parent":0,"menu_order":0,"comment_status":"closed","ping_status":"closed","template":"","meta":{"_acf_changed":false,"footnotes":""},"class_list":["post-2469","page","type-page","status-publish","has-post-thumbnail","hentry"],"acf":[],"yoast_head":"<!-- This site is optimized with the Yoast SEO plugin v24.0 - https:\/\/yoast.com\/wordpress\/plugins\/seo\/ -->\n<title>Dotazioni | Villa Sicula<\/title>\n<meta name=\"description\" content=\"Vacanze Villa Sicula Sicilia: Una villa incomparabile con piscina privata, fitness, sauna, viste uniche e molto altro. Info qui.\" \/>\n<meta name=\"robots\" content=\"index, follow, max-snippet:-1, max-image-preview:large, max-video-preview:-1\" \/>\n<link rel=\"canonical\" href=\"https:\/\/villasicula-capo.com\/it\/dotazioni\/\" \/>\n<meta property=\"og:locale\" content=\"it_IT\" \/>\n<meta property=\"og:type\" content=\"article\" \/>\n<meta property=\"og:title\" content=\"Dotazioni | Villa Sicula\" \/>\n<meta property=\"og:description\" content=\"Vacanze Villa Sicula Sicilia: Una villa incomparabile con piscina privata, fitness, sauna, viste uniche e molto altro. Info qui.\" \/>\n<meta property=\"og:url\" content=\"https:\/\/villasicula-capo.com\/it\/dotazioni\/\" \/>\n<meta property=\"og:site_name\" content=\"Villa Sicula\" \/>\n<meta property=\"article:modified_time\" content=\"2021-06-18T09:42:13+00:00\" \/>\n<meta property=\"og:image\" content=\"https:\/\/villasicula-capo.com\/wp-content\/uploads\/2021\/01\/Titel-Ausstattung.jpg\" \/>\n\t<meta property=\"og:image:width\" content=\"1460\" \/>\n\t<meta property=\"og:image:height\" content=\"976\" \/>\n\t<meta property=\"og:image:type\" content=\"image\/jpeg\" \/>\n<meta name=\"twitter:card\" content=\"summary_large_image\" \/>\n<meta name=\"twitter:label1\" content=\"Tempo di lettura stimato\" \/>\n\t<meta name=\"twitter:data1\" content=\"1 minuto\" \/>\n<script type=\"application\/ld+json\" class=\"yoast-schema-graph\">{\"@context\":\"https:\/\/schema.org\",\"@graph\":[{\"@type\":\"WebPage\",\"@id\":\"https:\/\/villasicula-capo.com\/it\/dotazioni\/\",\"url\":\"https:\/\/villasicula-capo.com\/it\/dotazioni\/\",\"name\":\"Dotazioni | Villa Sicula\",\"isPartOf\":{\"@id\":\"https:\/\/villasicula-capo.com\/it\/#website\"},\"primaryImageOfPage\":{\"@id\":\"https:\/\/villasicula-capo.com\/it\/dotazioni\/#primaryimage\"},\"image\":{\"@id\":\"https:\/\/villasicula-capo.com\/it\/dotazioni\/#primaryimage\"},\"thumbnailUrl\":\"https:\/\/villasicula-capo.com\/wp-content\/uploads\/2022\/12\/Villa-neu.png\",\"datePublished\":\"2021-06-16T08:19:06+00:00\",\"dateModified\":\"2021-06-18T09:42:13+00:00\",\"description\":\"Vacanze Villa Sicula Sicilia: Una villa incomparabile con piscina privata, fitness, sauna, viste uniche e molto altro. Info qui.\",\"inLanguage\":\"it-IT\",\"potentialAction\":[{\"@type\":\"ReadAction\",\"target\":[\"https:\/\/villasicula-capo.com\/it\/dotazioni\/\"]}]},{\"@type\":\"ImageObject\",\"inLanguage\":\"it-IT\",\"@id\":\"https:\/\/villasicula-capo.com\/it\/dotazioni\/#primaryimage\",\"url\":\"https:\/\/villasicula-capo.com\/wp-content\/uploads\/2022\/12\/Villa-neu.png\",\"contentUrl\":\"https:\/\/villasicula-capo.com\/wp-content\/uploads\/2022\/12\/Villa-neu.png\",\"width\":2040,\"height\":912},{\"@type\":\"WebSite\",\"@id\":\"https:\/\/villasicula-capo.com\/it\/#website\",\"url\":\"https:\/\/villasicula-capo.com\/it\/\",\"name\":\"Villa Sicula\",\"description\":\"\",\"publisher\":{\"@id\":\"https:\/\/villasicula-capo.com\/it\/#organization\"},\"potentialAction\":[{\"@type\":\"SearchAction\",\"target\":{\"@type\":\"EntryPoint\",\"urlTemplate\":\"https:\/\/villasicula-capo.com\/it\/?s={search_term_string}\"},\"query-input\":{\"@type\":\"PropertyValueSpecification\",\"valueRequired\":true,\"valueName\":\"search_term_string\"}}],\"inLanguage\":\"it-IT\"},{\"@type\":\"Organization\",\"@id\":\"https:\/\/villasicula-capo.com\/it\/#organization\",\"name\":\"Villa Sicula\",\"url\":\"https:\/\/villasicula-capo.com\/it\/\",\"logo\":{\"@type\":\"ImageObject\",\"inLanguage\":\"it-IT\",\"@id\":\"https:\/\/villasicula-capo.com\/it\/#\/schema\/logo\/image\/\",\"url\":\"https:\/\/villasicula-capo.com\/wp-content\/uploads\/2023\/02\/cropped-Villa-Sicula-del-Capo_klein.png\",\"contentUrl\":\"https:\/\/villasicula-capo.com\/wp-content\/uploads\/2023\/02\/cropped-Villa-Sicula-del-Capo_klein.png\",\"width\":360,\"height\":225,\"caption\":\"Villa Sicula\"},\"image\":{\"@id\":\"https:\/\/villasicula-capo.com\/it\/#\/schema\/logo\/image\/\"}}]}<\/script>\n<!-- \/ Yoast SEO plugin. -->","yoast_head_json":{"title":"Dotazioni | Villa Sicula","description":"Vacanze Villa Sicula Sicilia: Una villa incomparabile con piscina privata, fitness, sauna, viste uniche e molto altro. Info qui.","robots":{"index":"index","follow":"follow","max-snippet":"max-snippet:-1","max-image-preview":"max-image-preview:large","max-video-preview":"max-video-preview:-1"},"canonical":"https:\/\/villasicula-capo.com\/it\/dotazioni\/","og_locale":"it_IT","og_type":"article","og_title":"Dotazioni | Villa Sicula","og_description":"Vacanze Villa Sicula Sicilia: Una villa incomparabile con piscina privata, fitness, sauna, viste uniche e molto altro. Info qui.","og_url":"https:\/\/villasicula-capo.com\/it\/dotazioni\/","og_site_name":"Villa Sicula","article_modified_time":"2021-06-18T09:42:13+00:00","og_image":[{"width":1460,"height":976,"url":"https:\/\/villasicula-capo.com\/wp-content\/uploads\/2021\/01\/Titel-Ausstattung.jpg","type":"image\/jpeg"}],"twitter_card":"summary_large_image","twitter_misc":{"Tempo di lettura stimato":"1 minuto"},"schema":{"@context":"https:\/\/schema.org","@graph":[{"@type":"WebPage","@id":"https:\/\/villasicula-capo.com\/it\/dotazioni\/","url":"https:\/\/villasicula-capo.com\/it\/dotazioni\/","name":"Dotazioni | Villa Sicula","isPartOf":{"@id":"https:\/\/villasicula-capo.com\/it\/#website"},"primaryImageOfPage":{"@id":"https:\/\/villasicula-capo.com\/it\/dotazioni\/#primaryimage"},"image":{"@id":"https:\/\/villasicula-capo.com\/it\/dotazioni\/#primaryimage"},"thumbnailUrl":"https:\/\/villasicula-capo.com\/wp-content\/uploads\/2022\/12\/Villa-neu.png","datePublished":"2021-06-16T08:19:06+00:00","dateModified":"2021-06-18T09:42:13+00:00","description":"Vacanze Villa Sicula Sicilia: Una villa incomparabile con piscina privata, fitness, sauna, viste uniche e molto altro. Info qui.","inLanguage":"it-IT","potentialAction":[{"@type":"ReadAction","target":["https:\/\/villasicula-capo.com\/it\/dotazioni\/"]}]},{"@type":"ImageObject","inLanguage":"it-IT","@id":"https:\/\/villasicula-capo.com\/it\/dotazioni\/#primaryimage","url":"https:\/\/villasicula-capo.com\/wp-content\/uploads\/2022\/12\/Villa-neu.png","contentUrl":"https:\/\/villasicula-capo.com\/wp-content\/uploads\/2022\/12\/Villa-neu.png","width":2040,"height":912},{"@type":"WebSite","@id":"https:\/\/villasicula-capo.com\/it\/#website","url":"https:\/\/villasicula-capo.com\/it\/","name":"Villa Sicula","description":"","publisher":{"@id":"https:\/\/villasicula-capo.com\/it\/#organization"},"potentialAction":[{"@type":"SearchAction","target":{"@type":"EntryPoint","urlTemplate":"https:\/\/villasicula-capo.com\/it\/?s={search_term_string}"},"query-input":{"@type":"PropertyValueSpecification","valueRequired":true,"valueName":"search_term_string"}}],"inLanguage":"it-IT"},{"@type":"Organization","@id":"https:\/\/villasicula-capo.com\/it\/#organization","name":"Villa Sicula","url":"https:\/\/villasicula-capo.com\/it\/","logo":{"@type":"ImageObject","inLanguage":"it-IT","@id":"https:\/\/villasicula-capo.com\/it\/#\/schema\/logo\/image\/","url":"https:\/\/villasicula-capo.com\/wp-content\/uploads\/2023\/02\/cropped-Villa-Sicula-del-Capo_klein.png","contentUrl":"https:\/\/villasicula-capo.com\/wp-content\/uploads\/2023\/02\/cropped-Villa-Sicula-del-Capo_klein.png","width":360,"height":225,"caption":"Villa Sicula"},"image":{"@id":"https:\/\/villasicula-capo.com\/it\/#\/schema\/logo\/image\/"}}]}},"_links":{"self":[{"href":"https:\/\/villasicula-capo.com\/it\/wp-json\/wp\/v2\/pages\/2469","targetHints":{"allow":["GET"]}}],"collection":[{"href":"https:\/\/villasicula-capo.com\/it\/wp-json\/wp\/v2\/pages"}],"about":[{"href":"https:\/\/villasicula-capo.com\/it\/wp-json\/wp\/v2\/types\/page"}],"author":[{"embeddable":true,"href":"https:\/\/villasicula-capo.com\/it\/wp-json\/wp\/v2\/users\/4"}],"replies":[{"embeddable":true,"href":"https:\/\/villasicula-capo.com\/it\/wp-json\/wp\/v2\/comments?post=2469"}],"version-history":[{"count":0,"href":"https:\/\/villasicula-capo.com\/it\/wp-json\/wp\/v2\/pages\/2469\/revisions"}],"wp:featuredmedia":[{"embeddable":true,"href":"https:\/\/villasicula-capo.com\/it\/wp-json\/wp\/v2\/media\/6534"}],"wp:attachment":[{"href":"https:\/\/villasicula-capo.com\/it\/wp-json\/wp\/v2\/media?parent=2469"}],"curies":[{"name":"wp","href":"https:\/\/api.w.org\/{rel}","templated":true}]}}