{"id":1850,"date":"2021-06-16T10:21:10","date_gmt":"2021-06-16T08:21:10","guid":{"rendered":"https:\/\/villasicula-capo.com\/?page_id=1850"},"modified":"2021-06-16T10:21:10","modified_gmt":"2021-06-16T08:21:10","slug":"le-isole-eolie","status":"publish","type":"page","link":"https:\/\/villasicula-capo.com\/it\/le-isole-eolie\/","title":{"rendered":"Le Isole Eolie"},"content":{"rendered":"<div class=\"block core-paragraph \">\n<p>Le Isole Eolie, chiamate anche Isole Lipari, si possono nitidamente ammirare da VILLA SICULA al largo della costa nord della Sicilia nel Mar Tirreno. Questo gruppo di isole \u00e8 composto da sette isole abitate con una dimensione totale di 115,4 kmq e appartiene alla regione Sicilia. Le isole sono di origine vulcanica e sono state dichiarate patrimonio mondiale dell&#8217;UNESCO nel 2000. L&#8217;isola pi\u00f9 grande \u00e8 Lipari con 37,5 kmq. Seguono Salina, Vulcano, Stromboli, Filicudi e Alcudi e l&#8217;isola pi\u00f9 piccola Panarea con 3,4 km\u00b2. Ci sono ancora piccoli isolotti disabitati e scogliere rocciose, come Strombolicchio vicino a Stromboli.<\/p>\n<\/div><div class=\"block core-gallery \">\n<figure class=\"wp-block-gallery columns-3 is-cropped wp-block-gallery-1 is-layout-flex wp-block-gallery-is-layout-flex\"><ul class=\"blocks-gallery-grid\"><li class=\"blocks-gallery-item\"><figure><a href=\"https:\/\/villasicula-capo.com\/wp-content\/uploads\/2021\/01\/Hochzeit-Villa-Sicula-17-1.jpg\"><img fetchpriority=\"high\" decoding=\"async\" width=\"1800\" height=\"1200\" src=\"https:\/\/villasicula-capo.com\/wp-content\/uploads\/2021\/01\/Hochzeit-Villa-Sicula-17-1-1800x1200.jpg\" alt=\"\" data-id=\"257\" data-full-url=\"https:\/\/villasicula-capo.com\/wp-content\/uploads\/2021\/01\/Hochzeit-Villa-Sicula-17-1.jpg\" data-link=\"https:\/\/villasicula-capo.com\/hochzeiten\/attachment\/hochzeit-villa-sicula-17-2\/\" class=\"wp-image-257\" srcset=\"https:\/\/villasicula-capo.com\/wp-content\/uploads\/2021\/01\/Hochzeit-Villa-Sicula-17-1-1800x1200.jpg 1800w, https:\/\/villasicula-capo.com\/wp-content\/uploads\/2021\/01\/Hochzeit-Villa-Sicula-17-1-1200x800.jpg 1200w, https:\/\/villasicula-capo.com\/wp-content\/uploads\/2021\/01\/Hochzeit-Villa-Sicula-17-1-600x400.jpg 600w, https:\/\/villasicula-capo.com\/wp-content\/uploads\/2021\/01\/Hochzeit-Villa-Sicula-17-1.jpg 2048w\" sizes=\"(max-width: 1800px) 100vw, 1800px\" \/><\/a><figcaption class=\"blocks-gallery-item__caption\">Ausblick auf die \u00c4olischen Inseln<\/figcaption><\/figure><\/li><li class=\"blocks-gallery-item\"><figure><a href=\"https:\/\/villasicula-capo.com\/wp-content\/uploads\/2021\/01\/Lipari.jpg\"><img decoding=\"async\" width=\"1800\" height=\"1200\" src=\"https:\/\/villasicula-capo.com\/wp-content\/uploads\/2021\/01\/Lipari-1800x1200.jpg\" alt=\"\" data-id=\"533\" data-full-url=\"https:\/\/villasicula-capo.com\/wp-content\/uploads\/2021\/01\/Lipari.jpg\" data-link=\"https:\/\/villasicula-capo.com\/?attachment_id=533\" class=\"wp-image-533\" srcset=\"https:\/\/villasicula-capo.com\/wp-content\/uploads\/2021\/01\/Lipari-1800x1200.jpg 1800w, https:\/\/villasicula-capo.com\/wp-content\/uploads\/2021\/01\/Lipari-1200x800.jpg 1200w, https:\/\/villasicula-capo.com\/wp-content\/uploads\/2021\/01\/Lipari-600x400.jpg 600w\" sizes=\"(max-width: 1800px) 100vw, 1800px\" \/><\/a><figcaption class=\"blocks-gallery-item__caption\">Lipari<\/figcaption><\/figure><\/li><li class=\"blocks-gallery-item\"><figure><a href=\"https:\/\/villasicula-capo.com\/wp-content\/uploads\/2021\/01\/Stromboli-Vulkan.jpg\"><img decoding=\"async\" width=\"1800\" height=\"1200\" src=\"https:\/\/villasicula-capo.com\/wp-content\/uploads\/2021\/01\/Stromboli-Vulkan-1800x1200.jpg\" alt=\"\" data-id=\"534\" data-full-url=\"https:\/\/villasicula-capo.com\/wp-content\/uploads\/2021\/01\/Stromboli-Vulkan.jpg\" data-link=\"https:\/\/villasicula-capo.com\/?attachment_id=534\" class=\"wp-image-534\" srcset=\"https:\/\/villasicula-capo.com\/wp-content\/uploads\/2021\/01\/Stromboli-Vulkan-1800x1200.jpg 1800w, https:\/\/villasicula-capo.com\/wp-content\/uploads\/2021\/01\/Stromboli-Vulkan-1200x800.jpg 1200w, https:\/\/villasicula-capo.com\/wp-content\/uploads\/2021\/01\/Stromboli-Vulkan-600x400.jpg 600w\" sizes=\"(max-width: 1800px) 100vw, 1800px\" \/><\/a><figcaption class=\"blocks-gallery-item__caption\">Vulkan Stromboli<\/figcaption><\/figure><\/li><li class=\"blocks-gallery-item\"><figure><a href=\"https:\/\/villasicula-capo.com\/wp-content\/uploads\/2021\/01\/Stromboli.jpg\"><img loading=\"lazy\" decoding=\"async\" width=\"1800\" height=\"1200\" src=\"https:\/\/villasicula-capo.com\/wp-content\/uploads\/2021\/01\/Stromboli-1800x1200.jpg\" alt=\"\" data-id=\"535\" data-full-url=\"https:\/\/villasicula-capo.com\/wp-content\/uploads\/2021\/01\/Stromboli.jpg\" data-link=\"https:\/\/villasicula-capo.com\/?attachment_id=535\" class=\"wp-image-535\" srcset=\"https:\/\/villasicula-capo.com\/wp-content\/uploads\/2021\/01\/Stromboli-1800x1200.jpg 1800w, https:\/\/villasicula-capo.com\/wp-content\/uploads\/2021\/01\/Stromboli-1200x800.jpg 1200w, https:\/\/villasicula-capo.com\/wp-content\/uploads\/2021\/01\/Stromboli-600x400.jpg 600w\" sizes=\"(max-width: 1800px) 100vw, 1800px\" \/><\/a><figcaption class=\"blocks-gallery-item__caption\">Stromboli<\/figcaption><\/figure><\/li><li class=\"blocks-gallery-item\"><figure><a href=\"https:\/\/villasicula-capo.com\/wp-content\/uploads\/2021\/01\/Strombolicchio.jpg\"><img loading=\"lazy\" decoding=\"async\" width=\"1800\" height=\"1200\" src=\"https:\/\/villasicula-capo.com\/wp-content\/uploads\/2021\/01\/Strombolicchio-1800x1200.jpg\" alt=\"\" data-id=\"536\" data-full-url=\"https:\/\/villasicula-capo.com\/wp-content\/uploads\/2021\/01\/Strombolicchio.jpg\" data-link=\"https:\/\/villasicula-capo.com\/?attachment_id=536\" class=\"wp-image-536\" srcset=\"https:\/\/villasicula-capo.com\/wp-content\/uploads\/2021\/01\/Strombolicchio-1800x1200.jpg 1800w, https:\/\/villasicula-capo.com\/wp-content\/uploads\/2021\/01\/Strombolicchio-1200x800.jpg 1200w, https:\/\/villasicula-capo.com\/wp-content\/uploads\/2021\/01\/Strombolicchio-600x400.jpg 600w\" sizes=\"(max-width: 1800px) 100vw, 1800px\" \/><\/a><figcaption class=\"blocks-gallery-item__caption\">Strombolicchio<\/figcaption><\/figure><\/li><li class=\"blocks-gallery-item\"><figure><a href=\"https:\/\/villasicula-capo.com\/wp-content\/uploads\/2021\/01\/Villa-Sicula-23.jpg\"><img loading=\"lazy\" decoding=\"async\" width=\"1800\" height=\"1200\" src=\"https:\/\/villasicula-capo.com\/wp-content\/uploads\/2021\/01\/Villa-Sicula-23-1800x1200.jpg\" alt=\"\" data-id=\"355\" data-full-url=\"https:\/\/villasicula-capo.com\/wp-content\/uploads\/2021\/01\/Villa-Sicula-23.jpg\" data-link=\"https:\/\/villasicula-capo.com\/galerie\/attachment\/villa-sicula-23\/\" class=\"wp-image-355\" srcset=\"https:\/\/villasicula-capo.com\/wp-content\/uploads\/2021\/01\/Villa-Sicula-23-1800x1200.jpg 1800w, https:\/\/villasicula-capo.com\/wp-content\/uploads\/2021\/01\/Villa-Sicula-23-1200x800.jpg 1200w, https:\/\/villasicula-capo.com\/wp-content\/uploads\/2021\/01\/Villa-Sicula-23-600x400.jpg 600w, https:\/\/villasicula-capo.com\/wp-content\/uploads\/2021\/01\/Villa-Sicula-23.jpg 2048w\" sizes=\"(max-width: 1800px) 100vw, 1800px\" \/><\/a><figcaption class=\"blocks-gallery-item__caption\">Ausblick auf die \u00c4olischen Inseln<\/figcaption><\/figure><\/li><\/ul><\/figure>\n<\/div>","protected":false},"excerpt":{"rendered":"<p>Le Isole Eolie, chiamate anche Isole Lipari, si possono nitidamente ammirare da VILLA SICULA al largo della costa nord della Sicilia nel Mar Tirreno. Questo gruppo di isole \u00e8 composto da sette isole abitate con una dimensione totale di 115,4 kmq e appartiene alla regione Sicilia. Le isole sono di origine vulcanica e sono state [&hellip;]<\/p>\n","protected":false},"author":4,"featured_media":2198,"parent":0,"menu_order":0,"comment_status":"closed","ping_status":"closed","template":"","meta":{"_acf_changed":false,"footnotes":""},"class_list":["post-1850","page","type-page","status-publish","has-post-thumbnail","hentry"],"acf":[],"yoast_head":"<!-- This site is optimized with the Yoast SEO plugin v24.0 - https:\/\/yoast.com\/wordpress\/plugins\/seo\/ -->\n<title>Le Isole Eolie | Villa Sicula<\/title>\n<meta name=\"description\" content=\"Prenota Villa Sicula Sicilia: Una villa incomparabile con piscina privata e una vista unica sulle isole Eolie. Info QUI!\" \/>\n<meta name=\"robots\" content=\"index, follow, max-snippet:-1, max-image-preview:large, max-video-preview:-1\" \/>\n<link rel=\"canonical\" href=\"https:\/\/villasicula-capo.com\/it\/le-isole-eolie\/\" \/>\n<meta property=\"og:locale\" content=\"it_IT\" \/>\n<meta property=\"og:type\" content=\"article\" \/>\n<meta property=\"og:title\" content=\"Le Isole Eolie | Villa Sicula\" \/>\n<meta property=\"og:description\" content=\"Prenota Villa Sicula Sicilia: Una villa incomparabile con piscina privata e una vista unica sulle isole Eolie. Info QUI!\" \/>\n<meta property=\"og:url\" content=\"https:\/\/villasicula-capo.com\/it\/le-isole-eolie\/\" \/>\n<meta property=\"og:site_name\" content=\"Villa Sicula\" \/>\n<meta property=\"og:image\" content=\"https:\/\/villasicula-capo.com\/wp-content\/uploads\/2021\/01\/Liparische-Inseln.jpg\" \/>\n\t<meta property=\"og:image:width\" content=\"4000\" \/>\n\t<meta property=\"og:image:height\" content=\"2667\" \/>\n\t<meta property=\"og:image:type\" content=\"image\/jpeg\" \/>\n<meta name=\"twitter:card\" content=\"summary_large_image\" \/>\n<meta name=\"twitter:label1\" content=\"Tempo di lettura stimato\" \/>\n\t<meta name=\"twitter:data1\" content=\"2 minuti\" \/>\n<script type=\"application\/ld+json\" class=\"yoast-schema-graph\">{\"@context\":\"https:\/\/schema.org\",\"@graph\":[{\"@type\":\"WebPage\",\"@id\":\"https:\/\/villasicula-capo.com\/it\/le-isole-eolie\/\",\"url\":\"https:\/\/villasicula-capo.com\/it\/le-isole-eolie\/\",\"name\":\"Le Isole Eolie | Villa Sicula\",\"isPartOf\":{\"@id\":\"https:\/\/villasicula-capo.com\/it\/#website\"},\"primaryImageOfPage\":{\"@id\":\"https:\/\/villasicula-capo.com\/it\/le-isole-eolie\/#primaryimage\"},\"image\":{\"@id\":\"https:\/\/villasicula-capo.com\/it\/le-isole-eolie\/#primaryimage\"},\"thumbnailUrl\":\"https:\/\/villasicula-capo.com\/wp-content\/uploads\/2021\/01\/Liparische-Inseln.jpg\",\"datePublished\":\"2021-06-16T08:21:10+00:00\",\"dateModified\":\"2021-06-16T08:21:10+00:00\",\"description\":\"Prenota Villa Sicula Sicilia: Una villa incomparabile con piscina privata e una vista unica sulle isole Eolie. Info QUI!\",\"inLanguage\":\"it-IT\",\"potentialAction\":[{\"@type\":\"ReadAction\",\"target\":[\"https:\/\/villasicula-capo.com\/it\/le-isole-eolie\/\"]}]},{\"@type\":\"ImageObject\",\"inLanguage\":\"it-IT\",\"@id\":\"https:\/\/villasicula-capo.com\/it\/le-isole-eolie\/#primaryimage\",\"url\":\"https:\/\/villasicula-capo.com\/wp-content\/uploads\/2021\/01\/Liparische-Inseln.jpg\",\"contentUrl\":\"https:\/\/villasicula-capo.com\/wp-content\/uploads\/2021\/01\/Liparische-Inseln.jpg\",\"width\":4000,\"height\":2667,\"caption\":\"An image of the active volcano islands at Lipari Italy\"},{\"@type\":\"WebSite\",\"@id\":\"https:\/\/villasicula-capo.com\/it\/#website\",\"url\":\"https:\/\/villasicula-capo.com\/it\/\",\"name\":\"Villa Sicula\",\"description\":\"\",\"publisher\":{\"@id\":\"https:\/\/villasicula-capo.com\/it\/#organization\"},\"potentialAction\":[{\"@type\":\"SearchAction\",\"target\":{\"@type\":\"EntryPoint\",\"urlTemplate\":\"https:\/\/villasicula-capo.com\/it\/?s={search_term_string}\"},\"query-input\":{\"@type\":\"PropertyValueSpecification\",\"valueRequired\":true,\"valueName\":\"search_term_string\"}}],\"inLanguage\":\"it-IT\"},{\"@type\":\"Organization\",\"@id\":\"https:\/\/villasicula-capo.com\/it\/#organization\",\"name\":\"Villa Sicula\",\"url\":\"https:\/\/villasicula-capo.com\/it\/\",\"logo\":{\"@type\":\"ImageObject\",\"inLanguage\":\"it-IT\",\"@id\":\"https:\/\/villasicula-capo.com\/it\/#\/schema\/logo\/image\/\",\"url\":\"https:\/\/villasicula-capo.com\/wp-content\/uploads\/2023\/02\/cropped-Villa-Sicula-del-Capo_klein.png\",\"contentUrl\":\"https:\/\/villasicula-capo.com\/wp-content\/uploads\/2023\/02\/cropped-Villa-Sicula-del-Capo_klein.png\",\"width\":360,\"height\":225,\"caption\":\"Villa Sicula\"},\"image\":{\"@id\":\"https:\/\/villasicula-capo.com\/it\/#\/schema\/logo\/image\/\"}}]}<\/script>\n<!-- \/ Yoast SEO plugin. -->","yoast_head_json":{"title":"Le Isole Eolie | Villa Sicula","description":"Prenota Villa Sicula Sicilia: Una villa incomparabile con piscina privata e una vista unica sulle isole Eolie. Info QUI!","robots":{"index":"index","follow":"follow","max-snippet":"max-snippet:-1","max-image-preview":"max-image-preview:large","max-video-preview":"max-video-preview:-1"},"canonical":"https:\/\/villasicula-capo.com\/it\/le-isole-eolie\/","og_locale":"it_IT","og_type":"article","og_title":"Le Isole Eolie | Villa Sicula","og_description":"Prenota Villa Sicula Sicilia: Una villa incomparabile con piscina privata e una vista unica sulle isole Eolie. Info QUI!","og_url":"https:\/\/villasicula-capo.com\/it\/le-isole-eolie\/","og_site_name":"Villa Sicula","og_image":[{"width":4000,"height":2667,"url":"https:\/\/villasicula-capo.com\/wp-content\/uploads\/2021\/01\/Liparische-Inseln.jpg","type":"image\/jpeg"}],"twitter_card":"summary_large_image","twitter_misc":{"Tempo di lettura stimato":"2 minuti"},"schema":{"@context":"https:\/\/schema.org","@graph":[{"@type":"WebPage","@id":"https:\/\/villasicula-capo.com\/it\/le-isole-eolie\/","url":"https:\/\/villasicula-capo.com\/it\/le-isole-eolie\/","name":"Le Isole Eolie | Villa Sicula","isPartOf":{"@id":"https:\/\/villasicula-capo.com\/it\/#website"},"primaryImageOfPage":{"@id":"https:\/\/villasicula-capo.com\/it\/le-isole-eolie\/#primaryimage"},"image":{"@id":"https:\/\/villasicula-capo.com\/it\/le-isole-eolie\/#primaryimage"},"thumbnailUrl":"https:\/\/villasicula-capo.com\/wp-content\/uploads\/2021\/01\/Liparische-Inseln.jpg","datePublished":"2021-06-16T08:21:10+00:00","dateModified":"2021-06-16T08:21:10+00:00","description":"Prenota Villa Sicula Sicilia: Una villa incomparabile con piscina privata e una vista unica sulle isole Eolie. Info QUI!","inLanguage":"it-IT","potentialAction":[{"@type":"ReadAction","target":["https:\/\/villasicula-capo.com\/it\/le-isole-eolie\/"]}]},{"@type":"ImageObject","inLanguage":"it-IT","@id":"https:\/\/villasicula-capo.com\/it\/le-isole-eolie\/#primaryimage","url":"https:\/\/villasicula-capo.com\/wp-content\/uploads\/2021\/01\/Liparische-Inseln.jpg","contentUrl":"https:\/\/villasicula-capo.com\/wp-content\/uploads\/2021\/01\/Liparische-Inseln.jpg","width":4000,"height":2667,"caption":"An image of the active volcano islands at Lipari Italy"},{"@type":"WebSite","@id":"https:\/\/villasicula-capo.com\/it\/#website","url":"https:\/\/villasicula-capo.com\/it\/","name":"Villa Sicula","description":"","publisher":{"@id":"https:\/\/villasicula-capo.com\/it\/#organization"},"potentialAction":[{"@type":"SearchAction","target":{"@type":"EntryPoint","urlTemplate":"https:\/\/villasicula-capo.com\/it\/?s={search_term_string}"},"query-input":{"@type":"PropertyValueSpecification","valueRequired":true,"valueName":"search_term_string"}}],"inLanguage":"it-IT"},{"@type":"Organization","@id":"https:\/\/villasicula-capo.com\/it\/#organization","name":"Villa Sicula","url":"https:\/\/villasicula-capo.com\/it\/","logo":{"@type":"ImageObject","inLanguage":"it-IT","@id":"https:\/\/villasicula-capo.com\/it\/#\/schema\/logo\/image\/","url":"https:\/\/villasicula-capo.com\/wp-content\/uploads\/2023\/02\/cropped-Villa-Sicula-del-Capo_klein.png","contentUrl":"https:\/\/villasicula-capo.com\/wp-content\/uploads\/2023\/02\/cropped-Villa-Sicula-del-Capo_klein.png","width":360,"height":225,"caption":"Villa Sicula"},"image":{"@id":"https:\/\/villasicula-capo.com\/it\/#\/schema\/logo\/image\/"}}]}},"_links":{"self":[{"href":"https:\/\/villasicula-capo.com\/it\/wp-json\/wp\/v2\/pages\/1850","targetHints":{"allow":["GET"]}}],"collection":[{"href":"https:\/\/villasicula-capo.com\/it\/wp-json\/wp\/v2\/pages"}],"about":[{"href":"https:\/\/villasicula-capo.com\/it\/wp-json\/wp\/v2\/types\/page"}],"author":[{"embeddable":true,"href":"https:\/\/villasicula-capo.com\/it\/wp-json\/wp\/v2\/users\/4"}],"replies":[{"embeddable":true,"href":"https:\/\/villasicula-capo.com\/it\/wp-json\/wp\/v2\/comments?post=1850"}],"version-history":[{"count":0,"href":"https:\/\/villasicula-capo.com\/it\/wp-json\/wp\/v2\/pages\/1850\/revisions"}],"wp:featuredmedia":[{"embeddable":true,"href":"https:\/\/villasicula-capo.com\/it\/wp-json\/wp\/v2\/media\/2198"}],"wp:attachment":[{"href":"https:\/\/villasicula-capo.com\/it\/wp-json\/wp\/v2\/media?parent=1850"}],"curies":[{"name":"wp","href":"https:\/\/api.w.org\/{rel}","templated":true}]}}