{"id":2600,"date":"2021-06-18T12:13:29","date_gmt":"2021-06-18T10:13:29","guid":{"rendered":"https:\/\/villasicula-capo.com\/?page_id=2600"},"modified":"2021-06-18T12:13:29","modified_gmt":"2021-06-18T10:13:29","slug":"trinacria","status":"publish","type":"page","link":"https:\/\/villasicula-capo.com\/fr\/trinacria\/","title":{"rendered":"Trinacria"},"content":{"rendered":"<div class=\"block core-paragraph \">\n<p>La trinacria (\u00ab\u00a0du grec ancien triskel\u00eas, signifiant \u00e0 trois jambes\u00a0\u00bb) est l&rsquo;image d&rsquo;un trisk\u00e8le avec une t\u00eate au centre. Le trisk\u00e8le forme un triangle \u00e9quilat\u00e9ral \u00e0 trois branches, comme illustr\u00e9 ici. Les trisk\u00e8les sont pr\u00e9sents dans de nombreuses cultures du monde entier et sont consid\u00e9r\u00e9s comme un symbole du soleil ou du chemin de la vie. Trinacria est un nom ancien de l&rsquo;\u00eele \u00ab\u00a0triangulaire\u00a0\u00bb de la Sicile et est maintenant le symbole du drapeau sicilien. La poterie illustr\u00e9e ici repr\u00e9sente une premi\u00e8re version de ce symbole. On peut y voir une t\u00eate de M\u00e9duse avec des cheveux de serpent, qui vient de la mythologie grecque. Des versions ult\u00e9rieures montrent la t\u00eate de C\u00e9r\u00e8s, la d\u00e9esse romaine de l&rsquo;agriculture, entour\u00e9e d&rsquo;\u00e9pis de bl\u00e9 : les \u00e9pis de bl\u00e9 symbolisant la fertilit\u00e9, les ailes sont cens\u00e9es rappeler Herm\u00e8s, le messager des dieux. Aujourd&rsquo;hui encore, son symbole typique se retrouve partout sur l&rsquo;\u00eele \u00ab\u00a0triangulaire\u00a0\u00bb : la trinacria.<\/p>\n<\/div>","protected":false},"excerpt":{"rendered":"<p>La trinacria (\u00ab\u00a0du grec ancien triskel\u00eas, signifiant \u00e0 trois jambes\u00a0\u00bb) est l&rsquo;image d&rsquo;un trisk\u00e8le avec une t\u00eate au centre. Le trisk\u00e8le forme un triangle \u00e9quilat\u00e9ral \u00e0 trois branches, comme illustr\u00e9 ici. Les trisk\u00e8les sont pr\u00e9sents dans de nombreuses cultures du monde entier et sont consid\u00e9r\u00e9s comme un symbole du soleil ou du chemin de la [&hellip;]<\/p>\n","protected":false},"author":4,"featured_media":2415,"parent":0,"menu_order":0,"comment_status":"closed","ping_status":"closed","template":"","meta":{"_acf_changed":false,"footnotes":""},"class_list":["post-2600","page","type-page","status-publish","has-post-thumbnail","hentry"],"acf":[],"yoast_head":"<!-- This site is optimized with the Yoast SEO plugin v24.0 - https:\/\/yoast.com\/wordpress\/plugins\/seo\/ -->\n<title>Trinacria | Villa Sicula<\/title>\n<meta name=\"description\" content=\"La Trinacria, symbole de la Sicile : d\u00e9couvrez la Sicile et l&#039;\u00e9poustouflante Villa Sicula avec piscine priv\u00e9e et vue sur la mer.ICI !\" \/>\n<meta name=\"robots\" content=\"index, follow, max-snippet:-1, max-image-preview:large, max-video-preview:-1\" \/>\n<link rel=\"canonical\" href=\"https:\/\/villasicula-capo.com\/fr\/trinacria\/\" \/>\n<meta property=\"og:locale\" content=\"fr_FR\" \/>\n<meta property=\"og:type\" content=\"article\" \/>\n<meta property=\"og:title\" content=\"Trinacria | Villa Sicula\" \/>\n<meta property=\"og:description\" content=\"La Trinacria, symbole de la Sicile : d\u00e9couvrez la Sicile et l&#039;\u00e9poustouflante Villa Sicula avec piscine priv\u00e9e et vue sur la mer.ICI !\" \/>\n<meta property=\"og:url\" content=\"https:\/\/villasicula-capo.com\/fr\/trinacria\/\" \/>\n<meta property=\"og:site_name\" content=\"Villa Sicula\" \/>\n<meta property=\"og:image\" content=\"https:\/\/villasicula-capo.com\/wp-content\/uploads\/2021\/02\/Bild-Triskele.jpg\" \/>\n\t<meta property=\"og:image:width\" content=\"1018\" \/>\n\t<meta property=\"og:image:height\" content=\"678\" \/>\n\t<meta property=\"og:image:type\" content=\"image\/jpeg\" \/>\n<meta name=\"twitter:card\" content=\"summary_large_image\" \/>\n<meta name=\"twitter:label1\" content=\"Dur\u00e9e de lecture estim\u00e9e\" \/>\n\t<meta name=\"twitter:data1\" content=\"1 minute\" \/>\n<script type=\"application\/ld+json\" class=\"yoast-schema-graph\">{\"@context\":\"https:\/\/schema.org\",\"@graph\":[{\"@type\":\"WebPage\",\"@id\":\"https:\/\/villasicula-capo.com\/fr\/trinacria\/\",\"url\":\"https:\/\/villasicula-capo.com\/fr\/trinacria\/\",\"name\":\"Trinacria | Villa Sicula\",\"isPartOf\":{\"@id\":\"https:\/\/villasicula-capo.com\/fr\/#website\"},\"primaryImageOfPage\":{\"@id\":\"https:\/\/villasicula-capo.com\/fr\/trinacria\/#primaryimage\"},\"image\":{\"@id\":\"https:\/\/villasicula-capo.com\/fr\/trinacria\/#primaryimage\"},\"thumbnailUrl\":\"https:\/\/villasicula-capo.com\/wp-content\/uploads\/2021\/02\/Bild-Triskele.jpg\",\"datePublished\":\"2021-06-18T10:13:29+00:00\",\"dateModified\":\"2021-06-18T10:13:29+00:00\",\"description\":\"La Trinacria, symbole de la Sicile : d\u00e9couvrez la Sicile et l'\u00e9poustouflante Villa Sicula avec piscine priv\u00e9e et vue sur la mer.ICI !\",\"inLanguage\":\"fr-FR\",\"potentialAction\":[{\"@type\":\"ReadAction\",\"target\":[\"https:\/\/villasicula-capo.com\/fr\/trinacria\/\"]}]},{\"@type\":\"ImageObject\",\"inLanguage\":\"fr-FR\",\"@id\":\"https:\/\/villasicula-capo.com\/fr\/trinacria\/#primaryimage\",\"url\":\"https:\/\/villasicula-capo.com\/wp-content\/uploads\/2021\/02\/Bild-Triskele.jpg\",\"contentUrl\":\"https:\/\/villasicula-capo.com\/wp-content\/uploads\/2021\/02\/Bild-Triskele.jpg\",\"width\":1018,\"height\":678},{\"@type\":\"WebSite\",\"@id\":\"https:\/\/villasicula-capo.com\/fr\/#website\",\"url\":\"https:\/\/villasicula-capo.com\/fr\/\",\"name\":\"Villa Sicula\",\"description\":\"\",\"publisher\":{\"@id\":\"https:\/\/villasicula-capo.com\/fr\/#organization\"},\"potentialAction\":[{\"@type\":\"SearchAction\",\"target\":{\"@type\":\"EntryPoint\",\"urlTemplate\":\"https:\/\/villasicula-capo.com\/fr\/?s={search_term_string}\"},\"query-input\":{\"@type\":\"PropertyValueSpecification\",\"valueRequired\":true,\"valueName\":\"search_term_string\"}}],\"inLanguage\":\"fr-FR\"},{\"@type\":\"Organization\",\"@id\":\"https:\/\/villasicula-capo.com\/fr\/#organization\",\"name\":\"Villa Sicula\",\"url\":\"https:\/\/villasicula-capo.com\/fr\/\",\"logo\":{\"@type\":\"ImageObject\",\"inLanguage\":\"fr-FR\",\"@id\":\"https:\/\/villasicula-capo.com\/fr\/#\/schema\/logo\/image\/\",\"url\":\"https:\/\/villasicula-capo.com\/wp-content\/uploads\/2023\/02\/cropped-Villa-Sicula-del-Capo_klein.png\",\"contentUrl\":\"https:\/\/villasicula-capo.com\/wp-content\/uploads\/2023\/02\/cropped-Villa-Sicula-del-Capo_klein.png\",\"width\":360,\"height\":225,\"caption\":\"Villa Sicula\"},\"image\":{\"@id\":\"https:\/\/villasicula-capo.com\/fr\/#\/schema\/logo\/image\/\"}}]}<\/script>\n<!-- \/ Yoast SEO plugin. -->","yoast_head_json":{"title":"Trinacria | Villa Sicula","description":"La Trinacria, symbole de la Sicile : d\u00e9couvrez la Sicile et l'\u00e9poustouflante Villa Sicula avec piscine priv\u00e9e et vue sur la mer.ICI !","robots":{"index":"index","follow":"follow","max-snippet":"max-snippet:-1","max-image-preview":"max-image-preview:large","max-video-preview":"max-video-preview:-1"},"canonical":"https:\/\/villasicula-capo.com\/fr\/trinacria\/","og_locale":"fr_FR","og_type":"article","og_title":"Trinacria | Villa Sicula","og_description":"La Trinacria, symbole de la Sicile : d\u00e9couvrez la Sicile et l'\u00e9poustouflante Villa Sicula avec piscine priv\u00e9e et vue sur la mer.ICI !","og_url":"https:\/\/villasicula-capo.com\/fr\/trinacria\/","og_site_name":"Villa Sicula","og_image":[{"width":1018,"height":678,"url":"https:\/\/villasicula-capo.com\/wp-content\/uploads\/2021\/02\/Bild-Triskele.jpg","type":"image\/jpeg"}],"twitter_card":"summary_large_image","twitter_misc":{"Dur\u00e9e de lecture estim\u00e9e":"1 minute"},"schema":{"@context":"https:\/\/schema.org","@graph":[{"@type":"WebPage","@id":"https:\/\/villasicula-capo.com\/fr\/trinacria\/","url":"https:\/\/villasicula-capo.com\/fr\/trinacria\/","name":"Trinacria | Villa Sicula","isPartOf":{"@id":"https:\/\/villasicula-capo.com\/fr\/#website"},"primaryImageOfPage":{"@id":"https:\/\/villasicula-capo.com\/fr\/trinacria\/#primaryimage"},"image":{"@id":"https:\/\/villasicula-capo.com\/fr\/trinacria\/#primaryimage"},"thumbnailUrl":"https:\/\/villasicula-capo.com\/wp-content\/uploads\/2021\/02\/Bild-Triskele.jpg","datePublished":"2021-06-18T10:13:29+00:00","dateModified":"2021-06-18T10:13:29+00:00","description":"La Trinacria, symbole de la Sicile : d\u00e9couvrez la Sicile et l'\u00e9poustouflante Villa Sicula avec piscine priv\u00e9e et vue sur la mer.ICI !","inLanguage":"fr-FR","potentialAction":[{"@type":"ReadAction","target":["https:\/\/villasicula-capo.com\/fr\/trinacria\/"]}]},{"@type":"ImageObject","inLanguage":"fr-FR","@id":"https:\/\/villasicula-capo.com\/fr\/trinacria\/#primaryimage","url":"https:\/\/villasicula-capo.com\/wp-content\/uploads\/2021\/02\/Bild-Triskele.jpg","contentUrl":"https:\/\/villasicula-capo.com\/wp-content\/uploads\/2021\/02\/Bild-Triskele.jpg","width":1018,"height":678},{"@type":"WebSite","@id":"https:\/\/villasicula-capo.com\/fr\/#website","url":"https:\/\/villasicula-capo.com\/fr\/","name":"Villa Sicula","description":"","publisher":{"@id":"https:\/\/villasicula-capo.com\/fr\/#organization"},"potentialAction":[{"@type":"SearchAction","target":{"@type":"EntryPoint","urlTemplate":"https:\/\/villasicula-capo.com\/fr\/?s={search_term_string}"},"query-input":{"@type":"PropertyValueSpecification","valueRequired":true,"valueName":"search_term_string"}}],"inLanguage":"fr-FR"},{"@type":"Organization","@id":"https:\/\/villasicula-capo.com\/fr\/#organization","name":"Villa Sicula","url":"https:\/\/villasicula-capo.com\/fr\/","logo":{"@type":"ImageObject","inLanguage":"fr-FR","@id":"https:\/\/villasicula-capo.com\/fr\/#\/schema\/logo\/image\/","url":"https:\/\/villasicula-capo.com\/wp-content\/uploads\/2023\/02\/cropped-Villa-Sicula-del-Capo_klein.png","contentUrl":"https:\/\/villasicula-capo.com\/wp-content\/uploads\/2023\/02\/cropped-Villa-Sicula-del-Capo_klein.png","width":360,"height":225,"caption":"Villa Sicula"},"image":{"@id":"https:\/\/villasicula-capo.com\/fr\/#\/schema\/logo\/image\/"}}]}},"_links":{"self":[{"href":"https:\/\/villasicula-capo.com\/fr\/wp-json\/wp\/v2\/pages\/2600","targetHints":{"allow":["GET"]}}],"collection":[{"href":"https:\/\/villasicula-capo.com\/fr\/wp-json\/wp\/v2\/pages"}],"about":[{"href":"https:\/\/villasicula-capo.com\/fr\/wp-json\/wp\/v2\/types\/page"}],"author":[{"embeddable":true,"href":"https:\/\/villasicula-capo.com\/fr\/wp-json\/wp\/v2\/users\/4"}],"replies":[{"embeddable":true,"href":"https:\/\/villasicula-capo.com\/fr\/wp-json\/wp\/v2\/comments?post=2600"}],"version-history":[{"count":0,"href":"https:\/\/villasicula-capo.com\/fr\/wp-json\/wp\/v2\/pages\/2600\/revisions"}],"wp:featuredmedia":[{"embeddable":true,"href":"https:\/\/villasicula-capo.com\/fr\/wp-json\/wp\/v2\/media\/2415"}],"wp:attachment":[{"href":"https:\/\/villasicula-capo.com\/fr\/wp-json\/wp\/v2\/media?parent=2600"}],"curies":[{"name":"wp","href":"https:\/\/api.w.org\/{rel}","templated":true}]}}