{"id":2587,"date":"2021-06-18T11:53:51","date_gmt":"2021-06-18T09:53:51","guid":{"rendered":"https:\/\/villasicula-capo.com\/?page_id=2587"},"modified":"2021-06-18T11:53:51","modified_gmt":"2021-06-18T09:53:51","slug":"luigi-pirandello","status":"publish","type":"page","link":"https:\/\/villasicula-capo.com\/fr\/luigi-pirandello\/","title":{"rendered":"Luigi Pirandello"},"content":{"rendered":"<div class=\"block core-paragraph \">\n<p><em>Luigi Pirandello<\/em>, \u00e9crivain et laur\u00e9at du prix Nobel de litt\u00e9rature (1934), est n\u00e9 le 28 juin 1867 \u00e0 Girgenti, aujourd&rsquo;hui Agrigente, sur la c\u00f4te sud de la Sicile, et est mort \u00e0 Rome en 1936. Il compte parmi les dramaturges et les conteurs les plus importants du XXe si\u00e8cle. Dans ses premi\u00e8res ann\u00e9es, il a surtout \u00e9crit de la po\u00e9sie, puis des drames et de la prose narrative. Outre de nombreuses pi\u00e8ces de th\u00e9\u00e2tre connues, telles que Six personnes en qu\u00eate d\u2019auteur, Pirandello a \u00e9crit, entre 1922 et 1937, le recueil <em>Novelle per un anno<\/em> (Nouvelles pour une ann\u00e9e), dans lequel chacune des histoires ind\u00e9pendantes traite de la vie en Sicile et en Italie marqu\u00e9e par la privation. Certaines de ses \u0153uvres ont \u00e9t\u00e9 transform\u00e9es en films. \u00c0 Agrigente, vous pouvez visiter sa maison natale et sa tombe.<\/p>\n<\/div><div class=\"block core-image \">\n<div class=\"wp-block-image\"><figure class=\"aligncenter size-thumbnail\"><img fetchpriority=\"high\" decoding=\"async\" width=\"282\" height=\"400\" src=\"https:\/\/villasicula-capo.com\/wp-content\/uploads\/2021\/02\/Luigi_Pirandello-282x400.jpg\" alt=\"\" class=\"wp-image-754\" srcset=\"https:\/\/villasicula-capo.com\/wp-content\/uploads\/2021\/02\/Luigi_Pirandello-282x400.jpg 282w, https:\/\/villasicula-capo.com\/wp-content\/uploads\/2021\/02\/Luigi_Pirandello-564x800.jpg 564w, https:\/\/villasicula-capo.com\/wp-content\/uploads\/2021\/02\/Luigi_Pirandello-846x1200.jpg 846w\" sizes=\"(max-width: 282px) 100vw, 282px\" \/><\/figure><\/div>\n<\/div>","protected":false},"excerpt":{"rendered":"<p>Luigi Pirandello, \u00e9crivain et laur\u00e9at du prix Nobel de litt\u00e9rature (1934), est n\u00e9 le 28 juin 1867 \u00e0 Girgenti, aujourd&rsquo;hui Agrigente, sur la c\u00f4te sud de la Sicile, et est mort \u00e0 Rome en 1936. Il compte parmi les dramaturges et les conteurs les plus importants du XXe si\u00e8cle. Dans ses premi\u00e8res ann\u00e9es, il a [&hellip;]<\/p>\n","protected":false},"author":4,"featured_media":2105,"parent":0,"menu_order":0,"comment_status":"closed","ping_status":"closed","template":"","meta":{"_acf_changed":false,"footnotes":""},"class_list":["post-2587","page","type-page","status-publish","has-post-thumbnail","hentry"],"acf":[],"yoast_head":"<!-- This site is optimized with the Yoast SEO plugin v24.0 - https:\/\/yoast.com\/wordpress\/plugins\/seo\/ -->\n<title>Luigi Pirandello | Villa Sicula<\/title>\n<meta name=\"description\" content=\"D\u00e9couvrez la culture de la Sicile : l&#039;appartement &quot;La Cultura Sicliana&quot; de la Villa Sicula vous offre beaucoup d&#039;espace et d&#039;intimit\u00e9.\" \/>\n<meta name=\"robots\" content=\"index, follow, max-snippet:-1, max-image-preview:large, max-video-preview:-1\" \/>\n<link rel=\"canonical\" href=\"https:\/\/villasicula-capo.com\/fr\/luigi-pirandello\/\" \/>\n<meta property=\"og:locale\" content=\"fr_FR\" \/>\n<meta property=\"og:type\" content=\"article\" \/>\n<meta property=\"og:title\" content=\"Luigi Pirandello | Villa Sicula\" \/>\n<meta property=\"og:description\" content=\"D\u00e9couvrez la culture de la Sicile : l&#039;appartement &quot;La Cultura Sicliana&quot; de la Villa Sicula vous offre beaucoup d&#039;espace et d&#039;intimit\u00e9.\" \/>\n<meta property=\"og:url\" content=\"https:\/\/villasicula-capo.com\/fr\/luigi-pirandello\/\" \/>\n<meta property=\"og:site_name\" content=\"Villa Sicula\" \/>\n<meta property=\"og:image\" content=\"https:\/\/villasicula-capo.com\/wp-content\/uploads\/2021\/01\/Apartment-La-Cultura-Italiana-16.jpg\" \/>\n\t<meta property=\"og:image:width\" content=\"2048\" \/>\n\t<meta property=\"og:image:height\" content=\"1365\" \/>\n\t<meta property=\"og:image:type\" content=\"image\/jpeg\" \/>\n<meta name=\"twitter:card\" content=\"summary_large_image\" \/>\n<meta name=\"twitter:label1\" content=\"Dur\u00e9e de lecture estim\u00e9e\" \/>\n\t<meta name=\"twitter:data1\" content=\"1 minute\" \/>\n<script type=\"application\/ld+json\" class=\"yoast-schema-graph\">{\"@context\":\"https:\/\/schema.org\",\"@graph\":[{\"@type\":\"WebPage\",\"@id\":\"https:\/\/villasicula-capo.com\/fr\/luigi-pirandello\/\",\"url\":\"https:\/\/villasicula-capo.com\/fr\/luigi-pirandello\/\",\"name\":\"Luigi Pirandello | Villa Sicula\",\"isPartOf\":{\"@id\":\"https:\/\/villasicula-capo.com\/fr\/#website\"},\"primaryImageOfPage\":{\"@id\":\"https:\/\/villasicula-capo.com\/fr\/luigi-pirandello\/#primaryimage\"},\"image\":{\"@id\":\"https:\/\/villasicula-capo.com\/fr\/luigi-pirandello\/#primaryimage\"},\"thumbnailUrl\":\"https:\/\/villasicula-capo.com\/wp-content\/uploads\/2021\/01\/Apartment-La-Cultura-Italiana-16.jpg\",\"datePublished\":\"2021-06-18T09:53:51+00:00\",\"dateModified\":\"2021-06-18T09:53:51+00:00\",\"description\":\"D\u00e9couvrez la culture de la Sicile : l'appartement \\\"La Cultura Sicliana\\\" de la Villa Sicula vous offre beaucoup d'espace et d'intimit\u00e9.\",\"inLanguage\":\"fr-FR\",\"potentialAction\":[{\"@type\":\"ReadAction\",\"target\":[\"https:\/\/villasicula-capo.com\/fr\/luigi-pirandello\/\"]}]},{\"@type\":\"ImageObject\",\"inLanguage\":\"fr-FR\",\"@id\":\"https:\/\/villasicula-capo.com\/fr\/luigi-pirandello\/#primaryimage\",\"url\":\"https:\/\/villasicula-capo.com\/wp-content\/uploads\/2021\/01\/Apartment-La-Cultura-Italiana-16.jpg\",\"contentUrl\":\"https:\/\/villasicula-capo.com\/wp-content\/uploads\/2021\/01\/Apartment-La-Cultura-Italiana-16.jpg\",\"width\":2048,\"height\":1365},{\"@type\":\"WebSite\",\"@id\":\"https:\/\/villasicula-capo.com\/fr\/#website\",\"url\":\"https:\/\/villasicula-capo.com\/fr\/\",\"name\":\"Villa Sicula\",\"description\":\"\",\"publisher\":{\"@id\":\"https:\/\/villasicula-capo.com\/fr\/#organization\"},\"potentialAction\":[{\"@type\":\"SearchAction\",\"target\":{\"@type\":\"EntryPoint\",\"urlTemplate\":\"https:\/\/villasicula-capo.com\/fr\/?s={search_term_string}\"},\"query-input\":{\"@type\":\"PropertyValueSpecification\",\"valueRequired\":true,\"valueName\":\"search_term_string\"}}],\"inLanguage\":\"fr-FR\"},{\"@type\":\"Organization\",\"@id\":\"https:\/\/villasicula-capo.com\/fr\/#organization\",\"name\":\"Villa Sicula\",\"url\":\"https:\/\/villasicula-capo.com\/fr\/\",\"logo\":{\"@type\":\"ImageObject\",\"inLanguage\":\"fr-FR\",\"@id\":\"https:\/\/villasicula-capo.com\/fr\/#\/schema\/logo\/image\/\",\"url\":\"https:\/\/villasicula-capo.com\/wp-content\/uploads\/2023\/02\/cropped-Villa-Sicula-del-Capo_klein.png\",\"contentUrl\":\"https:\/\/villasicula-capo.com\/wp-content\/uploads\/2023\/02\/cropped-Villa-Sicula-del-Capo_klein.png\",\"width\":360,\"height\":225,\"caption\":\"Villa Sicula\"},\"image\":{\"@id\":\"https:\/\/villasicula-capo.com\/fr\/#\/schema\/logo\/image\/\"}}]}<\/script>\n<!-- \/ Yoast SEO plugin. -->","yoast_head_json":{"title":"Luigi Pirandello | Villa Sicula","description":"D\u00e9couvrez la culture de la Sicile : l'appartement \"La Cultura Sicliana\" de la Villa Sicula vous offre beaucoup d'espace et d'intimit\u00e9.","robots":{"index":"index","follow":"follow","max-snippet":"max-snippet:-1","max-image-preview":"max-image-preview:large","max-video-preview":"max-video-preview:-1"},"canonical":"https:\/\/villasicula-capo.com\/fr\/luigi-pirandello\/","og_locale":"fr_FR","og_type":"article","og_title":"Luigi Pirandello | Villa Sicula","og_description":"D\u00e9couvrez la culture de la Sicile : l'appartement \"La Cultura Sicliana\" de la Villa Sicula vous offre beaucoup d'espace et d'intimit\u00e9.","og_url":"https:\/\/villasicula-capo.com\/fr\/luigi-pirandello\/","og_site_name":"Villa Sicula","og_image":[{"width":2048,"height":1365,"url":"https:\/\/villasicula-capo.com\/wp-content\/uploads\/2021\/01\/Apartment-La-Cultura-Italiana-16.jpg","type":"image\/jpeg"}],"twitter_card":"summary_large_image","twitter_misc":{"Dur\u00e9e de lecture estim\u00e9e":"1 minute"},"schema":{"@context":"https:\/\/schema.org","@graph":[{"@type":"WebPage","@id":"https:\/\/villasicula-capo.com\/fr\/luigi-pirandello\/","url":"https:\/\/villasicula-capo.com\/fr\/luigi-pirandello\/","name":"Luigi Pirandello | Villa Sicula","isPartOf":{"@id":"https:\/\/villasicula-capo.com\/fr\/#website"},"primaryImageOfPage":{"@id":"https:\/\/villasicula-capo.com\/fr\/luigi-pirandello\/#primaryimage"},"image":{"@id":"https:\/\/villasicula-capo.com\/fr\/luigi-pirandello\/#primaryimage"},"thumbnailUrl":"https:\/\/villasicula-capo.com\/wp-content\/uploads\/2021\/01\/Apartment-La-Cultura-Italiana-16.jpg","datePublished":"2021-06-18T09:53:51+00:00","dateModified":"2021-06-18T09:53:51+00:00","description":"D\u00e9couvrez la culture de la Sicile : l'appartement \"La Cultura Sicliana\" de la Villa Sicula vous offre beaucoup d'espace et d'intimit\u00e9.","inLanguage":"fr-FR","potentialAction":[{"@type":"ReadAction","target":["https:\/\/villasicula-capo.com\/fr\/luigi-pirandello\/"]}]},{"@type":"ImageObject","inLanguage":"fr-FR","@id":"https:\/\/villasicula-capo.com\/fr\/luigi-pirandello\/#primaryimage","url":"https:\/\/villasicula-capo.com\/wp-content\/uploads\/2021\/01\/Apartment-La-Cultura-Italiana-16.jpg","contentUrl":"https:\/\/villasicula-capo.com\/wp-content\/uploads\/2021\/01\/Apartment-La-Cultura-Italiana-16.jpg","width":2048,"height":1365},{"@type":"WebSite","@id":"https:\/\/villasicula-capo.com\/fr\/#website","url":"https:\/\/villasicula-capo.com\/fr\/","name":"Villa Sicula","description":"","publisher":{"@id":"https:\/\/villasicula-capo.com\/fr\/#organization"},"potentialAction":[{"@type":"SearchAction","target":{"@type":"EntryPoint","urlTemplate":"https:\/\/villasicula-capo.com\/fr\/?s={search_term_string}"},"query-input":{"@type":"PropertyValueSpecification","valueRequired":true,"valueName":"search_term_string"}}],"inLanguage":"fr-FR"},{"@type":"Organization","@id":"https:\/\/villasicula-capo.com\/fr\/#organization","name":"Villa Sicula","url":"https:\/\/villasicula-capo.com\/fr\/","logo":{"@type":"ImageObject","inLanguage":"fr-FR","@id":"https:\/\/villasicula-capo.com\/fr\/#\/schema\/logo\/image\/","url":"https:\/\/villasicula-capo.com\/wp-content\/uploads\/2023\/02\/cropped-Villa-Sicula-del-Capo_klein.png","contentUrl":"https:\/\/villasicula-capo.com\/wp-content\/uploads\/2023\/02\/cropped-Villa-Sicula-del-Capo_klein.png","width":360,"height":225,"caption":"Villa Sicula"},"image":{"@id":"https:\/\/villasicula-capo.com\/fr\/#\/schema\/logo\/image\/"}}]}},"_links":{"self":[{"href":"https:\/\/villasicula-capo.com\/fr\/wp-json\/wp\/v2\/pages\/2587","targetHints":{"allow":["GET"]}}],"collection":[{"href":"https:\/\/villasicula-capo.com\/fr\/wp-json\/wp\/v2\/pages"}],"about":[{"href":"https:\/\/villasicula-capo.com\/fr\/wp-json\/wp\/v2\/types\/page"}],"author":[{"embeddable":true,"href":"https:\/\/villasicula-capo.com\/fr\/wp-json\/wp\/v2\/users\/4"}],"replies":[{"embeddable":true,"href":"https:\/\/villasicula-capo.com\/fr\/wp-json\/wp\/v2\/comments?post=2587"}],"version-history":[{"count":0,"href":"https:\/\/villasicula-capo.com\/fr\/wp-json\/wp\/v2\/pages\/2587\/revisions"}],"wp:featuredmedia":[{"embeddable":true,"href":"https:\/\/villasicula-capo.com\/fr\/wp-json\/wp\/v2\/media\/2105"}],"wp:attachment":[{"href":"https:\/\/villasicula-capo.com\/fr\/wp-json\/wp\/v2\/media?parent=2587"}],"curies":[{"name":"wp","href":"https:\/\/api.w.org\/{rel}","templated":true}]}}