{"id":2583,"date":"2021-06-18T11:45:18","date_gmt":"2021-06-18T09:45:18","guid":{"rendered":"https:\/\/villasicula-capo.com\/?page_id=2583"},"modified":"2021-06-18T11:46:04","modified_gmt":"2021-06-18T09:46:04","slug":"emplacement","status":"publish","type":"page","link":"https:\/\/villasicula-capo.com\/fr\/emplacement\/","title":{"rendered":"Emplacement"},"content":{"rendered":"<div class=\"block core-paragraph \">\n<p>La VILLA SICULA est situ\u00e9e \u00e0 Capo d&rsquo;Orlando, dans le nord-est de la Sicile, \u00e0 proximit\u00e9 de la mer M\u00e9diterran\u00e9e. Vous pouvez la rejoindre depuis l&rsquo;a\u00e9roport de Palerme en deux heures de route environ, en empruntant l&rsquo;A 20 en direction de Messine, le long de la c\u00f4te nord. Depuis l&rsquo;a\u00e9roport de Catane (c\u00f4te est), il faut \u00e9galement compter environ deux heures de route via les autoroutes A 18 pour Messine et A 20 pour Capo d&rsquo;Orlando. Veuillez toujours prendre la sortie BROLO\/ CAPO D&rsquo;ORLANDO EST.<\/p>\n<\/div><div class=\"block core-paragraph \">\n<p>Si vous arrivez en voiture et en ferry depuis le nord de l&rsquo;Italie, d\u00e9barquez au port de Palerme et longez ensuite la c\u00f4te nord sur l&rsquo;autoroute A 20 en direction de l&rsquo;est (Messine) jusqu&rsquo;\u00e0 Capo d&rsquo;Orlando. Un voyage en bateau de Naples jusqu\u2019au port de Milazzo, en passant par les \u00eeles \u00c9oliennes, est \u00e9galement tr\u00e8s agr\u00e9able. La ville de Milazzo est \u00e0 environ une demi-heure de route de la VILLA SICULA.<\/p>\n<\/div><div class=\"block core-paragraph \">\n<p>Capo d&rsquo;Orlando appartient \u00e0 la province de Messine et se trouve sur la c\u00f4te nord de la Sicile, sur le cap du m\u00eame nom. Dans cet agr\u00e9able lieu de vill\u00e9giature, vous trouvez tout ce dont vous avez besoin pour vous d\u00e9tendre : Les commerces, les restaurants, les glaciers et les plages sont accessibles en quelques minutes de route. La ville poss\u00e8de un grand port de plaisance d&rsquo;o\u00f9 vous pouvez faire des excursions organis\u00e9es ou affr\u00e9ter un bateau.<\/p>\n<\/div><div class=\"block core-paragraph \">\n<p>Capo d&rsquo;Orlando se trouve sur la ligne ferroviaire Palerme &#8211; Messine. Avec le train, vous pouvez &#8211; en tant qu&rsquo;excursion \u00e0 la journ\u00e9e \u2013 atteindre facilement certains endroits int\u00e9ressants de la c\u00f4te nord, par exemple la ville enchanteresse de Cefal\u00f9.<\/p>\n<\/div><div class=\"block core-paragraph \">\n<p><iframe style=\"border: 0;\" tabindex=\"0\" src=\"https:\/\/www.google.com\/maps\/embed?pb=!1m14!1m8!1m3!1d5203.308005731673!2d14.77103918310222!3d38.153521154658286!3m2!1i1024!2i768!4f13.1!3m3!1m2!1s0x1316916a847b19df%3A0x2f427c5e2672119a!2sContrada%20Scafa%2C%2096%2C%2098071%20Capo%20d'Orlando%20ME%2C%20Italien!5e1!3m2!1sde!2sde!4v1612793283421!5m2!1sde!2sde\" allowfullscreen=\"allowfullscreen\" aria-hidden=\"false\" width=\"600\" height=\"450\" frameborder=\"0\"><\/iframe><\/p>\n<\/div>","protected":false},"excerpt":{"rendered":"<p>La VILLA SICULA est situ\u00e9e \u00e0 Capo d&rsquo;Orlando, dans le nord-est de la Sicile, \u00e0 proximit\u00e9 de la mer M\u00e9diterran\u00e9e. Vous pouvez la rejoindre depuis l&rsquo;a\u00e9roport de Palerme en deux heures de route environ, en empruntant l&rsquo;A 20 en direction de Messine, le long de la c\u00f4te nord. Depuis l&rsquo;a\u00e9roport de Catane (c\u00f4te est), il [&hellip;]<\/p>\n","protected":false},"author":4,"featured_media":1855,"parent":0,"menu_order":0,"comment_status":"closed","ping_status":"closed","template":"","meta":{"_acf_changed":false,"footnotes":""},"class_list":["post-2583","page","type-page","status-publish","has-post-thumbnail","hentry"],"acf":[],"yoast_head":"<!-- This site is optimized with the Yoast SEO plugin v24.0 - https:\/\/yoast.com\/wordpress\/plugins\/seo\/ -->\n<title>Emplacement | Villa Sicula<\/title>\n<meta name=\"description\" content=\"Localisation de la Villa Sicula en Sicile. Vacances dans une villa incomparable avec piscine priv\u00e9e et vue unique sur la mer. ICI !\" \/>\n<meta name=\"robots\" content=\"index, follow, max-snippet:-1, max-image-preview:large, max-video-preview:-1\" \/>\n<link rel=\"canonical\" href=\"https:\/\/villasicula-capo.com\/fr\/emplacement\/\" \/>\n<meta property=\"og:locale\" content=\"fr_FR\" \/>\n<meta property=\"og:type\" content=\"article\" \/>\n<meta property=\"og:title\" content=\"Emplacement | Villa Sicula\" \/>\n<meta property=\"og:description\" content=\"Localisation de la Villa Sicula en Sicile. Vacances dans une villa incomparable avec piscine priv\u00e9e et vue unique sur la mer. ICI !\" \/>\n<meta property=\"og:url\" content=\"https:\/\/villasicula-capo.com\/fr\/emplacement\/\" \/>\n<meta property=\"og:site_name\" content=\"Villa Sicula\" \/>\n<meta property=\"article:modified_time\" content=\"2021-06-18T09:46:04+00:00\" \/>\n<meta property=\"og:image\" content=\"https:\/\/villasicula-capo.com\/wp-content\/uploads\/2020\/12\/dummy-stage.jpg\" \/>\n\t<meta property=\"og:image:width\" content=\"1440\" \/>\n\t<meta property=\"og:image:height\" content=\"810\" \/>\n\t<meta property=\"og:image:type\" content=\"image\/jpeg\" \/>\n<meta name=\"twitter:card\" content=\"summary_large_image\" \/>\n<meta name=\"twitter:label1\" content=\"Dur\u00e9e de lecture estim\u00e9e\" \/>\n\t<meta name=\"twitter:data1\" content=\"2 minutes\" \/>\n<script type=\"application\/ld+json\" class=\"yoast-schema-graph\">{\"@context\":\"https:\/\/schema.org\",\"@graph\":[{\"@type\":\"WebPage\",\"@id\":\"https:\/\/villasicula-capo.com\/fr\/emplacement\/\",\"url\":\"https:\/\/villasicula-capo.com\/fr\/emplacement\/\",\"name\":\"Emplacement | Villa Sicula\",\"isPartOf\":{\"@id\":\"https:\/\/villasicula-capo.com\/fr\/#website\"},\"primaryImageOfPage\":{\"@id\":\"https:\/\/villasicula-capo.com\/fr\/emplacement\/#primaryimage\"},\"image\":{\"@id\":\"https:\/\/villasicula-capo.com\/fr\/emplacement\/#primaryimage\"},\"thumbnailUrl\":\"https:\/\/villasicula-capo.com\/wp-content\/uploads\/2020\/12\/dummy-stage.jpg\",\"datePublished\":\"2021-06-18T09:45:18+00:00\",\"dateModified\":\"2021-06-18T09:46:04+00:00\",\"description\":\"Localisation de la Villa Sicula en Sicile. Vacances dans une villa incomparable avec piscine priv\u00e9e et vue unique sur la mer. ICI !\",\"inLanguage\":\"fr-FR\",\"potentialAction\":[{\"@type\":\"ReadAction\",\"target\":[\"https:\/\/villasicula-capo.com\/fr\/emplacement\/\"]}]},{\"@type\":\"ImageObject\",\"inLanguage\":\"fr-FR\",\"@id\":\"https:\/\/villasicula-capo.com\/fr\/emplacement\/#primaryimage\",\"url\":\"https:\/\/villasicula-capo.com\/wp-content\/uploads\/2020\/12\/dummy-stage.jpg\",\"contentUrl\":\"https:\/\/villasicula-capo.com\/wp-content\/uploads\/2020\/12\/dummy-stage.jpg\",\"width\":1440,\"height\":810},{\"@type\":\"WebSite\",\"@id\":\"https:\/\/villasicula-capo.com\/fr\/#website\",\"url\":\"https:\/\/villasicula-capo.com\/fr\/\",\"name\":\"Villa Sicula\",\"description\":\"\",\"publisher\":{\"@id\":\"https:\/\/villasicula-capo.com\/fr\/#organization\"},\"potentialAction\":[{\"@type\":\"SearchAction\",\"target\":{\"@type\":\"EntryPoint\",\"urlTemplate\":\"https:\/\/villasicula-capo.com\/fr\/?s={search_term_string}\"},\"query-input\":{\"@type\":\"PropertyValueSpecification\",\"valueRequired\":true,\"valueName\":\"search_term_string\"}}],\"inLanguage\":\"fr-FR\"},{\"@type\":\"Organization\",\"@id\":\"https:\/\/villasicula-capo.com\/fr\/#organization\",\"name\":\"Villa Sicula\",\"url\":\"https:\/\/villasicula-capo.com\/fr\/\",\"logo\":{\"@type\":\"ImageObject\",\"inLanguage\":\"fr-FR\",\"@id\":\"https:\/\/villasicula-capo.com\/fr\/#\/schema\/logo\/image\/\",\"url\":\"https:\/\/villasicula-capo.com\/wp-content\/uploads\/2023\/02\/cropped-Villa-Sicula-del-Capo_klein.png\",\"contentUrl\":\"https:\/\/villasicula-capo.com\/wp-content\/uploads\/2023\/02\/cropped-Villa-Sicula-del-Capo_klein.png\",\"width\":360,\"height\":225,\"caption\":\"Villa Sicula\"},\"image\":{\"@id\":\"https:\/\/villasicula-capo.com\/fr\/#\/schema\/logo\/image\/\"}}]}<\/script>\n<!-- \/ Yoast SEO plugin. -->","yoast_head_json":{"title":"Emplacement | Villa Sicula","description":"Localisation de la Villa Sicula en Sicile. Vacances dans une villa incomparable avec piscine priv\u00e9e et vue unique sur la mer. ICI !","robots":{"index":"index","follow":"follow","max-snippet":"max-snippet:-1","max-image-preview":"max-image-preview:large","max-video-preview":"max-video-preview:-1"},"canonical":"https:\/\/villasicula-capo.com\/fr\/emplacement\/","og_locale":"fr_FR","og_type":"article","og_title":"Emplacement | Villa Sicula","og_description":"Localisation de la Villa Sicula en Sicile. Vacances dans une villa incomparable avec piscine priv\u00e9e et vue unique sur la mer. ICI !","og_url":"https:\/\/villasicula-capo.com\/fr\/emplacement\/","og_site_name":"Villa Sicula","article_modified_time":"2021-06-18T09:46:04+00:00","og_image":[{"width":1440,"height":810,"url":"https:\/\/villasicula-capo.com\/wp-content\/uploads\/2020\/12\/dummy-stage.jpg","type":"image\/jpeg"}],"twitter_card":"summary_large_image","twitter_misc":{"Dur\u00e9e de lecture estim\u00e9e":"2 minutes"},"schema":{"@context":"https:\/\/schema.org","@graph":[{"@type":"WebPage","@id":"https:\/\/villasicula-capo.com\/fr\/emplacement\/","url":"https:\/\/villasicula-capo.com\/fr\/emplacement\/","name":"Emplacement | Villa Sicula","isPartOf":{"@id":"https:\/\/villasicula-capo.com\/fr\/#website"},"primaryImageOfPage":{"@id":"https:\/\/villasicula-capo.com\/fr\/emplacement\/#primaryimage"},"image":{"@id":"https:\/\/villasicula-capo.com\/fr\/emplacement\/#primaryimage"},"thumbnailUrl":"https:\/\/villasicula-capo.com\/wp-content\/uploads\/2020\/12\/dummy-stage.jpg","datePublished":"2021-06-18T09:45:18+00:00","dateModified":"2021-06-18T09:46:04+00:00","description":"Localisation de la Villa Sicula en Sicile. Vacances dans une villa incomparable avec piscine priv\u00e9e et vue unique sur la mer. ICI !","inLanguage":"fr-FR","potentialAction":[{"@type":"ReadAction","target":["https:\/\/villasicula-capo.com\/fr\/emplacement\/"]}]},{"@type":"ImageObject","inLanguage":"fr-FR","@id":"https:\/\/villasicula-capo.com\/fr\/emplacement\/#primaryimage","url":"https:\/\/villasicula-capo.com\/wp-content\/uploads\/2020\/12\/dummy-stage.jpg","contentUrl":"https:\/\/villasicula-capo.com\/wp-content\/uploads\/2020\/12\/dummy-stage.jpg","width":1440,"height":810},{"@type":"WebSite","@id":"https:\/\/villasicula-capo.com\/fr\/#website","url":"https:\/\/villasicula-capo.com\/fr\/","name":"Villa Sicula","description":"","publisher":{"@id":"https:\/\/villasicula-capo.com\/fr\/#organization"},"potentialAction":[{"@type":"SearchAction","target":{"@type":"EntryPoint","urlTemplate":"https:\/\/villasicula-capo.com\/fr\/?s={search_term_string}"},"query-input":{"@type":"PropertyValueSpecification","valueRequired":true,"valueName":"search_term_string"}}],"inLanguage":"fr-FR"},{"@type":"Organization","@id":"https:\/\/villasicula-capo.com\/fr\/#organization","name":"Villa Sicula","url":"https:\/\/villasicula-capo.com\/fr\/","logo":{"@type":"ImageObject","inLanguage":"fr-FR","@id":"https:\/\/villasicula-capo.com\/fr\/#\/schema\/logo\/image\/","url":"https:\/\/villasicula-capo.com\/wp-content\/uploads\/2023\/02\/cropped-Villa-Sicula-del-Capo_klein.png","contentUrl":"https:\/\/villasicula-capo.com\/wp-content\/uploads\/2023\/02\/cropped-Villa-Sicula-del-Capo_klein.png","width":360,"height":225,"caption":"Villa Sicula"},"image":{"@id":"https:\/\/villasicula-capo.com\/fr\/#\/schema\/logo\/image\/"}}]}},"_links":{"self":[{"href":"https:\/\/villasicula-capo.com\/fr\/wp-json\/wp\/v2\/pages\/2583","targetHints":{"allow":["GET"]}}],"collection":[{"href":"https:\/\/villasicula-capo.com\/fr\/wp-json\/wp\/v2\/pages"}],"about":[{"href":"https:\/\/villasicula-capo.com\/fr\/wp-json\/wp\/v2\/types\/page"}],"author":[{"embeddable":true,"href":"https:\/\/villasicula-capo.com\/fr\/wp-json\/wp\/v2\/users\/4"}],"replies":[{"embeddable":true,"href":"https:\/\/villasicula-capo.com\/fr\/wp-json\/wp\/v2\/comments?post=2583"}],"version-history":[{"count":0,"href":"https:\/\/villasicula-capo.com\/fr\/wp-json\/wp\/v2\/pages\/2583\/revisions"}],"wp:featuredmedia":[{"embeddable":true,"href":"https:\/\/villasicula-capo.com\/fr\/wp-json\/wp\/v2\/media\/1855"}],"wp:attachment":[{"href":"https:\/\/villasicula-capo.com\/fr\/wp-json\/wp\/v2\/media?parent=2583"}],"curies":[{"name":"wp","href":"https:\/\/api.w.org\/{rel}","templated":true}]}}