{"id":2576,"date":"2021-06-18T10:42:23","date_gmt":"2021-06-18T08:42:23","guid":{"rendered":"https:\/\/villasicula-capo.com\/?page_id=2576"},"modified":"2021-06-18T10:42:24","modified_gmt":"2021-06-18T08:42:24","slug":"karl-marx","status":"publish","type":"page","link":"https:\/\/villasicula-capo.com\/fr\/karl-marx\/","title":{"rendered":"Karl Marx"},"content":{"rendered":"<div class=\"block core-paragraph \">\n<p><em>Karl Marx<\/em> \u00e9tait un philosophe allemand et un critique du capitalisme. Avec Friedrich Engels, il a fond\u00e9 le marxisme. Il est n\u00e9 \u00e0 Tr\u00e8ves, en Allemagne, le 5 mai 1818, et est mort \u00e0 Londres le 14 mars 1883. Le premier volume de son \u0153uvre la plus connue, <em>Das Kapital<\/em>, est paru en 1867, et les deux autres volumes ont \u00e9t\u00e9 publi\u00e9s \u00e0 titre posthume par Friedrich Engels (1885, 1894). Le 11 mai 1860, alors que Giuseppe Garibaldi et son \u00ab\u00a0exp\u00e9dition des Mille\u00a0\u00bb d\u00e9barque \u00e0 Marsala, dans l&rsquo;ouest de la Sicile, et remporte une premi\u00e8re victoire contre les forces napolitaines, largement sup\u00e9rieures, \u00e0 la bataille de Calatafimi (S\u00e9geste) le 15 mai, Karl Marx publie un \u00e9ditorial sur la Sicile dans le New York Daily Tribune du 17 mai 1860. Il y a \u00e9crit, entre autres choses : \u00ab\u00a0Dans toute l&rsquo;histoire de l&rsquo;humanit\u00e9, aucun pays ni aucun peuple n&rsquo;a souffert aussi terriblement de l&rsquo;esclavage, des conqu\u00eates, et de l&rsquo;oppression \u00e9trang\u00e8res, et n&rsquo;a lutt\u00e9 avec autant de passion pour sa libert\u00e9, que la Sicile et les Siciliens.\u00a0\u00bb<\/p>\n<\/div><div class=\"block core-image \">\n<div class=\"wp-block-image\"><figure class=\"aligncenter size-thumbnail\"><img fetchpriority=\"high\" decoding=\"async\" width=\"300\" height=\"400\" src=\"https:\/\/villasicula-capo.com\/wp-content\/uploads\/2021\/03\/Villa-Sicula-Marx-2-300x400.jpg\" alt=\"\" class=\"wp-image-1477\" srcset=\"https:\/\/villasicula-capo.com\/wp-content\/uploads\/2021\/03\/Villa-Sicula-Marx-2-300x400.jpg 300w, https:\/\/villasicula-capo.com\/wp-content\/uploads\/2021\/03\/Villa-Sicula-Marx-2-600x800.jpg 600w, https:\/\/villasicula-capo.com\/wp-content\/uploads\/2021\/03\/Villa-Sicula-Marx-2-900x1200.jpg 900w, https:\/\/villasicula-capo.com\/wp-content\/uploads\/2021\/03\/Villa-Sicula-Marx-2.jpg 1383w\" sizes=\"(max-width: 300px) 100vw, 300px\" \/><\/figure><\/div>\n<\/div>","protected":false},"excerpt":{"rendered":"<p>Karl Marx \u00e9tait un philosophe allemand et un critique du capitalisme. Avec Friedrich Engels, il a fond\u00e9 le marxisme. Il est n\u00e9 \u00e0 Tr\u00e8ves, en Allemagne, le 5 mai 1818, et est mort \u00e0 Londres le 14 mars 1883. Le premier volume de son \u0153uvre la plus connue, Das Kapital, est paru en 1867, et [&hellip;]<\/p>\n","protected":false},"author":4,"featured_media":2445,"parent":0,"menu_order":0,"comment_status":"closed","ping_status":"closed","template":"","meta":{"_acf_changed":false,"footnotes":""},"class_list":["post-2576","page","type-page","status-publish","has-post-thumbnail","hentry"],"acf":[],"yoast_head":"<!-- This site is optimized with the Yoast SEO plugin v24.0 - https:\/\/yoast.com\/wordpress\/plugins\/seo\/ -->\n<title>Karl Marx | Villa Sicula<\/title>\n<meta name=\"robots\" content=\"index, follow, max-snippet:-1, max-image-preview:large, max-video-preview:-1\" \/>\n<link rel=\"canonical\" href=\"https:\/\/villasicula-capo.com\/fr\/karl-marx\/\" \/>\n<meta property=\"og:locale\" content=\"fr_FR\" \/>\n<meta property=\"og:type\" content=\"article\" \/>\n<meta property=\"og:title\" content=\"Karl Marx | Villa Sicula\" \/>\n<meta property=\"og:description\" content=\"Karl Marx \u00e9tait un philosophe allemand et un critique du capitalisme. Avec Friedrich Engels, il a fond\u00e9 le marxisme. Il est n\u00e9 \u00e0 Tr\u00e8ves, en Allemagne, le 5 mai 1818, et est mort \u00e0 Londres le 14 mars 1883. Le premier volume de son \u0153uvre la plus connue, Das Kapital, est paru en 1867, et [&hellip;]\" \/>\n<meta property=\"og:url\" content=\"https:\/\/villasicula-capo.com\/fr\/karl-marx\/\" \/>\n<meta property=\"og:site_name\" content=\"Villa Sicula\" \/>\n<meta property=\"article:modified_time\" content=\"2021-06-18T08:42:24+00:00\" \/>\n<meta property=\"og:image\" content=\"https:\/\/villasicula-capo.com\/wp-content\/uploads\/2021\/03\/Villa-Sicula-Marx-1.jpg\" \/>\n\t<meta property=\"og:image:width\" content=\"1383\" \/>\n\t<meta property=\"og:image:height\" content=\"779\" \/>\n\t<meta property=\"og:image:type\" content=\"image\/jpeg\" \/>\n<meta name=\"twitter:card\" content=\"summary_large_image\" \/>\n<meta name=\"twitter:label1\" content=\"Dur\u00e9e de lecture estim\u00e9e\" \/>\n\t<meta name=\"twitter:data1\" content=\"1 minute\" \/>\n<script type=\"application\/ld+json\" class=\"yoast-schema-graph\">{\"@context\":\"https:\/\/schema.org\",\"@graph\":[{\"@type\":\"WebPage\",\"@id\":\"https:\/\/villasicula-capo.com\/fr\/karl-marx\/\",\"url\":\"https:\/\/villasicula-capo.com\/fr\/karl-marx\/\",\"name\":\"Karl Marx | Villa Sicula\",\"isPartOf\":{\"@id\":\"https:\/\/villasicula-capo.com\/fr\/#website\"},\"primaryImageOfPage\":{\"@id\":\"https:\/\/villasicula-capo.com\/fr\/karl-marx\/#primaryimage\"},\"image\":{\"@id\":\"https:\/\/villasicula-capo.com\/fr\/karl-marx\/#primaryimage\"},\"thumbnailUrl\":\"https:\/\/villasicula-capo.com\/wp-content\/uploads\/2021\/03\/Villa-Sicula-Marx-1.jpg\",\"datePublished\":\"2021-06-18T08:42:23+00:00\",\"dateModified\":\"2021-06-18T08:42:24+00:00\",\"inLanguage\":\"fr-FR\",\"potentialAction\":[{\"@type\":\"ReadAction\",\"target\":[\"https:\/\/villasicula-capo.com\/fr\/karl-marx\/\"]}]},{\"@type\":\"ImageObject\",\"inLanguage\":\"fr-FR\",\"@id\":\"https:\/\/villasicula-capo.com\/fr\/karl-marx\/#primaryimage\",\"url\":\"https:\/\/villasicula-capo.com\/wp-content\/uploads\/2021\/03\/Villa-Sicula-Marx-1.jpg\",\"contentUrl\":\"https:\/\/villasicula-capo.com\/wp-content\/uploads\/2021\/03\/Villa-Sicula-Marx-1.jpg\",\"width\":1383,\"height\":779,\"caption\":\"UNSPECIFIED - CIRCA 1865: Karl Marx (1818-1883), philosopher and German politician. (Photo by Roger Viollet Collection\/Getty Images)\"},{\"@type\":\"WebSite\",\"@id\":\"https:\/\/villasicula-capo.com\/fr\/#website\",\"url\":\"https:\/\/villasicula-capo.com\/fr\/\",\"name\":\"Villa Sicula\",\"description\":\"\",\"publisher\":{\"@id\":\"https:\/\/villasicula-capo.com\/fr\/#organization\"},\"potentialAction\":[{\"@type\":\"SearchAction\",\"target\":{\"@type\":\"EntryPoint\",\"urlTemplate\":\"https:\/\/villasicula-capo.com\/fr\/?s={search_term_string}\"},\"query-input\":{\"@type\":\"PropertyValueSpecification\",\"valueRequired\":true,\"valueName\":\"search_term_string\"}}],\"inLanguage\":\"fr-FR\"},{\"@type\":\"Organization\",\"@id\":\"https:\/\/villasicula-capo.com\/fr\/#organization\",\"name\":\"Villa Sicula\",\"url\":\"https:\/\/villasicula-capo.com\/fr\/\",\"logo\":{\"@type\":\"ImageObject\",\"inLanguage\":\"fr-FR\",\"@id\":\"https:\/\/villasicula-capo.com\/fr\/#\/schema\/logo\/image\/\",\"url\":\"https:\/\/villasicula-capo.com\/wp-content\/uploads\/2023\/02\/cropped-Villa-Sicula-del-Capo_klein.png\",\"contentUrl\":\"https:\/\/villasicula-capo.com\/wp-content\/uploads\/2023\/02\/cropped-Villa-Sicula-del-Capo_klein.png\",\"width\":360,\"height\":225,\"caption\":\"Villa Sicula\"},\"image\":{\"@id\":\"https:\/\/villasicula-capo.com\/fr\/#\/schema\/logo\/image\/\"}}]}<\/script>\n<!-- \/ Yoast SEO plugin. -->","yoast_head_json":{"title":"Karl Marx | Villa Sicula","robots":{"index":"index","follow":"follow","max-snippet":"max-snippet:-1","max-image-preview":"max-image-preview:large","max-video-preview":"max-video-preview:-1"},"canonical":"https:\/\/villasicula-capo.com\/fr\/karl-marx\/","og_locale":"fr_FR","og_type":"article","og_title":"Karl Marx | Villa Sicula","og_description":"Karl Marx \u00e9tait un philosophe allemand et un critique du capitalisme. Avec Friedrich Engels, il a fond\u00e9 le marxisme. Il est n\u00e9 \u00e0 Tr\u00e8ves, en Allemagne, le 5 mai 1818, et est mort \u00e0 Londres le 14 mars 1883. Le premier volume de son \u0153uvre la plus connue, Das Kapital, est paru en 1867, et [&hellip;]","og_url":"https:\/\/villasicula-capo.com\/fr\/karl-marx\/","og_site_name":"Villa Sicula","article_modified_time":"2021-06-18T08:42:24+00:00","og_image":[{"width":1383,"height":779,"url":"https:\/\/villasicula-capo.com\/wp-content\/uploads\/2021\/03\/Villa-Sicula-Marx-1.jpg","type":"image\/jpeg"}],"twitter_card":"summary_large_image","twitter_misc":{"Dur\u00e9e de lecture estim\u00e9e":"1 minute"},"schema":{"@context":"https:\/\/schema.org","@graph":[{"@type":"WebPage","@id":"https:\/\/villasicula-capo.com\/fr\/karl-marx\/","url":"https:\/\/villasicula-capo.com\/fr\/karl-marx\/","name":"Karl Marx | Villa Sicula","isPartOf":{"@id":"https:\/\/villasicula-capo.com\/fr\/#website"},"primaryImageOfPage":{"@id":"https:\/\/villasicula-capo.com\/fr\/karl-marx\/#primaryimage"},"image":{"@id":"https:\/\/villasicula-capo.com\/fr\/karl-marx\/#primaryimage"},"thumbnailUrl":"https:\/\/villasicula-capo.com\/wp-content\/uploads\/2021\/03\/Villa-Sicula-Marx-1.jpg","datePublished":"2021-06-18T08:42:23+00:00","dateModified":"2021-06-18T08:42:24+00:00","inLanguage":"fr-FR","potentialAction":[{"@type":"ReadAction","target":["https:\/\/villasicula-capo.com\/fr\/karl-marx\/"]}]},{"@type":"ImageObject","inLanguage":"fr-FR","@id":"https:\/\/villasicula-capo.com\/fr\/karl-marx\/#primaryimage","url":"https:\/\/villasicula-capo.com\/wp-content\/uploads\/2021\/03\/Villa-Sicula-Marx-1.jpg","contentUrl":"https:\/\/villasicula-capo.com\/wp-content\/uploads\/2021\/03\/Villa-Sicula-Marx-1.jpg","width":1383,"height":779,"caption":"UNSPECIFIED - CIRCA 1865: Karl Marx (1818-1883), philosopher and German politician. (Photo by Roger Viollet Collection\/Getty Images)"},{"@type":"WebSite","@id":"https:\/\/villasicula-capo.com\/fr\/#website","url":"https:\/\/villasicula-capo.com\/fr\/","name":"Villa Sicula","description":"","publisher":{"@id":"https:\/\/villasicula-capo.com\/fr\/#organization"},"potentialAction":[{"@type":"SearchAction","target":{"@type":"EntryPoint","urlTemplate":"https:\/\/villasicula-capo.com\/fr\/?s={search_term_string}"},"query-input":{"@type":"PropertyValueSpecification","valueRequired":true,"valueName":"search_term_string"}}],"inLanguage":"fr-FR"},{"@type":"Organization","@id":"https:\/\/villasicula-capo.com\/fr\/#organization","name":"Villa Sicula","url":"https:\/\/villasicula-capo.com\/fr\/","logo":{"@type":"ImageObject","inLanguage":"fr-FR","@id":"https:\/\/villasicula-capo.com\/fr\/#\/schema\/logo\/image\/","url":"https:\/\/villasicula-capo.com\/wp-content\/uploads\/2023\/02\/cropped-Villa-Sicula-del-Capo_klein.png","contentUrl":"https:\/\/villasicula-capo.com\/wp-content\/uploads\/2023\/02\/cropped-Villa-Sicula-del-Capo_klein.png","width":360,"height":225,"caption":"Villa Sicula"},"image":{"@id":"https:\/\/villasicula-capo.com\/fr\/#\/schema\/logo\/image\/"}}]}},"_links":{"self":[{"href":"https:\/\/villasicula-capo.com\/fr\/wp-json\/wp\/v2\/pages\/2576","targetHints":{"allow":["GET"]}}],"collection":[{"href":"https:\/\/villasicula-capo.com\/fr\/wp-json\/wp\/v2\/pages"}],"about":[{"href":"https:\/\/villasicula-capo.com\/fr\/wp-json\/wp\/v2\/types\/page"}],"author":[{"embeddable":true,"href":"https:\/\/villasicula-capo.com\/fr\/wp-json\/wp\/v2\/users\/4"}],"replies":[{"embeddable":true,"href":"https:\/\/villasicula-capo.com\/fr\/wp-json\/wp\/v2\/comments?post=2576"}],"version-history":[{"count":0,"href":"https:\/\/villasicula-capo.com\/fr\/wp-json\/wp\/v2\/pages\/2576\/revisions"}],"wp:featuredmedia":[{"embeddable":true,"href":"https:\/\/villasicula-capo.com\/fr\/wp-json\/wp\/v2\/media\/2445"}],"wp:attachment":[{"href":"https:\/\/villasicula-capo.com\/fr\/wp-json\/wp\/v2\/media?parent=2576"}],"curies":[{"name":"wp","href":"https:\/\/api.w.org\/{rel}","templated":true}]}}