{"id":2564,"date":"2021-06-18T10:19:19","date_gmt":"2021-06-18T08:19:19","guid":{"rendered":"https:\/\/villasicula-capo.com\/?page_id=2564"},"modified":"2021-06-18T10:19:19","modified_gmt":"2021-06-18T08:19:19","slug":"impression","status":"publish","type":"page","link":"https:\/\/villasicula-capo.com\/fr\/impression\/","title":{"rendered":"Impression"},"content":{"rendered":"<div class=\"block core-heading \">\n<h2 class=\"wp-block-heading\">Impression<\/h2>\n<\/div><div class=\"block core-paragraph \">\n<p>VILLA SICULA S.r.l.s.<br>via Piave, 24<br>98071 Capo d\u2019Orlando (ME)<br>Italie<\/p>\n<\/div><div class=\"block core-paragraph \">\n<p>T\u00e9l\u00e9phone: +49 (0) 211 94 25 63 99<br>Courriel: <a href=\"mailto:mail@till-brunecker.de\"><strong>contact@villasicula.org<\/strong><\/a><\/p>\n<\/div><div class=\"block core-paragraph \">\n<p>Repr\u00e9sentante autoris\u00e9e: Beate Butsch<\/p>\n<\/div><div class=\"block core-paragraph \">\n<p><strong><strong>Registre<\/strong><\/strong><br>Camera di Commercio di MESSINA<br>(Chambre de commerce de Messine)<br><br>Codice fiscale e&nbsp;numero d\u2018iscrizione al Registro Imprese<br>(Num\u00e9ro dans le registre du commerce)<br>03566640839<br><br>Numero repertorio economico amministrativo (REA)<br>ME-246256<br><br>Partita IVA (num\u00e9ro de TVA)<br>03566640839<\/p>\n<\/div><div class=\"block core-paragraph \">\n<p>En cas de litige, les consommateurs peuvent utiliser la plateforme de r\u00e9solution des litiges en ligne de la Commission europ\u00e9enne \u00e0 l&rsquo;adresse <strong>http:\/\/ec.europa.eu\/consumers\/odr\/<\/strong> pour r\u00e9soudre les diff\u00e9rends. Nous ne participons pas \u00e0 une proc\u00e9dure de r\u00e8glement des litiges devant une commission d&rsquo;arbitrage des consommateurs.<\/p>\n<\/div>","protected":false},"excerpt":{"rendered":"<p>Impression VILLA SICULA S.r.l.s.via Piave, 2498071 Capo d\u2019Orlando (ME)Italie T\u00e9l\u00e9phone: +49 (0) 211 94 25 63 99Courriel: contact@villasicula.org Repr\u00e9sentante autoris\u00e9e: Beate Butsch RegistreCamera di Commercio di MESSINA(Chambre de commerce de Messine) Codice fiscale e&nbsp;numero d\u2018iscrizione al Registro Imprese(Num\u00e9ro dans le registre du commerce)03566640839 Numero repertorio economico amministrativo (REA)ME-246256 Partita IVA (num\u00e9ro de TVA)03566640839 En cas [&hellip;]<\/p>\n","protected":false},"author":4,"featured_media":1855,"parent":0,"menu_order":0,"comment_status":"closed","ping_status":"closed","template":"","meta":{"_acf_changed":false,"footnotes":""},"class_list":["post-2564","page","type-page","status-publish","has-post-thumbnail","hentry"],"acf":[],"yoast_head":"<!-- This site is optimized with the Yoast SEO plugin v24.0 - https:\/\/yoast.com\/wordpress\/plugins\/seo\/ -->\n<title>Impression | Villa Sicula<\/title>\n<meta name=\"description\" content=\"Mentions l\u00e9gales et informations compl\u00e9mentaires concernant la Villa Sicula. Vous pouvez \u00e9galement trouver votre voyage de r\u00eave personnel sur l&#039;\u00eele de Sicile ICI!\" \/>\n<meta name=\"robots\" content=\"index, follow, max-snippet:-1, max-image-preview:large, max-video-preview:-1\" \/>\n<link rel=\"canonical\" href=\"https:\/\/villasicula-capo.com\/fr\/impression\/\" \/>\n<meta property=\"og:locale\" content=\"fr_FR\" \/>\n<meta property=\"og:type\" content=\"article\" \/>\n<meta property=\"og:title\" content=\"Impression | Villa Sicula\" \/>\n<meta property=\"og:description\" content=\"Mentions l\u00e9gales et informations compl\u00e9mentaires concernant la Villa Sicula. Vous pouvez \u00e9galement trouver votre voyage de r\u00eave personnel sur l&#039;\u00eele de Sicile ICI!\" \/>\n<meta property=\"og:url\" content=\"https:\/\/villasicula-capo.com\/fr\/impression\/\" \/>\n<meta property=\"og:site_name\" content=\"Villa Sicula\" \/>\n<meta property=\"og:image\" content=\"https:\/\/villasicula-capo.com\/wp-content\/uploads\/2020\/12\/dummy-stage.jpg\" \/>\n\t<meta property=\"og:image:width\" content=\"1440\" \/>\n\t<meta property=\"og:image:height\" content=\"810\" \/>\n\t<meta property=\"og:image:type\" content=\"image\/jpeg\" \/>\n<meta name=\"twitter:card\" content=\"summary_large_image\" \/>\n<meta name=\"twitter:label1\" content=\"Dur\u00e9e de lecture estim\u00e9e\" \/>\n\t<meta name=\"twitter:data1\" content=\"1 minute\" \/>\n<script type=\"application\/ld+json\" class=\"yoast-schema-graph\">{\"@context\":\"https:\/\/schema.org\",\"@graph\":[{\"@type\":\"WebPage\",\"@id\":\"https:\/\/villasicula-capo.com\/fr\/impression\/\",\"url\":\"https:\/\/villasicula-capo.com\/fr\/impression\/\",\"name\":\"Impression | Villa Sicula\",\"isPartOf\":{\"@id\":\"https:\/\/villasicula-capo.com\/fr\/#website\"},\"primaryImageOfPage\":{\"@id\":\"https:\/\/villasicula-capo.com\/fr\/impression\/#primaryimage\"},\"image\":{\"@id\":\"https:\/\/villasicula-capo.com\/fr\/impression\/#primaryimage\"},\"thumbnailUrl\":\"https:\/\/villasicula-capo.com\/wp-content\/uploads\/2020\/12\/dummy-stage.jpg\",\"datePublished\":\"2021-06-18T08:19:19+00:00\",\"dateModified\":\"2021-06-18T08:19:19+00:00\",\"description\":\"Mentions l\u00e9gales et informations compl\u00e9mentaires concernant la Villa Sicula. Vous pouvez \u00e9galement trouver votre voyage de r\u00eave personnel sur l'\u00eele de Sicile ICI!\",\"inLanguage\":\"fr-FR\",\"potentialAction\":[{\"@type\":\"ReadAction\",\"target\":[\"https:\/\/villasicula-capo.com\/fr\/impression\/\"]}]},{\"@type\":\"ImageObject\",\"inLanguage\":\"fr-FR\",\"@id\":\"https:\/\/villasicula-capo.com\/fr\/impression\/#primaryimage\",\"url\":\"https:\/\/villasicula-capo.com\/wp-content\/uploads\/2020\/12\/dummy-stage.jpg\",\"contentUrl\":\"https:\/\/villasicula-capo.com\/wp-content\/uploads\/2020\/12\/dummy-stage.jpg\",\"width\":1440,\"height\":810},{\"@type\":\"WebSite\",\"@id\":\"https:\/\/villasicula-capo.com\/fr\/#website\",\"url\":\"https:\/\/villasicula-capo.com\/fr\/\",\"name\":\"Villa Sicula\",\"description\":\"\",\"publisher\":{\"@id\":\"https:\/\/villasicula-capo.com\/fr\/#organization\"},\"potentialAction\":[{\"@type\":\"SearchAction\",\"target\":{\"@type\":\"EntryPoint\",\"urlTemplate\":\"https:\/\/villasicula-capo.com\/fr\/?s={search_term_string}\"},\"query-input\":{\"@type\":\"PropertyValueSpecification\",\"valueRequired\":true,\"valueName\":\"search_term_string\"}}],\"inLanguage\":\"fr-FR\"},{\"@type\":\"Organization\",\"@id\":\"https:\/\/villasicula-capo.com\/fr\/#organization\",\"name\":\"Villa Sicula\",\"url\":\"https:\/\/villasicula-capo.com\/fr\/\",\"logo\":{\"@type\":\"ImageObject\",\"inLanguage\":\"fr-FR\",\"@id\":\"https:\/\/villasicula-capo.com\/fr\/#\/schema\/logo\/image\/\",\"url\":\"https:\/\/villasicula-capo.com\/wp-content\/uploads\/2023\/02\/cropped-Villa-Sicula-del-Capo_klein.png\",\"contentUrl\":\"https:\/\/villasicula-capo.com\/wp-content\/uploads\/2023\/02\/cropped-Villa-Sicula-del-Capo_klein.png\",\"width\":360,\"height\":225,\"caption\":\"Villa Sicula\"},\"image\":{\"@id\":\"https:\/\/villasicula-capo.com\/fr\/#\/schema\/logo\/image\/\"}}]}<\/script>\n<!-- \/ Yoast SEO plugin. -->","yoast_head_json":{"title":"Impression | Villa Sicula","description":"Mentions l\u00e9gales et informations compl\u00e9mentaires concernant la Villa Sicula. Vous pouvez \u00e9galement trouver votre voyage de r\u00eave personnel sur l'\u00eele de Sicile ICI!","robots":{"index":"index","follow":"follow","max-snippet":"max-snippet:-1","max-image-preview":"max-image-preview:large","max-video-preview":"max-video-preview:-1"},"canonical":"https:\/\/villasicula-capo.com\/fr\/impression\/","og_locale":"fr_FR","og_type":"article","og_title":"Impression | Villa Sicula","og_description":"Mentions l\u00e9gales et informations compl\u00e9mentaires concernant la Villa Sicula. Vous pouvez \u00e9galement trouver votre voyage de r\u00eave personnel sur l'\u00eele de Sicile ICI!","og_url":"https:\/\/villasicula-capo.com\/fr\/impression\/","og_site_name":"Villa Sicula","og_image":[{"width":1440,"height":810,"url":"https:\/\/villasicula-capo.com\/wp-content\/uploads\/2020\/12\/dummy-stage.jpg","type":"image\/jpeg"}],"twitter_card":"summary_large_image","twitter_misc":{"Dur\u00e9e de lecture estim\u00e9e":"1 minute"},"schema":{"@context":"https:\/\/schema.org","@graph":[{"@type":"WebPage","@id":"https:\/\/villasicula-capo.com\/fr\/impression\/","url":"https:\/\/villasicula-capo.com\/fr\/impression\/","name":"Impression | Villa Sicula","isPartOf":{"@id":"https:\/\/villasicula-capo.com\/fr\/#website"},"primaryImageOfPage":{"@id":"https:\/\/villasicula-capo.com\/fr\/impression\/#primaryimage"},"image":{"@id":"https:\/\/villasicula-capo.com\/fr\/impression\/#primaryimage"},"thumbnailUrl":"https:\/\/villasicula-capo.com\/wp-content\/uploads\/2020\/12\/dummy-stage.jpg","datePublished":"2021-06-18T08:19:19+00:00","dateModified":"2021-06-18T08:19:19+00:00","description":"Mentions l\u00e9gales et informations compl\u00e9mentaires concernant la Villa Sicula. Vous pouvez \u00e9galement trouver votre voyage de r\u00eave personnel sur l'\u00eele de Sicile ICI!","inLanguage":"fr-FR","potentialAction":[{"@type":"ReadAction","target":["https:\/\/villasicula-capo.com\/fr\/impression\/"]}]},{"@type":"ImageObject","inLanguage":"fr-FR","@id":"https:\/\/villasicula-capo.com\/fr\/impression\/#primaryimage","url":"https:\/\/villasicula-capo.com\/wp-content\/uploads\/2020\/12\/dummy-stage.jpg","contentUrl":"https:\/\/villasicula-capo.com\/wp-content\/uploads\/2020\/12\/dummy-stage.jpg","width":1440,"height":810},{"@type":"WebSite","@id":"https:\/\/villasicula-capo.com\/fr\/#website","url":"https:\/\/villasicula-capo.com\/fr\/","name":"Villa Sicula","description":"","publisher":{"@id":"https:\/\/villasicula-capo.com\/fr\/#organization"},"potentialAction":[{"@type":"SearchAction","target":{"@type":"EntryPoint","urlTemplate":"https:\/\/villasicula-capo.com\/fr\/?s={search_term_string}"},"query-input":{"@type":"PropertyValueSpecification","valueRequired":true,"valueName":"search_term_string"}}],"inLanguage":"fr-FR"},{"@type":"Organization","@id":"https:\/\/villasicula-capo.com\/fr\/#organization","name":"Villa Sicula","url":"https:\/\/villasicula-capo.com\/fr\/","logo":{"@type":"ImageObject","inLanguage":"fr-FR","@id":"https:\/\/villasicula-capo.com\/fr\/#\/schema\/logo\/image\/","url":"https:\/\/villasicula-capo.com\/wp-content\/uploads\/2023\/02\/cropped-Villa-Sicula-del-Capo_klein.png","contentUrl":"https:\/\/villasicula-capo.com\/wp-content\/uploads\/2023\/02\/cropped-Villa-Sicula-del-Capo_klein.png","width":360,"height":225,"caption":"Villa Sicula"},"image":{"@id":"https:\/\/villasicula-capo.com\/fr\/#\/schema\/logo\/image\/"}}]}},"_links":{"self":[{"href":"https:\/\/villasicula-capo.com\/fr\/wp-json\/wp\/v2\/pages\/2564","targetHints":{"allow":["GET"]}}],"collection":[{"href":"https:\/\/villasicula-capo.com\/fr\/wp-json\/wp\/v2\/pages"}],"about":[{"href":"https:\/\/villasicula-capo.com\/fr\/wp-json\/wp\/v2\/types\/page"}],"author":[{"embeddable":true,"href":"https:\/\/villasicula-capo.com\/fr\/wp-json\/wp\/v2\/users\/4"}],"replies":[{"embeddable":true,"href":"https:\/\/villasicula-capo.com\/fr\/wp-json\/wp\/v2\/comments?post=2564"}],"version-history":[{"count":0,"href":"https:\/\/villasicula-capo.com\/fr\/wp-json\/wp\/v2\/pages\/2564\/revisions"}],"wp:featuredmedia":[{"embeddable":true,"href":"https:\/\/villasicula-capo.com\/fr\/wp-json\/wp\/v2\/media\/1855"}],"wp:attachment":[{"href":"https:\/\/villasicula-capo.com\/fr\/wp-json\/wp\/v2\/media?parent=2564"}],"curies":[{"name":"wp","href":"https:\/\/api.w.org\/{rel}","templated":true}]}}