{"id":2559,"date":"2021-06-18T09:30:47","date_gmt":"2021-06-18T07:30:47","guid":{"rendered":"https:\/\/villasicula-capo.com\/?page_id=2559"},"modified":"2024-12-15T10:44:51","modified_gmt":"2024-12-15T09:44:51","slug":"mariages-et-celebrations","status":"publish","type":"page","link":"https:\/\/villasicula-capo.com\/fr\/mariages-et-celebrations\/","title":{"rendered":"Mariages et c\u00e9l\u00e9brations"},"content":{"rendered":"\t\t<div data-elementor-type=\"wp-page\" data-elementor-id=\"2559\" class=\"elementor elementor-2559 elementor-151\" data-elementor-post-type=\"page\">\n\t\t\t\t<div class=\"elementor-element elementor-element-57b0c8f e-flex e-con-boxed e-con e-parent\" data-id=\"57b0c8f\" data-element_type=\"container\">\n\t\t\t\t\t<div class=\"e-con-inner\">\n\t\t\t\t<div class=\"elementor-element elementor-element-0b67092 elementor-widget elementor-widget-heading\" data-id=\"0b67092\" data-element_type=\"widget\" data-widget_type=\"heading.default\">\n\t\t\t\t<div class=\"elementor-widget-container\">\n\t\t\t<h4 class=\"elementor-heading-title elementor-size-default\">Mariages et c\u00e9l\u00e9brations<\/h4>\t\t<\/div>\n\t\t\t\t<\/div>\n\t\t\t\t<div class=\"elementor-element elementor-element-697fe0b9 elementor-widget elementor-widget-text-editor\" data-id=\"697fe0b9\" data-element_type=\"widget\" data-widget_type=\"text-editor.default\">\n\t\t\t\t<div class=\"elementor-widget-container\">\n\t\t\t\t\t\t\t\n<p><br \/>Vivez le mariage de vos r\u00eaves dans une ambiance tr\u00e8s particuli\u00e8re : la VILLA SICULA vous offre les meilleures conditions pour une c\u00e9l\u00e9bration inoubliable sur un espace ext\u00e9rieur polyvalent. C\u00e9l\u00e9brez votre c\u00e9r\u00e9monie dans le temple du parc pendant que vos invit\u00e9s prennent place dans l&rsquo;ar\u00e8ne. Le son d&rsquo;un orchestre prend tout son sens sous le d\u00f4me. En fonction de vos souhaits individuels, nous concevons avec vous votre journ\u00e9e m\u00e9morable dans un cadre extraordinaire.<\/p>\n\n<p>La VILLA SICULA offre \u00e9galement le cadre id\u00e9al pour les f\u00eates de famille, les \u00e9v\u00e9nements d&rsquo;entreprise et autres occasions exceptionnelles pour une exp\u00e9rience unique.<\/p>\n\n<p>Le domaine peut accueillir des c\u00e9l\u00e9brations jusqu&rsquo;\u00e0 100 personnes.\u00a0<\/p>\n\t\t\t\t\t\t<\/div>\n\t\t\t\t<\/div>\n\t\t\t\t\t<\/div>\n\t\t\t\t<\/div>\n\t\t<div class=\"elementor-element elementor-element-10ed4aae e-flex e-con-boxed e-con e-parent\" data-id=\"10ed4aae\" data-element_type=\"container\">\n\t\t\t\t\t<div class=\"e-con-inner\">\n\t\t\t\t<div class=\"elementor-element elementor-element-60c04641 elementor-widget elementor-widget-gallery\" data-id=\"60c04641\" data-element_type=\"widget\" data-settings=\"{&quot;lazyload&quot;:&quot;yes&quot;,&quot;gallery_layout&quot;:&quot;grid&quot;,&quot;columns&quot;:4,&quot;columns_tablet&quot;:2,&quot;columns_mobile&quot;:1,&quot;gap&quot;:{&quot;unit&quot;:&quot;px&quot;,&quot;size&quot;:10,&quot;sizes&quot;:[]},&quot;gap_tablet&quot;:{&quot;unit&quot;:&quot;px&quot;,&quot;size&quot;:10,&quot;sizes&quot;:[]},&quot;gap_mobile&quot;:{&quot;unit&quot;:&quot;px&quot;,&quot;size&quot;:10,&quot;sizes&quot;:[]},&quot;link_to&quot;:&quot;file&quot;,&quot;aspect_ratio&quot;:&quot;3:2&quot;,&quot;overlay_background&quot;:&quot;yes&quot;,&quot;content_hover_animation&quot;:&quot;fade-in&quot;}\" data-widget_type=\"gallery.default\">\n\t\t\t\t<div class=\"elementor-widget-container\">\n\t\t\t\t\t<div class=\"elementor-gallery__container\">\n\t\t\t\t\t\t\t<a class=\"e-gallery-item elementor-gallery-item elementor-animated-content\" href=\"https:\/\/villasicula-capo.com\/wp-content\/uploads\/2021\/01\/Hochzeit-Villa-Sicula-13-1.jpg\" data-elementor-open-lightbox=\"yes\" data-elementor-lightbox-slideshow=\"60c04641\" data-elementor-lightbox-title=\"Hochzeit Villa Sicula-13\" data-e-action-hash=\"#elementor-action%3Aaction%3Dlightbox%26settings%3DeyJpZCI6MjUzLCJ1cmwiOiJodHRwczpcL1wvdmlsbGFzaWN1bGEtY2Fwby5jb21cL3dwLWNvbnRlbnRcL3VwbG9hZHNcLzIwMjFcLzAxXC9Ib2NoemVpdC1WaWxsYS1TaWN1bGEtMTMtMS5qcGciLCJzbGlkZXNob3ciOiI2MGMwNDY0MSJ9\">\n\t\t\t\t\t<div class=\"e-gallery-image elementor-gallery-item__image\" data-thumbnail=\"https:\/\/villasicula-capo.com\/wp-content\/uploads\/2021\/01\/Hochzeit-Villa-Sicula-13-1-1200x800.jpg\" data-width=\"1200\" data-height=\"800\" aria-label=\"\" role=\"img\" ><\/div>\n\t\t\t\t\t\t\t\t\t\t\t<div class=\"elementor-gallery-item__overlay\"><\/div>\n\t\t\t\t\t\t\t\t\t\t\t\t\t\t<\/a>\n\t\t\t\t\t\t\t<a class=\"e-gallery-item elementor-gallery-item elementor-animated-content\" href=\"https:\/\/villasicula-capo.com\/wp-content\/uploads\/2021\/01\/Hochzeit-Villa-Sicula-9-1.jpg\" data-elementor-open-lightbox=\"yes\" data-elementor-lightbox-slideshow=\"60c04641\" data-elementor-lightbox-title=\"Hochzeit Villa Sicula-9\" data-e-action-hash=\"#elementor-action%3Aaction%3Dlightbox%26settings%3DeyJpZCI6MjQ5LCJ1cmwiOiJodHRwczpcL1wvdmlsbGFzaWN1bGEtY2Fwby5jb21cL3dwLWNvbnRlbnRcL3VwbG9hZHNcLzIwMjFcLzAxXC9Ib2NoemVpdC1WaWxsYS1TaWN1bGEtOS0xLmpwZyIsInNsaWRlc2hvdyI6IjYwYzA0NjQxIn0%3D\">\n\t\t\t\t\t<div class=\"e-gallery-image elementor-gallery-item__image\" data-thumbnail=\"https:\/\/villasicula-capo.com\/wp-content\/uploads\/2021\/01\/Hochzeit-Villa-Sicula-9-1-1200x800.jpg\" data-width=\"1200\" data-height=\"800\" aria-label=\"\" role=\"img\" ><\/div>\n\t\t\t\t\t\t\t\t\t\t\t<div class=\"elementor-gallery-item__overlay\"><\/div>\n\t\t\t\t\t\t\t\t\t\t\t\t\t\t<\/a>\n\t\t\t\t\t\t\t<a class=\"e-gallery-item elementor-gallery-item elementor-animated-content\" href=\"https:\/\/villasicula-capo.com\/wp-content\/uploads\/2021\/01\/Hochzeit-Villa-Sicula-11-1.jpg\" data-elementor-open-lightbox=\"yes\" data-elementor-lightbox-slideshow=\"60c04641\" data-elementor-lightbox-title=\"Hochzeit Villa Sicula-11\" data-e-action-hash=\"#elementor-action%3Aaction%3Dlightbox%26settings%3DeyJpZCI6MjUxLCJ1cmwiOiJodHRwczpcL1wvdmlsbGFzaWN1bGEtY2Fwby5jb21cL3dwLWNvbnRlbnRcL3VwbG9hZHNcLzIwMjFcLzAxXC9Ib2NoemVpdC1WaWxsYS1TaWN1bGEtMTEtMS5qcGciLCJzbGlkZXNob3ciOiI2MGMwNDY0MSJ9\">\n\t\t\t\t\t<div class=\"e-gallery-image elementor-gallery-item__image\" data-thumbnail=\"https:\/\/villasicula-capo.com\/wp-content\/uploads\/2021\/01\/Hochzeit-Villa-Sicula-11-1-1200x800.jpg\" data-width=\"1200\" data-height=\"800\" aria-label=\"\" role=\"img\" ><\/div>\n\t\t\t\t\t\t\t\t\t\t\t<div class=\"elementor-gallery-item__overlay\"><\/div>\n\t\t\t\t\t\t\t\t\t\t\t\t\t\t<\/a>\n\t\t\t\t\t\t\t<a class=\"e-gallery-item elementor-gallery-item elementor-animated-content\" href=\"https:\/\/villasicula-capo.com\/wp-content\/uploads\/2021\/01\/Hochzeit-Villa-Sicula-12-1.jpg\" data-elementor-open-lightbox=\"yes\" data-elementor-lightbox-slideshow=\"60c04641\" data-elementor-lightbox-title=\"Hochzeit Villa Sicula-12\" data-e-action-hash=\"#elementor-action%3Aaction%3Dlightbox%26settings%3DeyJpZCI6MjUyLCJ1cmwiOiJodHRwczpcL1wvdmlsbGFzaWN1bGEtY2Fwby5jb21cL3dwLWNvbnRlbnRcL3VwbG9hZHNcLzIwMjFcLzAxXC9Ib2NoemVpdC1WaWxsYS1TaWN1bGEtMTItMS5qcGciLCJzbGlkZXNob3ciOiI2MGMwNDY0MSJ9\">\n\t\t\t\t\t<div class=\"e-gallery-image elementor-gallery-item__image\" data-thumbnail=\"https:\/\/villasicula-capo.com\/wp-content\/uploads\/2021\/01\/Hochzeit-Villa-Sicula-12-1-1200x800.jpg\" data-width=\"1200\" data-height=\"800\" aria-label=\"\" role=\"img\" ><\/div>\n\t\t\t\t\t\t\t\t\t\t\t<div class=\"elementor-gallery-item__overlay\"><\/div>\n\t\t\t\t\t\t\t\t\t\t\t\t\t\t<\/a>\n\t\t\t\t\t\t\t<a class=\"e-gallery-item elementor-gallery-item elementor-animated-content\" href=\"https:\/\/villasicula-capo.com\/wp-content\/uploads\/2021\/01\/Hochzeit-Villa-Sicula-2.jpg\" data-elementor-open-lightbox=\"yes\" data-elementor-lightbox-slideshow=\"60c04641\" data-elementor-lightbox-title=\"Hochzeit-Villa-Sicula-2\" data-e-action-hash=\"#elementor-action%3Aaction%3Dlightbox%26settings%3DeyJpZCI6MTk3LCJ1cmwiOiJodHRwczpcL1wvdmlsbGFzaWN1bGEtY2Fwby5jb21cL3dwLWNvbnRlbnRcL3VwbG9hZHNcLzIwMjFcLzAxXC9Ib2NoemVpdC1WaWxsYS1TaWN1bGEtMi5qcGciLCJzbGlkZXNob3ciOiI2MGMwNDY0MSJ9\">\n\t\t\t\t\t<div class=\"e-gallery-image elementor-gallery-item__image\" data-thumbnail=\"https:\/\/villasicula-capo.com\/wp-content\/uploads\/2021\/01\/Hochzeit-Villa-Sicula-2-1200x675.jpg\" data-width=\"1200\" data-height=\"675\" aria-label=\"\" role=\"img\" ><\/div>\n\t\t\t\t\t\t\t\t\t\t\t<div class=\"elementor-gallery-item__overlay\"><\/div>\n\t\t\t\t\t\t\t\t\t\t\t\t\t\t<\/a>\n\t\t\t\t\t\t\t<a class=\"e-gallery-item elementor-gallery-item elementor-animated-content\" href=\"https:\/\/villasicula-capo.com\/wp-content\/uploads\/2021\/01\/Hochzeit-Villa-Sicula-10-1.jpg\" data-elementor-open-lightbox=\"yes\" data-elementor-lightbox-slideshow=\"60c04641\" data-elementor-lightbox-title=\"Hochzeit Villa Sicula-10\" data-e-action-hash=\"#elementor-action%3Aaction%3Dlightbox%26settings%3DeyJpZCI6MjUwLCJ1cmwiOiJodHRwczpcL1wvdmlsbGFzaWN1bGEtY2Fwby5jb21cL3dwLWNvbnRlbnRcL3VwbG9hZHNcLzIwMjFcLzAxXC9Ib2NoemVpdC1WaWxsYS1TaWN1bGEtMTAtMS5qcGciLCJzbGlkZXNob3ciOiI2MGMwNDY0MSJ9\">\n\t\t\t\t\t<div class=\"e-gallery-image elementor-gallery-item__image\" data-thumbnail=\"https:\/\/villasicula-capo.com\/wp-content\/uploads\/2021\/01\/Hochzeit-Villa-Sicula-10-1-1200x800.jpg\" data-width=\"1200\" data-height=\"800\" aria-label=\"\" role=\"img\" ><\/div>\n\t\t\t\t\t\t\t\t\t\t\t<div class=\"elementor-gallery-item__overlay\"><\/div>\n\t\t\t\t\t\t\t\t\t\t\t\t\t\t<\/a>\n\t\t\t\t\t\t\t<a class=\"e-gallery-item elementor-gallery-item elementor-animated-content\" href=\"https:\/\/villasicula-capo.com\/wp-content\/uploads\/2021\/01\/Hochzeit-Villa-Sicula-22.jpg\" data-elementor-open-lightbox=\"yes\" data-elementor-lightbox-slideshow=\"60c04641\" data-elementor-lightbox-title=\"Hochzeit Villa Sicula\" data-e-action-hash=\"#elementor-action%3Aaction%3Dlightbox%26settings%3DeyJpZCI6MjYyLCJ1cmwiOiJodHRwczpcL1wvdmlsbGFzaWN1bGEtY2Fwby5jb21cL3dwLWNvbnRlbnRcL3VwbG9hZHNcLzIwMjFcLzAxXC9Ib2NoemVpdC1WaWxsYS1TaWN1bGEtMjIuanBnIiwic2xpZGVzaG93IjoiNjBjMDQ2NDEifQ%3D%3D\">\n\t\t\t\t\t<div class=\"e-gallery-image elementor-gallery-item__image\" data-thumbnail=\"https:\/\/villasicula-capo.com\/wp-content\/uploads\/2021\/01\/Hochzeit-Villa-Sicula-22-1200x800.jpg\" data-width=\"1200\" data-height=\"800\" aria-label=\"\" role=\"img\" ><\/div>\n\t\t\t\t\t\t\t\t\t\t\t<div class=\"elementor-gallery-item__overlay\"><\/div>\n\t\t\t\t\t\t\t\t\t\t\t\t\t\t<\/a>\n\t\t\t\t\t\t\t<a class=\"e-gallery-item elementor-gallery-item elementor-animated-content\" href=\"https:\/\/villasicula-capo.com\/wp-content\/uploads\/2021\/01\/Hochzeit-Villa-Sicula-18-1.jpg\" data-elementor-open-lightbox=\"yes\" data-elementor-lightbox-slideshow=\"60c04641\" data-elementor-lightbox-title=\"Hochzeit Villa Sicula-18\" data-e-action-hash=\"#elementor-action%3Aaction%3Dlightbox%26settings%3DeyJpZCI6MjU4LCJ1cmwiOiJodHRwczpcL1wvdmlsbGFzaWN1bGEtY2Fwby5jb21cL3dwLWNvbnRlbnRcL3VwbG9hZHNcLzIwMjFcLzAxXC9Ib2NoemVpdC1WaWxsYS1TaWN1bGEtMTgtMS5qcGciLCJzbGlkZXNob3ciOiI2MGMwNDY0MSJ9\">\n\t\t\t\t\t<div class=\"e-gallery-image elementor-gallery-item__image\" data-thumbnail=\"https:\/\/villasicula-capo.com\/wp-content\/uploads\/2021\/01\/Hochzeit-Villa-Sicula-18-1-1200x800.jpg\" data-width=\"1200\" data-height=\"800\" aria-label=\"\" role=\"img\" ><\/div>\n\t\t\t\t\t\t\t\t\t\t\t<div class=\"elementor-gallery-item__overlay\"><\/div>\n\t\t\t\t\t\t\t\t\t\t\t\t\t\t<\/a>\n\t\t\t\t\t\t\t<a class=\"e-gallery-item elementor-gallery-item elementor-animated-content\" href=\"https:\/\/villasicula-capo.com\/wp-content\/uploads\/2021\/01\/Hochzeit-Villa-Sicula-1.jpg\" data-elementor-open-lightbox=\"yes\" data-elementor-lightbox-slideshow=\"60c04641\" data-elementor-lightbox-title=\"Hochzeit-Villa-Sicula-1\" data-e-action-hash=\"#elementor-action%3Aaction%3Dlightbox%26settings%3DeyJpZCI6MTk2LCJ1cmwiOiJodHRwczpcL1wvdmlsbGFzaWN1bGEtY2Fwby5jb21cL3dwLWNvbnRlbnRcL3VwbG9hZHNcLzIwMjFcLzAxXC9Ib2NoemVpdC1WaWxsYS1TaWN1bGEtMS5qcGciLCJzbGlkZXNob3ciOiI2MGMwNDY0MSJ9\">\n\t\t\t\t\t<div class=\"e-gallery-image elementor-gallery-item__image\" data-thumbnail=\"https:\/\/villasicula-capo.com\/wp-content\/uploads\/2021\/01\/Hochzeit-Villa-Sicula-1-1200x675.jpg\" data-width=\"1200\" data-height=\"675\" aria-label=\"\" role=\"img\" ><\/div>\n\t\t\t\t\t\t\t\t\t\t\t<div class=\"elementor-gallery-item__overlay\"><\/div>\n\t\t\t\t\t\t\t\t\t\t\t\t\t\t<\/a>\n\t\t\t\t\t\t\t<a class=\"e-gallery-item elementor-gallery-item elementor-animated-content\" href=\"https:\/\/villasicula-capo.com\/wp-content\/uploads\/2021\/01\/Hochzeit-Villa-Sicula-4.jpg\" data-elementor-open-lightbox=\"yes\" data-elementor-lightbox-slideshow=\"60c04641\" data-elementor-lightbox-title=\"Hochzeit-Villa-Sicula-4\" data-e-action-hash=\"#elementor-action%3Aaction%3Dlightbox%26settings%3DeyJpZCI6MTk5LCJ1cmwiOiJodHRwczpcL1wvdmlsbGFzaWN1bGEtY2Fwby5jb21cL3dwLWNvbnRlbnRcL3VwbG9hZHNcLzIwMjFcLzAxXC9Ib2NoemVpdC1WaWxsYS1TaWN1bGEtNC5qcGciLCJzbGlkZXNob3ciOiI2MGMwNDY0MSJ9\">\n\t\t\t\t\t<div class=\"e-gallery-image elementor-gallery-item__image\" data-thumbnail=\"https:\/\/villasicula-capo.com\/wp-content\/uploads\/2021\/01\/Hochzeit-Villa-Sicula-4-1200x675.jpg\" data-width=\"1200\" data-height=\"675\" aria-label=\"\" role=\"img\" ><\/div>\n\t\t\t\t\t\t\t\t\t\t\t<div class=\"elementor-gallery-item__overlay\"><\/div>\n\t\t\t\t\t\t\t\t\t\t\t\t\t\t<\/a>\n\t\t\t\t\t\t\t<a class=\"e-gallery-item elementor-gallery-item elementor-animated-content\" href=\"https:\/\/villasicula-capo.com\/wp-content\/uploads\/2021\/01\/Hochzeit-Villa-Sicula-7.jpg\" data-elementor-open-lightbox=\"yes\" data-elementor-lightbox-slideshow=\"60c04641\" data-elementor-lightbox-title=\"Hochzeit Villa Sicula-7\" data-e-action-hash=\"#elementor-action%3Aaction%3Dlightbox%26settings%3DeyJpZCI6MjI1LCJ1cmwiOiJodHRwczpcL1wvdmlsbGFzaWN1bGEtY2Fwby5jb21cL3dwLWNvbnRlbnRcL3VwbG9hZHNcLzIwMjFcLzAxXC9Ib2NoemVpdC1WaWxsYS1TaWN1bGEtNy5qcGciLCJzbGlkZXNob3ciOiI2MGMwNDY0MSJ9\">\n\t\t\t\t\t<div class=\"e-gallery-image elementor-gallery-item__image\" data-thumbnail=\"https:\/\/villasicula-capo.com\/wp-content\/uploads\/2021\/01\/Hochzeit-Villa-Sicula-7-1200x800.jpg\" data-width=\"1200\" data-height=\"800\" aria-label=\"\" role=\"img\" ><\/div>\n\t\t\t\t\t\t\t\t\t\t\t<div class=\"elementor-gallery-item__overlay\"><\/div>\n\t\t\t\t\t\t\t\t\t\t\t\t\t\t<\/a>\n\t\t\t\t\t\t\t<a class=\"e-gallery-item elementor-gallery-item elementor-animated-content\" href=\"https:\/\/villasicula-capo.com\/wp-content\/uploads\/2021\/01\/Hochzeit-Villa-Sicula-9.jpg\" data-elementor-open-lightbox=\"yes\" data-elementor-lightbox-slideshow=\"60c04641\" data-elementor-lightbox-title=\"Hochzeit Villa Sicula-9\" data-e-action-hash=\"#elementor-action%3Aaction%3Dlightbox%26settings%3DeyJpZCI6MjI3LCJ1cmwiOiJodHRwczpcL1wvdmlsbGFzaWN1bGEtY2Fwby5jb21cL3dwLWNvbnRlbnRcL3VwbG9hZHNcLzIwMjFcLzAxXC9Ib2NoemVpdC1WaWxsYS1TaWN1bGEtOS5qcGciLCJzbGlkZXNob3ciOiI2MGMwNDY0MSJ9\">\n\t\t\t\t\t<div class=\"e-gallery-image elementor-gallery-item__image\" data-thumbnail=\"https:\/\/villasicula-capo.com\/wp-content\/uploads\/2021\/01\/Hochzeit-Villa-Sicula-9-1200x800.jpg\" data-width=\"1200\" data-height=\"800\" aria-label=\"\" role=\"img\" ><\/div>\n\t\t\t\t\t\t\t\t\t\t\t<div class=\"elementor-gallery-item__overlay\"><\/div>\n\t\t\t\t\t\t\t\t\t\t\t\t\t\t<\/a>\n\t\t\t\t\t<\/div>\n\t\t\t<\/div>\n\t\t\t\t<\/div>\n\t\t\t\t\t<\/div>\n\t\t\t\t<\/div>\n\t\t\t\t<\/div>\n\t\t","protected":false},"excerpt":{"rendered":"<p>Mariages et c\u00e9l\u00e9brations Vivez le mariage de vos r\u00eaves dans une ambiance tr\u00e8s particuli\u00e8re : la VILLA SICULA vous offre les meilleures conditions pour une c\u00e9l\u00e9bration inoubliable sur un espace ext\u00e9rieur polyvalent. C\u00e9l\u00e9brez votre c\u00e9r\u00e9monie dans le temple du parc pendant que vos invit\u00e9s prennent place dans l&rsquo;ar\u00e8ne. Le son d&rsquo;un orchestre prend tout son [&hellip;]<\/p>\n","protected":false},"author":4,"featured_media":1883,"parent":0,"menu_order":0,"comment_status":"closed","ping_status":"closed","template":"","meta":{"_acf_changed":false,"footnotes":""},"class_list":["post-2559","page","type-page","status-publish","has-post-thumbnail","hentry"],"acf":[],"yoast_head":"<!-- This site is optimized with the Yoast SEO plugin v24.0 - https:\/\/yoast.com\/wordpress\/plugins\/seo\/ -->\n<title>Mariages et c\u00e9l\u00e9brations | Villa Sicula<\/title>\n<meta name=\"description\" content=\"C\u00e9l\u00e9brez votre mariage dans la magnifique Villa Sicula en Sicile. Nous organisons pour vous des f\u00eates et des c\u00e9l\u00e9brations familiales inoubliables.\" \/>\n<meta name=\"robots\" content=\"index, follow, max-snippet:-1, max-image-preview:large, max-video-preview:-1\" \/>\n<link rel=\"canonical\" href=\"https:\/\/villasicula-capo.com\/fr\/mariages-et-celebrations\/\" \/>\n<meta property=\"og:locale\" content=\"fr_FR\" \/>\n<meta property=\"og:type\" content=\"article\" \/>\n<meta property=\"og:title\" content=\"Mariages et c\u00e9l\u00e9brations | Villa Sicula\" \/>\n<meta property=\"og:description\" content=\"C\u00e9l\u00e9brez votre mariage dans la magnifique Villa Sicula en Sicile. Nous organisons pour vous des f\u00eates et des c\u00e9l\u00e9brations familiales inoubliables.\" \/>\n<meta property=\"og:url\" content=\"https:\/\/villasicula-capo.com\/fr\/mariages-et-celebrations\/\" \/>\n<meta property=\"og:site_name\" content=\"Villa Sicula\" \/>\n<meta property=\"article:modified_time\" content=\"2024-12-15T09:44:51+00:00\" \/>\n<meta property=\"og:image\" content=\"https:\/\/villasicula-capo.com\/wp-content\/uploads\/2021\/01\/Hochzeit-Villa-Sicula-2-1.jpg\" \/>\n\t<meta property=\"og:image:width\" content=\"3003\" \/>\n\t<meta property=\"og:image:height\" content=\"1999\" \/>\n\t<meta property=\"og:image:type\" content=\"image\/jpeg\" \/>\n<meta name=\"twitter:card\" content=\"summary_large_image\" \/>\n<meta name=\"twitter:label1\" content=\"Dur\u00e9e de lecture estim\u00e9e\" \/>\n\t<meta name=\"twitter:data1\" content=\"1 minute\" \/>\n<script type=\"application\/ld+json\" class=\"yoast-schema-graph\">{\"@context\":\"https:\/\/schema.org\",\"@graph\":[{\"@type\":\"WebPage\",\"@id\":\"https:\/\/villasicula-capo.com\/fr\/mariages-et-celebrations\/\",\"url\":\"https:\/\/villasicula-capo.com\/fr\/mariages-et-celebrations\/\",\"name\":\"Mariages et c\u00e9l\u00e9brations | Villa Sicula\",\"isPartOf\":{\"@id\":\"https:\/\/villasicula-capo.com\/fr\/#website\"},\"primaryImageOfPage\":{\"@id\":\"https:\/\/villasicula-capo.com\/fr\/mariages-et-celebrations\/#primaryimage\"},\"image\":{\"@id\":\"https:\/\/villasicula-capo.com\/fr\/mariages-et-celebrations\/#primaryimage\"},\"thumbnailUrl\":\"https:\/\/villasicula-capo.com\/wp-content\/uploads\/2021\/01\/Hochzeit-Villa-Sicula-2-1.jpg\",\"datePublished\":\"2021-06-18T07:30:47+00:00\",\"dateModified\":\"2024-12-15T09:44:51+00:00\",\"description\":\"C\u00e9l\u00e9brez votre mariage dans la magnifique Villa Sicula en Sicile. Nous organisons pour vous des f\u00eates et des c\u00e9l\u00e9brations familiales inoubliables.\",\"inLanguage\":\"fr-FR\",\"potentialAction\":[{\"@type\":\"ReadAction\",\"target\":[\"https:\/\/villasicula-capo.com\/fr\/mariages-et-celebrations\/\"]}]},{\"@type\":\"ImageObject\",\"inLanguage\":\"fr-FR\",\"@id\":\"https:\/\/villasicula-capo.com\/fr\/mariages-et-celebrations\/#primaryimage\",\"url\":\"https:\/\/villasicula-capo.com\/wp-content\/uploads\/2021\/01\/Hochzeit-Villa-Sicula-2-1.jpg\",\"contentUrl\":\"https:\/\/villasicula-capo.com\/wp-content\/uploads\/2021\/01\/Hochzeit-Villa-Sicula-2-1.jpg\",\"width\":3003,\"height\":1999},{\"@type\":\"WebSite\",\"@id\":\"https:\/\/villasicula-capo.com\/fr\/#website\",\"url\":\"https:\/\/villasicula-capo.com\/fr\/\",\"name\":\"Villa Sicula\",\"description\":\"\",\"publisher\":{\"@id\":\"https:\/\/villasicula-capo.com\/fr\/#organization\"},\"potentialAction\":[{\"@type\":\"SearchAction\",\"target\":{\"@type\":\"EntryPoint\",\"urlTemplate\":\"https:\/\/villasicula-capo.com\/fr\/?s={search_term_string}\"},\"query-input\":{\"@type\":\"PropertyValueSpecification\",\"valueRequired\":true,\"valueName\":\"search_term_string\"}}],\"inLanguage\":\"fr-FR\"},{\"@type\":\"Organization\",\"@id\":\"https:\/\/villasicula-capo.com\/fr\/#organization\",\"name\":\"Villa Sicula\",\"url\":\"https:\/\/villasicula-capo.com\/fr\/\",\"logo\":{\"@type\":\"ImageObject\",\"inLanguage\":\"fr-FR\",\"@id\":\"https:\/\/villasicula-capo.com\/fr\/#\/schema\/logo\/image\/\",\"url\":\"https:\/\/villasicula-capo.com\/wp-content\/uploads\/2023\/02\/cropped-Villa-Sicula-del-Capo_klein.png\",\"contentUrl\":\"https:\/\/villasicula-capo.com\/wp-content\/uploads\/2023\/02\/cropped-Villa-Sicula-del-Capo_klein.png\",\"width\":360,\"height\":225,\"caption\":\"Villa Sicula\"},\"image\":{\"@id\":\"https:\/\/villasicula-capo.com\/fr\/#\/schema\/logo\/image\/\"}}]}<\/script>\n<!-- \/ Yoast SEO plugin. -->","yoast_head_json":{"title":"Mariages et c\u00e9l\u00e9brations | Villa Sicula","description":"C\u00e9l\u00e9brez votre mariage dans la magnifique Villa Sicula en Sicile. Nous organisons pour vous des f\u00eates et des c\u00e9l\u00e9brations familiales inoubliables.","robots":{"index":"index","follow":"follow","max-snippet":"max-snippet:-1","max-image-preview":"max-image-preview:large","max-video-preview":"max-video-preview:-1"},"canonical":"https:\/\/villasicula-capo.com\/fr\/mariages-et-celebrations\/","og_locale":"fr_FR","og_type":"article","og_title":"Mariages et c\u00e9l\u00e9brations | Villa Sicula","og_description":"C\u00e9l\u00e9brez votre mariage dans la magnifique Villa Sicula en Sicile. Nous organisons pour vous des f\u00eates et des c\u00e9l\u00e9brations familiales inoubliables.","og_url":"https:\/\/villasicula-capo.com\/fr\/mariages-et-celebrations\/","og_site_name":"Villa Sicula","article_modified_time":"2024-12-15T09:44:51+00:00","og_image":[{"width":3003,"height":1999,"url":"https:\/\/villasicula-capo.com\/wp-content\/uploads\/2021\/01\/Hochzeit-Villa-Sicula-2-1.jpg","type":"image\/jpeg"}],"twitter_card":"summary_large_image","twitter_misc":{"Dur\u00e9e de lecture estim\u00e9e":"1 minute"},"schema":{"@context":"https:\/\/schema.org","@graph":[{"@type":"WebPage","@id":"https:\/\/villasicula-capo.com\/fr\/mariages-et-celebrations\/","url":"https:\/\/villasicula-capo.com\/fr\/mariages-et-celebrations\/","name":"Mariages et c\u00e9l\u00e9brations | Villa Sicula","isPartOf":{"@id":"https:\/\/villasicula-capo.com\/fr\/#website"},"primaryImageOfPage":{"@id":"https:\/\/villasicula-capo.com\/fr\/mariages-et-celebrations\/#primaryimage"},"image":{"@id":"https:\/\/villasicula-capo.com\/fr\/mariages-et-celebrations\/#primaryimage"},"thumbnailUrl":"https:\/\/villasicula-capo.com\/wp-content\/uploads\/2021\/01\/Hochzeit-Villa-Sicula-2-1.jpg","datePublished":"2021-06-18T07:30:47+00:00","dateModified":"2024-12-15T09:44:51+00:00","description":"C\u00e9l\u00e9brez votre mariage dans la magnifique Villa Sicula en Sicile. Nous organisons pour vous des f\u00eates et des c\u00e9l\u00e9brations familiales inoubliables.","inLanguage":"fr-FR","potentialAction":[{"@type":"ReadAction","target":["https:\/\/villasicula-capo.com\/fr\/mariages-et-celebrations\/"]}]},{"@type":"ImageObject","inLanguage":"fr-FR","@id":"https:\/\/villasicula-capo.com\/fr\/mariages-et-celebrations\/#primaryimage","url":"https:\/\/villasicula-capo.com\/wp-content\/uploads\/2021\/01\/Hochzeit-Villa-Sicula-2-1.jpg","contentUrl":"https:\/\/villasicula-capo.com\/wp-content\/uploads\/2021\/01\/Hochzeit-Villa-Sicula-2-1.jpg","width":3003,"height":1999},{"@type":"WebSite","@id":"https:\/\/villasicula-capo.com\/fr\/#website","url":"https:\/\/villasicula-capo.com\/fr\/","name":"Villa Sicula","description":"","publisher":{"@id":"https:\/\/villasicula-capo.com\/fr\/#organization"},"potentialAction":[{"@type":"SearchAction","target":{"@type":"EntryPoint","urlTemplate":"https:\/\/villasicula-capo.com\/fr\/?s={search_term_string}"},"query-input":{"@type":"PropertyValueSpecification","valueRequired":true,"valueName":"search_term_string"}}],"inLanguage":"fr-FR"},{"@type":"Organization","@id":"https:\/\/villasicula-capo.com\/fr\/#organization","name":"Villa Sicula","url":"https:\/\/villasicula-capo.com\/fr\/","logo":{"@type":"ImageObject","inLanguage":"fr-FR","@id":"https:\/\/villasicula-capo.com\/fr\/#\/schema\/logo\/image\/","url":"https:\/\/villasicula-capo.com\/wp-content\/uploads\/2023\/02\/cropped-Villa-Sicula-del-Capo_klein.png","contentUrl":"https:\/\/villasicula-capo.com\/wp-content\/uploads\/2023\/02\/cropped-Villa-Sicula-del-Capo_klein.png","width":360,"height":225,"caption":"Villa Sicula"},"image":{"@id":"https:\/\/villasicula-capo.com\/fr\/#\/schema\/logo\/image\/"}}]}},"_links":{"self":[{"href":"https:\/\/villasicula-capo.com\/fr\/wp-json\/wp\/v2\/pages\/2559","targetHints":{"allow":["GET"]}}],"collection":[{"href":"https:\/\/villasicula-capo.com\/fr\/wp-json\/wp\/v2\/pages"}],"about":[{"href":"https:\/\/villasicula-capo.com\/fr\/wp-json\/wp\/v2\/types\/page"}],"author":[{"embeddable":true,"href":"https:\/\/villasicula-capo.com\/fr\/wp-json\/wp\/v2\/users\/4"}],"replies":[{"embeddable":true,"href":"https:\/\/villasicula-capo.com\/fr\/wp-json\/wp\/v2\/comments?post=2559"}],"version-history":[{"count":0,"href":"https:\/\/villasicula-capo.com\/fr\/wp-json\/wp\/v2\/pages\/2559\/revisions"}],"wp:featuredmedia":[{"embeddable":true,"href":"https:\/\/villasicula-capo.com\/fr\/wp-json\/wp\/v2\/media\/1883"}],"wp:attachment":[{"href":"https:\/\/villasicula-capo.com\/fr\/wp-json\/wp\/v2\/media?parent=2559"}],"curies":[{"name":"wp","href":"https:\/\/api.w.org\/{rel}","templated":true}]}}