{"id":2553,"date":"2021-06-18T09:23:34","date_gmt":"2021-06-18T07:23:34","guid":{"rendered":"https:\/\/villasicula-capo.com\/?page_id=2553"},"modified":"2021-06-18T09:23:34","modified_gmt":"2021-06-18T07:23:34","slug":"giuseppe-tomasi-di-lampedusa","status":"publish","type":"page","link":"https:\/\/villasicula-capo.com\/fr\/giuseppe-tomasi-di-lampedusa\/","title":{"rendered":"Giuseppe Tomasi di Lampedusa"},"content":{"rendered":"<div class=\"block core-paragraph \">\n<p><em>Giuseppe Tomasi di Lampedusa, <\/em>\u00e9crivain et homme de lettres italien, est n\u00e9 \u00e0 Palerme en 1896 et est mort \u00e0 Rome en 1957. Il n&rsquo;a atteint la c\u00e9l\u00e9brit\u00e9 mondiale qu&rsquo;apr\u00e8s sa mort, avec son unique roman <em>Il Gattopardo <\/em>(Le L\u00e9opard) qui a \u00e9t\u00e9 publi\u00e9 \u00e0 titre posthume en 1958. Le roman a \u00e9t\u00e9 adapt\u00e9 au cin\u00e9ma par Luchino Visconti, avec Burt Lancaster, Claudia Cardinale et Alain Delon. Ce chef-d&rsquo;\u0153uvre a remport\u00e9 la Palme d&rsquo;or au Festival de Cannes en 1963.<\/p>\n<\/div><div class=\"block core-paragraph \">\n<p>Au d\u00e9but du mois de d\u00e9cembre 1942, Lampedusa et sa m\u00e8re s&rsquo;installent \u00e0 Capo d&rsquo;Orlando dans la villa des parents proches, Piccolo, pour \u00e9chapper \u00e0 Palerme, d\u00e9truite par les attaques des Alli\u00e9es. Avec les cousins Casimiro (peintre) et Lucio (\u00e9crivain), l\u2019\u00e9change intellectuel \u00e9tait anim\u00e9. La <a href=\"https:\/\/www.fondazionepiccolo.it\/villa-piccolo\/\"><em><u><strong>Villa Piccolo<\/strong><\/u><\/em> <\/a>et son parc avec de vieux arbres peuvent \u00eatre visit\u00e9s et se trouvent \u00e0 environ 15 minutes de route de la VILLA SICULA.<\/p>\n<\/div><div class=\"block core-image \">\n<div class=\"wp-block-image\"><figure class=\"aligncenter size-large is-resized\"><img decoding=\"async\" src=\"https:\/\/villasicula-capo.com\/wp-content\/uploads\/2021\/01\/Tomasi-di-Lampedusa.jpg\" alt=\"Giuseppe Tomasi di Lampedusa\" class=\"wp-image-514\" width=\"192\" height=\"129\"\/><\/figure><\/div>\n<\/div>","protected":false},"excerpt":{"rendered":"<p>Giuseppe Tomasi di Lampedusa, \u00e9crivain et homme de lettres italien, est n\u00e9 \u00e0 Palerme en 1896 et est mort \u00e0 Rome en 1957. Il n&rsquo;a atteint la c\u00e9l\u00e9brit\u00e9 mondiale qu&rsquo;apr\u00e8s sa mort, avec son unique roman Il Gattopardo (Le L\u00e9opard) qui a \u00e9t\u00e9 publi\u00e9 \u00e0 titre posthume en 1958. Le roman a \u00e9t\u00e9 adapt\u00e9 au [&hellip;]<\/p>\n","protected":false},"author":4,"featured_media":2409,"parent":0,"menu_order":0,"comment_status":"closed","ping_status":"closed","template":"","meta":{"_acf_changed":false,"footnotes":""},"class_list":["post-2553","page","type-page","status-publish","has-post-thumbnail","hentry"],"acf":[],"yoast_head":"<!-- This site is optimized with the Yoast SEO plugin v24.0 - https:\/\/yoast.com\/wordpress\/plugins\/seo\/ -->\n<title>Giuseppe Tomasi di Lampedusa | Villa Sicula<\/title>\n<meta name=\"description\" content=\"D\u00e9couvrez la culture de la Sicile: l&#039;appartement &quot;La Cultura Sicliana&quot; de la Villa Sicula vous offre beaucoup d&#039;espace et d&#039;intimit\u00e9.\" \/>\n<meta name=\"robots\" content=\"index, follow, max-snippet:-1, max-image-preview:large, max-video-preview:-1\" \/>\n<link rel=\"canonical\" href=\"https:\/\/villasicula-capo.com\/fr\/giuseppe-tomasi-di-lampedusa\/\" \/>\n<meta property=\"og:locale\" content=\"fr_FR\" \/>\n<meta property=\"og:type\" content=\"article\" \/>\n<meta property=\"og:title\" content=\"Giuseppe Tomasi di Lampedusa | Villa Sicula\" \/>\n<meta property=\"og:description\" content=\"D\u00e9couvrez la culture de la Sicile: l&#039;appartement &quot;La Cultura Sicliana&quot; de la Villa Sicula vous offre beaucoup d&#039;espace et d&#039;intimit\u00e9.\" \/>\n<meta property=\"og:url\" content=\"https:\/\/villasicula-capo.com\/fr\/giuseppe-tomasi-di-lampedusa\/\" \/>\n<meta property=\"og:site_name\" content=\"Villa Sicula\" \/>\n<meta property=\"og:image\" content=\"https:\/\/villasicula-capo.com\/wp-content\/uploads\/2021\/02\/Bilder-Sizilien-21.jpg\" \/>\n\t<meta property=\"og:image:width\" content=\"3000\" \/>\n\t<meta property=\"og:image:height\" content=\"2000\" \/>\n\t<meta property=\"og:image:type\" content=\"image\/jpeg\" \/>\n<meta name=\"twitter:card\" content=\"summary_large_image\" \/>\n<meta name=\"twitter:label1\" content=\"Dur\u00e9e de lecture estim\u00e9e\" \/>\n\t<meta name=\"twitter:data1\" content=\"1 minute\" \/>\n<script type=\"application\/ld+json\" class=\"yoast-schema-graph\">{\"@context\":\"https:\/\/schema.org\",\"@graph\":[{\"@type\":\"WebPage\",\"@id\":\"https:\/\/villasicula-capo.com\/fr\/giuseppe-tomasi-di-lampedusa\/\",\"url\":\"https:\/\/villasicula-capo.com\/fr\/giuseppe-tomasi-di-lampedusa\/\",\"name\":\"Giuseppe Tomasi di Lampedusa | Villa Sicula\",\"isPartOf\":{\"@id\":\"https:\/\/villasicula-capo.com\/fr\/#website\"},\"primaryImageOfPage\":{\"@id\":\"https:\/\/villasicula-capo.com\/fr\/giuseppe-tomasi-di-lampedusa\/#primaryimage\"},\"image\":{\"@id\":\"https:\/\/villasicula-capo.com\/fr\/giuseppe-tomasi-di-lampedusa\/#primaryimage\"},\"thumbnailUrl\":\"https:\/\/villasicula-capo.com\/wp-content\/uploads\/2021\/02\/Bilder-Sizilien-21.jpg\",\"datePublished\":\"2021-06-18T07:23:34+00:00\",\"dateModified\":\"2021-06-18T07:23:34+00:00\",\"description\":\"D\u00e9couvrez la culture de la Sicile: l'appartement \\\"La Cultura Sicliana\\\" de la Villa Sicula vous offre beaucoup d'espace et d'intimit\u00e9.\",\"inLanguage\":\"fr-FR\",\"potentialAction\":[{\"@type\":\"ReadAction\",\"target\":[\"https:\/\/villasicula-capo.com\/fr\/giuseppe-tomasi-di-lampedusa\/\"]}]},{\"@type\":\"ImageObject\",\"inLanguage\":\"fr-FR\",\"@id\":\"https:\/\/villasicula-capo.com\/fr\/giuseppe-tomasi-di-lampedusa\/#primaryimage\",\"url\":\"https:\/\/villasicula-capo.com\/wp-content\/uploads\/2021\/02\/Bilder-Sizilien-21.jpg\",\"contentUrl\":\"https:\/\/villasicula-capo.com\/wp-content\/uploads\/2021\/02\/Bilder-Sizilien-21.jpg\",\"width\":3000,\"height\":2000},{\"@type\":\"WebSite\",\"@id\":\"https:\/\/villasicula-capo.com\/fr\/#website\",\"url\":\"https:\/\/villasicula-capo.com\/fr\/\",\"name\":\"Villa Sicula\",\"description\":\"\",\"publisher\":{\"@id\":\"https:\/\/villasicula-capo.com\/fr\/#organization\"},\"potentialAction\":[{\"@type\":\"SearchAction\",\"target\":{\"@type\":\"EntryPoint\",\"urlTemplate\":\"https:\/\/villasicula-capo.com\/fr\/?s={search_term_string}\"},\"query-input\":{\"@type\":\"PropertyValueSpecification\",\"valueRequired\":true,\"valueName\":\"search_term_string\"}}],\"inLanguage\":\"fr-FR\"},{\"@type\":\"Organization\",\"@id\":\"https:\/\/villasicula-capo.com\/fr\/#organization\",\"name\":\"Villa Sicula\",\"url\":\"https:\/\/villasicula-capo.com\/fr\/\",\"logo\":{\"@type\":\"ImageObject\",\"inLanguage\":\"fr-FR\",\"@id\":\"https:\/\/villasicula-capo.com\/fr\/#\/schema\/logo\/image\/\",\"url\":\"https:\/\/villasicula-capo.com\/wp-content\/uploads\/2023\/02\/cropped-Villa-Sicula-del-Capo_klein.png\",\"contentUrl\":\"https:\/\/villasicula-capo.com\/wp-content\/uploads\/2023\/02\/cropped-Villa-Sicula-del-Capo_klein.png\",\"width\":360,\"height\":225,\"caption\":\"Villa Sicula\"},\"image\":{\"@id\":\"https:\/\/villasicula-capo.com\/fr\/#\/schema\/logo\/image\/\"}}]}<\/script>\n<!-- \/ Yoast SEO plugin. -->","yoast_head_json":{"title":"Giuseppe Tomasi di Lampedusa | Villa Sicula","description":"D\u00e9couvrez la culture de la Sicile: l'appartement \"La Cultura Sicliana\" de la Villa Sicula vous offre beaucoup d'espace et d'intimit\u00e9.","robots":{"index":"index","follow":"follow","max-snippet":"max-snippet:-1","max-image-preview":"max-image-preview:large","max-video-preview":"max-video-preview:-1"},"canonical":"https:\/\/villasicula-capo.com\/fr\/giuseppe-tomasi-di-lampedusa\/","og_locale":"fr_FR","og_type":"article","og_title":"Giuseppe Tomasi di Lampedusa | Villa Sicula","og_description":"D\u00e9couvrez la culture de la Sicile: l'appartement \"La Cultura Sicliana\" de la Villa Sicula vous offre beaucoup d'espace et d'intimit\u00e9.","og_url":"https:\/\/villasicula-capo.com\/fr\/giuseppe-tomasi-di-lampedusa\/","og_site_name":"Villa Sicula","og_image":[{"width":3000,"height":2000,"url":"https:\/\/villasicula-capo.com\/wp-content\/uploads\/2021\/02\/Bilder-Sizilien-21.jpg","type":"image\/jpeg"}],"twitter_card":"summary_large_image","twitter_misc":{"Dur\u00e9e de lecture estim\u00e9e":"1 minute"},"schema":{"@context":"https:\/\/schema.org","@graph":[{"@type":"WebPage","@id":"https:\/\/villasicula-capo.com\/fr\/giuseppe-tomasi-di-lampedusa\/","url":"https:\/\/villasicula-capo.com\/fr\/giuseppe-tomasi-di-lampedusa\/","name":"Giuseppe Tomasi di Lampedusa | Villa Sicula","isPartOf":{"@id":"https:\/\/villasicula-capo.com\/fr\/#website"},"primaryImageOfPage":{"@id":"https:\/\/villasicula-capo.com\/fr\/giuseppe-tomasi-di-lampedusa\/#primaryimage"},"image":{"@id":"https:\/\/villasicula-capo.com\/fr\/giuseppe-tomasi-di-lampedusa\/#primaryimage"},"thumbnailUrl":"https:\/\/villasicula-capo.com\/wp-content\/uploads\/2021\/02\/Bilder-Sizilien-21.jpg","datePublished":"2021-06-18T07:23:34+00:00","dateModified":"2021-06-18T07:23:34+00:00","description":"D\u00e9couvrez la culture de la Sicile: l'appartement \"La Cultura Sicliana\" de la Villa Sicula vous offre beaucoup d'espace et d'intimit\u00e9.","inLanguage":"fr-FR","potentialAction":[{"@type":"ReadAction","target":["https:\/\/villasicula-capo.com\/fr\/giuseppe-tomasi-di-lampedusa\/"]}]},{"@type":"ImageObject","inLanguage":"fr-FR","@id":"https:\/\/villasicula-capo.com\/fr\/giuseppe-tomasi-di-lampedusa\/#primaryimage","url":"https:\/\/villasicula-capo.com\/wp-content\/uploads\/2021\/02\/Bilder-Sizilien-21.jpg","contentUrl":"https:\/\/villasicula-capo.com\/wp-content\/uploads\/2021\/02\/Bilder-Sizilien-21.jpg","width":3000,"height":2000},{"@type":"WebSite","@id":"https:\/\/villasicula-capo.com\/fr\/#website","url":"https:\/\/villasicula-capo.com\/fr\/","name":"Villa Sicula","description":"","publisher":{"@id":"https:\/\/villasicula-capo.com\/fr\/#organization"},"potentialAction":[{"@type":"SearchAction","target":{"@type":"EntryPoint","urlTemplate":"https:\/\/villasicula-capo.com\/fr\/?s={search_term_string}"},"query-input":{"@type":"PropertyValueSpecification","valueRequired":true,"valueName":"search_term_string"}}],"inLanguage":"fr-FR"},{"@type":"Organization","@id":"https:\/\/villasicula-capo.com\/fr\/#organization","name":"Villa Sicula","url":"https:\/\/villasicula-capo.com\/fr\/","logo":{"@type":"ImageObject","inLanguage":"fr-FR","@id":"https:\/\/villasicula-capo.com\/fr\/#\/schema\/logo\/image\/","url":"https:\/\/villasicula-capo.com\/wp-content\/uploads\/2023\/02\/cropped-Villa-Sicula-del-Capo_klein.png","contentUrl":"https:\/\/villasicula-capo.com\/wp-content\/uploads\/2023\/02\/cropped-Villa-Sicula-del-Capo_klein.png","width":360,"height":225,"caption":"Villa Sicula"},"image":{"@id":"https:\/\/villasicula-capo.com\/fr\/#\/schema\/logo\/image\/"}}]}},"_links":{"self":[{"href":"https:\/\/villasicula-capo.com\/fr\/wp-json\/wp\/v2\/pages\/2553","targetHints":{"allow":["GET"]}}],"collection":[{"href":"https:\/\/villasicula-capo.com\/fr\/wp-json\/wp\/v2\/pages"}],"about":[{"href":"https:\/\/villasicula-capo.com\/fr\/wp-json\/wp\/v2\/types\/page"}],"author":[{"embeddable":true,"href":"https:\/\/villasicula-capo.com\/fr\/wp-json\/wp\/v2\/users\/4"}],"replies":[{"embeddable":true,"href":"https:\/\/villasicula-capo.com\/fr\/wp-json\/wp\/v2\/comments?post=2553"}],"version-history":[{"count":0,"href":"https:\/\/villasicula-capo.com\/fr\/wp-json\/wp\/v2\/pages\/2553\/revisions"}],"wp:featuredmedia":[{"embeddable":true,"href":"https:\/\/villasicula-capo.com\/fr\/wp-json\/wp\/v2\/media\/2409"}],"wp:attachment":[{"href":"https:\/\/villasicula-capo.com\/fr\/wp-json\/wp\/v2\/media?parent=2553"}],"curies":[{"name":"wp","href":"https:\/\/api.w.org\/{rel}","templated":true}]}}