{"id":2546,"date":"2021-06-18T09:19:59","date_gmt":"2021-06-18T07:19:59","guid":{"rendered":"https:\/\/villasicula-capo.com\/?page_id=2546"},"modified":"2021-06-18T09:20:00","modified_gmt":"2021-06-18T07:20:00","slug":"giuseppe-pitre","status":"publish","type":"page","link":"https:\/\/villasicula-capo.com\/fr\/giuseppe-pitre\/","title":{"rendered":"Giuseppe Pitr\u00e8"},"content":{"rendered":"<div class=\"block core-paragraph \">\n<p><em>Giuseppe Pitr\u00e8<\/em> \u00e9tait un m\u00e9decin, \u00e9crivain, ethnologue et collectionneur de contes de f\u00e9es italien. Il a v\u00e9cu \u00e0 Palerme de 1841 \u00e0 1916. Apr\u00e8s avoir termin\u00e9 ses \u00e9tudes de m\u00e9decine en 1865, il s&rsquo;est consacr\u00e9 \u00e0 la litt\u00e9rature en plus de sa profession. Lorsqu&rsquo;il voyageait en tant que m\u00e9decin dans sa voiture, il notait les contes de f\u00e9es que ses patients lui avaient racont\u00e9s au pr\u00e9alable. Il s&rsquo;est particuli\u00e8rement int\u00e9ress\u00e9 \u00e0 la culture populaire sicilienne et au dialecte sicilien. De 1871 \u00e0 1913, il r\u00e9dige son \u0153uvre principale, compos\u00e9e de 25 volumes : la <em>Biblioth\u00e8que des traditions populaires siciliennes<\/em> (Biblioteca delle tradizioni popolari siciliane). \u00c0 Palerme, l&rsquo;\u00e9rudit a fond\u00e9 en 1909 le <em>Museo Etnografico Siciliano Giuseppe Pitr\u00e8<\/em>. L&rsquo;un des prix les plus importants pour les ethnologues dans le monde est le \u00ab\u00a0Premio Pitr\u00e8\u00a0\u00bb, qui porte son nom.<\/p>\n<\/div><div class=\"block core-image \">\n<div class=\"wp-block-image\"><figure class=\"aligncenter size-large is-resized\"><img decoding=\"async\" src=\"https:\/\/villasicula-capo.com\/wp-content\/uploads\/2021\/03\/Pitre\u0300.jpg\" alt=\"\" class=\"wp-image-1495\" width=\"240\" height=\"160\"\/><\/figure><\/div>\n<\/div>","protected":false},"excerpt":{"rendered":"<p>Giuseppe Pitr\u00e8 \u00e9tait un m\u00e9decin, \u00e9crivain, ethnologue et collectionneur de contes de f\u00e9es italien. Il a v\u00e9cu \u00e0 Palerme de 1841 \u00e0 1916. Apr\u00e8s avoir termin\u00e9 ses \u00e9tudes de m\u00e9decine en 1865, il s&rsquo;est consacr\u00e9 \u00e0 la litt\u00e9rature en plus de sa profession. Lorsqu&rsquo;il voyageait en tant que m\u00e9decin dans sa voiture, il notait les [&hellip;]<\/p>\n","protected":false},"author":4,"featured_media":1963,"parent":0,"menu_order":0,"comment_status":"closed","ping_status":"closed","template":"","meta":{"_acf_changed":false,"footnotes":""},"class_list":["post-2546","page","type-page","status-publish","has-post-thumbnail","hentry"],"acf":[],"yoast_head":"<!-- This site is optimized with the Yoast SEO plugin v24.0 - https:\/\/yoast.com\/wordpress\/plugins\/seo\/ -->\n<title>Giuseppe Pitr\u00e8 | Villa Sicula<\/title>\n<meta name=\"description\" content=\"D\u00e9couvrez la Sicile : notre Parco Pitr\u00e8 de la Villa Sicula vous offre, \u00e0 vous et \u00e0 votre famille, beaucoup d&#039;espace et d&#039;intimit\u00e9 pour des moments de d\u00e9tente.\" \/>\n<meta name=\"robots\" content=\"index, follow, max-snippet:-1, max-image-preview:large, max-video-preview:-1\" \/>\n<link rel=\"canonical\" href=\"https:\/\/villasicula-capo.com\/fr\/giuseppe-pitre\/\" \/>\n<meta property=\"og:locale\" content=\"fr_FR\" \/>\n<meta property=\"og:type\" content=\"article\" \/>\n<meta property=\"og:title\" content=\"Giuseppe Pitr\u00e8 | Villa Sicula\" \/>\n<meta property=\"og:description\" content=\"D\u00e9couvrez la Sicile : notre Parco Pitr\u00e8 de la Villa Sicula vous offre, \u00e0 vous et \u00e0 votre famille, beaucoup d&#039;espace et d&#039;intimit\u00e9 pour des moments de d\u00e9tente.\" \/>\n<meta property=\"og:url\" content=\"https:\/\/villasicula-capo.com\/fr\/giuseppe-pitre\/\" \/>\n<meta property=\"og:site_name\" content=\"Villa Sicula\" \/>\n<meta property=\"article:modified_time\" content=\"2021-06-18T07:20:00+00:00\" \/>\n<meta property=\"og:image\" content=\"https:\/\/villasicula-capo.com\/wp-content\/uploads\/2021\/01\/Hochzeit-Villa-Sicula-20-1.jpg\" \/>\n\t<meta property=\"og:image:width\" content=\"2048\" \/>\n\t<meta property=\"og:image:height\" content=\"1365\" \/>\n\t<meta property=\"og:image:type\" content=\"image\/jpeg\" \/>\n<meta name=\"twitter:card\" content=\"summary_large_image\" \/>\n<meta name=\"twitter:label1\" content=\"Dur\u00e9e de lecture estim\u00e9e\" \/>\n\t<meta name=\"twitter:data1\" content=\"1 minute\" \/>\n<script type=\"application\/ld+json\" class=\"yoast-schema-graph\">{\"@context\":\"https:\/\/schema.org\",\"@graph\":[{\"@type\":\"WebPage\",\"@id\":\"https:\/\/villasicula-capo.com\/fr\/giuseppe-pitre\/\",\"url\":\"https:\/\/villasicula-capo.com\/fr\/giuseppe-pitre\/\",\"name\":\"Giuseppe Pitr\u00e8 | Villa Sicula\",\"isPartOf\":{\"@id\":\"https:\/\/villasicula-capo.com\/fr\/#website\"},\"primaryImageOfPage\":{\"@id\":\"https:\/\/villasicula-capo.com\/fr\/giuseppe-pitre\/#primaryimage\"},\"image\":{\"@id\":\"https:\/\/villasicula-capo.com\/fr\/giuseppe-pitre\/#primaryimage\"},\"thumbnailUrl\":\"https:\/\/villasicula-capo.com\/wp-content\/uploads\/2021\/01\/Hochzeit-Villa-Sicula-20-1.jpg\",\"datePublished\":\"2021-06-18T07:19:59+00:00\",\"dateModified\":\"2021-06-18T07:20:00+00:00\",\"description\":\"D\u00e9couvrez la Sicile : notre Parco Pitr\u00e8 de la Villa Sicula vous offre, \u00e0 vous et \u00e0 votre famille, beaucoup d'espace et d'intimit\u00e9 pour des moments de d\u00e9tente.\",\"inLanguage\":\"fr-FR\",\"potentialAction\":[{\"@type\":\"ReadAction\",\"target\":[\"https:\/\/villasicula-capo.com\/fr\/giuseppe-pitre\/\"]}]},{\"@type\":\"ImageObject\",\"inLanguage\":\"fr-FR\",\"@id\":\"https:\/\/villasicula-capo.com\/fr\/giuseppe-pitre\/#primaryimage\",\"url\":\"https:\/\/villasicula-capo.com\/wp-content\/uploads\/2021\/01\/Hochzeit-Villa-Sicula-20-1.jpg\",\"contentUrl\":\"https:\/\/villasicula-capo.com\/wp-content\/uploads\/2021\/01\/Hochzeit-Villa-Sicula-20-1.jpg\",\"width\":2048,\"height\":1365},{\"@type\":\"WebSite\",\"@id\":\"https:\/\/villasicula-capo.com\/fr\/#website\",\"url\":\"https:\/\/villasicula-capo.com\/fr\/\",\"name\":\"Villa Sicula\",\"description\":\"\",\"publisher\":{\"@id\":\"https:\/\/villasicula-capo.com\/fr\/#organization\"},\"potentialAction\":[{\"@type\":\"SearchAction\",\"target\":{\"@type\":\"EntryPoint\",\"urlTemplate\":\"https:\/\/villasicula-capo.com\/fr\/?s={search_term_string}\"},\"query-input\":{\"@type\":\"PropertyValueSpecification\",\"valueRequired\":true,\"valueName\":\"search_term_string\"}}],\"inLanguage\":\"fr-FR\"},{\"@type\":\"Organization\",\"@id\":\"https:\/\/villasicula-capo.com\/fr\/#organization\",\"name\":\"Villa Sicula\",\"url\":\"https:\/\/villasicula-capo.com\/fr\/\",\"logo\":{\"@type\":\"ImageObject\",\"inLanguage\":\"fr-FR\",\"@id\":\"https:\/\/villasicula-capo.com\/fr\/#\/schema\/logo\/image\/\",\"url\":\"https:\/\/villasicula-capo.com\/wp-content\/uploads\/2023\/02\/cropped-Villa-Sicula-del-Capo_klein.png\",\"contentUrl\":\"https:\/\/villasicula-capo.com\/wp-content\/uploads\/2023\/02\/cropped-Villa-Sicula-del-Capo_klein.png\",\"width\":360,\"height\":225,\"caption\":\"Villa Sicula\"},\"image\":{\"@id\":\"https:\/\/villasicula-capo.com\/fr\/#\/schema\/logo\/image\/\"}}]}<\/script>\n<!-- \/ Yoast SEO plugin. -->","yoast_head_json":{"title":"Giuseppe Pitr\u00e8 | Villa Sicula","description":"D\u00e9couvrez la Sicile : notre Parco Pitr\u00e8 de la Villa Sicula vous offre, \u00e0 vous et \u00e0 votre famille, beaucoup d'espace et d'intimit\u00e9 pour des moments de d\u00e9tente.","robots":{"index":"index","follow":"follow","max-snippet":"max-snippet:-1","max-image-preview":"max-image-preview:large","max-video-preview":"max-video-preview:-1"},"canonical":"https:\/\/villasicula-capo.com\/fr\/giuseppe-pitre\/","og_locale":"fr_FR","og_type":"article","og_title":"Giuseppe Pitr\u00e8 | Villa Sicula","og_description":"D\u00e9couvrez la Sicile : notre Parco Pitr\u00e8 de la Villa Sicula vous offre, \u00e0 vous et \u00e0 votre famille, beaucoup d'espace et d'intimit\u00e9 pour des moments de d\u00e9tente.","og_url":"https:\/\/villasicula-capo.com\/fr\/giuseppe-pitre\/","og_site_name":"Villa Sicula","article_modified_time":"2021-06-18T07:20:00+00:00","og_image":[{"width":2048,"height":1365,"url":"https:\/\/villasicula-capo.com\/wp-content\/uploads\/2021\/01\/Hochzeit-Villa-Sicula-20-1.jpg","type":"image\/jpeg"}],"twitter_card":"summary_large_image","twitter_misc":{"Dur\u00e9e de lecture estim\u00e9e":"1 minute"},"schema":{"@context":"https:\/\/schema.org","@graph":[{"@type":"WebPage","@id":"https:\/\/villasicula-capo.com\/fr\/giuseppe-pitre\/","url":"https:\/\/villasicula-capo.com\/fr\/giuseppe-pitre\/","name":"Giuseppe Pitr\u00e8 | Villa Sicula","isPartOf":{"@id":"https:\/\/villasicula-capo.com\/fr\/#website"},"primaryImageOfPage":{"@id":"https:\/\/villasicula-capo.com\/fr\/giuseppe-pitre\/#primaryimage"},"image":{"@id":"https:\/\/villasicula-capo.com\/fr\/giuseppe-pitre\/#primaryimage"},"thumbnailUrl":"https:\/\/villasicula-capo.com\/wp-content\/uploads\/2021\/01\/Hochzeit-Villa-Sicula-20-1.jpg","datePublished":"2021-06-18T07:19:59+00:00","dateModified":"2021-06-18T07:20:00+00:00","description":"D\u00e9couvrez la Sicile : notre Parco Pitr\u00e8 de la Villa Sicula vous offre, \u00e0 vous et \u00e0 votre famille, beaucoup d'espace et d'intimit\u00e9 pour des moments de d\u00e9tente.","inLanguage":"fr-FR","potentialAction":[{"@type":"ReadAction","target":["https:\/\/villasicula-capo.com\/fr\/giuseppe-pitre\/"]}]},{"@type":"ImageObject","inLanguage":"fr-FR","@id":"https:\/\/villasicula-capo.com\/fr\/giuseppe-pitre\/#primaryimage","url":"https:\/\/villasicula-capo.com\/wp-content\/uploads\/2021\/01\/Hochzeit-Villa-Sicula-20-1.jpg","contentUrl":"https:\/\/villasicula-capo.com\/wp-content\/uploads\/2021\/01\/Hochzeit-Villa-Sicula-20-1.jpg","width":2048,"height":1365},{"@type":"WebSite","@id":"https:\/\/villasicula-capo.com\/fr\/#website","url":"https:\/\/villasicula-capo.com\/fr\/","name":"Villa Sicula","description":"","publisher":{"@id":"https:\/\/villasicula-capo.com\/fr\/#organization"},"potentialAction":[{"@type":"SearchAction","target":{"@type":"EntryPoint","urlTemplate":"https:\/\/villasicula-capo.com\/fr\/?s={search_term_string}"},"query-input":{"@type":"PropertyValueSpecification","valueRequired":true,"valueName":"search_term_string"}}],"inLanguage":"fr-FR"},{"@type":"Organization","@id":"https:\/\/villasicula-capo.com\/fr\/#organization","name":"Villa Sicula","url":"https:\/\/villasicula-capo.com\/fr\/","logo":{"@type":"ImageObject","inLanguage":"fr-FR","@id":"https:\/\/villasicula-capo.com\/fr\/#\/schema\/logo\/image\/","url":"https:\/\/villasicula-capo.com\/wp-content\/uploads\/2023\/02\/cropped-Villa-Sicula-del-Capo_klein.png","contentUrl":"https:\/\/villasicula-capo.com\/wp-content\/uploads\/2023\/02\/cropped-Villa-Sicula-del-Capo_klein.png","width":360,"height":225,"caption":"Villa Sicula"},"image":{"@id":"https:\/\/villasicula-capo.com\/fr\/#\/schema\/logo\/image\/"}}]}},"_links":{"self":[{"href":"https:\/\/villasicula-capo.com\/fr\/wp-json\/wp\/v2\/pages\/2546","targetHints":{"allow":["GET"]}}],"collection":[{"href":"https:\/\/villasicula-capo.com\/fr\/wp-json\/wp\/v2\/pages"}],"about":[{"href":"https:\/\/villasicula-capo.com\/fr\/wp-json\/wp\/v2\/types\/page"}],"author":[{"embeddable":true,"href":"https:\/\/villasicula-capo.com\/fr\/wp-json\/wp\/v2\/users\/4"}],"replies":[{"embeddable":true,"href":"https:\/\/villasicula-capo.com\/fr\/wp-json\/wp\/v2\/comments?post=2546"}],"version-history":[{"count":0,"href":"https:\/\/villasicula-capo.com\/fr\/wp-json\/wp\/v2\/pages\/2546\/revisions"}],"wp:featuredmedia":[{"embeddable":true,"href":"https:\/\/villasicula-capo.com\/fr\/wp-json\/wp\/v2\/media\/1963"}],"wp:attachment":[{"href":"https:\/\/villasicula-capo.com\/fr\/wp-json\/wp\/v2\/media?parent=2546"}],"curies":[{"name":"wp","href":"https:\/\/api.w.org\/{rel}","templated":true}]}}