{"id":2542,"date":"2021-06-18T09:07:58","date_gmt":"2021-06-18T07:07:58","guid":{"rendered":"https:\/\/villasicula-capo.com\/?page_id=2542"},"modified":"2024-12-15T10:46:51","modified_gmt":"2024-12-15T09:46:51","slug":"histoire-et-philosophie","status":"publish","type":"page","link":"https:\/\/villasicula-capo.com\/fr\/histoire-et-philosophie\/","title":{"rendered":"Histoire et philosophie"},"content":{"rendered":"\t\t<div data-elementor-type=\"wp-page\" data-elementor-id=\"2542\" class=\"elementor elementor-2542 elementor-132\" data-elementor-post-type=\"page\">\n\t\t\t\t<div class=\"elementor-element elementor-element-23fd718f e-flex e-con-boxed e-con e-parent\" data-id=\"23fd718f\" data-element_type=\"container\">\n\t\t\t\t\t<div class=\"e-con-inner\">\n\t\t\t\t<div class=\"elementor-element elementor-element-79811684 elementor-widget elementor-widget-text-editor\" data-id=\"79811684\" data-element_type=\"widget\" data-widget_type=\"text-editor.default\">\n\t\t\t\t<div class=\"elementor-widget-container\">\n\t\t\t\t\t\t\t\n<p><em>Qui sommes-nous?<\/em><\/p>\n\n<p>Je m&rsquo;appelle Beate Butsch et je voyage en Sicile depuis 30 ans. Avec ma famille germano-italienne, je vis en Allemagne et en Italie. Lorsque mes beaux-parents, Cettina Domiano-Reiter et Bernhard Reiter, ont construit cette maison en 1974, il \u00e9tait clair d\u00e8s le d\u00e9part que quelque chose de tr\u00e8s particulier se constituera sur cette terre impr\u00e9gn\u00e9e de culture et d&rsquo;histoire. Depuis 2014, mon mari Julius Reiter et moi-m\u00eame avons repris la VILLA SICULA et l&rsquo;avons d\u00e9velopp\u00e9e en un lieu de bien-\u00eatre holistique, conform\u00e9ment au proverbe que l&rsquo;on peut lire en latin au-dessus du portail d&rsquo;entr\u00e9e:<br \/>ANIMUM ET CORPUS OTIUM ALIT<br \/>\u00ab\u00a0Les loisirs nourrissent le corps et l&rsquo;esprit.\u00a0\u00bb<\/p>\n\n<p>L&rsquo;inscription sur le marchepied \u00e0 l&rsquo;entr\u00e9e de ce qu&rsquo;on appelle la \u00ab\u00a0chapelle\u00a0\u00bb pr\u00e8s de la piscine, un b\u00e2timent dont la fa\u00e7ade est construite dans le style d&rsquo;une petite \u00e9glise sicilienne, d\u00e9crit l&rsquo;histoire et la philosophie de notre VILLA SICULA : elle est \u00e0 la fois une r\u00e9sidence de vacances pour les plus belles p\u00e9riodes de l&rsquo;ann\u00e9e, un lieu de rencontre hospitalier pour les familles et les amis, et une graine d&rsquo;inspiration, influenc\u00e9e par la nature, l&rsquo;art et les cultures de la Sicile. Dans les appartements, ainsi que dans toute la propri\u00e9t\u00e9, il y a de nombreuses \u0153uvres d&rsquo;art, des statues de personnages mythologiques et historiques et diverses inscriptions \u00e0 d\u00e9couvrir. Laissez-vous guider et inspirer!<\/p>\n\n<p>\u00ab\u00a0Questo irresistibile e melodioso richiamo di una mitica isola mediterranea, incontro fecondo di itineranti popoli di antichissime arti e culture, ha fatto s\u00ec che noi costruissimo qui nell\u2019anno 1974 la nostra\u00a0VILLA SICULA: La realizzazione di questo nostro sogno, pietra milliare e perenne aspirazione alla comprensione, alla pace, all\u2019amore tra i popoli \u00e8 stato quanto mai efficiente. Dalla modesta\u00a0VILLA SICULA\u00a0\u00e8 sorto un moderno e ospitale \u2018borgo\u2019 aperto alla positivit\u00e0 di ulteriori sviluppi dei valori umani.\u00a0\u00bb (Dr. Cettina Domiano-Reiter e Dr. Bernhard Reiter)<\/p>\n\n<p>\u00ab\u00a0L&rsquo;appel irr\u00e9sistible et m\u00e9lodieux de cette \u00eele mythique au milieu de la M\u00e9diterran\u00e9e, les multiples rencontres fructueuses depuis des milliers d&rsquo;ann\u00e9es de peuples migrateurs provenant de sph\u00e8res artistiques et culturelles anciennes, nous ont durablement marqu\u00e9s. Enchant\u00e9s par la douceur du climat et les senteurs s\u00e9duisantes, impressionn\u00e9s par la beaut\u00e9 et le caract\u00e8re unique d&rsquo;une infinit\u00e9 de lieux et de paysages pittoresques, nous avons d\u00e9cid\u00e9 ensemble de construire notre VILLA SICULA exactement \u00e0 cet endroit. C&rsquo;\u00e9tait en 1974, lorsque nous avons voulu poser un jalon sur le chemin de notre lutte incessante pour la compr\u00e9hension, la paix et l&rsquo;amour entre les personnes et les nations. Ce qui \u00e9tait autrefois une modeste VILLA SICULA est devenu un lieu de rencontre moderne et hospitalier : ouvert aux retomb\u00e9es positives d\u2019un d\u00e9veloppement des valeurs humanistes.\u00a0\u00bb (Dr. Cettina Domiano-Reiter und Dr. Bernhard Reiter)<\/p>\n\n<p>\u00a0<\/p>\n\n<figure class=\"wp-block-gallery columns-3 is-cropped\">\n<ul class=\"blocks-gallery-grid\">\n<li class=\"blocks-gallery-item\">\n<figure><a href=\"https:\/\/villasicula-capo.com\/wp-content\/uploads\/2021\/02\/Bilder-Sizilien-31.jpg\"><img fetchpriority=\"high\" decoding=\"async\" width=\"1800\" height=\"1200\" class=\"wp-image-814\" src=\"https:\/\/villasicula-capo.com\/wp-content\/uploads\/2021\/02\/Bilder-Sizilien-31-1800x1200.jpg\" alt=\"\" data-id=\"814\" data-full-url=\"https:\/\/villasicula-capo.com\/wp-content\/uploads\/2021\/02\/Bilder-Sizilien-31.jpg\" data-link=\"https:\/\/villasicula-capo.com\/geschichte\/attachment\/bilder-sizilien-31\/\" srcset=\"https:\/\/villasicula-capo.com\/wp-content\/uploads\/2021\/02\/Bilder-Sizilien-31-1800x1200.jpg 1800w, https:\/\/villasicula-capo.com\/wp-content\/uploads\/2021\/02\/Bilder-Sizilien-31-1200x800.jpg 1200w, https:\/\/villasicula-capo.com\/wp-content\/uploads\/2021\/02\/Bilder-Sizilien-31-600x400.jpg 600w\" sizes=\"(max-width: 1800px) 100vw, 1800px\" \/><\/a><\/figure>\n<\/li>\n<li class=\"blocks-gallery-item\">\n<figure><a href=\"https:\/\/villasicula-capo.com\/wp-content\/uploads\/2021\/02\/Bilder-Sizilien-32.jpg\"><img decoding=\"async\" width=\"1800\" height=\"1200\" class=\"wp-image-815\" src=\"https:\/\/villasicula-capo.com\/wp-content\/uploads\/2021\/02\/Bilder-Sizilien-32-1800x1200.jpg\" alt=\"\" data-id=\"815\" data-full-url=\"https:\/\/villasicula-capo.com\/wp-content\/uploads\/2021\/02\/Bilder-Sizilien-32.jpg\" data-link=\"https:\/\/villasicula-capo.com\/geschichte\/attachment\/bilder-sizilien-32\/\" srcset=\"https:\/\/villasicula-capo.com\/wp-content\/uploads\/2021\/02\/Bilder-Sizilien-32-1800x1200.jpg 1800w, https:\/\/villasicula-capo.com\/wp-content\/uploads\/2021\/02\/Bilder-Sizilien-32-1200x800.jpg 1200w, https:\/\/villasicula-capo.com\/wp-content\/uploads\/2021\/02\/Bilder-Sizilien-32-600x400.jpg 600w\" sizes=\"(max-width: 1800px) 100vw, 1800px\" \/><\/a><\/figure>\n<\/li>\n<li class=\"blocks-gallery-item\">\n<figure><a href=\"https:\/\/villasicula-capo.com\/wp-content\/uploads\/2021\/02\/Bilder-Sizilien-33.jpg\"><img decoding=\"async\" width=\"1800\" height=\"1200\" class=\"wp-image-816\" src=\"https:\/\/villasicula-capo.com\/wp-content\/uploads\/2021\/02\/Bilder-Sizilien-33-1800x1200.jpg\" alt=\"\" data-id=\"816\" data-full-url=\"https:\/\/villasicula-capo.com\/wp-content\/uploads\/2021\/02\/Bilder-Sizilien-33.jpg\" data-link=\"https:\/\/villasicula-capo.com\/geschichte\/attachment\/bilder-sizilien-33\/\" srcset=\"https:\/\/villasicula-capo.com\/wp-content\/uploads\/2021\/02\/Bilder-Sizilien-33-1800x1200.jpg 1800w, https:\/\/villasicula-capo.com\/wp-content\/uploads\/2021\/02\/Bilder-Sizilien-33-1200x800.jpg 1200w, https:\/\/villasicula-capo.com\/wp-content\/uploads\/2021\/02\/Bilder-Sizilien-33-600x400.jpg 600w\" sizes=\"(max-width: 1800px) 100vw, 1800px\" \/><\/a><\/figure>\n<\/li>\n<\/ul>\n<\/figure>\n\t\t\t\t\t\t<\/div>\n\t\t\t\t<\/div>\n\t\t\t\t\t<\/div>\n\t\t\t\t<\/div>\n\t\t\t\t<\/div>\n\t\t","protected":false},"excerpt":{"rendered":"<p>Qui sommes-nous? Je m&rsquo;appelle Beate Butsch et je voyage en Sicile depuis 30 ans. Avec ma famille germano-italienne, je vis en Allemagne et en Italie. Lorsque mes beaux-parents, Cettina Domiano-Reiter et Bernhard Reiter, ont construit cette maison en 1974, il \u00e9tait clair d\u00e8s le d\u00e9part que quelque chose de tr\u00e8s particulier se constituera sur cette [&hellip;]<\/p>\n","protected":false},"author":4,"featured_media":1973,"parent":0,"menu_order":0,"comment_status":"closed","ping_status":"closed","template":"","meta":{"_acf_changed":false,"footnotes":""},"class_list":["post-2542","page","type-page","status-publish","has-post-thumbnail","hentry"],"acf":[],"yoast_head":"<!-- This site is optimized with the Yoast SEO plugin v24.0 - https:\/\/yoast.com\/wordpress\/plugins\/seo\/ -->\n<title>Histoire et philosophie | Villa Sicula<\/title>\n<meta name=\"description\" content=\"L&#039;histoire et la philosophie de la Villa Sicula. Apprenez-en plus et r\u00e9servez vos vacances en Sicile dans cette superbe villa. ICI!\" \/>\n<meta name=\"robots\" content=\"index, follow, max-snippet:-1, max-image-preview:large, max-video-preview:-1\" \/>\n<link rel=\"canonical\" href=\"https:\/\/villasicula-capo.com\/fr\/histoire-et-philosophie\/\" \/>\n<meta property=\"og:locale\" content=\"fr_FR\" \/>\n<meta property=\"og:type\" content=\"article\" \/>\n<meta property=\"og:title\" content=\"Histoire et philosophie | Villa Sicula\" \/>\n<meta property=\"og:description\" content=\"L&#039;histoire et la philosophie de la Villa Sicula. Apprenez-en plus et r\u00e9servez vos vacances en Sicile dans cette superbe villa. ICI!\" \/>\n<meta property=\"og:url\" content=\"https:\/\/villasicula-capo.com\/fr\/histoire-et-philosophie\/\" \/>\n<meta property=\"og:site_name\" content=\"Villa Sicula\" \/>\n<meta property=\"article:modified_time\" content=\"2024-12-15T09:46:51+00:00\" \/>\n<meta property=\"og:image\" content=\"https:\/\/villasicula-capo.com\/wp-content\/uploads\/2021\/01\/Kategoriebild-Geschichte-Villa-Sicula.jpg\" \/>\n\t<meta property=\"og:image:width\" content=\"2880\" \/>\n\t<meta property=\"og:image:height\" content=\"1620\" \/>\n\t<meta property=\"og:image:type\" content=\"image\/jpeg\" \/>\n<meta name=\"twitter:card\" content=\"summary_large_image\" \/>\n<meta name=\"twitter:label1\" content=\"Dur\u00e9e de lecture estim\u00e9e\" \/>\n\t<meta name=\"twitter:data1\" content=\"3 minutes\" \/>\n<script type=\"application\/ld+json\" class=\"yoast-schema-graph\">{\"@context\":\"https:\/\/schema.org\",\"@graph\":[{\"@type\":\"WebPage\",\"@id\":\"https:\/\/villasicula-capo.com\/fr\/histoire-et-philosophie\/\",\"url\":\"https:\/\/villasicula-capo.com\/fr\/histoire-et-philosophie\/\",\"name\":\"Histoire et philosophie | Villa Sicula\",\"isPartOf\":{\"@id\":\"https:\/\/villasicula-capo.com\/fr\/#website\"},\"primaryImageOfPage\":{\"@id\":\"https:\/\/villasicula-capo.com\/fr\/histoire-et-philosophie\/#primaryimage\"},\"image\":{\"@id\":\"https:\/\/villasicula-capo.com\/fr\/histoire-et-philosophie\/#primaryimage\"},\"thumbnailUrl\":\"https:\/\/villasicula-capo.com\/wp-content\/uploads\/2021\/01\/Kategoriebild-Geschichte-Villa-Sicula.jpg\",\"datePublished\":\"2021-06-18T07:07:58+00:00\",\"dateModified\":\"2024-12-15T09:46:51+00:00\",\"description\":\"L'histoire et la philosophie de la Villa Sicula. Apprenez-en plus et r\u00e9servez vos vacances en Sicile dans cette superbe villa. ICI!\",\"inLanguage\":\"fr-FR\",\"potentialAction\":[{\"@type\":\"ReadAction\",\"target\":[\"https:\/\/villasicula-capo.com\/fr\/histoire-et-philosophie\/\"]}]},{\"@type\":\"ImageObject\",\"inLanguage\":\"fr-FR\",\"@id\":\"https:\/\/villasicula-capo.com\/fr\/histoire-et-philosophie\/#primaryimage\",\"url\":\"https:\/\/villasicula-capo.com\/wp-content\/uploads\/2021\/01\/Kategoriebild-Geschichte-Villa-Sicula.jpg\",\"contentUrl\":\"https:\/\/villasicula-capo.com\/wp-content\/uploads\/2021\/01\/Kategoriebild-Geschichte-Villa-Sicula.jpg\",\"width\":2880,\"height\":1620},{\"@type\":\"WebSite\",\"@id\":\"https:\/\/villasicula-capo.com\/fr\/#website\",\"url\":\"https:\/\/villasicula-capo.com\/fr\/\",\"name\":\"Villa Sicula\",\"description\":\"\",\"publisher\":{\"@id\":\"https:\/\/villasicula-capo.com\/fr\/#organization\"},\"potentialAction\":[{\"@type\":\"SearchAction\",\"target\":{\"@type\":\"EntryPoint\",\"urlTemplate\":\"https:\/\/villasicula-capo.com\/fr\/?s={search_term_string}\"},\"query-input\":{\"@type\":\"PropertyValueSpecification\",\"valueRequired\":true,\"valueName\":\"search_term_string\"}}],\"inLanguage\":\"fr-FR\"},{\"@type\":\"Organization\",\"@id\":\"https:\/\/villasicula-capo.com\/fr\/#organization\",\"name\":\"Villa Sicula\",\"url\":\"https:\/\/villasicula-capo.com\/fr\/\",\"logo\":{\"@type\":\"ImageObject\",\"inLanguage\":\"fr-FR\",\"@id\":\"https:\/\/villasicula-capo.com\/fr\/#\/schema\/logo\/image\/\",\"url\":\"https:\/\/villasicula-capo.com\/wp-content\/uploads\/2023\/02\/cropped-Villa-Sicula-del-Capo_klein.png\",\"contentUrl\":\"https:\/\/villasicula-capo.com\/wp-content\/uploads\/2023\/02\/cropped-Villa-Sicula-del-Capo_klein.png\",\"width\":360,\"height\":225,\"caption\":\"Villa Sicula\"},\"image\":{\"@id\":\"https:\/\/villasicula-capo.com\/fr\/#\/schema\/logo\/image\/\"}}]}<\/script>\n<!-- \/ Yoast SEO plugin. -->","yoast_head_json":{"title":"Histoire et philosophie | Villa Sicula","description":"L'histoire et la philosophie de la Villa Sicula. Apprenez-en plus et r\u00e9servez vos vacances en Sicile dans cette superbe villa. ICI!","robots":{"index":"index","follow":"follow","max-snippet":"max-snippet:-1","max-image-preview":"max-image-preview:large","max-video-preview":"max-video-preview:-1"},"canonical":"https:\/\/villasicula-capo.com\/fr\/histoire-et-philosophie\/","og_locale":"fr_FR","og_type":"article","og_title":"Histoire et philosophie | Villa Sicula","og_description":"L'histoire et la philosophie de la Villa Sicula. Apprenez-en plus et r\u00e9servez vos vacances en Sicile dans cette superbe villa. ICI!","og_url":"https:\/\/villasicula-capo.com\/fr\/histoire-et-philosophie\/","og_site_name":"Villa Sicula","article_modified_time":"2024-12-15T09:46:51+00:00","og_image":[{"width":2880,"height":1620,"url":"https:\/\/villasicula-capo.com\/wp-content\/uploads\/2021\/01\/Kategoriebild-Geschichte-Villa-Sicula.jpg","type":"image\/jpeg"}],"twitter_card":"summary_large_image","twitter_misc":{"Dur\u00e9e de lecture estim\u00e9e":"3 minutes"},"schema":{"@context":"https:\/\/schema.org","@graph":[{"@type":"WebPage","@id":"https:\/\/villasicula-capo.com\/fr\/histoire-et-philosophie\/","url":"https:\/\/villasicula-capo.com\/fr\/histoire-et-philosophie\/","name":"Histoire et philosophie | Villa Sicula","isPartOf":{"@id":"https:\/\/villasicula-capo.com\/fr\/#website"},"primaryImageOfPage":{"@id":"https:\/\/villasicula-capo.com\/fr\/histoire-et-philosophie\/#primaryimage"},"image":{"@id":"https:\/\/villasicula-capo.com\/fr\/histoire-et-philosophie\/#primaryimage"},"thumbnailUrl":"https:\/\/villasicula-capo.com\/wp-content\/uploads\/2021\/01\/Kategoriebild-Geschichte-Villa-Sicula.jpg","datePublished":"2021-06-18T07:07:58+00:00","dateModified":"2024-12-15T09:46:51+00:00","description":"L'histoire et la philosophie de la Villa Sicula. Apprenez-en plus et r\u00e9servez vos vacances en Sicile dans cette superbe villa. ICI!","inLanguage":"fr-FR","potentialAction":[{"@type":"ReadAction","target":["https:\/\/villasicula-capo.com\/fr\/histoire-et-philosophie\/"]}]},{"@type":"ImageObject","inLanguage":"fr-FR","@id":"https:\/\/villasicula-capo.com\/fr\/histoire-et-philosophie\/#primaryimage","url":"https:\/\/villasicula-capo.com\/wp-content\/uploads\/2021\/01\/Kategoriebild-Geschichte-Villa-Sicula.jpg","contentUrl":"https:\/\/villasicula-capo.com\/wp-content\/uploads\/2021\/01\/Kategoriebild-Geschichte-Villa-Sicula.jpg","width":2880,"height":1620},{"@type":"WebSite","@id":"https:\/\/villasicula-capo.com\/fr\/#website","url":"https:\/\/villasicula-capo.com\/fr\/","name":"Villa Sicula","description":"","publisher":{"@id":"https:\/\/villasicula-capo.com\/fr\/#organization"},"potentialAction":[{"@type":"SearchAction","target":{"@type":"EntryPoint","urlTemplate":"https:\/\/villasicula-capo.com\/fr\/?s={search_term_string}"},"query-input":{"@type":"PropertyValueSpecification","valueRequired":true,"valueName":"search_term_string"}}],"inLanguage":"fr-FR"},{"@type":"Organization","@id":"https:\/\/villasicula-capo.com\/fr\/#organization","name":"Villa Sicula","url":"https:\/\/villasicula-capo.com\/fr\/","logo":{"@type":"ImageObject","inLanguage":"fr-FR","@id":"https:\/\/villasicula-capo.com\/fr\/#\/schema\/logo\/image\/","url":"https:\/\/villasicula-capo.com\/wp-content\/uploads\/2023\/02\/cropped-Villa-Sicula-del-Capo_klein.png","contentUrl":"https:\/\/villasicula-capo.com\/wp-content\/uploads\/2023\/02\/cropped-Villa-Sicula-del-Capo_klein.png","width":360,"height":225,"caption":"Villa Sicula"},"image":{"@id":"https:\/\/villasicula-capo.com\/fr\/#\/schema\/logo\/image\/"}}]}},"_links":{"self":[{"href":"https:\/\/villasicula-capo.com\/fr\/wp-json\/wp\/v2\/pages\/2542","targetHints":{"allow":["GET"]}}],"collection":[{"href":"https:\/\/villasicula-capo.com\/fr\/wp-json\/wp\/v2\/pages"}],"about":[{"href":"https:\/\/villasicula-capo.com\/fr\/wp-json\/wp\/v2\/types\/page"}],"author":[{"embeddable":true,"href":"https:\/\/villasicula-capo.com\/fr\/wp-json\/wp\/v2\/users\/4"}],"replies":[{"embeddable":true,"href":"https:\/\/villasicula-capo.com\/fr\/wp-json\/wp\/v2\/comments?post=2542"}],"version-history":[{"count":0,"href":"https:\/\/villasicula-capo.com\/fr\/wp-json\/wp\/v2\/pages\/2542\/revisions"}],"wp:featuredmedia":[{"embeddable":true,"href":"https:\/\/villasicula-capo.com\/fr\/wp-json\/wp\/v2\/media\/1973"}],"wp:attachment":[{"href":"https:\/\/villasicula-capo.com\/fr\/wp-json\/wp\/v2\/media?parent=2542"}],"curies":[{"name":"wp","href":"https:\/\/api.w.org\/{rel}","templated":true}]}}