{"id":2534,"date":"2021-06-17T13:05:28","date_gmt":"2021-06-17T11:05:28","guid":{"rendered":"https:\/\/villasicula-capo.com\/?page_id=2534"},"modified":"2021-06-17T13:10:59","modified_gmt":"2021-06-17T11:10:59","slug":"giovanni-verga","status":"publish","type":"page","link":"https:\/\/villasicula-capo.com\/fr\/giovanni-verga\/","title":{"rendered":"Giovanni Verga"},"content":{"rendered":"<div class=\"block core-paragraph \">\n<p><em><em>Giovanni Verga<\/em>, <\/em>\u00e9crivain italien, n\u00e9 en 1840 \u00e0 Aci Castello pr\u00e8s de Catane, mort \u00e0 Catane en 1922, est l&rsquo;un des principaux repr\u00e9sentants du v\u00e9risme, important mouvement litt\u00e9raire italien du XIXe si\u00e8cle. L&rsquo;\u00e9crivain s&rsquo;est d&rsquo;abord fait conna\u00eetre par ses romans. L&rsquo;un d&rsquo;eux a servi de mod\u00e8le pour l&rsquo;op\u00e9ra <em>Cavalleria rusticana<\/em> de Pietro Mascagni. Le roman le plus c\u00e9l\u00e8bre de Verga <em>I Malavoglia<\/em> est consacr\u00e9 \u00e0 la vie pleine de privations des p\u00eacheurs de la c\u00f4te est de la Sicile. En 1948, le r\u00e9alisateur italien Luchino Visconti l&rsquo;a film\u00e9 sous le titre <em>La terra trema<\/em> (La terre tremble), en utilisant uniquement des acteurs amateurs. La maison natale de l&rsquo;auteur est aujourd&rsquo;hui un mus\u00e9e litt\u00e9raire : une visite de la <em>Casa Museo Giovanni Verga<\/em> \u00e0 Catane vaut la peine, car le mus\u00e9e abrite la vaste biblioth\u00e8que priv\u00e9e du po\u00e8te et des copies de ses manuscrits. Les originaux se trouvent \u00e0 la biblioth\u00e8que universitaire de Catane.<\/p>\n<\/div><div class=\"block core-image \">\n<div class=\"wp-block-image\"><figure class=\"aligncenter size-large is-resized\"><img fetchpriority=\"high\" decoding=\"async\" src=\"https:\/\/villasicula-capo.com\/wp-content\/uploads\/2021\/01\/Portrait_of_Giovanni_Verga-1.jpg\" alt=\"\" class=\"wp-image-615\" width=\"447\" height=\"297\" srcset=\"https:\/\/villasicula-capo.com\/wp-content\/uploads\/2021\/01\/Portrait_of_Giovanni_Verga-1.jpg 1787w, https:\/\/villasicula-capo.com\/wp-content\/uploads\/2021\/01\/Portrait_of_Giovanni_Verga-1-1200x798.jpg 1200w, https:\/\/villasicula-capo.com\/wp-content\/uploads\/2021\/01\/Portrait_of_Giovanni_Verga-1-600x400.jpg 600w\" sizes=\"(max-width: 447px) 100vw, 447px\" \/><\/figure><\/div>\n<\/div>","protected":false},"excerpt":{"rendered":"<p>Giovanni Verga, \u00e9crivain italien, n\u00e9 en 1840 \u00e0 Aci Castello pr\u00e8s de Catane, mort \u00e0 Catane en 1922, est l&rsquo;un des principaux repr\u00e9sentants du v\u00e9risme, important mouvement litt\u00e9raire italien du XIXe si\u00e8cle. L&rsquo;\u00e9crivain s&rsquo;est d&rsquo;abord fait conna\u00eetre par ses romans. L&rsquo;un d&rsquo;eux a servi de mod\u00e8le pour l&rsquo;op\u00e9ra Cavalleria rusticana de Pietro Mascagni. Le roman [&hellip;]<\/p>\n","protected":false},"author":4,"featured_media":2321,"parent":0,"menu_order":0,"comment_status":"closed","ping_status":"closed","template":"","meta":{"_acf_changed":false,"footnotes":""},"class_list":["post-2534","page","type-page","status-publish","has-post-thumbnail","hentry"],"acf":[],"yoast_head":"<!-- This site is optimized with the Yoast SEO plugin v24.0 - https:\/\/yoast.com\/wordpress\/plugins\/seo\/ -->\n<title>Giovanni Verga | Villa Sicula<\/title>\n<meta name=\"description\" content=\"D\u00e9couvrez la culture de la Sicile : l&#039;appartement &quot;La Cultura Sicliana&quot; de la Villa Sicula vous offre beaucoup d&#039;espace et d&#039;intimit\u00e9.\" \/>\n<meta name=\"robots\" content=\"index, follow, max-snippet:-1, max-image-preview:large, max-video-preview:-1\" \/>\n<link rel=\"canonical\" href=\"https:\/\/villasicula-capo.com\/fr\/giovanni-verga\/\" \/>\n<meta property=\"og:locale\" content=\"fr_FR\" \/>\n<meta property=\"og:type\" content=\"article\" \/>\n<meta property=\"og:title\" content=\"Giovanni Verga | Villa Sicula\" \/>\n<meta property=\"og:description\" content=\"D\u00e9couvrez la culture de la Sicile : l&#039;appartement &quot;La Cultura Sicliana&quot; de la Villa Sicula vous offre beaucoup d&#039;espace et d&#039;intimit\u00e9.\" \/>\n<meta property=\"og:url\" content=\"https:\/\/villasicula-capo.com\/fr\/giovanni-verga\/\" \/>\n<meta property=\"og:site_name\" content=\"Villa Sicula\" \/>\n<meta property=\"article:modified_time\" content=\"2021-06-17T11:10:59+00:00\" \/>\n<meta property=\"og:image\" content=\"https:\/\/villasicula-capo.com\/wp-content\/uploads\/2021\/02\/Bilder-Sizilien-72.jpg\" \/>\n\t<meta property=\"og:image:width\" content=\"3000\" \/>\n\t<meta property=\"og:image:height\" content=\"2000\" \/>\n\t<meta property=\"og:image:type\" content=\"image\/jpeg\" \/>\n<meta name=\"twitter:card\" content=\"summary_large_image\" \/>\n<meta name=\"twitter:label1\" content=\"Dur\u00e9e de lecture estim\u00e9e\" \/>\n\t<meta name=\"twitter:data1\" content=\"1 minute\" \/>\n<script type=\"application\/ld+json\" class=\"yoast-schema-graph\">{\"@context\":\"https:\/\/schema.org\",\"@graph\":[{\"@type\":\"WebPage\",\"@id\":\"https:\/\/villasicula-capo.com\/fr\/giovanni-verga\/\",\"url\":\"https:\/\/villasicula-capo.com\/fr\/giovanni-verga\/\",\"name\":\"Giovanni Verga | Villa Sicula\",\"isPartOf\":{\"@id\":\"https:\/\/villasicula-capo.com\/fr\/#website\"},\"primaryImageOfPage\":{\"@id\":\"https:\/\/villasicula-capo.com\/fr\/giovanni-verga\/#primaryimage\"},\"image\":{\"@id\":\"https:\/\/villasicula-capo.com\/fr\/giovanni-verga\/#primaryimage\"},\"thumbnailUrl\":\"https:\/\/villasicula-capo.com\/wp-content\/uploads\/2021\/02\/Bilder-Sizilien-72.jpg\",\"datePublished\":\"2021-06-17T11:05:28+00:00\",\"dateModified\":\"2021-06-17T11:10:59+00:00\",\"description\":\"D\u00e9couvrez la culture de la Sicile : l'appartement \\\"La Cultura Sicliana\\\" de la Villa Sicula vous offre beaucoup d'espace et d'intimit\u00e9.\",\"inLanguage\":\"fr-FR\",\"potentialAction\":[{\"@type\":\"ReadAction\",\"target\":[\"https:\/\/villasicula-capo.com\/fr\/giovanni-verga\/\"]}]},{\"@type\":\"ImageObject\",\"inLanguage\":\"fr-FR\",\"@id\":\"https:\/\/villasicula-capo.com\/fr\/giovanni-verga\/#primaryimage\",\"url\":\"https:\/\/villasicula-capo.com\/wp-content\/uploads\/2021\/02\/Bilder-Sizilien-72.jpg\",\"contentUrl\":\"https:\/\/villasicula-capo.com\/wp-content\/uploads\/2021\/02\/Bilder-Sizilien-72.jpg\",\"width\":3000,\"height\":2000},{\"@type\":\"WebSite\",\"@id\":\"https:\/\/villasicula-capo.com\/fr\/#website\",\"url\":\"https:\/\/villasicula-capo.com\/fr\/\",\"name\":\"Villa Sicula\",\"description\":\"\",\"publisher\":{\"@id\":\"https:\/\/villasicula-capo.com\/fr\/#organization\"},\"potentialAction\":[{\"@type\":\"SearchAction\",\"target\":{\"@type\":\"EntryPoint\",\"urlTemplate\":\"https:\/\/villasicula-capo.com\/fr\/?s={search_term_string}\"},\"query-input\":{\"@type\":\"PropertyValueSpecification\",\"valueRequired\":true,\"valueName\":\"search_term_string\"}}],\"inLanguage\":\"fr-FR\"},{\"@type\":\"Organization\",\"@id\":\"https:\/\/villasicula-capo.com\/fr\/#organization\",\"name\":\"Villa Sicula\",\"url\":\"https:\/\/villasicula-capo.com\/fr\/\",\"logo\":{\"@type\":\"ImageObject\",\"inLanguage\":\"fr-FR\",\"@id\":\"https:\/\/villasicula-capo.com\/fr\/#\/schema\/logo\/image\/\",\"url\":\"https:\/\/villasicula-capo.com\/wp-content\/uploads\/2023\/02\/cropped-Villa-Sicula-del-Capo_klein.png\",\"contentUrl\":\"https:\/\/villasicula-capo.com\/wp-content\/uploads\/2023\/02\/cropped-Villa-Sicula-del-Capo_klein.png\",\"width\":360,\"height\":225,\"caption\":\"Villa Sicula\"},\"image\":{\"@id\":\"https:\/\/villasicula-capo.com\/fr\/#\/schema\/logo\/image\/\"}}]}<\/script>\n<!-- \/ Yoast SEO plugin. -->","yoast_head_json":{"title":"Giovanni Verga | Villa Sicula","description":"D\u00e9couvrez la culture de la Sicile : l'appartement \"La Cultura Sicliana\" de la Villa Sicula vous offre beaucoup d'espace et d'intimit\u00e9.","robots":{"index":"index","follow":"follow","max-snippet":"max-snippet:-1","max-image-preview":"max-image-preview:large","max-video-preview":"max-video-preview:-1"},"canonical":"https:\/\/villasicula-capo.com\/fr\/giovanni-verga\/","og_locale":"fr_FR","og_type":"article","og_title":"Giovanni Verga | Villa Sicula","og_description":"D\u00e9couvrez la culture de la Sicile : l'appartement \"La Cultura Sicliana\" de la Villa Sicula vous offre beaucoup d'espace et d'intimit\u00e9.","og_url":"https:\/\/villasicula-capo.com\/fr\/giovanni-verga\/","og_site_name":"Villa Sicula","article_modified_time":"2021-06-17T11:10:59+00:00","og_image":[{"width":3000,"height":2000,"url":"https:\/\/villasicula-capo.com\/wp-content\/uploads\/2021\/02\/Bilder-Sizilien-72.jpg","type":"image\/jpeg"}],"twitter_card":"summary_large_image","twitter_misc":{"Dur\u00e9e de lecture estim\u00e9e":"1 minute"},"schema":{"@context":"https:\/\/schema.org","@graph":[{"@type":"WebPage","@id":"https:\/\/villasicula-capo.com\/fr\/giovanni-verga\/","url":"https:\/\/villasicula-capo.com\/fr\/giovanni-verga\/","name":"Giovanni Verga | Villa Sicula","isPartOf":{"@id":"https:\/\/villasicula-capo.com\/fr\/#website"},"primaryImageOfPage":{"@id":"https:\/\/villasicula-capo.com\/fr\/giovanni-verga\/#primaryimage"},"image":{"@id":"https:\/\/villasicula-capo.com\/fr\/giovanni-verga\/#primaryimage"},"thumbnailUrl":"https:\/\/villasicula-capo.com\/wp-content\/uploads\/2021\/02\/Bilder-Sizilien-72.jpg","datePublished":"2021-06-17T11:05:28+00:00","dateModified":"2021-06-17T11:10:59+00:00","description":"D\u00e9couvrez la culture de la Sicile : l'appartement \"La Cultura Sicliana\" de la Villa Sicula vous offre beaucoup d'espace et d'intimit\u00e9.","inLanguage":"fr-FR","potentialAction":[{"@type":"ReadAction","target":["https:\/\/villasicula-capo.com\/fr\/giovanni-verga\/"]}]},{"@type":"ImageObject","inLanguage":"fr-FR","@id":"https:\/\/villasicula-capo.com\/fr\/giovanni-verga\/#primaryimage","url":"https:\/\/villasicula-capo.com\/wp-content\/uploads\/2021\/02\/Bilder-Sizilien-72.jpg","contentUrl":"https:\/\/villasicula-capo.com\/wp-content\/uploads\/2021\/02\/Bilder-Sizilien-72.jpg","width":3000,"height":2000},{"@type":"WebSite","@id":"https:\/\/villasicula-capo.com\/fr\/#website","url":"https:\/\/villasicula-capo.com\/fr\/","name":"Villa Sicula","description":"","publisher":{"@id":"https:\/\/villasicula-capo.com\/fr\/#organization"},"potentialAction":[{"@type":"SearchAction","target":{"@type":"EntryPoint","urlTemplate":"https:\/\/villasicula-capo.com\/fr\/?s={search_term_string}"},"query-input":{"@type":"PropertyValueSpecification","valueRequired":true,"valueName":"search_term_string"}}],"inLanguage":"fr-FR"},{"@type":"Organization","@id":"https:\/\/villasicula-capo.com\/fr\/#organization","name":"Villa Sicula","url":"https:\/\/villasicula-capo.com\/fr\/","logo":{"@type":"ImageObject","inLanguage":"fr-FR","@id":"https:\/\/villasicula-capo.com\/fr\/#\/schema\/logo\/image\/","url":"https:\/\/villasicula-capo.com\/wp-content\/uploads\/2023\/02\/cropped-Villa-Sicula-del-Capo_klein.png","contentUrl":"https:\/\/villasicula-capo.com\/wp-content\/uploads\/2023\/02\/cropped-Villa-Sicula-del-Capo_klein.png","width":360,"height":225,"caption":"Villa Sicula"},"image":{"@id":"https:\/\/villasicula-capo.com\/fr\/#\/schema\/logo\/image\/"}}]}},"_links":{"self":[{"href":"https:\/\/villasicula-capo.com\/fr\/wp-json\/wp\/v2\/pages\/2534","targetHints":{"allow":["GET"]}}],"collection":[{"href":"https:\/\/villasicula-capo.com\/fr\/wp-json\/wp\/v2\/pages"}],"about":[{"href":"https:\/\/villasicula-capo.com\/fr\/wp-json\/wp\/v2\/types\/page"}],"author":[{"embeddable":true,"href":"https:\/\/villasicula-capo.com\/fr\/wp-json\/wp\/v2\/users\/4"}],"replies":[{"embeddable":true,"href":"https:\/\/villasicula-capo.com\/fr\/wp-json\/wp\/v2\/comments?post=2534"}],"version-history":[{"count":0,"href":"https:\/\/villasicula-capo.com\/fr\/wp-json\/wp\/v2\/pages\/2534\/revisions"}],"wp:featuredmedia":[{"embeddable":true,"href":"https:\/\/villasicula-capo.com\/fr\/wp-json\/wp\/v2\/media\/2321"}],"wp:attachment":[{"href":"https:\/\/villasicula-capo.com\/fr\/wp-json\/wp\/v2\/media?parent=2534"}],"curies":[{"name":"wp","href":"https:\/\/api.w.org\/{rel}","templated":true}]}}