{"id":2524,"date":"2021-06-17T11:43:50","date_gmt":"2021-06-17T09:43:50","guid":{"rendered":"https:\/\/villasicula-capo.com\/?page_id=2524"},"modified":"2021-06-17T11:43:51","modified_gmt":"2021-06-17T09:43:51","slug":"frederic-ii-federico-ii","status":"publish","type":"page","link":"https:\/\/villasicula-capo.com\/fr\/frederic-ii-federico-ii\/","title":{"rendered":"Fr\u00e9d\u00e9ric II &#8211; Federico II."},"content":{"rendered":"<div class=\"block core-paragraph \">\n<p><em>Friedrich II.<\/em> <\/p>\n<\/div><div class=\"block core-paragraph \">\n<p>(1194-1250) \u00e9tait roi des romains depuis 1212\/1215 et fut couronn\u00e9 empereur du Saint Empire romain germanique \u00e0 Rome en 1220. Ses parents \u00e9taient Henri VI, fils de Fr\u00e9d\u00e9ric Barberousse, et Constance, fille du premier roi normand Roger II de Sicile. Fr\u00e9d\u00e9ric a pass\u00e9 la majeure partie de son enfance et de sa jeunesse \u00e0 Palerme, o\u00f9 il a \u00e9t\u00e9 couronn\u00e9 roi de Sicile dans la cath\u00e9drale \u00e0 l&rsquo;\u00e2ge de trois ans et demi, apr\u00e8s la mort pr\u00e9coce de son p\u00e8re. Il y est \u00e9galement enterr\u00e9.Sa cour \u00e9tait un important centre de po\u00e9sie et de science. Fr\u00e9d\u00e9ric lui-m\u00eame a \u00e9crit un livre c\u00e9l\u00e8bre sur la fauconnerie. Le dicton suivant lui est attribu\u00e9:<br>\u00ab\u00a0Non invidio a Dio il paradiso perch\u00e9 sono ben soddisfatto di vivere in Sicilia.\u00a0\u00bb<br>\u00ab\u00a0Je n&rsquo;envie pas le paradis \u00e0 Dieu car je suis heureux de vivre en Sicile.\u00a0\u00bb<\/p>\n<\/div><div class=\"block core-image \">\n<div class=\"wp-block-image\"><figure class=\"aligncenter size-large is-resized\"><img fetchpriority=\"high\" decoding=\"async\" src=\"https:\/\/villasicula-capo.com\/wp-content\/uploads\/2021\/03\/Friedrich-II.jpg\" alt=\"\" class=\"wp-image-1464\" width=\"383\" height=\"473\" srcset=\"https:\/\/villasicula-capo.com\/wp-content\/uploads\/2021\/03\/Friedrich-II.jpg 766w, https:\/\/villasicula-capo.com\/wp-content\/uploads\/2021\/03\/Friedrich-II-648x800.jpg 648w, https:\/\/villasicula-capo.com\/wp-content\/uploads\/2021\/03\/Friedrich-II-324x400.jpg 324w\" sizes=\"(max-width: 383px) 100vw, 383px\" \/><figcaption>Mosaik Friedrich II.<\/figcaption><\/figure><\/div>\n<\/div>","protected":false},"excerpt":{"rendered":"<p>Friedrich II. (1194-1250) \u00e9tait roi des romains depuis 1212\/1215 et fut couronn\u00e9 empereur du Saint Empire romain germanique \u00e0 Rome en 1220. Ses parents \u00e9taient Henri VI, fils de Fr\u00e9d\u00e9ric Barberousse, et Constance, fille du premier roi normand Roger II de Sicile. Fr\u00e9d\u00e9ric a pass\u00e9 la majeure partie de son enfance et de sa jeunesse [&hellip;]<\/p>\n","protected":false},"author":4,"featured_media":2455,"parent":0,"menu_order":0,"comment_status":"closed","ping_status":"closed","template":"","meta":{"_acf_changed":false,"footnotes":""},"class_list":["post-2524","page","type-page","status-publish","has-post-thumbnail","hentry"],"acf":[],"yoast_head":"<!-- This site is optimized with the Yoast SEO plugin v24.0 - https:\/\/yoast.com\/wordpress\/plugins\/seo\/ -->\n<title>Fr\u00e9d\u00e9ric II - Federico II. | Villa Sicula<\/title>\n<meta name=\"robots\" content=\"index, follow, max-snippet:-1, max-image-preview:large, max-video-preview:-1\" \/>\n<link rel=\"canonical\" href=\"https:\/\/villasicula-capo.com\/fr\/frederic-ii-federico-ii\/\" \/>\n<meta property=\"og:locale\" content=\"fr_FR\" \/>\n<meta property=\"og:type\" content=\"article\" \/>\n<meta property=\"og:title\" content=\"Fr\u00e9d\u00e9ric II - Federico II. | Villa Sicula\" \/>\n<meta property=\"og:description\" content=\"Friedrich II. (1194-1250) \u00e9tait roi des romains depuis 1212\/1215 et fut couronn\u00e9 empereur du Saint Empire romain germanique \u00e0 Rome en 1220. Ses parents \u00e9taient Henri VI, fils de Fr\u00e9d\u00e9ric Barberousse, et Constance, fille du premier roi normand Roger II de Sicile. Fr\u00e9d\u00e9ric a pass\u00e9 la majeure partie de son enfance et de sa jeunesse [&hellip;]\" \/>\n<meta property=\"og:url\" content=\"https:\/\/villasicula-capo.com\/fr\/frederic-ii-federico-ii\/\" \/>\n<meta property=\"og:site_name\" content=\"Villa Sicula\" \/>\n<meta property=\"article:modified_time\" content=\"2021-06-17T09:43:51+00:00\" \/>\n<meta property=\"og:image\" content=\"https:\/\/villasicula-capo.com\/wp-content\/uploads\/2021\/03\/Friedrich-II-2.jpg\" \/>\n\t<meta property=\"og:image:width\" content=\"766\" \/>\n\t<meta property=\"og:image:height\" content=\"431\" \/>\n\t<meta property=\"og:image:type\" content=\"image\/jpeg\" \/>\n<meta name=\"twitter:card\" content=\"summary_large_image\" \/>\n<meta name=\"twitter:label1\" content=\"Dur\u00e9e de lecture estim\u00e9e\" \/>\n\t<meta name=\"twitter:data1\" content=\"1 minute\" \/>\n<script type=\"application\/ld+json\" class=\"yoast-schema-graph\">{\"@context\":\"https:\/\/schema.org\",\"@graph\":[{\"@type\":\"WebPage\",\"@id\":\"https:\/\/villasicula-capo.com\/fr\/frederic-ii-federico-ii\/\",\"url\":\"https:\/\/villasicula-capo.com\/fr\/frederic-ii-federico-ii\/\",\"name\":\"Fr\u00e9d\u00e9ric II - Federico II. | Villa Sicula\",\"isPartOf\":{\"@id\":\"https:\/\/villasicula-capo.com\/fr\/#website\"},\"primaryImageOfPage\":{\"@id\":\"https:\/\/villasicula-capo.com\/fr\/frederic-ii-federico-ii\/#primaryimage\"},\"image\":{\"@id\":\"https:\/\/villasicula-capo.com\/fr\/frederic-ii-federico-ii\/#primaryimage\"},\"thumbnailUrl\":\"https:\/\/villasicula-capo.com\/wp-content\/uploads\/2021\/03\/Friedrich-II-2.jpg\",\"datePublished\":\"2021-06-17T09:43:50+00:00\",\"dateModified\":\"2021-06-17T09:43:51+00:00\",\"inLanguage\":\"fr-FR\",\"potentialAction\":[{\"@type\":\"ReadAction\",\"target\":[\"https:\/\/villasicula-capo.com\/fr\/frederic-ii-federico-ii\/\"]}]},{\"@type\":\"ImageObject\",\"inLanguage\":\"fr-FR\",\"@id\":\"https:\/\/villasicula-capo.com\/fr\/frederic-ii-federico-ii\/#primaryimage\",\"url\":\"https:\/\/villasicula-capo.com\/wp-content\/uploads\/2021\/03\/Friedrich-II-2.jpg\",\"contentUrl\":\"https:\/\/villasicula-capo.com\/wp-content\/uploads\/2021\/03\/Friedrich-II-2.jpg\",\"width\":766,\"height\":431},{\"@type\":\"WebSite\",\"@id\":\"https:\/\/villasicula-capo.com\/fr\/#website\",\"url\":\"https:\/\/villasicula-capo.com\/fr\/\",\"name\":\"Villa Sicula\",\"description\":\"\",\"publisher\":{\"@id\":\"https:\/\/villasicula-capo.com\/fr\/#organization\"},\"potentialAction\":[{\"@type\":\"SearchAction\",\"target\":{\"@type\":\"EntryPoint\",\"urlTemplate\":\"https:\/\/villasicula-capo.com\/fr\/?s={search_term_string}\"},\"query-input\":{\"@type\":\"PropertyValueSpecification\",\"valueRequired\":true,\"valueName\":\"search_term_string\"}}],\"inLanguage\":\"fr-FR\"},{\"@type\":\"Organization\",\"@id\":\"https:\/\/villasicula-capo.com\/fr\/#organization\",\"name\":\"Villa Sicula\",\"url\":\"https:\/\/villasicula-capo.com\/fr\/\",\"logo\":{\"@type\":\"ImageObject\",\"inLanguage\":\"fr-FR\",\"@id\":\"https:\/\/villasicula-capo.com\/fr\/#\/schema\/logo\/image\/\",\"url\":\"https:\/\/villasicula-capo.com\/wp-content\/uploads\/2023\/02\/cropped-Villa-Sicula-del-Capo_klein.png\",\"contentUrl\":\"https:\/\/villasicula-capo.com\/wp-content\/uploads\/2023\/02\/cropped-Villa-Sicula-del-Capo_klein.png\",\"width\":360,\"height\":225,\"caption\":\"Villa Sicula\"},\"image\":{\"@id\":\"https:\/\/villasicula-capo.com\/fr\/#\/schema\/logo\/image\/\"}}]}<\/script>\n<!-- \/ Yoast SEO plugin. -->","yoast_head_json":{"title":"Fr\u00e9d\u00e9ric II - Federico II. | Villa Sicula","robots":{"index":"index","follow":"follow","max-snippet":"max-snippet:-1","max-image-preview":"max-image-preview:large","max-video-preview":"max-video-preview:-1"},"canonical":"https:\/\/villasicula-capo.com\/fr\/frederic-ii-federico-ii\/","og_locale":"fr_FR","og_type":"article","og_title":"Fr\u00e9d\u00e9ric II - Federico II. | Villa Sicula","og_description":"Friedrich II. (1194-1250) \u00e9tait roi des romains depuis 1212\/1215 et fut couronn\u00e9 empereur du Saint Empire romain germanique \u00e0 Rome en 1220. Ses parents \u00e9taient Henri VI, fils de Fr\u00e9d\u00e9ric Barberousse, et Constance, fille du premier roi normand Roger II de Sicile. Fr\u00e9d\u00e9ric a pass\u00e9 la majeure partie de son enfance et de sa jeunesse [&hellip;]","og_url":"https:\/\/villasicula-capo.com\/fr\/frederic-ii-federico-ii\/","og_site_name":"Villa Sicula","article_modified_time":"2021-06-17T09:43:51+00:00","og_image":[{"width":766,"height":431,"url":"https:\/\/villasicula-capo.com\/wp-content\/uploads\/2021\/03\/Friedrich-II-2.jpg","type":"image\/jpeg"}],"twitter_card":"summary_large_image","twitter_misc":{"Dur\u00e9e de lecture estim\u00e9e":"1 minute"},"schema":{"@context":"https:\/\/schema.org","@graph":[{"@type":"WebPage","@id":"https:\/\/villasicula-capo.com\/fr\/frederic-ii-federico-ii\/","url":"https:\/\/villasicula-capo.com\/fr\/frederic-ii-federico-ii\/","name":"Fr\u00e9d\u00e9ric II - Federico II. | Villa Sicula","isPartOf":{"@id":"https:\/\/villasicula-capo.com\/fr\/#website"},"primaryImageOfPage":{"@id":"https:\/\/villasicula-capo.com\/fr\/frederic-ii-federico-ii\/#primaryimage"},"image":{"@id":"https:\/\/villasicula-capo.com\/fr\/frederic-ii-federico-ii\/#primaryimage"},"thumbnailUrl":"https:\/\/villasicula-capo.com\/wp-content\/uploads\/2021\/03\/Friedrich-II-2.jpg","datePublished":"2021-06-17T09:43:50+00:00","dateModified":"2021-06-17T09:43:51+00:00","inLanguage":"fr-FR","potentialAction":[{"@type":"ReadAction","target":["https:\/\/villasicula-capo.com\/fr\/frederic-ii-federico-ii\/"]}]},{"@type":"ImageObject","inLanguage":"fr-FR","@id":"https:\/\/villasicula-capo.com\/fr\/frederic-ii-federico-ii\/#primaryimage","url":"https:\/\/villasicula-capo.com\/wp-content\/uploads\/2021\/03\/Friedrich-II-2.jpg","contentUrl":"https:\/\/villasicula-capo.com\/wp-content\/uploads\/2021\/03\/Friedrich-II-2.jpg","width":766,"height":431},{"@type":"WebSite","@id":"https:\/\/villasicula-capo.com\/fr\/#website","url":"https:\/\/villasicula-capo.com\/fr\/","name":"Villa Sicula","description":"","publisher":{"@id":"https:\/\/villasicula-capo.com\/fr\/#organization"},"potentialAction":[{"@type":"SearchAction","target":{"@type":"EntryPoint","urlTemplate":"https:\/\/villasicula-capo.com\/fr\/?s={search_term_string}"},"query-input":{"@type":"PropertyValueSpecification","valueRequired":true,"valueName":"search_term_string"}}],"inLanguage":"fr-FR"},{"@type":"Organization","@id":"https:\/\/villasicula-capo.com\/fr\/#organization","name":"Villa Sicula","url":"https:\/\/villasicula-capo.com\/fr\/","logo":{"@type":"ImageObject","inLanguage":"fr-FR","@id":"https:\/\/villasicula-capo.com\/fr\/#\/schema\/logo\/image\/","url":"https:\/\/villasicula-capo.com\/wp-content\/uploads\/2023\/02\/cropped-Villa-Sicula-del-Capo_klein.png","contentUrl":"https:\/\/villasicula-capo.com\/wp-content\/uploads\/2023\/02\/cropped-Villa-Sicula-del-Capo_klein.png","width":360,"height":225,"caption":"Villa Sicula"},"image":{"@id":"https:\/\/villasicula-capo.com\/fr\/#\/schema\/logo\/image\/"}}]}},"_links":{"self":[{"href":"https:\/\/villasicula-capo.com\/fr\/wp-json\/wp\/v2\/pages\/2524","targetHints":{"allow":["GET"]}}],"collection":[{"href":"https:\/\/villasicula-capo.com\/fr\/wp-json\/wp\/v2\/pages"}],"about":[{"href":"https:\/\/villasicula-capo.com\/fr\/wp-json\/wp\/v2\/types\/page"}],"author":[{"embeddable":true,"href":"https:\/\/villasicula-capo.com\/fr\/wp-json\/wp\/v2\/users\/4"}],"replies":[{"embeddable":true,"href":"https:\/\/villasicula-capo.com\/fr\/wp-json\/wp\/v2\/comments?post=2524"}],"version-history":[{"count":0,"href":"https:\/\/villasicula-capo.com\/fr\/wp-json\/wp\/v2\/pages\/2524\/revisions"}],"wp:featuredmedia":[{"embeddable":true,"href":"https:\/\/villasicula-capo.com\/fr\/wp-json\/wp\/v2\/media\/2455"}],"wp:attachment":[{"href":"https:\/\/villasicula-capo.com\/fr\/wp-json\/wp\/v2\/media?parent=2524"}],"curies":[{"name":"wp","href":"https:\/\/api.w.org\/{rel}","templated":true}]}}