{"id":2512,"date":"2021-06-17T11:19:27","date_gmt":"2021-06-17T09:19:27","guid":{"rendered":"https:\/\/villasicula-capo.com\/?page_id=2512"},"modified":"2021-06-17T11:19:27","modified_gmt":"2021-06-17T09:19:27","slug":"elio-vittorini","status":"publish","type":"page","link":"https:\/\/villasicula-capo.com\/fr\/elio-vittorini\/","title":{"rendered":"Elio Vittorini"},"content":{"rendered":"<div class=\"block core-paragraph \">\n<p><em><em>Elio Vittorini<\/em> \u00e9tait un \u00e9crivain, publiciste et traducteur italien. Il est venu au monde en 1908 \u00e0 Syracuse, dans le sud-est de la Sicile. En 1924, \u00e0 l&rsquo;\u00e2ge de 16 ans, il quitte sa patrie et \u00e9pouse en 1927 la s\u0153ur du po\u00e8te et prix Nobel de litt\u00e9rature Salvatore Quasimodo, \u00e9galement originaire de Sicile. En 1941, son roman <em>Conversation en Sicile<\/em> est publi\u00e9 deux fois et \u00e9tablit sa renomm\u00e9e mondiale. Le po\u00e8te est consid\u00e9r\u00e9 comme un repr\u00e9sentant autoris\u00e9 du n\u00e9or\u00e9alisme litt\u00e9raire. Alors qu&rsquo;il travaillait pour la maison d&rsquo;\u00e9dition Einaudi (\u00e0 partir de 1951), Vittorini a rejet\u00e9 le roman <em>Il Gattopardo<\/em> de l&rsquo;auteur Giuseppe Tomasi di Lampedusa \u00ab\u00a0comme une \u0153uvre historique d\u00e9pass\u00e9e sans pertinence socio-critique\u00a0\u00bb. Vittorini est mort \u00e0 Milan le 12.2.1966 \u00e0 l&rsquo;\u00e2ge de 57 ans seulement.<\/em><\/p>\n<\/div><div class=\"block core-image \">\n<div class=\"wp-block-image\"><figure class=\"aligncenter size-large is-resized\"><img fetchpriority=\"high\" decoding=\"async\" src=\"https:\/\/villasicula-capo.com\/wp-content\/uploads\/2021\/01\/Elio_Vittorini-1.jpg\" alt=\"\" class=\"wp-image-611\" width=\"362\" height=\"240\" srcset=\"https:\/\/villasicula-capo.com\/wp-content\/uploads\/2021\/01\/Elio_Vittorini-1.jpg 723w, https:\/\/villasicula-capo.com\/wp-content\/uploads\/2021\/01\/Elio_Vittorini-1-600x398.jpg 600w\" sizes=\"(max-width: 362px) 100vw, 362px\" \/><\/figure><\/div>\n<\/div>","protected":false},"excerpt":{"rendered":"<p>Elio Vittorini \u00e9tait un \u00e9crivain, publiciste et traducteur italien. Il est venu au monde en 1908 \u00e0 Syracuse, dans le sud-est de la Sicile. En 1924, \u00e0 l&rsquo;\u00e2ge de 16 ans, il quitte sa patrie et \u00e9pouse en 1927 la s\u0153ur du po\u00e8te et prix Nobel de litt\u00e9rature Salvatore Quasimodo, \u00e9galement originaire de Sicile. En [&hellip;]<\/p>\n","protected":false},"author":4,"featured_media":2303,"parent":0,"menu_order":0,"comment_status":"closed","ping_status":"closed","template":"","meta":{"_acf_changed":false,"footnotes":""},"class_list":["post-2512","page","type-page","status-publish","has-post-thumbnail","hentry"],"acf":[],"yoast_head":"<!-- This site is optimized with the Yoast SEO plugin v24.0 - https:\/\/yoast.com\/wordpress\/plugins\/seo\/ -->\n<title>Elio Vittorini | Villa Sicula<\/title>\n<meta name=\"description\" content=\"D\u00e9couvrez la Sicile: L&#039;appartement &quot;La Cultura Sicliana&quot; \u00e0 Villa Sicula vous offre, \u00e0 vous et \u00e0 votre famille, beaucoup d&#039;espace et d&#039;intimit\u00e9.\" \/>\n<meta name=\"robots\" content=\"index, follow, max-snippet:-1, max-image-preview:large, max-video-preview:-1\" \/>\n<link rel=\"canonical\" href=\"https:\/\/villasicula-capo.com\/fr\/elio-vittorini\/\" \/>\n<meta property=\"og:locale\" content=\"fr_FR\" \/>\n<meta property=\"og:type\" content=\"article\" \/>\n<meta property=\"og:title\" content=\"Elio Vittorini | Villa Sicula\" \/>\n<meta property=\"og:description\" content=\"D\u00e9couvrez la Sicile: L&#039;appartement &quot;La Cultura Sicliana&quot; \u00e0 Villa Sicula vous offre, \u00e0 vous et \u00e0 votre famille, beaucoup d&#039;espace et d&#039;intimit\u00e9.\" \/>\n<meta property=\"og:url\" content=\"https:\/\/villasicula-capo.com\/fr\/elio-vittorini\/\" \/>\n<meta property=\"og:site_name\" content=\"Villa Sicula\" \/>\n<meta property=\"og:image\" content=\"https:\/\/villasicula-capo.com\/wp-content\/uploads\/2021\/02\/Bilder-Sizilien-60.jpg\" \/>\n\t<meta property=\"og:image:width\" content=\"3000\" \/>\n\t<meta property=\"og:image:height\" content=\"2000\" \/>\n\t<meta property=\"og:image:type\" content=\"image\/jpeg\" \/>\n<meta name=\"twitter:card\" content=\"summary_large_image\" \/>\n<meta name=\"twitter:label1\" content=\"Dur\u00e9e de lecture estim\u00e9e\" \/>\n\t<meta name=\"twitter:data1\" content=\"1 minute\" \/>\n<script type=\"application\/ld+json\" class=\"yoast-schema-graph\">{\"@context\":\"https:\/\/schema.org\",\"@graph\":[{\"@type\":\"WebPage\",\"@id\":\"https:\/\/villasicula-capo.com\/fr\/elio-vittorini\/\",\"url\":\"https:\/\/villasicula-capo.com\/fr\/elio-vittorini\/\",\"name\":\"Elio Vittorini | Villa Sicula\",\"isPartOf\":{\"@id\":\"https:\/\/villasicula-capo.com\/fr\/#website\"},\"primaryImageOfPage\":{\"@id\":\"https:\/\/villasicula-capo.com\/fr\/elio-vittorini\/#primaryimage\"},\"image\":{\"@id\":\"https:\/\/villasicula-capo.com\/fr\/elio-vittorini\/#primaryimage\"},\"thumbnailUrl\":\"https:\/\/villasicula-capo.com\/wp-content\/uploads\/2021\/02\/Bilder-Sizilien-60.jpg\",\"datePublished\":\"2021-06-17T09:19:27+00:00\",\"dateModified\":\"2021-06-17T09:19:27+00:00\",\"description\":\"D\u00e9couvrez la Sicile: L'appartement \\\"La Cultura Sicliana\\\" \u00e0 Villa Sicula vous offre, \u00e0 vous et \u00e0 votre famille, beaucoup d'espace et d'intimit\u00e9.\",\"inLanguage\":\"fr-FR\",\"potentialAction\":[{\"@type\":\"ReadAction\",\"target\":[\"https:\/\/villasicula-capo.com\/fr\/elio-vittorini\/\"]}]},{\"@type\":\"ImageObject\",\"inLanguage\":\"fr-FR\",\"@id\":\"https:\/\/villasicula-capo.com\/fr\/elio-vittorini\/#primaryimage\",\"url\":\"https:\/\/villasicula-capo.com\/wp-content\/uploads\/2021\/02\/Bilder-Sizilien-60.jpg\",\"contentUrl\":\"https:\/\/villasicula-capo.com\/wp-content\/uploads\/2021\/02\/Bilder-Sizilien-60.jpg\",\"width\":3000,\"height\":2000},{\"@type\":\"WebSite\",\"@id\":\"https:\/\/villasicula-capo.com\/fr\/#website\",\"url\":\"https:\/\/villasicula-capo.com\/fr\/\",\"name\":\"Villa Sicula\",\"description\":\"\",\"publisher\":{\"@id\":\"https:\/\/villasicula-capo.com\/fr\/#organization\"},\"potentialAction\":[{\"@type\":\"SearchAction\",\"target\":{\"@type\":\"EntryPoint\",\"urlTemplate\":\"https:\/\/villasicula-capo.com\/fr\/?s={search_term_string}\"},\"query-input\":{\"@type\":\"PropertyValueSpecification\",\"valueRequired\":true,\"valueName\":\"search_term_string\"}}],\"inLanguage\":\"fr-FR\"},{\"@type\":\"Organization\",\"@id\":\"https:\/\/villasicula-capo.com\/fr\/#organization\",\"name\":\"Villa Sicula\",\"url\":\"https:\/\/villasicula-capo.com\/fr\/\",\"logo\":{\"@type\":\"ImageObject\",\"inLanguage\":\"fr-FR\",\"@id\":\"https:\/\/villasicula-capo.com\/fr\/#\/schema\/logo\/image\/\",\"url\":\"https:\/\/villasicula-capo.com\/wp-content\/uploads\/2023\/02\/cropped-Villa-Sicula-del-Capo_klein.png\",\"contentUrl\":\"https:\/\/villasicula-capo.com\/wp-content\/uploads\/2023\/02\/cropped-Villa-Sicula-del-Capo_klein.png\",\"width\":360,\"height\":225,\"caption\":\"Villa Sicula\"},\"image\":{\"@id\":\"https:\/\/villasicula-capo.com\/fr\/#\/schema\/logo\/image\/\"}}]}<\/script>\n<!-- \/ Yoast SEO plugin. -->","yoast_head_json":{"title":"Elio Vittorini | Villa Sicula","description":"D\u00e9couvrez la Sicile: L'appartement \"La Cultura Sicliana\" \u00e0 Villa Sicula vous offre, \u00e0 vous et \u00e0 votre famille, beaucoup d'espace et d'intimit\u00e9.","robots":{"index":"index","follow":"follow","max-snippet":"max-snippet:-1","max-image-preview":"max-image-preview:large","max-video-preview":"max-video-preview:-1"},"canonical":"https:\/\/villasicula-capo.com\/fr\/elio-vittorini\/","og_locale":"fr_FR","og_type":"article","og_title":"Elio Vittorini | Villa Sicula","og_description":"D\u00e9couvrez la Sicile: L'appartement \"La Cultura Sicliana\" \u00e0 Villa Sicula vous offre, \u00e0 vous et \u00e0 votre famille, beaucoup d'espace et d'intimit\u00e9.","og_url":"https:\/\/villasicula-capo.com\/fr\/elio-vittorini\/","og_site_name":"Villa Sicula","og_image":[{"width":3000,"height":2000,"url":"https:\/\/villasicula-capo.com\/wp-content\/uploads\/2021\/02\/Bilder-Sizilien-60.jpg","type":"image\/jpeg"}],"twitter_card":"summary_large_image","twitter_misc":{"Dur\u00e9e de lecture estim\u00e9e":"1 minute"},"schema":{"@context":"https:\/\/schema.org","@graph":[{"@type":"WebPage","@id":"https:\/\/villasicula-capo.com\/fr\/elio-vittorini\/","url":"https:\/\/villasicula-capo.com\/fr\/elio-vittorini\/","name":"Elio Vittorini | Villa Sicula","isPartOf":{"@id":"https:\/\/villasicula-capo.com\/fr\/#website"},"primaryImageOfPage":{"@id":"https:\/\/villasicula-capo.com\/fr\/elio-vittorini\/#primaryimage"},"image":{"@id":"https:\/\/villasicula-capo.com\/fr\/elio-vittorini\/#primaryimage"},"thumbnailUrl":"https:\/\/villasicula-capo.com\/wp-content\/uploads\/2021\/02\/Bilder-Sizilien-60.jpg","datePublished":"2021-06-17T09:19:27+00:00","dateModified":"2021-06-17T09:19:27+00:00","description":"D\u00e9couvrez la Sicile: L'appartement \"La Cultura Sicliana\" \u00e0 Villa Sicula vous offre, \u00e0 vous et \u00e0 votre famille, beaucoup d'espace et d'intimit\u00e9.","inLanguage":"fr-FR","potentialAction":[{"@type":"ReadAction","target":["https:\/\/villasicula-capo.com\/fr\/elio-vittorini\/"]}]},{"@type":"ImageObject","inLanguage":"fr-FR","@id":"https:\/\/villasicula-capo.com\/fr\/elio-vittorini\/#primaryimage","url":"https:\/\/villasicula-capo.com\/wp-content\/uploads\/2021\/02\/Bilder-Sizilien-60.jpg","contentUrl":"https:\/\/villasicula-capo.com\/wp-content\/uploads\/2021\/02\/Bilder-Sizilien-60.jpg","width":3000,"height":2000},{"@type":"WebSite","@id":"https:\/\/villasicula-capo.com\/fr\/#website","url":"https:\/\/villasicula-capo.com\/fr\/","name":"Villa Sicula","description":"","publisher":{"@id":"https:\/\/villasicula-capo.com\/fr\/#organization"},"potentialAction":[{"@type":"SearchAction","target":{"@type":"EntryPoint","urlTemplate":"https:\/\/villasicula-capo.com\/fr\/?s={search_term_string}"},"query-input":{"@type":"PropertyValueSpecification","valueRequired":true,"valueName":"search_term_string"}}],"inLanguage":"fr-FR"},{"@type":"Organization","@id":"https:\/\/villasicula-capo.com\/fr\/#organization","name":"Villa Sicula","url":"https:\/\/villasicula-capo.com\/fr\/","logo":{"@type":"ImageObject","inLanguage":"fr-FR","@id":"https:\/\/villasicula-capo.com\/fr\/#\/schema\/logo\/image\/","url":"https:\/\/villasicula-capo.com\/wp-content\/uploads\/2023\/02\/cropped-Villa-Sicula-del-Capo_klein.png","contentUrl":"https:\/\/villasicula-capo.com\/wp-content\/uploads\/2023\/02\/cropped-Villa-Sicula-del-Capo_klein.png","width":360,"height":225,"caption":"Villa Sicula"},"image":{"@id":"https:\/\/villasicula-capo.com\/fr\/#\/schema\/logo\/image\/"}}]}},"_links":{"self":[{"href":"https:\/\/villasicula-capo.com\/fr\/wp-json\/wp\/v2\/pages\/2512","targetHints":{"allow":["GET"]}}],"collection":[{"href":"https:\/\/villasicula-capo.com\/fr\/wp-json\/wp\/v2\/pages"}],"about":[{"href":"https:\/\/villasicula-capo.com\/fr\/wp-json\/wp\/v2\/types\/page"}],"author":[{"embeddable":true,"href":"https:\/\/villasicula-capo.com\/fr\/wp-json\/wp\/v2\/users\/4"}],"replies":[{"embeddable":true,"href":"https:\/\/villasicula-capo.com\/fr\/wp-json\/wp\/v2\/comments?post=2512"}],"version-history":[{"count":0,"href":"https:\/\/villasicula-capo.com\/fr\/wp-json\/wp\/v2\/pages\/2512\/revisions"}],"wp:featuredmedia":[{"embeddable":true,"href":"https:\/\/villasicula-capo.com\/fr\/wp-json\/wp\/v2\/media\/2303"}],"wp:attachment":[{"href":"https:\/\/villasicula-capo.com\/fr\/wp-json\/wp\/v2\/media?parent=2512"}],"curies":[{"name":"wp","href":"https:\/\/api.w.org\/{rel}","templated":true}]}}