{"id":2490,"date":"2021-06-17T10:12:05","date_gmt":"2021-06-17T08:12:05","guid":{"rendered":"https:\/\/villasicula-capo.com\/?page_id=2490"},"modified":"2021-06-17T10:12:05","modified_gmt":"2021-06-17T08:12:05","slug":"antonello-da-messina","status":"publish","type":"page","link":"https:\/\/villasicula-capo.com\/fr\/antonello-da-messina\/","title":{"rendered":"Antonello da Messina"},"content":{"rendered":"<div class=\"block core-paragraph \">\n<p><em>Antonello da Messina<\/em> est un peintre renomm\u00e9 de la Renaissance. Il est n\u00e9 vers 1429\/1430 \u00e0 Messine, o\u00f9 il est \u00e9galement d\u00e9c\u00e9d\u00e9 en 1479. \u00c0 Naples, il se familiarise avec la technique de la peinture \u00e0 l&rsquo;huile en r\u00e9sine des anciens Pays-Bas et contribue \u00e0 sa diffusion en Italie. Les \u0153uvres d&rsquo;Antonello sont particuli\u00e8rement appr\u00e9ci\u00e9es pour la capacit\u00e9 de l&rsquo;artiste \u00e0 exprimer la vivacit\u00e9 et l&rsquo;\u00e9motion. Il a compris comment combiner le souci du d\u00e9tail et les effets de lumi\u00e8re de la peinture des anciens Pays-Bas avec l&rsquo;\u00e9cole italienne, plus rationnelle. L&rsquo;une des rares \u0153uvres qui subsistent peut \u00eatre admir\u00e9e au <em><u><em><a href=\"http:\/\/www.fondazionemandralisca.it\/\"><strong>Museo Comunale Mandralisca<\/strong><\/a><\/em><\/u><\/em> de Cefal\u00f9 : <em>Portrait d&rsquo;un inconnu<\/em> (1465-1470). Au mus\u00e9e r\u00e9gional de Messine, on peut admirer le polyptyque de Saint Gr\u00e9goire (1473), compos\u00e9 de cinq tableaux. Son tableau le plus c\u00e9l\u00e8bre, <em>L&rsquo;Annonciation<\/em> (1473), ainsi que trois panneaux en bois sur fond d&rsquo;or, sont visibles \u00e0 la Galerie r\u00e9gionale de Sicile \u00e0 Palerme.  <\/p>\n<\/div><div class=\"block core-image \">\n<div class=\"wp-block-image\"><figure class=\"aligncenter size-large is-resized\"><img fetchpriority=\"high\" decoding=\"async\" src=\"https:\/\/villasicula-capo.com\/wp-content\/uploads\/2021\/03\/ritratto-d-uomo-antonello-da-messina-ritratto-d-ignoto-marinaio-1.jpg\" alt=\"\" class=\"wp-image-1492\" width=\"400\" height=\"518\" srcset=\"https:\/\/villasicula-capo.com\/wp-content\/uploads\/2021\/03\/ritratto-d-uomo-antonello-da-messina-ritratto-d-ignoto-marinaio-1.jpg 800w, https:\/\/villasicula-capo.com\/wp-content\/uploads\/2021\/03\/ritratto-d-uomo-antonello-da-messina-ritratto-d-ignoto-marinaio-1-618x800.jpg 618w, https:\/\/villasicula-capo.com\/wp-content\/uploads\/2021\/03\/ritratto-d-uomo-antonello-da-messina-ritratto-d-ignoto-marinaio-1-309x400.jpg 309w\" sizes=\"(max-width: 400px) 100vw, 400px\" \/><\/figure><\/div>\n<\/div>","protected":false},"excerpt":{"rendered":"<p>Antonello da Messina est un peintre renomm\u00e9 de la Renaissance. Il est n\u00e9 vers 1429\/1430 \u00e0 Messine, o\u00f9 il est \u00e9galement d\u00e9c\u00e9d\u00e9 en 1479. \u00c0 Naples, il se familiarise avec la technique de la peinture \u00e0 l&rsquo;huile en r\u00e9sine des anciens Pays-Bas et contribue \u00e0 sa diffusion en Italie. Les \u0153uvres d&rsquo;Antonello sont particuli\u00e8rement appr\u00e9ci\u00e9es [&hellip;]<\/p>\n","protected":false},"author":4,"featured_media":2428,"parent":0,"menu_order":0,"comment_status":"closed","ping_status":"closed","template":"","meta":{"_acf_changed":false,"footnotes":""},"class_list":["post-2490","page","type-page","status-publish","has-post-thumbnail","hentry"],"acf":[],"yoast_head":"<!-- This site is optimized with the Yoast SEO plugin v24.0 - https:\/\/yoast.com\/wordpress\/plugins\/seo\/ -->\n<title>Antonello da Messina | Villa Sicula<\/title>\n<meta name=\"description\" content=\"D\u00e9couvrez la culture de la Sicile : l&#039;appartement &quot;La Cultura Sicliana&quot; de la Villa Sicula vous offre beaucoup d&#039;espace et d&#039;intimit\u00e9.\" \/>\n<meta name=\"robots\" content=\"index, follow, max-snippet:-1, max-image-preview:large, max-video-preview:-1\" \/>\n<link rel=\"canonical\" href=\"https:\/\/villasicula-capo.com\/fr\/antonello-da-messina\/\" \/>\n<meta property=\"og:locale\" content=\"fr_FR\" \/>\n<meta property=\"og:type\" content=\"article\" \/>\n<meta property=\"og:title\" content=\"Antonello da Messina | Villa Sicula\" \/>\n<meta property=\"og:description\" content=\"D\u00e9couvrez la culture de la Sicile : l&#039;appartement &quot;La Cultura Sicliana&quot; de la Villa Sicula vous offre beaucoup d&#039;espace et d&#039;intimit\u00e9.\" \/>\n<meta property=\"og:url\" content=\"https:\/\/villasicula-capo.com\/fr\/antonello-da-messina\/\" \/>\n<meta property=\"og:site_name\" content=\"Villa Sicula\" \/>\n<meta property=\"og:image\" content=\"https:\/\/villasicula-capo.com\/wp-content\/uploads\/2021\/03\/Villa-Sicula-Bild-Antonello-da-messina.jpg\" \/>\n\t<meta property=\"og:image:width\" content=\"800\" \/>\n\t<meta property=\"og:image:height\" content=\"534\" \/>\n\t<meta property=\"og:image:type\" content=\"image\/jpeg\" \/>\n<meta name=\"twitter:card\" content=\"summary_large_image\" \/>\n<meta name=\"twitter:label1\" content=\"Dur\u00e9e de lecture estim\u00e9e\" \/>\n\t<meta name=\"twitter:data1\" content=\"1 minute\" \/>\n<script type=\"application\/ld+json\" class=\"yoast-schema-graph\">{\"@context\":\"https:\/\/schema.org\",\"@graph\":[{\"@type\":\"WebPage\",\"@id\":\"https:\/\/villasicula-capo.com\/fr\/antonello-da-messina\/\",\"url\":\"https:\/\/villasicula-capo.com\/fr\/antonello-da-messina\/\",\"name\":\"Antonello da Messina | Villa Sicula\",\"isPartOf\":{\"@id\":\"https:\/\/villasicula-capo.com\/fr\/#website\"},\"primaryImageOfPage\":{\"@id\":\"https:\/\/villasicula-capo.com\/fr\/antonello-da-messina\/#primaryimage\"},\"image\":{\"@id\":\"https:\/\/villasicula-capo.com\/fr\/antonello-da-messina\/#primaryimage\"},\"thumbnailUrl\":\"https:\/\/villasicula-capo.com\/wp-content\/uploads\/2021\/03\/Villa-Sicula-Bild-Antonello-da-messina.jpg\",\"datePublished\":\"2021-06-17T08:12:05+00:00\",\"dateModified\":\"2021-06-17T08:12:05+00:00\",\"description\":\"D\u00e9couvrez la culture de la Sicile : l'appartement \\\"La Cultura Sicliana\\\" de la Villa Sicula vous offre beaucoup d'espace et d'intimit\u00e9.\",\"inLanguage\":\"fr-FR\",\"potentialAction\":[{\"@type\":\"ReadAction\",\"target\":[\"https:\/\/villasicula-capo.com\/fr\/antonello-da-messina\/\"]}]},{\"@type\":\"ImageObject\",\"inLanguage\":\"fr-FR\",\"@id\":\"https:\/\/villasicula-capo.com\/fr\/antonello-da-messina\/#primaryimage\",\"url\":\"https:\/\/villasicula-capo.com\/wp-content\/uploads\/2021\/03\/Villa-Sicula-Bild-Antonello-da-messina.jpg\",\"contentUrl\":\"https:\/\/villasicula-capo.com\/wp-content\/uploads\/2021\/03\/Villa-Sicula-Bild-Antonello-da-messina.jpg\",\"width\":800,\"height\":534},{\"@type\":\"WebSite\",\"@id\":\"https:\/\/villasicula-capo.com\/fr\/#website\",\"url\":\"https:\/\/villasicula-capo.com\/fr\/\",\"name\":\"Villa Sicula\",\"description\":\"\",\"publisher\":{\"@id\":\"https:\/\/villasicula-capo.com\/fr\/#organization\"},\"potentialAction\":[{\"@type\":\"SearchAction\",\"target\":{\"@type\":\"EntryPoint\",\"urlTemplate\":\"https:\/\/villasicula-capo.com\/fr\/?s={search_term_string}\"},\"query-input\":{\"@type\":\"PropertyValueSpecification\",\"valueRequired\":true,\"valueName\":\"search_term_string\"}}],\"inLanguage\":\"fr-FR\"},{\"@type\":\"Organization\",\"@id\":\"https:\/\/villasicula-capo.com\/fr\/#organization\",\"name\":\"Villa Sicula\",\"url\":\"https:\/\/villasicula-capo.com\/fr\/\",\"logo\":{\"@type\":\"ImageObject\",\"inLanguage\":\"fr-FR\",\"@id\":\"https:\/\/villasicula-capo.com\/fr\/#\/schema\/logo\/image\/\",\"url\":\"https:\/\/villasicula-capo.com\/wp-content\/uploads\/2023\/02\/cropped-Villa-Sicula-del-Capo_klein.png\",\"contentUrl\":\"https:\/\/villasicula-capo.com\/wp-content\/uploads\/2023\/02\/cropped-Villa-Sicula-del-Capo_klein.png\",\"width\":360,\"height\":225,\"caption\":\"Villa Sicula\"},\"image\":{\"@id\":\"https:\/\/villasicula-capo.com\/fr\/#\/schema\/logo\/image\/\"}}]}<\/script>\n<!-- \/ Yoast SEO plugin. -->","yoast_head_json":{"title":"Antonello da Messina | Villa Sicula","description":"D\u00e9couvrez la culture de la Sicile : l'appartement \"La Cultura Sicliana\" de la Villa Sicula vous offre beaucoup d'espace et d'intimit\u00e9.","robots":{"index":"index","follow":"follow","max-snippet":"max-snippet:-1","max-image-preview":"max-image-preview:large","max-video-preview":"max-video-preview:-1"},"canonical":"https:\/\/villasicula-capo.com\/fr\/antonello-da-messina\/","og_locale":"fr_FR","og_type":"article","og_title":"Antonello da Messina | Villa Sicula","og_description":"D\u00e9couvrez la culture de la Sicile : l'appartement \"La Cultura Sicliana\" de la Villa Sicula vous offre beaucoup d'espace et d'intimit\u00e9.","og_url":"https:\/\/villasicula-capo.com\/fr\/antonello-da-messina\/","og_site_name":"Villa Sicula","og_image":[{"width":800,"height":534,"url":"https:\/\/villasicula-capo.com\/wp-content\/uploads\/2021\/03\/Villa-Sicula-Bild-Antonello-da-messina.jpg","type":"image\/jpeg"}],"twitter_card":"summary_large_image","twitter_misc":{"Dur\u00e9e de lecture estim\u00e9e":"1 minute"},"schema":{"@context":"https:\/\/schema.org","@graph":[{"@type":"WebPage","@id":"https:\/\/villasicula-capo.com\/fr\/antonello-da-messina\/","url":"https:\/\/villasicula-capo.com\/fr\/antonello-da-messina\/","name":"Antonello da Messina | Villa Sicula","isPartOf":{"@id":"https:\/\/villasicula-capo.com\/fr\/#website"},"primaryImageOfPage":{"@id":"https:\/\/villasicula-capo.com\/fr\/antonello-da-messina\/#primaryimage"},"image":{"@id":"https:\/\/villasicula-capo.com\/fr\/antonello-da-messina\/#primaryimage"},"thumbnailUrl":"https:\/\/villasicula-capo.com\/wp-content\/uploads\/2021\/03\/Villa-Sicula-Bild-Antonello-da-messina.jpg","datePublished":"2021-06-17T08:12:05+00:00","dateModified":"2021-06-17T08:12:05+00:00","description":"D\u00e9couvrez la culture de la Sicile : l'appartement \"La Cultura Sicliana\" de la Villa Sicula vous offre beaucoup d'espace et d'intimit\u00e9.","inLanguage":"fr-FR","potentialAction":[{"@type":"ReadAction","target":["https:\/\/villasicula-capo.com\/fr\/antonello-da-messina\/"]}]},{"@type":"ImageObject","inLanguage":"fr-FR","@id":"https:\/\/villasicula-capo.com\/fr\/antonello-da-messina\/#primaryimage","url":"https:\/\/villasicula-capo.com\/wp-content\/uploads\/2021\/03\/Villa-Sicula-Bild-Antonello-da-messina.jpg","contentUrl":"https:\/\/villasicula-capo.com\/wp-content\/uploads\/2021\/03\/Villa-Sicula-Bild-Antonello-da-messina.jpg","width":800,"height":534},{"@type":"WebSite","@id":"https:\/\/villasicula-capo.com\/fr\/#website","url":"https:\/\/villasicula-capo.com\/fr\/","name":"Villa Sicula","description":"","publisher":{"@id":"https:\/\/villasicula-capo.com\/fr\/#organization"},"potentialAction":[{"@type":"SearchAction","target":{"@type":"EntryPoint","urlTemplate":"https:\/\/villasicula-capo.com\/fr\/?s={search_term_string}"},"query-input":{"@type":"PropertyValueSpecification","valueRequired":true,"valueName":"search_term_string"}}],"inLanguage":"fr-FR"},{"@type":"Organization","@id":"https:\/\/villasicula-capo.com\/fr\/#organization","name":"Villa Sicula","url":"https:\/\/villasicula-capo.com\/fr\/","logo":{"@type":"ImageObject","inLanguage":"fr-FR","@id":"https:\/\/villasicula-capo.com\/fr\/#\/schema\/logo\/image\/","url":"https:\/\/villasicula-capo.com\/wp-content\/uploads\/2023\/02\/cropped-Villa-Sicula-del-Capo_klein.png","contentUrl":"https:\/\/villasicula-capo.com\/wp-content\/uploads\/2023\/02\/cropped-Villa-Sicula-del-Capo_klein.png","width":360,"height":225,"caption":"Villa Sicula"},"image":{"@id":"https:\/\/villasicula-capo.com\/fr\/#\/schema\/logo\/image\/"}}]}},"_links":{"self":[{"href":"https:\/\/villasicula-capo.com\/fr\/wp-json\/wp\/v2\/pages\/2490","targetHints":{"allow":["GET"]}}],"collection":[{"href":"https:\/\/villasicula-capo.com\/fr\/wp-json\/wp\/v2\/pages"}],"about":[{"href":"https:\/\/villasicula-capo.com\/fr\/wp-json\/wp\/v2\/types\/page"}],"author":[{"embeddable":true,"href":"https:\/\/villasicula-capo.com\/fr\/wp-json\/wp\/v2\/users\/4"}],"replies":[{"embeddable":true,"href":"https:\/\/villasicula-capo.com\/fr\/wp-json\/wp\/v2\/comments?post=2490"}],"version-history":[{"count":0,"href":"https:\/\/villasicula-capo.com\/fr\/wp-json\/wp\/v2\/pages\/2490\/revisions"}],"wp:featuredmedia":[{"embeddable":true,"href":"https:\/\/villasicula-capo.com\/fr\/wp-json\/wp\/v2\/media\/2428"}],"wp:attachment":[{"href":"https:\/\/villasicula-capo.com\/fr\/wp-json\/wp\/v2\/media?parent=2490"}],"curies":[{"name":"wp","href":"https:\/\/api.w.org\/{rel}","templated":true}]}}