{"id":1834,"date":"2021-06-16T09:57:49","date_gmt":"2021-06-16T07:57:49","guid":{"rendered":"https:\/\/villasicula-capo.com\/?page_id=1834"},"modified":"2021-06-16T09:57:49","modified_gmt":"2021-06-16T07:57:49","slug":"les-iles-eoliennes","status":"publish","type":"page","link":"https:\/\/villasicula-capo.com\/fr\/les-iles-eoliennes\/","title":{"rendered":"Les \u00eeles \u00c9oliennes"},"content":{"rendered":"<div class=\"block core-paragraph \">\n<p>Les \u00eeles \u00c9oliennes, \u00e9galement appel\u00e9es \u00eeles Lipares, sont situ\u00e9es \u00e0 port\u00e9e de vue de la VILLA SICULA, au large de la c\u00f4te nord de la Sicile, dans la mer Tyrrh\u00e9nienne. Ce groupe d&rsquo;\u00eeles se compose de sept \u00eeles habit\u00e9es d&rsquo;une superficie totale de 115,4 km\u00b2 et appartient \u00e0 la r\u00e9gion de la Sicile. Les \u00eeles sont d&rsquo;origine volcanique et ont \u00e9t\u00e9 d\u00e9clar\u00e9es site du patrimoine mondial de l&rsquo;UNESCO en 2000. La plus grande \u00eele est Lipari avec 37,5 km\u00b2. Elle est suivie de Salina, Vulcano, Stromboli, Filicudi et Alcudi ainsi que de la plus petite \u00eele, Panarea, avec 3,4 km\u00b2. Il existe encore de plus petits \u00eelots inhabit\u00e9s et des falaises rocheuses, comme Strombolicchio pr\u00e8s de Stromboli.<\/p>\n<\/div><div class=\"block core-gallery \">\n<figure class=\"wp-block-gallery columns-3 is-cropped wp-block-gallery-1 is-layout-flex wp-block-gallery-is-layout-flex\"><ul class=\"blocks-gallery-grid\"><li class=\"blocks-gallery-item\"><figure><a href=\"https:\/\/villasicula-capo.com\/wp-content\/uploads\/2021\/01\/Hochzeit-Villa-Sicula-17-1.jpg\"><img fetchpriority=\"high\" decoding=\"async\" width=\"1800\" height=\"1200\" src=\"https:\/\/villasicula-capo.com\/wp-content\/uploads\/2021\/01\/Hochzeit-Villa-Sicula-17-1-1800x1200.jpg\" alt=\"\" data-id=\"257\" data-full-url=\"https:\/\/villasicula-capo.com\/wp-content\/uploads\/2021\/01\/Hochzeit-Villa-Sicula-17-1.jpg\" data-link=\"https:\/\/villasicula-capo.com\/hochzeiten\/attachment\/hochzeit-villa-sicula-17-2\/\" class=\"wp-image-257\" srcset=\"https:\/\/villasicula-capo.com\/wp-content\/uploads\/2021\/01\/Hochzeit-Villa-Sicula-17-1-1800x1200.jpg 1800w, https:\/\/villasicula-capo.com\/wp-content\/uploads\/2021\/01\/Hochzeit-Villa-Sicula-17-1-1200x800.jpg 1200w, https:\/\/villasicula-capo.com\/wp-content\/uploads\/2021\/01\/Hochzeit-Villa-Sicula-17-1-600x400.jpg 600w, https:\/\/villasicula-capo.com\/wp-content\/uploads\/2021\/01\/Hochzeit-Villa-Sicula-17-1.jpg 2048w\" sizes=\"(max-width: 1800px) 100vw, 1800px\" \/><\/a><figcaption class=\"blocks-gallery-item__caption\">Ausblick auf die \u00c4olischen Inseln<\/figcaption><\/figure><\/li><li class=\"blocks-gallery-item\"><figure><a href=\"https:\/\/villasicula-capo.com\/wp-content\/uploads\/2021\/01\/Lipari.jpg\"><img decoding=\"async\" width=\"1800\" height=\"1200\" src=\"https:\/\/villasicula-capo.com\/wp-content\/uploads\/2021\/01\/Lipari-1800x1200.jpg\" alt=\"\" data-id=\"533\" data-full-url=\"https:\/\/villasicula-capo.com\/wp-content\/uploads\/2021\/01\/Lipari.jpg\" data-link=\"https:\/\/villasicula-capo.com\/?attachment_id=533\" class=\"wp-image-533\" srcset=\"https:\/\/villasicula-capo.com\/wp-content\/uploads\/2021\/01\/Lipari-1800x1200.jpg 1800w, https:\/\/villasicula-capo.com\/wp-content\/uploads\/2021\/01\/Lipari-1200x800.jpg 1200w, https:\/\/villasicula-capo.com\/wp-content\/uploads\/2021\/01\/Lipari-600x400.jpg 600w\" sizes=\"(max-width: 1800px) 100vw, 1800px\" \/><\/a><figcaption class=\"blocks-gallery-item__caption\">Lipari<\/figcaption><\/figure><\/li><li class=\"blocks-gallery-item\"><figure><a href=\"https:\/\/villasicula-capo.com\/wp-content\/uploads\/2021\/01\/Stromboli-Vulkan.jpg\"><img decoding=\"async\" width=\"1800\" height=\"1200\" src=\"https:\/\/villasicula-capo.com\/wp-content\/uploads\/2021\/01\/Stromboli-Vulkan-1800x1200.jpg\" alt=\"\" data-id=\"534\" data-full-url=\"https:\/\/villasicula-capo.com\/wp-content\/uploads\/2021\/01\/Stromboli-Vulkan.jpg\" data-link=\"https:\/\/villasicula-capo.com\/?attachment_id=534\" class=\"wp-image-534\" srcset=\"https:\/\/villasicula-capo.com\/wp-content\/uploads\/2021\/01\/Stromboli-Vulkan-1800x1200.jpg 1800w, https:\/\/villasicula-capo.com\/wp-content\/uploads\/2021\/01\/Stromboli-Vulkan-1200x800.jpg 1200w, https:\/\/villasicula-capo.com\/wp-content\/uploads\/2021\/01\/Stromboli-Vulkan-600x400.jpg 600w\" sizes=\"(max-width: 1800px) 100vw, 1800px\" \/><\/a><figcaption class=\"blocks-gallery-item__caption\">Vulkan Stromboli<\/figcaption><\/figure><\/li><li class=\"blocks-gallery-item\"><figure><a href=\"https:\/\/villasicula-capo.com\/wp-content\/uploads\/2021\/01\/Stromboli.jpg\"><img loading=\"lazy\" decoding=\"async\" width=\"1800\" height=\"1200\" src=\"https:\/\/villasicula-capo.com\/wp-content\/uploads\/2021\/01\/Stromboli-1800x1200.jpg\" alt=\"\" data-id=\"535\" data-full-url=\"https:\/\/villasicula-capo.com\/wp-content\/uploads\/2021\/01\/Stromboli.jpg\" data-link=\"https:\/\/villasicula-capo.com\/?attachment_id=535\" class=\"wp-image-535\" srcset=\"https:\/\/villasicula-capo.com\/wp-content\/uploads\/2021\/01\/Stromboli-1800x1200.jpg 1800w, https:\/\/villasicula-capo.com\/wp-content\/uploads\/2021\/01\/Stromboli-1200x800.jpg 1200w, https:\/\/villasicula-capo.com\/wp-content\/uploads\/2021\/01\/Stromboli-600x400.jpg 600w\" sizes=\"(max-width: 1800px) 100vw, 1800px\" \/><\/a><figcaption class=\"blocks-gallery-item__caption\">Stromboli<\/figcaption><\/figure><\/li><li class=\"blocks-gallery-item\"><figure><a href=\"https:\/\/villasicula-capo.com\/wp-content\/uploads\/2021\/01\/Strombolicchio.jpg\"><img loading=\"lazy\" decoding=\"async\" width=\"1800\" height=\"1200\" src=\"https:\/\/villasicula-capo.com\/wp-content\/uploads\/2021\/01\/Strombolicchio-1800x1200.jpg\" alt=\"\" data-id=\"536\" data-full-url=\"https:\/\/villasicula-capo.com\/wp-content\/uploads\/2021\/01\/Strombolicchio.jpg\" data-link=\"https:\/\/villasicula-capo.com\/?attachment_id=536\" class=\"wp-image-536\" srcset=\"https:\/\/villasicula-capo.com\/wp-content\/uploads\/2021\/01\/Strombolicchio-1800x1200.jpg 1800w, https:\/\/villasicula-capo.com\/wp-content\/uploads\/2021\/01\/Strombolicchio-1200x800.jpg 1200w, https:\/\/villasicula-capo.com\/wp-content\/uploads\/2021\/01\/Strombolicchio-600x400.jpg 600w\" sizes=\"(max-width: 1800px) 100vw, 1800px\" \/><\/a><figcaption class=\"blocks-gallery-item__caption\">Strombolicchio<\/figcaption><\/figure><\/li><li class=\"blocks-gallery-item\"><figure><a href=\"https:\/\/villasicula-capo.com\/wp-content\/uploads\/2021\/01\/Villa-Sicula-23.jpg\"><img loading=\"lazy\" decoding=\"async\" width=\"1800\" height=\"1200\" src=\"https:\/\/villasicula-capo.com\/wp-content\/uploads\/2021\/01\/Villa-Sicula-23-1800x1200.jpg\" alt=\"\" data-id=\"355\" data-full-url=\"https:\/\/villasicula-capo.com\/wp-content\/uploads\/2021\/01\/Villa-Sicula-23.jpg\" data-link=\"https:\/\/villasicula-capo.com\/galerie\/attachment\/villa-sicula-23\/\" class=\"wp-image-355\" srcset=\"https:\/\/villasicula-capo.com\/wp-content\/uploads\/2021\/01\/Villa-Sicula-23-1800x1200.jpg 1800w, https:\/\/villasicula-capo.com\/wp-content\/uploads\/2021\/01\/Villa-Sicula-23-1200x800.jpg 1200w, https:\/\/villasicula-capo.com\/wp-content\/uploads\/2021\/01\/Villa-Sicula-23-600x400.jpg 600w, https:\/\/villasicula-capo.com\/wp-content\/uploads\/2021\/01\/Villa-Sicula-23.jpg 2048w\" sizes=\"(max-width: 1800px) 100vw, 1800px\" \/><\/a><figcaption class=\"blocks-gallery-item__caption\">Ausblick auf die \u00c4olischen Inseln<\/figcaption><\/figure><\/li><\/ul><\/figure>\n<\/div>","protected":false},"excerpt":{"rendered":"<p>Les \u00eeles \u00c9oliennes, \u00e9galement appel\u00e9es \u00eeles Lipares, sont situ\u00e9es \u00e0 port\u00e9e de vue de la VILLA SICULA, au large de la c\u00f4te nord de la Sicile, dans la mer Tyrrh\u00e9nienne. Ce groupe d&rsquo;\u00eeles se compose de sept \u00eeles habit\u00e9es d&rsquo;une superficie totale de 115,4 km\u00b2 et appartient \u00e0 la r\u00e9gion de la Sicile. Les \u00eeles [&hellip;]<\/p>\n","protected":false},"author":4,"featured_media":2197,"parent":0,"menu_order":0,"comment_status":"closed","ping_status":"closed","template":"","meta":{"_acf_changed":false,"footnotes":""},"class_list":["post-1834","page","type-page","status-publish","has-post-thumbnail","hentry"],"acf":[],"yoast_head":"<!-- This site is optimized with the Yoast SEO plugin v24.0 - https:\/\/yoast.com\/wordpress\/plugins\/seo\/ -->\n<title>Les \u00eeles \u00c9oliennes | Villa Sicula<\/title>\n<meta name=\"description\" content=\"R\u00e9servez la Villa Sicula en Sicile : Une villa incomparable avec piscine priv\u00e9e et vue unique sur les \u00eeles \u00c9oliennes. Info ICI!\" \/>\n<meta name=\"robots\" content=\"index, follow, max-snippet:-1, max-image-preview:large, max-video-preview:-1\" \/>\n<link rel=\"canonical\" href=\"https:\/\/villasicula-capo.com\/fr\/les-iles-eoliennes\/\" \/>\n<meta property=\"og:locale\" content=\"fr_FR\" \/>\n<meta property=\"og:type\" content=\"article\" \/>\n<meta property=\"og:title\" content=\"Les \u00eeles \u00c9oliennes | Villa Sicula\" \/>\n<meta property=\"og:description\" content=\"R\u00e9servez la Villa Sicula en Sicile : Une villa incomparable avec piscine priv\u00e9e et vue unique sur les \u00eeles \u00c9oliennes. Info ICI!\" \/>\n<meta property=\"og:url\" content=\"https:\/\/villasicula-capo.com\/fr\/les-iles-eoliennes\/\" \/>\n<meta property=\"og:site_name\" content=\"Villa Sicula\" \/>\n<meta property=\"og:image\" content=\"https:\/\/villasicula-capo.com\/wp-content\/uploads\/2021\/01\/Liparische-Inseln.jpg\" \/>\n\t<meta property=\"og:image:width\" content=\"4000\" \/>\n\t<meta property=\"og:image:height\" content=\"2667\" \/>\n\t<meta property=\"og:image:type\" content=\"image\/jpeg\" \/>\n<meta name=\"twitter:card\" content=\"summary_large_image\" \/>\n<meta name=\"twitter:label1\" content=\"Dur\u00e9e de lecture estim\u00e9e\" \/>\n\t<meta name=\"twitter:data1\" content=\"2 minutes\" \/>\n<script type=\"application\/ld+json\" class=\"yoast-schema-graph\">{\"@context\":\"https:\/\/schema.org\",\"@graph\":[{\"@type\":\"WebPage\",\"@id\":\"https:\/\/villasicula-capo.com\/fr\/les-iles-eoliennes\/\",\"url\":\"https:\/\/villasicula-capo.com\/fr\/les-iles-eoliennes\/\",\"name\":\"Les \u00eeles \u00c9oliennes | Villa Sicula\",\"isPartOf\":{\"@id\":\"https:\/\/villasicula-capo.com\/fr\/#website\"},\"primaryImageOfPage\":{\"@id\":\"https:\/\/villasicula-capo.com\/fr\/les-iles-eoliennes\/#primaryimage\"},\"image\":{\"@id\":\"https:\/\/villasicula-capo.com\/fr\/les-iles-eoliennes\/#primaryimage\"},\"thumbnailUrl\":\"https:\/\/villasicula-capo.com\/wp-content\/uploads\/2021\/01\/Liparische-Inseln.jpg\",\"datePublished\":\"2021-06-16T07:57:49+00:00\",\"dateModified\":\"2021-06-16T07:57:49+00:00\",\"description\":\"R\u00e9servez la Villa Sicula en Sicile : Une villa incomparable avec piscine priv\u00e9e et vue unique sur les \u00eeles \u00c9oliennes. Info ICI!\",\"inLanguage\":\"fr-FR\",\"potentialAction\":[{\"@type\":\"ReadAction\",\"target\":[\"https:\/\/villasicula-capo.com\/fr\/les-iles-eoliennes\/\"]}]},{\"@type\":\"ImageObject\",\"inLanguage\":\"fr-FR\",\"@id\":\"https:\/\/villasicula-capo.com\/fr\/les-iles-eoliennes\/#primaryimage\",\"url\":\"https:\/\/villasicula-capo.com\/wp-content\/uploads\/2021\/01\/Liparische-Inseln.jpg\",\"contentUrl\":\"https:\/\/villasicula-capo.com\/wp-content\/uploads\/2021\/01\/Liparische-Inseln.jpg\",\"width\":4000,\"height\":2667,\"caption\":\"An image of the active volcano islands at Lipari Italy\"},{\"@type\":\"WebSite\",\"@id\":\"https:\/\/villasicula-capo.com\/fr\/#website\",\"url\":\"https:\/\/villasicula-capo.com\/fr\/\",\"name\":\"Villa Sicula\",\"description\":\"\",\"publisher\":{\"@id\":\"https:\/\/villasicula-capo.com\/fr\/#organization\"},\"potentialAction\":[{\"@type\":\"SearchAction\",\"target\":{\"@type\":\"EntryPoint\",\"urlTemplate\":\"https:\/\/villasicula-capo.com\/fr\/?s={search_term_string}\"},\"query-input\":{\"@type\":\"PropertyValueSpecification\",\"valueRequired\":true,\"valueName\":\"search_term_string\"}}],\"inLanguage\":\"fr-FR\"},{\"@type\":\"Organization\",\"@id\":\"https:\/\/villasicula-capo.com\/fr\/#organization\",\"name\":\"Villa Sicula\",\"url\":\"https:\/\/villasicula-capo.com\/fr\/\",\"logo\":{\"@type\":\"ImageObject\",\"inLanguage\":\"fr-FR\",\"@id\":\"https:\/\/villasicula-capo.com\/fr\/#\/schema\/logo\/image\/\",\"url\":\"https:\/\/villasicula-capo.com\/wp-content\/uploads\/2023\/02\/cropped-Villa-Sicula-del-Capo_klein.png\",\"contentUrl\":\"https:\/\/villasicula-capo.com\/wp-content\/uploads\/2023\/02\/cropped-Villa-Sicula-del-Capo_klein.png\",\"width\":360,\"height\":225,\"caption\":\"Villa Sicula\"},\"image\":{\"@id\":\"https:\/\/villasicula-capo.com\/fr\/#\/schema\/logo\/image\/\"}}]}<\/script>\n<!-- \/ Yoast SEO plugin. -->","yoast_head_json":{"title":"Les \u00eeles \u00c9oliennes | Villa Sicula","description":"R\u00e9servez la Villa Sicula en Sicile : Une villa incomparable avec piscine priv\u00e9e et vue unique sur les \u00eeles \u00c9oliennes. Info ICI!","robots":{"index":"index","follow":"follow","max-snippet":"max-snippet:-1","max-image-preview":"max-image-preview:large","max-video-preview":"max-video-preview:-1"},"canonical":"https:\/\/villasicula-capo.com\/fr\/les-iles-eoliennes\/","og_locale":"fr_FR","og_type":"article","og_title":"Les \u00eeles \u00c9oliennes | Villa Sicula","og_description":"R\u00e9servez la Villa Sicula en Sicile : Une villa incomparable avec piscine priv\u00e9e et vue unique sur les \u00eeles \u00c9oliennes. Info ICI!","og_url":"https:\/\/villasicula-capo.com\/fr\/les-iles-eoliennes\/","og_site_name":"Villa Sicula","og_image":[{"width":4000,"height":2667,"url":"https:\/\/villasicula-capo.com\/wp-content\/uploads\/2021\/01\/Liparische-Inseln.jpg","type":"image\/jpeg"}],"twitter_card":"summary_large_image","twitter_misc":{"Dur\u00e9e de lecture estim\u00e9e":"2 minutes"},"schema":{"@context":"https:\/\/schema.org","@graph":[{"@type":"WebPage","@id":"https:\/\/villasicula-capo.com\/fr\/les-iles-eoliennes\/","url":"https:\/\/villasicula-capo.com\/fr\/les-iles-eoliennes\/","name":"Les \u00eeles \u00c9oliennes | Villa Sicula","isPartOf":{"@id":"https:\/\/villasicula-capo.com\/fr\/#website"},"primaryImageOfPage":{"@id":"https:\/\/villasicula-capo.com\/fr\/les-iles-eoliennes\/#primaryimage"},"image":{"@id":"https:\/\/villasicula-capo.com\/fr\/les-iles-eoliennes\/#primaryimage"},"thumbnailUrl":"https:\/\/villasicula-capo.com\/wp-content\/uploads\/2021\/01\/Liparische-Inseln.jpg","datePublished":"2021-06-16T07:57:49+00:00","dateModified":"2021-06-16T07:57:49+00:00","description":"R\u00e9servez la Villa Sicula en Sicile : Une villa incomparable avec piscine priv\u00e9e et vue unique sur les \u00eeles \u00c9oliennes. Info ICI!","inLanguage":"fr-FR","potentialAction":[{"@type":"ReadAction","target":["https:\/\/villasicula-capo.com\/fr\/les-iles-eoliennes\/"]}]},{"@type":"ImageObject","inLanguage":"fr-FR","@id":"https:\/\/villasicula-capo.com\/fr\/les-iles-eoliennes\/#primaryimage","url":"https:\/\/villasicula-capo.com\/wp-content\/uploads\/2021\/01\/Liparische-Inseln.jpg","contentUrl":"https:\/\/villasicula-capo.com\/wp-content\/uploads\/2021\/01\/Liparische-Inseln.jpg","width":4000,"height":2667,"caption":"An image of the active volcano islands at Lipari Italy"},{"@type":"WebSite","@id":"https:\/\/villasicula-capo.com\/fr\/#website","url":"https:\/\/villasicula-capo.com\/fr\/","name":"Villa Sicula","description":"","publisher":{"@id":"https:\/\/villasicula-capo.com\/fr\/#organization"},"potentialAction":[{"@type":"SearchAction","target":{"@type":"EntryPoint","urlTemplate":"https:\/\/villasicula-capo.com\/fr\/?s={search_term_string}"},"query-input":{"@type":"PropertyValueSpecification","valueRequired":true,"valueName":"search_term_string"}}],"inLanguage":"fr-FR"},{"@type":"Organization","@id":"https:\/\/villasicula-capo.com\/fr\/#organization","name":"Villa Sicula","url":"https:\/\/villasicula-capo.com\/fr\/","logo":{"@type":"ImageObject","inLanguage":"fr-FR","@id":"https:\/\/villasicula-capo.com\/fr\/#\/schema\/logo\/image\/","url":"https:\/\/villasicula-capo.com\/wp-content\/uploads\/2023\/02\/cropped-Villa-Sicula-del-Capo_klein.png","contentUrl":"https:\/\/villasicula-capo.com\/wp-content\/uploads\/2023\/02\/cropped-Villa-Sicula-del-Capo_klein.png","width":360,"height":225,"caption":"Villa Sicula"},"image":{"@id":"https:\/\/villasicula-capo.com\/fr\/#\/schema\/logo\/image\/"}}]}},"_links":{"self":[{"href":"https:\/\/villasicula-capo.com\/fr\/wp-json\/wp\/v2\/pages\/1834","targetHints":{"allow":["GET"]}}],"collection":[{"href":"https:\/\/villasicula-capo.com\/fr\/wp-json\/wp\/v2\/pages"}],"about":[{"href":"https:\/\/villasicula-capo.com\/fr\/wp-json\/wp\/v2\/types\/page"}],"author":[{"embeddable":true,"href":"https:\/\/villasicula-capo.com\/fr\/wp-json\/wp\/v2\/users\/4"}],"replies":[{"embeddable":true,"href":"https:\/\/villasicula-capo.com\/fr\/wp-json\/wp\/v2\/comments?post=1834"}],"version-history":[{"count":0,"href":"https:\/\/villasicula-capo.com\/fr\/wp-json\/wp\/v2\/pages\/1834\/revisions"}],"wp:featuredmedia":[{"embeddable":true,"href":"https:\/\/villasicula-capo.com\/fr\/wp-json\/wp\/v2\/media\/2197"}],"wp:attachment":[{"href":"https:\/\/villasicula-capo.com\/fr\/wp-json\/wp\/v2\/media?parent=1834"}],"curies":[{"name":"wp","href":"https:\/\/api.w.org\/{rel}","templated":true}]}}